{"id":9,"date":"2024-07-24T12:50:25","date_gmt":"2024-07-24T10:50:25","guid":{"rendered":"https:\/\/kirkensbymisjon.no\/tilbud-tekstilinnsamling\/?page_id=9"},"modified":"2024-08-15T13:43:05","modified_gmt":"2024-08-15T11:43:05","slug":"gi-til-oss","status":"publish","type":"page","link":"https:\/\/kirkensbymisjon.no\/tilbud-tekstilinnsamling\/gi-til-oss\/","title":{"rendered":"Gi til oss"},"content":{"rendered":"\n<div class=\"wp-block-media-text alignwide is-stacked-on-mobile is-style-filled\"><figure class=\"wp-block-media-text__media\"><img loading=\"lazy\" decoding=\"async\" width=\"973\" height=\"973\" src=\"https:\/\/kirkensbymisjon.no\/content\/uploads\/sites\/115\/2024\/08\/Tilbud_Tekstilinnsamling_03.jpg\" alt=\"\" class=\"wp-image-44 size-full\" srcset=\"https:\/\/kirkensbymisjon.no\/content\/uploads\/sites\/115\/2024\/08\/Tilbud_Tekstilinnsamling_03.jpg 973w, https:\/\/kirkensbymisjon.no\/content\/uploads\/sites\/115\/2024\/08\/Tilbud_Tekstilinnsamling_03-300x300.jpg 300w, https:\/\/kirkensbymisjon.no\/content\/uploads\/sites\/115\/2024\/08\/Tilbud_Tekstilinnsamling_03-150x150.jpg 150w, https:\/\/kirkensbymisjon.no\/content\/uploads\/sites\/115\/2024\/08\/Tilbud_Tekstilinnsamling_03-768x768.jpg 768w\" sizes=\"auto, (max-width: 973px) 100vw, 973px\" \/><\/figure><div class=\"wp-block-media-text__content\">\n<h2 class=\"wp-block-heading\" id=\"h-her-finner-du-oss\">Her finner du oss<\/h2>\n\n\n\n<p>Vi har over 1000 innsamlingsbokser for tekstiler p\u00e5 S\u00f8r- og \u00d8stlandet. Vi har ogs\u00e5 flere <a href=\"\/tilbud-bruktbutikk\">bruktbutikker<\/a> rundt omkring i landet, og arbeidstiltak som jobber med oms\u00f8m og redesign.<\/p>\n\n\n\n<div class=\"wp-block-button\"><a class=\"wp-block-button__link wp-element-button\" href=\"https:\/\/www.google.com\/maps\/d\/viewer?mid=1h9IH5jaNgcJUuou5OwbcACKhjlynUe9f&amp;ll=59.94492927949008%2C10.497081722513139&amp;z=11\">Finn din n\u00e6rmeste innsamlingsboks p\u00e5 kartet<\/a><\/div>\n<\/div><\/div>\n\n\n\n<h2 class=\"wp-block-heading\" id=\"h-vi-tar-i-mot-hele-rene-og-torre-tekstiler\">Vi tar i mot hele, rene og t\u00f8rre tekstiler<\/h2>\n\n\n\n<p>Husk \u00e5 levere t\u00f8rt innhold i poser eller sekker som du knyter igjen.\u00a0Vi \u00f8nsker at du legger sko i egne poser. Du kan donere:<\/p>\n\n\n\n<ul class=\"wp-block-list\">\n<li>Kl\u00e6r<\/li>\n\n\n\n<li>Sko (i egne poser)<\/li>\n\n\n\n<li>Gardiner<\/li>\n\n\n\n<li>Senget\u00f8y<\/li>\n\n\n\n<li>Duker<\/li>\n\n\n\n<li>H\u00e5ndkl\u00e6r<\/li>\n\n\n\n<li>Pledd<\/li>\n\n\n\n<li>Dundyner og dunputer<\/li>\n<\/ul>\n\n\n\t<div class=\"wp-block-kbm-video\">\n\t\t\n\n<figure class=\"wp-block-embed is-type-video is-provider-vimeo wp-block-embed-vimeo\"><div class=\"wp-block-embed__wrapper\">\n<iframe loading=\"lazy\" title=\"Gave\" src=\"https:\/\/player.vimeo.com\/video\/530732879?dnt=1&amp;app_id=122963\" width=\"500\" height=\"625\" frameborder=\"0\" allow=\"autoplay; fullscreen; picture-in-picture; clipboard-write; encrypted-media; web-share\" referrerpolicy=\"strict-origin-when-cross-origin\"><\/iframe>\n<\/div><\/figure>\n\n\t\t<div class=\"kbm-video__content\" style=\"aspect-ratio: 16\/9\">\n\t\t\t<div class=\"kbm-video__play\">\n\t\t\t\t<span class=\"screen-reader-text\">Spill video<\/span>\n\t\t\t\t<svg xmlns=\"http:\/\/www.w3.org\/2000\/svg\" viewBox=\"0 0 48 48\" height=\"24\" width=\"24\" class=\"t2-icon t2-icon-play\" aria-hidden=\"true\" focusable=\"false\"><rect width=\"48\" height=\"48\" rx=\"24\"\/><path fill=\"currentColor\" d=\"M29.888 23.1913c.5491.3993.5491 1.2181 0 1.6174l-8.2998 6.0363c-.661.4807-1.5882.0085-1.5882-.8088V17.9638c0-.8173.9272-1.2895 1.5882-.8088l8.2998 6.0363Z\"\/><\/svg>\t\t\t\t\t\t\t\t\t<p class=\"kbm-video__subtext\">Helt, t\u00f8rt og rent!<\/p>\n\t\t\t\t\t\t\t<\/div>\n\t\t\t\t\t\t\t<h2 class=\"kbm-video__title\">Tekstilinnsamling<\/h2>\n\t\t\t\t\t\t<img loading=\"lazy\" decoding=\"async\" width=\"955\" height=\"529\" src=\"https:\/\/kirkensbymisjon.no\/content\/uploads\/sites\/115\/2024\/08\/Tilbud_Tekstilinnsamling_Video-1.jpg\" class=\"attachment-full size-full\" alt=\"Helt, rent, t\u00f8rt-logo\" style=\"object-position: 50% 50%\" \/>\t\t<\/div>\n\t<\/div>\n\t","protected":false},"excerpt":{"rendered":"<p>Vi tar i mot hele, rene og t\u00f8rre tekstiler Husk \u00e5 levere t\u00f8rt innhold i&hellip;<\/p>\n","protected":false},"author":6,"featured_media":0,"parent":0,"menu_order":0,"comment_status":"closed","ping_status":"closed","template":"","meta":{"_relevanssi_hide_post":"","_relevanssi_hide_content":"","_relevanssi_pin_for_all":"","_relevanssi_pin_keywords":"","_relevanssi_unpin_keywords":"","_relevanssi_related_keywords":"","_relevanssi_related_include_ids":"","_relevanssi_related_exclude_ids":"","_relevanssi_related_no_append":"","_relevanssi_related_not_related":"","_relevanssi_related_posts":"1","_relevanssi_noindex_reason":"","editor_notices":[],"footnotes":""},"class_list":["post-9","page","type-page","status-publish","hentry"],"yoast_head":"<!-- This site is optimized with the Yoast SEO Premium plugin v27.2 (Yoast SEO v27.2) - https:\/\/yoast.com\/product\/yoast-seo-premium-wordpress\/ -->\n<title>Gi til oss - Tekstilinnsamling<\/title>\n<meta name=\"robots\" content=\"index, follow, max-snippet:-1, max-image-preview:large, max-video-preview:-1\" \/>\n<link rel=\"canonical\" href=\"https:\/\/kirkensbymisjon.no\/tilbud-tekstilinnsamling\/gi-til-oss\/\" \/>\n<meta property=\"og:locale\" content=\"nb_NO\" \/>\n<meta property=\"og:type\" content=\"article\" \/>\n<meta property=\"og:title\" content=\"Gi til oss\" \/>\n<meta property=\"og:description\" content=\"Vi tar i mot hele, rene og t\u00f8rre tekstiler Husk \u00e5 levere t\u00f8rt innhold i&hellip;\" \/>\n<meta property=\"og:url\" content=\"https:\/\/kirkensbymisjon.no\/tilbud-tekstilinnsamling\/gi-til-oss\/\" \/>\n<meta property=\"og:site_name\" content=\"Tekstilinnsamling\" \/>\n<meta property=\"article:modified_time\" content=\"2024-08-15T11:43:05+00:00\" \/>\n<meta property=\"og:image\" content=\"https:\/\/kirkensbymisjon.no\/content\/uploads\/sites\/115\/2024\/08\/Tilbud_Tekstilinnsamling_03.jpg\" \/>\n<meta name=\"twitter:card\" content=\"summary_large_image\" \/>\n<meta name=\"twitter:label1\" content=\"Ansl. lesetid\" \/>\n\t<meta name=\"twitter:data1\" content=\"1 minutt\" \/>\n<script type=\"application\/ld+json\" class=\"yoast-schema-graph\">{\"@context\":\"https:\/\/schema.org\",\"@graph\":[{\"@type\":\"WebPage\",\"@id\":\"https:\/\/kirkensbymisjon.no\/tilbud-tekstilinnsamling\/gi-til-oss\/\",\"url\":\"https:\/\/kirkensbymisjon.no\/tilbud-tekstilinnsamling\/gi-til-oss\/\",\"name\":\"Gi til oss - Tekstilinnsamling\",\"isPartOf\":{\"@id\":\"https:\/\/kirkensbymisjon.no\/tilbud-tekstilinnsamling\/#website\"},\"primaryImageOfPage\":{\"@id\":\"https:\/\/kirkensbymisjon.no\/tilbud-tekstilinnsamling\/gi-til-oss\/#primaryimage\"},\"image\":{\"@id\":\"https:\/\/kirkensbymisjon.no\/tilbud-tekstilinnsamling\/gi-til-oss\/#primaryimage\"},\"thumbnailUrl\":\"https:\/\/kirkensbymisjon.no\/content\/uploads\/sites\/115\/2024\/08\/Tilbud_Tekstilinnsamling_03.jpg\",\"datePublished\":\"2024-07-24T10:50:25+00:00\",\"dateModified\":\"2024-08-15T11:43:05+00:00\",\"breadcrumb\":{\"@id\":\"https:\/\/kirkensbymisjon.no\/tilbud-tekstilinnsamling\/gi-til-oss\/#breadcrumb\"},\"inLanguage\":\"nb-NO\",\"potentialAction\":[{\"@type\":\"ReadAction\",\"target\":[\"https:\/\/kirkensbymisjon.no\/tilbud-tekstilinnsamling\/gi-til-oss\/\"]}]},{\"@type\":\"ImageObject\",\"inLanguage\":\"nb-NO\",\"@id\":\"https:\/\/kirkensbymisjon.no\/tilbud-tekstilinnsamling\/gi-til-oss\/#primaryimage\",\"url\":\"https:\/\/kirkensbymisjon.no\/content\/uploads\/sites\/115\/2024\/08\/Tilbud_Tekstilinnsamling_03.jpg\",\"contentUrl\":\"https:\/\/kirkensbymisjon.no\/content\/uploads\/sites\/115\/2024\/08\/Tilbud_Tekstilinnsamling_03.jpg\"},{\"@type\":\"BreadcrumbList\",\"@id\":\"https:\/\/kirkensbymisjon.no\/tilbud-tekstilinnsamling\/gi-til-oss\/#breadcrumb\",\"itemListElement\":[{\"@type\":\"ListItem\",\"position\":1,\"name\":\"Hjem\",\"item\":\"https:\/\/kirkensbymisjon.no\/tilbud-tekstilinnsamling\/\"},{\"@type\":\"ListItem\",\"position\":2,\"name\":\"Gi til oss\"}]},{\"@type\":\"WebSite\",\"@id\":\"https:\/\/kirkensbymisjon.no\/tilbud-tekstilinnsamling\/#website\",\"url\":\"https:\/\/kirkensbymisjon.no\/tilbud-tekstilinnsamling\/\",\"name\":\"Tekstilinnsamling\",\"description\":\"\",\"potentialAction\":[{\"@type\":\"SearchAction\",\"target\":{\"@type\":\"EntryPoint\",\"urlTemplate\":\"https:\/\/kirkensbymisjon.no\/tilbud-tekstilinnsamling\/?s={search_term_string}\"},\"query-input\":{\"@type\":\"PropertyValueSpecification\",\"valueRequired\":true,\"valueName\":\"search_term_string\"}}],\"inLanguage\":\"nb-NO\"}]}<\/script>\n<!-- \/ Yoast SEO Premium plugin. -->","yoast_head_json":{"title":"Gi til oss - Tekstilinnsamling","robots":{"index":"index","follow":"follow","max-snippet":"max-snippet:-1","max-image-preview":"max-image-preview:large","max-video-preview":"max-video-preview:-1"},"canonical":"https:\/\/kirkensbymisjon.no\/tilbud-tekstilinnsamling\/gi-til-oss\/","og_locale":"nb_NO","og_type":"article","og_title":"Gi til oss","og_description":"Vi tar i mot hele, rene og t\u00f8rre tekstiler Husk \u00e5 levere t\u00f8rt innhold i&hellip;","og_url":"https:\/\/kirkensbymisjon.no\/tilbud-tekstilinnsamling\/gi-til-oss\/","og_site_name":"Tekstilinnsamling","article_modified_time":"2024-08-15T11:43:05+00:00","og_image":[{"url":"https:\/\/kirkensbymisjon.no\/content\/uploads\/sites\/115\/2024\/08\/Tilbud_Tekstilinnsamling_03.jpg","type":"","width":"","height":""}],"twitter_card":"summary_large_image","twitter_misc":{"Ansl. lesetid":"1 minutt"},"schema":{"@context":"https:\/\/schema.org","@graph":[{"@type":"WebPage","@id":"https:\/\/kirkensbymisjon.no\/tilbud-tekstilinnsamling\/gi-til-oss\/","url":"https:\/\/kirkensbymisjon.no\/tilbud-tekstilinnsamling\/gi-til-oss\/","name":"Gi til oss - Tekstilinnsamling","isPartOf":{"@id":"https:\/\/kirkensbymisjon.no\/tilbud-tekstilinnsamling\/#website"},"primaryImageOfPage":{"@id":"https:\/\/kirkensbymisjon.no\/tilbud-tekstilinnsamling\/gi-til-oss\/#primaryimage"},"image":{"@id":"https:\/\/kirkensbymisjon.no\/tilbud-tekstilinnsamling\/gi-til-oss\/#primaryimage"},"thumbnailUrl":"https:\/\/kirkensbymisjon.no\/content\/uploads\/sites\/115\/2024\/08\/Tilbud_Tekstilinnsamling_03.jpg","datePublished":"2024-07-24T10:50:25+00:00","dateModified":"2024-08-15T11:43:05+00:00","breadcrumb":{"@id":"https:\/\/kirkensbymisjon.no\/tilbud-tekstilinnsamling\/gi-til-oss\/#breadcrumb"},"inLanguage":"nb-NO","potentialAction":[{"@type":"ReadAction","target":["https:\/\/kirkensbymisjon.no\/tilbud-tekstilinnsamling\/gi-til-oss\/"]}]},{"@type":"ImageObject","inLanguage":"nb-NO","@id":"https:\/\/kirkensbymisjon.no\/tilbud-tekstilinnsamling\/gi-til-oss\/#primaryimage","url":"https:\/\/kirkensbymisjon.no\/content\/uploads\/sites\/115\/2024\/08\/Tilbud_Tekstilinnsamling_03.jpg","contentUrl":"https:\/\/kirkensbymisjon.no\/content\/uploads\/sites\/115\/2024\/08\/Tilbud_Tekstilinnsamling_03.jpg"},{"@type":"BreadcrumbList","@id":"https:\/\/kirkensbymisjon.no\/tilbud-tekstilinnsamling\/gi-til-oss\/#breadcrumb","itemListElement":[{"@type":"ListItem","position":1,"name":"Hjem","item":"https:\/\/kirkensbymisjon.no\/tilbud-tekstilinnsamling\/"},{"@type":"ListItem","position":2,"name":"Gi til oss"}]},{"@type":"WebSite","@id":"https:\/\/kirkensbymisjon.no\/tilbud-tekstilinnsamling\/#website","url":"https:\/\/kirkensbymisjon.no\/tilbud-tekstilinnsamling\/","name":"Tekstilinnsamling","description":"","potentialAction":[{"@type":"SearchAction","target":{"@type":"EntryPoint","urlTemplate":"https:\/\/kirkensbymisjon.no\/tilbud-tekstilinnsamling\/?s={search_term_string}"},"query-input":{"@type":"PropertyValueSpecification","valueRequired":true,"valueName":"search_term_string"}}],"inLanguage":"nb-NO"}]}},"_links":{"self":[{"href":"https:\/\/kirkensbymisjon.no\/tilbud-tekstilinnsamling\/wp-json\/wp\/v2\/pages\/9","targetHints":{"allow":["GET"]}}],"collection":[{"href":"https:\/\/kirkensbymisjon.no\/tilbud-tekstilinnsamling\/wp-json\/wp\/v2\/pages"}],"about":[{"href":"https:\/\/kirkensbymisjon.no\/tilbud-tekstilinnsamling\/wp-json\/wp\/v2\/types\/page"}],"author":[{"embeddable":true,"href":"https:\/\/kirkensbymisjon.no\/tilbud-tekstilinnsamling\/wp-json\/wp\/v2\/users\/6"}],"replies":[{"embeddable":true,"href":"https:\/\/kirkensbymisjon.no\/tilbud-tekstilinnsamling\/wp-json\/wp\/v2\/comments?post=9"}],"version-history":[{"count":6,"href":"https:\/\/kirkensbymisjon.no\/tilbud-tekstilinnsamling\/wp-json\/wp\/v2\/pages\/9\/revisions"}],"predecessor-version":[{"id":163,"href":"https:\/\/kirkensbymisjon.no\/tilbud-tekstilinnsamling\/wp-json\/wp\/v2\/pages\/9\/revisions\/163"}],"wp:attachment":[{"href":"https:\/\/kirkensbymisjon.no\/tilbud-tekstilinnsamling\/wp-json\/wp\/v2\/media?parent=9"}],"curies":[{"name":"wp","href":"https:\/\/api.w.org\/{rel}","templated":true}]}}