{"id":3,"date":"2024-06-20T08:48:30","date_gmt":"2024-06-20T06:48:30","guid":{"rendered":"https:\/\/kirkensbymisjon.no\/tilbud-tillitsperson\/forside\/"},"modified":"2024-12-04T12:08:25","modified_gmt":"2024-12-04T11:08:25","slug":"forside","status":"publish","type":"page","link":"https:\/\/kirkensbymisjon.no\/tilbud-tillitsperson\/","title":{"rendered":"Forside"},"content":{"rendered":"\n<p>Mange mennesker med rusavhengighet er i kontakt med hjelpeapparatet, men klarer ikke \u00e5 nyttiggj\u00f8re seg av tilbudet. Vi kurser frivillige medarbeidere til \u00e5 kunne bist\u00e5 mennesker i m\u00f8te med hjelpeapparatet.<\/p>\n\n\n\n<p>V\u00e5re tilbud innen rusomsorg er i daglig kontakt med mennesker som av ulike \u00e5rsaker er brukere av tjenester i det offentlige systemet. Brukerne befinner seg i en vanskelig livssituasjon og er ofte tilknyttet mange ulike tjenester og tilbud. Vi har erfart at ved \u00e5 v\u00e6re en st\u00f8tte i m\u00f8te med systemet, har det bidratt til en forsterket tillit for alle parter.<\/p>\n\n\n<div class=\"t2-accordion wp-block-t2-accordion\" data-allow-multiple=\"1\" role=\"list\">\n<div class=\"t2-accordion-item wp-block-t2-accordion-item\" role=\"listitem\">\n\t\t\t<h2 class=\"t2-accordion-title\">\n\t\t\t\t<button type=\"button\" class=\"t2-accordion-trigger\" id=\"v\u00e5rt-hovedform\u00e5l\" aria-controls=\"accordion-panel\" aria-expanded=\"false\">\n\t\t\t\t\tV\u00e5rt hovedform\u00e5l\n\t\t\t\t\t<span class=\"t2-accordion-icon is-closed-icon\"><svg xmlns=\"http:\/\/www.w3.org\/2000\/svg\" viewBox=\"0 0 24 24\" height=\"24\" width=\"24\" class=\"t2-icon t2-icon-plus\" aria-hidden=\"true\" focusable=\"false\"><path d=\"M11.8 5.037a1.088 1.088 0 0 0-.722.566c-.075.148-.078.25-.078 2.772v2.619l-2.61.016c-1.867.012-2.652.03-2.756.064-.168.055-.438.301-.54.494-.049.092-.07.223-.07.432 0 .34.054.476.282.704.289.289.14.275 3.064.288l2.63.012v2.619c0 2.544.002 2.625.08 2.778.191.372.516.577.92.577s.729-.205.92-.577c.078-.153.08-.234.08-2.778v-2.619l2.63-.012c2.924-.013 2.775.001 3.064-.288.228-.228.282-.364.282-.704 0-.209-.021-.34-.07-.432-.102-.193-.372-.439-.54-.494-.104-.034-.889-.052-2.756-.064L13 10.994V8.375c0-2.522-.003-2.624-.078-2.772-.214-.418-.685-.656-1.122-.566\"\/><\/svg><\/span>\n\t\t\t\t\t<span class=\"t2-accordion-icon is-open-icon\"><svg xmlns=\"http:\/\/www.w3.org\/2000\/svg\" viewBox=\"0 0 24 24\" height=\"24\" width=\"24\" class=\"t2-icon t2-icon-chevronup\" aria-hidden=\"true\" focusable=\"false\"><path d=\"M6.7 14.7c-.2-.2-.3-.4-.3-.7s.1-.5.3-.7l4.6-4.6c.1-.1.2-.2.3-.2.1 0 .2-.1.4-.1.1 0 .3 0 .4.1.1 0 .2.1.3.2l4.6 4.6c.2.2.3.4.3.7s-.1.5-.3.7c-.2.2-.4.3-.7.3s-.5-.1-.7-.3L12 10.8l-3.9 3.9c-.2.2-.4.3-.7.3s-.5-.1-.7-.3z\" fill=\"currentColor\" \/><\/svg><\/span>\n\t\t\t\t<\/button>\n\t\t\t<\/h2>\n\t\t\t<div class=\"t2-accordion-item__inner-container is-layout-flow\" id=\"accordion-panel\" aria-labelledby=\"v\u00e5rt-hovedform\u00e5l\" role=\"region\" hidden>\n\t\t\t\t\n\n<ul class=\"wp-block-list\">\n<li>Bist\u00e5 brukerne i \u00e5 sikre sine rettigheter og forpliktelser ved bruk av frivillige tillitspersoner.<\/li>\n\n\n\n<li>Effektivisere og trygge samhandlingen mellom bruker og det offentlige systemet.<\/li>\n\n\n\n<li>Bidra til \u00e5 synliggj\u00f8re brukerens utfordringer og muligheter.<\/li>\n<\/ul>\n\n\n\t\t\t<\/div>\n\t\t<\/div>\n\n<div class=\"t2-accordion-item wp-block-t2-accordion-item\" role=\"listitem\">\n\t\t\t<h2 class=\"t2-accordion-title\">\n\t\t\t\t<button type=\"button\" class=\"t2-accordion-trigger\" id=\"slik-jobber-vi\" aria-controls=\"accordion-panel-1\" aria-expanded=\"false\">\n\t\t\t\t\tSlik jobber vi\n\t\t\t\t\t<span class=\"t2-accordion-icon is-closed-icon\"><svg xmlns=\"http:\/\/www.w3.org\/2000\/svg\" viewBox=\"0 0 24 24\" height=\"24\" width=\"24\" class=\"t2-icon t2-icon-plus\" aria-hidden=\"true\" focusable=\"false\"><path d=\"M11.8 5.037a1.088 1.088 0 0 0-.722.566c-.075.148-.078.25-.078 2.772v2.619l-2.61.016c-1.867.012-2.652.03-2.756.064-.168.055-.438.301-.54.494-.049.092-.07.223-.07.432 0 .34.054.476.282.704.289.289.14.275 3.064.288l2.63.012v2.619c0 2.544.002 2.625.08 2.778.191.372.516.577.92.577s.729-.205.92-.577c.078-.153.08-.234.08-2.778v-2.619l2.63-.012c2.924-.013 2.775.001 3.064-.288.228-.228.282-.364.282-.704 0-.209-.021-.34-.07-.432-.102-.193-.372-.439-.54-.494-.104-.034-.889-.052-2.756-.064L13 10.994V8.375c0-2.522-.003-2.624-.078-2.772-.214-.418-.685-.656-1.122-.566\"\/><\/svg><\/span>\n\t\t\t\t\t<span class=\"t2-accordion-icon is-open-icon\"><svg xmlns=\"http:\/\/www.w3.org\/2000\/svg\" viewBox=\"0 0 24 24\" height=\"24\" width=\"24\" class=\"t2-icon t2-icon-chevronup\" aria-hidden=\"true\" focusable=\"false\"><path d=\"M6.7 14.7c-.2-.2-.3-.4-.3-.7s.1-.5.3-.7l4.6-4.6c.1-.1.2-.2.3-.2.1 0 .2-.1.4-.1.1 0 .3 0 .4.1.1 0 .2.1.3.2l4.6 4.6c.2.2.3.4.3.7s-.1.5-.3.7c-.2.2-.4.3-.7.3s-.5-.1-.7-.3L12 10.8l-3.9 3.9c-.2.2-.4.3-.7.3s-.5-.1-.7-.3z\" fill=\"currentColor\" \/><\/svg><\/span>\n\t\t\t\t<\/button>\n\t\t\t<\/h2>\n\t\t\t<div class=\"t2-accordion-item__inner-container is-layout-flow\" id=\"accordion-panel-1\" aria-labelledby=\"slik-jobber-vi\" role=\"region\" hidden>\n\t\t\t\t\n\n<p><span style=\"font-size: 18px;background-color: var(--wp--preset--color--neutral-100)\">Tillitspersonen forbereder brukeren i forkant av et m\u00f8te, er til stede p\u00e5 m\u00f8tet og har en gjennomgang med bruker i etterkant. P\u00e5 denne m\u00e5ten kan m\u00f8tene bli mer fruktbare: brukerne er mer forberedt til m\u00f8tene og kan oppleve seg tryggere og mer avslappet ved \u00e5 ha en tillitsperson til stede.<\/span><\/p>\n\n\n\n<p><span style=\"font-size: 18px;background-color: var(--wp--preset--color--neutral-100)\">M\u00e5let er \u00e5 skape rammer som bidrar til mer tillit for begge parter.<\/span><\/p>\n\n\n\t\t\t<\/div>\n\t\t<\/div>\n\n<div class=\"t2-accordion-item wp-block-t2-accordion-item\" role=\"listitem\">\n\t\t\t<h2 class=\"t2-accordion-title\">\n\t\t\t\t<button type=\"button\" class=\"t2-accordion-trigger\" id=\"bli-frivillig-tillitsperson\" aria-controls=\"accordion-panel-2\" aria-expanded=\"false\">\n\t\t\t\t\tBli frivillig tillitsperson\n\t\t\t\t\t<span class=\"t2-accordion-icon is-closed-icon\"><svg xmlns=\"http:\/\/www.w3.org\/2000\/svg\" viewBox=\"0 0 24 24\" height=\"24\" width=\"24\" class=\"t2-icon t2-icon-plus\" aria-hidden=\"true\" focusable=\"false\"><path d=\"M11.8 5.037a1.088 1.088 0 0 0-.722.566c-.075.148-.078.25-.078 2.772v2.619l-2.61.016c-1.867.012-2.652.03-2.756.064-.168.055-.438.301-.54.494-.049.092-.07.223-.07.432 0 .34.054.476.282.704.289.289.14.275 3.064.288l2.63.012v2.619c0 2.544.002 2.625.08 2.778.191.372.516.577.92.577s.729-.205.92-.577c.078-.153.08-.234.08-2.778v-2.619l2.63-.012c2.924-.013 2.775.001 3.064-.288.228-.228.282-.364.282-.704 0-.209-.021-.34-.07-.432-.102-.193-.372-.439-.54-.494-.104-.034-.889-.052-2.756-.064L13 10.994V8.375c0-2.522-.003-2.624-.078-2.772-.214-.418-.685-.656-1.122-.566\"\/><\/svg><\/span>\n\t\t\t\t\t<span class=\"t2-accordion-icon is-open-icon\"><svg xmlns=\"http:\/\/www.w3.org\/2000\/svg\" viewBox=\"0 0 24 24\" height=\"24\" width=\"24\" class=\"t2-icon t2-icon-chevronup\" aria-hidden=\"true\" focusable=\"false\"><path d=\"M6.7 14.7c-.2-.2-.3-.4-.3-.7s.1-.5.3-.7l4.6-4.6c.1-.1.2-.2.3-.2.1 0 .2-.1.4-.1.1 0 .3 0 .4.1.1 0 .2.1.3.2l4.6 4.6c.2.2.3.4.3.7s-.1.5-.3.7c-.2.2-.4.3-.7.3s-.5-.1-.7-.3L12 10.8l-3.9 3.9c-.2.2-.4.3-.7.3s-.5-.1-.7-.3z\" fill=\"currentColor\" \/><\/svg><\/span>\n\t\t\t\t<\/button>\n\t\t\t<\/h2>\n\t\t\t<div class=\"t2-accordion-item__inner-container is-layout-flow\" id=\"accordion-panel-2\" aria-labelledby=\"bli-frivillig-tillitsperson\" role=\"region\" hidden>\n\t\t\t\t\n\n<p>Vi liker \u00e5 tro at frivillighet er en grunnstein i det norske samfunnet. I tillegg til \u00e5 ha fokus p\u00e5 utsatte grupper i samfunnet, er vi bevisst p\u00e5 at vi i utstrakt grad m\u00f8ter disse utfordringene gjennom frivillighet.<\/p>\n\n\n\n<p>Dette er b\u00e5de fordi frivillige bidrar til at vi kan bist\u00e5 langt flere i m\u00e5lgruppen, men ogs\u00e5 fordi det \u00e5 v\u00e6re frivillig har en egenverdi. Selv om vi har en velfungerende velferdsstat, har vi ogs\u00e5 ansvar for hverandre.<\/p>\n\n\n\n<p>For \u00e5 bli tillitsperson gjennomg\u00e5r du et 12-timers kurs og blir sertifisert etter dette.<\/p>\n\n\n\n<p>Vi trenger engasjerte frivillige med sans for struktur som \u00f8nsker \u00e5 bidra til tryggere og mer effektiv samhandling mellom brukere og det offentlige. <strong>Har du lyst til \u00e5 bidra? <\/strong><a href=\"https:\/\/kirkensbymisjon.no\/tilbud-tillitsperson\/kontaktinformasjon\/\">Ta kontakt med oss<\/a> for mer informasjon!<\/p>\n\n\n\t\t\t<\/div>\n\t\t<\/div>\n<\/div>","protected":false},"excerpt":{"rendered":"<p>Mange mennesker med rusavhengighet er i kontakt med hjelpeapparatet, men klarer ikke \u00e5 nyttiggj\u00f8re seg&hellip;<\/p>\n","protected":false},"author":2,"featured_media":0,"parent":0,"menu_order":0,"comment_status":"closed","ping_status":"closed","template":"","meta":{"_relevanssi_hide_post":"","_relevanssi_hide_content":"","_relevanssi_pin_for_all":"","_relevanssi_pin_keywords":"","_relevanssi_unpin_keywords":"","_relevanssi_related_keywords":"","_relevanssi_related_include_ids":"","_relevanssi_related_exclude_ids":"","_relevanssi_related_no_append":"","_relevanssi_related_not_related":"","_relevanssi_related_posts":"1","_relevanssi_noindex_reason":"","editor_notices":[],"footnotes":""},"class_list":["post-3","page","type-page","status-publish","hentry"],"yoast_head":"<!-- This site is optimized with the Yoast SEO Premium plugin v27.2 (Yoast SEO v27.2) - https:\/\/yoast.com\/product\/yoast-seo-premium-wordpress\/ -->\n<title>Kirkens Bymisjon - Tillitsperson<\/title>\n<meta name=\"description\" content=\"Tillitsperson bist\u00e5r mennesker med rusavhengighet i m\u00f8te med hjelpeapparatet.\" \/>\n<meta name=\"robots\" content=\"index, follow, max-snippet:-1, max-image-preview:large, max-video-preview:-1\" \/>\n<link rel=\"canonical\" href=\"https:\/\/kirkensbymisjon.no\/tilbud-tillitsperson\/\" \/>\n<meta property=\"og:locale\" content=\"nb_NO\" \/>\n<meta property=\"og:type\" content=\"article\" \/>\n<meta property=\"og:title\" content=\"Forside\" \/>\n<meta property=\"og:description\" content=\"Tillitsperson bist\u00e5r mennesker med rusavhengighet i m\u00f8te med hjelpeapparatet.\" \/>\n<meta property=\"og:url\" content=\"https:\/\/kirkensbymisjon.no\/tilbud-tillitsperson\/\" \/>\n<meta property=\"og:site_name\" content=\"Tillitsperson\" \/>\n<meta property=\"article:modified_time\" content=\"2024-12-04T11:08:25+00:00\" \/>\n<meta name=\"twitter:card\" content=\"summary_large_image\" \/>\n<meta name=\"twitter:label1\" content=\"Ansl. lesetid\" \/>\n\t<meta name=\"twitter:data1\" content=\"2 minutter\" \/>\n<script type=\"application\/ld+json\" class=\"yoast-schema-graph\">{\"@context\":\"https:\/\/schema.org\",\"@graph\":[{\"@type\":\"WebPage\",\"@id\":\"https:\/\/kirkensbymisjon.no\/tilbud-tillitsperson\/\",\"url\":\"https:\/\/kirkensbymisjon.no\/tilbud-tillitsperson\/\",\"name\":\"Kirkens Bymisjon - Tillitsperson\",\"isPartOf\":{\"@id\":\"https:\/\/kirkensbymisjon.no\/tilbud-tillitsperson\/#website\"},\"datePublished\":\"2024-06-20T06:48:30+00:00\",\"dateModified\":\"2024-12-04T11:08:25+00:00\",\"description\":\"Tillitsperson bist\u00e5r mennesker med rusavhengighet i m\u00f8te med hjelpeapparatet.\",\"breadcrumb\":{\"@id\":\"https:\/\/kirkensbymisjon.no\/tilbud-tillitsperson\/#breadcrumb\"},\"inLanguage\":\"nb-NO\",\"potentialAction\":[{\"@type\":\"ReadAction\",\"target\":[\"https:\/\/kirkensbymisjon.no\/tilbud-tillitsperson\/\"]}]},{\"@type\":\"BreadcrumbList\",\"@id\":\"https:\/\/kirkensbymisjon.no\/tilbud-tillitsperson\/#breadcrumb\",\"itemListElement\":[{\"@type\":\"ListItem\",\"position\":1,\"name\":\"Hjem\",\"item\":\"https:\/\/kirkensbymisjon.no\/tilbud-tillitsperson\/\"},{\"@type\":\"ListItem\",\"position\":2,\"name\":\"Forside\"}]},{\"@type\":\"WebSite\",\"@id\":\"https:\/\/kirkensbymisjon.no\/tilbud-tillitsperson\/#website\",\"url\":\"https:\/\/kirkensbymisjon.no\/tilbud-tillitsperson\/\",\"name\":\"Tillitsperson\",\"description\":\"\",\"potentialAction\":[{\"@type\":\"SearchAction\",\"target\":{\"@type\":\"EntryPoint\",\"urlTemplate\":\"https:\/\/kirkensbymisjon.no\/tilbud-tillitsperson\/?s={search_term_string}\"},\"query-input\":{\"@type\":\"PropertyValueSpecification\",\"valueRequired\":true,\"valueName\":\"search_term_string\"}}],\"inLanguage\":\"nb-NO\"}]}<\/script>\n<!-- \/ Yoast SEO Premium plugin. -->","yoast_head_json":{"title":"Kirkens Bymisjon - Tillitsperson","description":"Tillitsperson bist\u00e5r mennesker med rusavhengighet i m\u00f8te med hjelpeapparatet.","robots":{"index":"index","follow":"follow","max-snippet":"max-snippet:-1","max-image-preview":"max-image-preview:large","max-video-preview":"max-video-preview:-1"},"canonical":"https:\/\/kirkensbymisjon.no\/tilbud-tillitsperson\/","og_locale":"nb_NO","og_type":"article","og_title":"Forside","og_description":"Tillitsperson bist\u00e5r mennesker med rusavhengighet i m\u00f8te med hjelpeapparatet.","og_url":"https:\/\/kirkensbymisjon.no\/tilbud-tillitsperson\/","og_site_name":"Tillitsperson","article_modified_time":"2024-12-04T11:08:25+00:00","twitter_card":"summary_large_image","twitter_misc":{"Ansl. lesetid":"2 minutter"},"schema":{"@context":"https:\/\/schema.org","@graph":[{"@type":"WebPage","@id":"https:\/\/kirkensbymisjon.no\/tilbud-tillitsperson\/","url":"https:\/\/kirkensbymisjon.no\/tilbud-tillitsperson\/","name":"Kirkens Bymisjon - Tillitsperson","isPartOf":{"@id":"https:\/\/kirkensbymisjon.no\/tilbud-tillitsperson\/#website"},"datePublished":"2024-06-20T06:48:30+00:00","dateModified":"2024-12-04T11:08:25+00:00","description":"Tillitsperson bist\u00e5r mennesker med rusavhengighet i m\u00f8te med hjelpeapparatet.","breadcrumb":{"@id":"https:\/\/kirkensbymisjon.no\/tilbud-tillitsperson\/#breadcrumb"},"inLanguage":"nb-NO","potentialAction":[{"@type":"ReadAction","target":["https:\/\/kirkensbymisjon.no\/tilbud-tillitsperson\/"]}]},{"@type":"BreadcrumbList","@id":"https:\/\/kirkensbymisjon.no\/tilbud-tillitsperson\/#breadcrumb","itemListElement":[{"@type":"ListItem","position":1,"name":"Hjem","item":"https:\/\/kirkensbymisjon.no\/tilbud-tillitsperson\/"},{"@type":"ListItem","position":2,"name":"Forside"}]},{"@type":"WebSite","@id":"https:\/\/kirkensbymisjon.no\/tilbud-tillitsperson\/#website","url":"https:\/\/kirkensbymisjon.no\/tilbud-tillitsperson\/","name":"Tillitsperson","description":"","potentialAction":[{"@type":"SearchAction","target":{"@type":"EntryPoint","urlTemplate":"https:\/\/kirkensbymisjon.no\/tilbud-tillitsperson\/?s={search_term_string}"},"query-input":{"@type":"PropertyValueSpecification","valueRequired":true,"valueName":"search_term_string"}}],"inLanguage":"nb-NO"}]}},"_links":{"self":[{"href":"https:\/\/kirkensbymisjon.no\/tilbud-tillitsperson\/wp-json\/wp\/v2\/pages\/3","targetHints":{"allow":["GET"]}}],"collection":[{"href":"https:\/\/kirkensbymisjon.no\/tilbud-tillitsperson\/wp-json\/wp\/v2\/pages"}],"about":[{"href":"https:\/\/kirkensbymisjon.no\/tilbud-tillitsperson\/wp-json\/wp\/v2\/types\/page"}],"author":[{"embeddable":true,"href":"https:\/\/kirkensbymisjon.no\/tilbud-tillitsperson\/wp-json\/wp\/v2\/users\/2"}],"replies":[{"embeddable":true,"href":"https:\/\/kirkensbymisjon.no\/tilbud-tillitsperson\/wp-json\/wp\/v2\/comments?post=3"}],"version-history":[{"count":5,"href":"https:\/\/kirkensbymisjon.no\/tilbud-tillitsperson\/wp-json\/wp\/v2\/pages\/3\/revisions"}],"predecessor-version":[{"id":34,"href":"https:\/\/kirkensbymisjon.no\/tilbud-tillitsperson\/wp-json\/wp\/v2\/pages\/3\/revisions\/34"}],"wp:attachment":[{"href":"https:\/\/kirkensbymisjon.no\/tilbud-tillitsperson\/wp-json\/wp\/v2\/media?parent=3"}],"curies":[{"name":"wp","href":"https:\/\/api.w.org\/{rel}","templated":true}]}}