{"id":2,"date":"2024-06-14T13:24:25","date_gmt":"2024-06-14T11:24:25","guid":{"rendered":"https:\/\/kirkensbymisjon.no\/tilbud-toyen-kro\/?page_id=2"},"modified":"2024-11-26T19:17:01","modified_gmt":"2024-11-26T18:17:01","slug":"forside","status":"publish","type":"page","link":"https:\/\/kirkensbymisjon.no\/tilbud-toyen-kro\/","title":{"rendered":"Forside"},"content":{"rendered":"\n<p>T\u00f8yen kro er en del av <a href=\"\/tilbud-bymisjonssenteret\/\">Bymisjonssenteret<\/a> og er \u00e5pen for alle. Vi skaper hyggelige rammer rundt et felles m\u00e5ltid. Tilbudet er f\u00f8rst og fremst rettet mot fattige tilreisende, men vi stenger ikke d\u00f8rene for noen.<\/p>\n\n\n\n<h2 class=\"wp-block-heading\" id=\"h-vart-tilbud\">V\u00e5rt tilbud<\/h2>\n\n\n<div class=\"t2-accordion wp-block-t2-accordion\" data-allow-multiple=\"1\" role=\"list\">\n<div class=\"t2-accordion-item wp-block-t2-accordion-item\" role=\"listitem\">\n\t\t\t<h2 class=\"t2-accordion-title\">\n\t\t\t\t<button type=\"button\" class=\"t2-accordion-trigger\" id=\"m\u00e5ltider-og-v\u00e6rested\" aria-controls=\"accordion-panel\" aria-expanded=\"false\">\n\t\t\t\t\tM\u00e5ltider og v\u00e6rested\n\t\t\t\t\t<span class=\"t2-accordion-icon is-closed-icon\"><svg xmlns=\"http:\/\/www.w3.org\/2000\/svg\" viewBox=\"0 0 24 24\" height=\"24\" width=\"24\" class=\"t2-icon t2-icon-plus\" aria-hidden=\"true\" focusable=\"false\"><path d=\"M11.8 5.037a1.088 1.088 0 0 0-.722.566c-.075.148-.078.25-.078 2.772v2.619l-2.61.016c-1.867.012-2.652.03-2.756.064-.168.055-.438.301-.54.494-.049.092-.07.223-.07.432 0 .34.054.476.282.704.289.289.14.275 3.064.288l2.63.012v2.619c0 2.544.002 2.625.08 2.778.191.372.516.577.92.577s.729-.205.92-.577c.078-.153.08-.234.08-2.778v-2.619l2.63-.012c2.924-.013 2.775.001 3.064-.288.228-.228.282-.364.282-.704 0-.209-.021-.34-.07-.432-.102-.193-.372-.439-.54-.494-.104-.034-.889-.052-2.756-.064L13 10.994V8.375c0-2.522-.003-2.624-.078-2.772-.214-.418-.685-.656-1.122-.566\"\/><\/svg><\/span>\n\t\t\t\t\t<span class=\"t2-accordion-icon is-open-icon\"><svg xmlns=\"http:\/\/www.w3.org\/2000\/svg\" viewBox=\"0 0 24 24\" height=\"24\" width=\"24\" class=\"t2-icon t2-icon-chevronup\" aria-hidden=\"true\" focusable=\"false\"><path d=\"M6.7 14.7c-.2-.2-.3-.4-.3-.7s.1-.5.3-.7l4.6-4.6c.1-.1.2-.2.3-.2.1 0 .2-.1.4-.1.1 0 .3 0 .4.1.1 0 .2.1.3.2l4.6 4.6c.2.2.3.4.3.7s-.1.5-.3.7c-.2.2-.4.3-.7.3s-.5-.1-.7-.3L12 10.8l-3.9 3.9c-.2.2-.4.3-.7.3s-.5-.1-.7-.3z\" fill=\"currentColor\" \/><\/svg><\/span>\n\t\t\t\t<\/button>\n\t\t\t<\/h2>\n\t\t\t<div class=\"t2-accordion-item__inner-container is-layout-flow\" id=\"accordion-panel\" aria-labelledby=\"m\u00e5ltider-og-v\u00e6rested\" role=\"region\" hidden>\n\t\t\t\t\n\n<p><strong>P\u00e5 hverdager tilbyr vi: <\/strong><\/p>\n\n\n\n<ul class=\"wp-block-list\">\n<li>\u00c5pent mandag, onsdag, torsdag og fredag, kl. 12.00\u201316.00.<\/li>\n\n\n\n<li>Dagens supper (kj\u00f8tt og vegetar) med br\u00f8d til 5 kroner.<\/li>\n\n\n\n<li>Dagens middag til 25 kroner (serveres fra kl. 13.00).<\/li>\n\n\n\n<li>Kaffe og te er gratis.<\/li>\n<\/ul>\n\n\n\n<p><strong>I helger tilbyr vi:<\/strong><\/p>\n\n\n\n<ul class=\"wp-block-list\">\n<li>Helgekro hver l\u00f8rdag og s\u00f8ndag, kl. 09.00\u201312.00.<\/li>\n\n\n\n<li>Gratis frokost, suppe og havregr\u00f8t, i tillegg til gratis kaffe og te.<\/li>\n<\/ul>\n\n\n\t\t\t<\/div>\n\t\t<\/div>\n\n<div class=\"t2-accordion-item wp-block-t2-accordion-item\" role=\"listitem\">\n\t\t\t<h2 class=\"t2-accordion-title\">\n\t\t\t\t<button type=\"button\" class=\"t2-accordion-trigger\" id=\"vask-og-hvile\" aria-controls=\"accordion-panel-1\" aria-expanded=\"false\">\n\t\t\t\t\tVask og hvile\n\t\t\t\t\t<span class=\"t2-accordion-icon is-closed-icon\"><svg xmlns=\"http:\/\/www.w3.org\/2000\/svg\" viewBox=\"0 0 24 24\" height=\"24\" width=\"24\" class=\"t2-icon t2-icon-plus\" aria-hidden=\"true\" focusable=\"false\"><path d=\"M11.8 5.037a1.088 1.088 0 0 0-.722.566c-.075.148-.078.25-.078 2.772v2.619l-2.61.016c-1.867.012-2.652.03-2.756.064-.168.055-.438.301-.54.494-.049.092-.07.223-.07.432 0 .34.054.476.282.704.289.289.14.275 3.064.288l2.63.012v2.619c0 2.544.002 2.625.08 2.778.191.372.516.577.92.577s.729-.205.92-.577c.078-.153.08-.234.08-2.778v-2.619l2.63-.012c2.924-.013 2.775.001 3.064-.288.228-.228.282-.364.282-.704 0-.209-.021-.34-.07-.432-.102-.193-.372-.439-.54-.494-.104-.034-.889-.052-2.756-.064L13 10.994V8.375c0-2.522-.003-2.624-.078-2.772-.214-.418-.685-.656-1.122-.566\"\/><\/svg><\/span>\n\t\t\t\t\t<span class=\"t2-accordion-icon is-open-icon\"><svg xmlns=\"http:\/\/www.w3.org\/2000\/svg\" viewBox=\"0 0 24 24\" height=\"24\" width=\"24\" class=\"t2-icon t2-icon-chevronup\" aria-hidden=\"true\" focusable=\"false\"><path d=\"M6.7 14.7c-.2-.2-.3-.4-.3-.7s.1-.5.3-.7l4.6-4.6c.1-.1.2-.2.3-.2.1 0 .2-.1.4-.1.1 0 .3 0 .4.1.1 0 .2.1.3.2l4.6 4.6c.2.2.3.4.3.7s-.1.5-.3.7c-.2.2-.4.3-.7.3s-.5-.1-.7-.3L12 10.8l-3.9 3.9c-.2.2-.4.3-.7.3s-.5-.1-.7-.3z\" fill=\"currentColor\" \/><\/svg><\/span>\n\t\t\t\t<\/button>\n\t\t\t<\/h2>\n\t\t\t<div class=\"t2-accordion-item__inner-container is-layout-flow\" id=\"accordion-panel-1\" aria-labelledby=\"vask-og-hvile\" role=\"region\" hidden>\n\t\t\t\t\n\n<p>Det er ogs\u00e5 mulig \u00e5 benytte seg av <a href=\"https:\/\/kirkensbymisjon.no\/tilbud-fattige-tilreisende\/#vaskeri-og-oppbevaring\" target=\"_blank\" rel=\"noreferrer noopener\">vaskeriet<\/a> i kjelleren og \u00e5 hvile i kirkerommet i <a href=\"\/tilbud-toyenkirken\/\">T\u00f8yenkirken<\/a>.<\/p>\n\n\n\t\t\t<\/div>\n\t\t<\/div>\n<\/div>","protected":false},"excerpt":{"rendered":"<p>T\u00f8yen kro er en del av Bymisjonssenteret og er \u00e5pen for alle. Vi skaper hyggelige&hellip;<\/p>\n","protected":false},"author":1,"featured_media":18,"parent":0,"menu_order":0,"comment_status":"closed","ping_status":"closed","template":"","meta":{"_relevanssi_hide_post":"","_relevanssi_hide_content":"","_relevanssi_pin_for_all":"","_relevanssi_pin_keywords":"","_relevanssi_unpin_keywords":"","_relevanssi_related_keywords":"","_relevanssi_related_include_ids":"","_relevanssi_related_exclude_ids":"","_relevanssi_related_no_append":"","_relevanssi_related_not_related":"","_relevanssi_related_posts":"1","_relevanssi_noindex_reason":"","editor_notices":[],"footnotes":""},"class_list":["post-2","page","type-page","status-publish","has-post-thumbnail","hentry"],"yoast_head":"<!-- This site is optimized with the Yoast SEO Premium plugin v27.2 (Yoast SEO v27.2) - https:\/\/yoast.com\/product\/yoast-seo-premium-wordpress\/ -->\n<title>Kirkens Bymisjon - T\u00f8yen kro<\/title>\n<meta name=\"description\" content=\"Her f\u00e5r du servert velsmakende mat til en hyggelig pris i et \u00e5pent og inkluderende milj\u00f8.\" \/>\n<meta name=\"robots\" content=\"index, follow, max-snippet:-1, max-image-preview:large, max-video-preview:-1\" \/>\n<link rel=\"canonical\" href=\"https:\/\/kirkensbymisjon.no\/tilbud-toyen-kro\/\" \/>\n<meta property=\"og:locale\" content=\"nb_NO\" \/>\n<meta property=\"og:type\" content=\"article\" \/>\n<meta property=\"og:title\" content=\"Kirkens Bymisjon - T\u00f8yen kro\" \/>\n<meta property=\"og:description\" content=\"Her f\u00e5r du servert velsmakende mat til en hyggelig pris i et \u00e5pent og inkluderende milj\u00f8.\" \/>\n<meta property=\"og:url\" content=\"https:\/\/kirkensbymisjon.no\/tilbud-toyen-kro\/\" \/>\n<meta property=\"og:site_name\" content=\"T\u00f8yen kro\" \/>\n<meta property=\"article:modified_time\" content=\"2024-11-26T18:17:01+00:00\" \/>\n<meta property=\"og:image\" content=\"https:\/\/kirkensbymisjon.no\/content\/uploads\/sites\/19\/2024\/06\/Tilbud_Toyen-kro_01.jpg\" \/>\n\t<meta property=\"og:image:width\" content=\"1701\" \/>\n\t<meta property=\"og:image:height\" content=\"1111\" \/>\n\t<meta property=\"og:image:type\" content=\"image\/jpeg\" \/>\n<meta name=\"twitter:card\" content=\"summary_large_image\" \/>\n<meta name=\"twitter:title\" content=\"Forside\" \/>\n<meta name=\"twitter:label1\" content=\"Ansl. lesetid\" \/>\n\t<meta name=\"twitter:data1\" content=\"1 minutt\" \/>\n<script type=\"application\/ld+json\" class=\"yoast-schema-graph\">{\"@context\":\"https:\/\/schema.org\",\"@graph\":[{\"@type\":\"WebPage\",\"@id\":\"https:\/\/kirkensbymisjon.no\/tilbud-toyen-kro\/\",\"url\":\"https:\/\/kirkensbymisjon.no\/tilbud-toyen-kro\/\",\"name\":\"Kirkens Bymisjon - T\u00f8yen kro\",\"isPartOf\":{\"@id\":\"https:\/\/kirkensbymisjon.no\/tilbud-toyen-kro\/#website\"},\"primaryImageOfPage\":{\"@id\":\"https:\/\/kirkensbymisjon.no\/tilbud-toyen-kro\/#primaryimage\"},\"image\":{\"@id\":\"https:\/\/kirkensbymisjon.no\/tilbud-toyen-kro\/#primaryimage\"},\"thumbnailUrl\":\"https:\/\/kirkensbymisjon.no\/content\/uploads\/sites\/19\/2024\/06\/Tilbud_Toyen-kro_01.jpg\",\"datePublished\":\"2024-06-14T11:24:25+00:00\",\"dateModified\":\"2024-11-26T18:17:01+00:00\",\"description\":\"Her f\u00e5r du servert velsmakende mat til en hyggelig pris i et \u00e5pent og inkluderende milj\u00f8.\",\"breadcrumb\":{\"@id\":\"https:\/\/kirkensbymisjon.no\/tilbud-toyen-kro\/#breadcrumb\"},\"inLanguage\":\"nb-NO\",\"potentialAction\":[{\"@type\":\"ReadAction\",\"target\":[\"https:\/\/kirkensbymisjon.no\/tilbud-toyen-kro\/\"]}]},{\"@type\":\"ImageObject\",\"inLanguage\":\"nb-NO\",\"@id\":\"https:\/\/kirkensbymisjon.no\/tilbud-toyen-kro\/#primaryimage\",\"url\":\"https:\/\/kirkensbymisjon.no\/content\/uploads\/sites\/19\/2024\/06\/Tilbud_Toyen-kro_01.jpg\",\"contentUrl\":\"https:\/\/kirkensbymisjon.no\/content\/uploads\/sites\/19\/2024\/06\/Tilbud_Toyen-kro_01.jpg\",\"width\":1701,\"height\":1111,\"caption\":\"Gjest som spiser et m\u00e5ltid. Foto: Kirkens Bymisjon\"},{\"@type\":\"BreadcrumbList\",\"@id\":\"https:\/\/kirkensbymisjon.no\/tilbud-toyen-kro\/#breadcrumb\",\"itemListElement\":[{\"@type\":\"ListItem\",\"position\":1,\"name\":\"Hjem\",\"item\":\"https:\/\/kirkensbymisjon.no\/tilbud-toyen-kro\/\"},{\"@type\":\"ListItem\",\"position\":2,\"name\":\"Forside\"}]},{\"@type\":\"WebSite\",\"@id\":\"https:\/\/kirkensbymisjon.no\/tilbud-toyen-kro\/#website\",\"url\":\"https:\/\/kirkensbymisjon.no\/tilbud-toyen-kro\/\",\"name\":\"T\u00f8yen kro\",\"description\":\"\",\"potentialAction\":[{\"@type\":\"SearchAction\",\"target\":{\"@type\":\"EntryPoint\",\"urlTemplate\":\"https:\/\/kirkensbymisjon.no\/tilbud-toyen-kro\/?s={search_term_string}\"},\"query-input\":{\"@type\":\"PropertyValueSpecification\",\"valueRequired\":true,\"valueName\":\"search_term_string\"}}],\"inLanguage\":\"nb-NO\"}]}<\/script>\n<!-- \/ Yoast SEO Premium plugin. -->","yoast_head_json":{"title":"Kirkens Bymisjon - T\u00f8yen kro","description":"Her f\u00e5r du servert velsmakende mat til en hyggelig pris i et \u00e5pent og inkluderende milj\u00f8.","robots":{"index":"index","follow":"follow","max-snippet":"max-snippet:-1","max-image-preview":"max-image-preview:large","max-video-preview":"max-video-preview:-1"},"canonical":"https:\/\/kirkensbymisjon.no\/tilbud-toyen-kro\/","og_locale":"nb_NO","og_type":"article","og_title":"Kirkens Bymisjon - T\u00f8yen kro","og_description":"Her f\u00e5r du servert velsmakende mat til en hyggelig pris i et \u00e5pent og inkluderende milj\u00f8.","og_url":"https:\/\/kirkensbymisjon.no\/tilbud-toyen-kro\/","og_site_name":"T\u00f8yen kro","article_modified_time":"2024-11-26T18:17:01+00:00","og_image":[{"width":1701,"height":1111,"url":"https:\/\/kirkensbymisjon.no\/content\/uploads\/sites\/19\/2024\/06\/Tilbud_Toyen-kro_01.jpg","type":"image\/jpeg"}],"twitter_card":"summary_large_image","twitter_title":"Forside","twitter_misc":{"Ansl. lesetid":"1 minutt"},"schema":{"@context":"https:\/\/schema.org","@graph":[{"@type":"WebPage","@id":"https:\/\/kirkensbymisjon.no\/tilbud-toyen-kro\/","url":"https:\/\/kirkensbymisjon.no\/tilbud-toyen-kro\/","name":"Kirkens Bymisjon - T\u00f8yen kro","isPartOf":{"@id":"https:\/\/kirkensbymisjon.no\/tilbud-toyen-kro\/#website"},"primaryImageOfPage":{"@id":"https:\/\/kirkensbymisjon.no\/tilbud-toyen-kro\/#primaryimage"},"image":{"@id":"https:\/\/kirkensbymisjon.no\/tilbud-toyen-kro\/#primaryimage"},"thumbnailUrl":"https:\/\/kirkensbymisjon.no\/content\/uploads\/sites\/19\/2024\/06\/Tilbud_Toyen-kro_01.jpg","datePublished":"2024-06-14T11:24:25+00:00","dateModified":"2024-11-26T18:17:01+00:00","description":"Her f\u00e5r du servert velsmakende mat til en hyggelig pris i et \u00e5pent og inkluderende milj\u00f8.","breadcrumb":{"@id":"https:\/\/kirkensbymisjon.no\/tilbud-toyen-kro\/#breadcrumb"},"inLanguage":"nb-NO","potentialAction":[{"@type":"ReadAction","target":["https:\/\/kirkensbymisjon.no\/tilbud-toyen-kro\/"]}]},{"@type":"ImageObject","inLanguage":"nb-NO","@id":"https:\/\/kirkensbymisjon.no\/tilbud-toyen-kro\/#primaryimage","url":"https:\/\/kirkensbymisjon.no\/content\/uploads\/sites\/19\/2024\/06\/Tilbud_Toyen-kro_01.jpg","contentUrl":"https:\/\/kirkensbymisjon.no\/content\/uploads\/sites\/19\/2024\/06\/Tilbud_Toyen-kro_01.jpg","width":1701,"height":1111,"caption":"Gjest som spiser et m\u00e5ltid. Foto: Kirkens Bymisjon"},{"@type":"BreadcrumbList","@id":"https:\/\/kirkensbymisjon.no\/tilbud-toyen-kro\/#breadcrumb","itemListElement":[{"@type":"ListItem","position":1,"name":"Hjem","item":"https:\/\/kirkensbymisjon.no\/tilbud-toyen-kro\/"},{"@type":"ListItem","position":2,"name":"Forside"}]},{"@type":"WebSite","@id":"https:\/\/kirkensbymisjon.no\/tilbud-toyen-kro\/#website","url":"https:\/\/kirkensbymisjon.no\/tilbud-toyen-kro\/","name":"T\u00f8yen kro","description":"","potentialAction":[{"@type":"SearchAction","target":{"@type":"EntryPoint","urlTemplate":"https:\/\/kirkensbymisjon.no\/tilbud-toyen-kro\/?s={search_term_string}"},"query-input":{"@type":"PropertyValueSpecification","valueRequired":true,"valueName":"search_term_string"}}],"inLanguage":"nb-NO"}]}},"_links":{"self":[{"href":"https:\/\/kirkensbymisjon.no\/tilbud-toyen-kro\/wp-json\/wp\/v2\/pages\/2","targetHints":{"allow":["GET"]}}],"collection":[{"href":"https:\/\/kirkensbymisjon.no\/tilbud-toyen-kro\/wp-json\/wp\/v2\/pages"}],"about":[{"href":"https:\/\/kirkensbymisjon.no\/tilbud-toyen-kro\/wp-json\/wp\/v2\/types\/page"}],"author":[{"embeddable":true,"href":"https:\/\/kirkensbymisjon.no\/tilbud-toyen-kro\/wp-json\/wp\/v2\/users\/1"}],"replies":[{"embeddable":true,"href":"https:\/\/kirkensbymisjon.no\/tilbud-toyen-kro\/wp-json\/wp\/v2\/comments?post=2"}],"version-history":[{"count":4,"href":"https:\/\/kirkensbymisjon.no\/tilbud-toyen-kro\/wp-json\/wp\/v2\/pages\/2\/revisions"}],"predecessor-version":[{"id":58,"href":"https:\/\/kirkensbymisjon.no\/tilbud-toyen-kro\/wp-json\/wp\/v2\/pages\/2\/revisions\/58"}],"wp:featuredmedia":[{"embeddable":true,"href":"https:\/\/kirkensbymisjon.no\/tilbud-toyen-kro\/wp-json\/wp\/v2\/media\/18"}],"wp:attachment":[{"href":"https:\/\/kirkensbymisjon.no\/tilbud-toyen-kro\/wp-json\/wp\/v2\/media?parent=2"}],"curies":[{"name":"wp","href":"https:\/\/api.w.org\/{rel}","templated":true}]}}