{"id":3,"date":"2024-12-03T12:15:28","date_gmt":"2024-12-03T11:15:28","guid":{"rendered":"https:\/\/kirkensbymisjon.no\/tilbud-ung-pa-dagtid\/forside\/"},"modified":"2025-05-08T12:45:00","modified_gmt":"2025-05-08T10:45:00","slug":"forside","status":"publish","type":"page","link":"https:\/\/kirkensbymisjon.no\/tilbud-ung-pa-dagtid\/","title":{"rendered":"Forside"},"content":{"rendered":"\n<div class=\"wp-block-media-text alignwide is-stacked-on-mobile is-style-filled\"><figure class=\"wp-block-media-text__media\"><img loading=\"lazy\" decoding=\"async\" width=\"1024\" height=\"683\" src=\"https:\/\/kirkensbymisjon.no\/content\/uploads\/sites\/168\/2024\/12\/Tilbud_ung-pa-dagtid_02-1024x683.jpg\" alt=\"\" class=\"wp-image-11 size-full\" srcset=\"https:\/\/kirkensbymisjon.no\/content\/uploads\/sites\/168\/2024\/12\/Tilbud_ung-pa-dagtid_02-1024x683.jpg 1024w, https:\/\/kirkensbymisjon.no\/content\/uploads\/sites\/168\/2024\/12\/Tilbud_ung-pa-dagtid_02-300x200.jpg 300w, https:\/\/kirkensbymisjon.no\/content\/uploads\/sites\/168\/2024\/12\/Tilbud_ung-pa-dagtid_02-768x512.jpg 768w, https:\/\/kirkensbymisjon.no\/content\/uploads\/sites\/168\/2024\/12\/Tilbud_ung-pa-dagtid_02-1536x1024.jpg 1536w, https:\/\/kirkensbymisjon.no\/content\/uploads\/sites\/168\/2024\/12\/Tilbud_ung-pa-dagtid_02.jpg 2048w\" sizes=\"auto, (max-width: 1024px) 100vw, 1024px\" \/><\/figure><div class=\"wp-block-media-text__content\">\n<h2 class=\"wp-block-heading\" id=\"h-forebyggende-arbeid-som-nytter\"><strong>Forebyggende arbeid som nytter<\/strong><\/h2>\n\n\n\n<p>Utenforskap blant unge er en stor utfordring for samfunnet v\u00e5rt, og ungdom som av ulike \u00e5rsaker ikke g\u00e5r p\u00e5 skolen er spesielt utsatte. Derfor er det viktig \u00e5 tilby alternative og fleksible mestringsarenaer for unge som faller utenfor. Hos oss f\u00e5r de muligheten til \u00e5 utforske sine egne ressurser i en trygg og inkluderende sosial arena. <\/p>\n\n\n\n<p><strong>V\u00e5r visjon er at barn og unge skal f\u00f8le seg verdsatt, inkludert og deltakende!<\/strong><\/p>\n<\/div><\/div>\n\n\n\t<div class=\"alignwide wp-block-kbm-link-list\">\n\t\t<div class=\"kbm-link-list__items\">\n\t\t\t\n<div class=\"wp-block-kbm-link-list-item\">\t<svg xmlns=\"http:\/\/www.w3.org\/2000\/svg\" viewBox=\"0 0 48 48\" height=\"24\" width=\"24\" class=\"t2-icon t2-icon-integrationmulticultural\" aria-hidden=\"true\" focusable=\"false\"><path d=\"M17.576 2.122c-1.569.297-2.843 1.076-3.532 2.158-.466.732-.614 1.3-.614 2.353 0 1.401.405 2.616 1.332 3.994.33.491.709 1.107.843 1.37.615 1.21.401 2.381-.634 3.467-.774.812-1.514 1.084-3.131 1.151-1.597.066-3.765-.142-7.64-.732-.44-.067-.899-.143-1.02-.169l-.22-.047.02 13.705L3 43.077l.64.096c6.849 1.034 9.181 1.086 10.625.24.476-.279 1.193-1.07 1.454-1.605.52-1.061.344-1.845-.802-3.577-1.162-1.756-1.494-2.707-1.491-4.271.001-1.048.17-1.681.643-2.413.557-.863 1.774-1.661 3.051-2.003.658-.175 2.624-.197 3.28-.036 1.667.41 3.024 1.637 3.409 3.081.143.539.14 1.895-.007 2.451-.17.647-.705 1.654-1.215 2.286-1.074 1.332-1.532 2.279-1.605 3.318-.138 1.966 1.17 3.072 3.757 3.176 1.227.05 2.476-.05 5.859-.466 1.406-.173 2.789-.314 3.072-.314h.514l-.047-.82c-.026-.451-.173-1.468-.328-2.26-.397-2.037-.475-2.674-.431-3.52.067-1.273.632-2.198 1.649-2.699.95-.468 2.066-.406 3.253.181.352.174.964.571 1.36.883 1.421 1.119 2.453 1.539 3.8 1.545 1.376.006 2.365-.39 3.196-1.279.828-.884 1.259-1.994 1.341-3.449.155-2.753-1.249-4.986-3.465-5.509-.418-.099-.775-.12-1.472-.086-1.433.069-2.477.443-3.891 1.394-1.411.948-2.208 1.229-3.013 1.062-.646-.134-1.177-.418-1.717-.919-.61-.564-.94-1.198-1.11-2.13-.229-1.257-.024-4.109.57-7.952.15-.966.256-1.773.236-1.793-.052-.052-1.965.126-3.793.353-3.637.451-5.67.548-6.742.321-.699-.148-1.51-.539-1.873-.901-.954-.955-.947-2.7.017-4.262.204-.33.525-.78.712-1 1.155-1.354 1.685-2.857 1.506-4.271-.137-1.089-.422-1.694-1.138-2.416a4.806 4.806 0 0 0-2.284-1.317c-.692-.181-2.181-.219-2.944-.074\"\/><\/svg>\t<div class=\"kbm-link-list-item__content\">\n\t\t<p class=\"kbm-link-list-item__title\">Fleksibilitet og fellesskap<\/p>\n\t\t\t\t\t<p class=\"kbm-link-list-item__description\">Vi tilbyr fleksibel arbeidstrening, aktiviteter, felles m\u00e5ltider og individuell oppf\u00f8lging.<\/p>\n\t\t\t<\/div>\n\t<\/div>\n\n<div class=\"wp-block-kbm-link-list-item\">\t<svg xmlns=\"http:\/\/www.w3.org\/2000\/svg\" viewBox=\"0 0 48 48\" height=\"24\" width=\"24\" class=\"t2-icon t2-icon-child\" aria-hidden=\"true\" focusable=\"false\"><path d=\"M22.48 4.083a22.9 22.9 0 0 0-3.643.637c-4.782 1.215-9.055 4.091-11.768 7.92-1.339 1.89-2.379 4.2-2.87 6.374-.107.471-.174.877-.15.902.087.087 4.165.035 4.951-.064 3.552-.445 6.287-1.242 9.377-2.733 5.019-2.422 9.062-6.008 11.68-10.359.454-.755.903-1.587.903-1.674 0-.134-2.46-.708-3.8-.887-1.157-.154-3.632-.216-4.68-.116m10.334 2.053c-.147.277-.484 1.442-.611 2.11-.603 3.166.272 6.614 2.33 9.186 2.143 2.678 5.219 4.283 8.691 4.534l.785.057-.052-.432c-.466-3.924-1.689-6.961-4.022-9.991-.725-.941-2.455-2.645-3.418-3.367a23.81 23.81 0 0 0-2.932-1.863c-.637-.346-.702-.366-.771-.234m-3.385 4.556c-1.996 2.789-4.882 5.435-7.847 7.195-4.513 2.679-9.686 4.12-15.89 4.426-.852.042-1.572.1-1.6.129-.112.112-.04 3.203.098 4.158.331 2.31.953 4.278 2.007 6.346 2.145 4.213 5.559 7.445 9.883 9.359 4.618 2.043 9.756 2.228 14.6.527 1.926-.677 4.461-2.119 6.03-3.43 4.305-3.6 6.941-8.865 7.258-14.502.03-.539.033-.98.007-.98-.026 0-.468-.055-.982-.123-5.668-.743-9.68-3.183-11.634-7.077-.427-.851-.977-2.522-1.158-3.52a23.852 23.852 0 0 1-.23-1.948l-.091-1.189-.451.629M18.84 24.141c.429.222.955.777 1.154 1.219.109.242.163.531.163.88.002.688-.238 1.202-.794 1.702-.971.873-2.304.78-3.187-.223-.556-.631-.715-1.441-.442-2.245.173-.508.883-1.235 1.386-1.419.48-.176 1.292-.135 1.72.086m13.058.008c1.112.567 1.642 1.95 1.146 2.99-.701 1.47-2.463 1.834-3.656.756-.496-.448-.708-.942-.708-1.655 0-.516.033-.66.237-1.028.284-.513.811-.997 1.269-1.166.459-.169 1.275-.121 1.712.103\"\/><\/svg>\t<div class=\"kbm-link-list-item__content\">\n\t\t<p class=\"kbm-link-list-item__title\">Mestring og motivasjon<\/p>\n\t\t\t\t\t<p class=\"kbm-link-list-item__description\">M\u00e5let er \u00e5 gi ungdommene mestring, \u00f8kt sosial kompetanse og motivasjon til videre skolegang eller arbeid.<\/p>\n\t\t\t<\/div>\n\t<\/div>\n\n<div class=\"wp-block-kbm-link-list-item\">\t<svg xmlns=\"http:\/\/www.w3.org\/2000\/svg\" viewBox=\"0 0 48 48\" height=\"24\" width=\"24\" class=\"t2-icon t2-icon-heart\" aria-hidden=\"true\" focusable=\"false\"><path d=\"M12.608 7.169c-1.695.306-3.132.959-4.579 2.081-1.894 1.468-3.293 3.755-3.79 6.194-.689 3.382.232 7.499 2.57 11.489 2.339 3.991 6.459 8.359 11.511 12.202 1.924 1.463 5.432 3.825 5.682 3.825.244 0 3.789-2.389 5.678-3.826 3.507-2.666 6.767-5.781 9.058-8.654 4.107-5.151 5.927-10.598 5.023-15.036-.867-4.255-4.231-7.559-8.431-8.282-.908-.156-2.546-.157-3.46-.001-3.228.55-6.151 2.758-7.548 5.699-.151.319-.296.58-.32.58-.025 0-.212-.333-.416-.74-1.452-2.905-4.266-4.995-7.456-5.539-.885-.151-2.667-.147-3.522.008\"\/><\/svg>\t<div class=\"kbm-link-list-item__content\">\n\t\t<p class=\"kbm-link-list-item__title\">Rom for alle<\/p>\n\t\t\t\t\t<p class=\"kbm-link-list-item__description\">Trivsel og tilh\u00f8righet st\u00e5r sentralt. Vi er opptatt av \u00e5 se den enkelte, og \u00e5 skape rom for alle.<\/p>\n\t\t\t<\/div>\n\t<\/div>\n\t\t<\/div>\n\t<\/div>\n\t\n\n\n<div class=\"wp-block-media-text alignwide is-stacked-on-mobile is-style-filled\"><figure class=\"wp-block-media-text__media\"><img loading=\"lazy\" decoding=\"async\" width=\"1024\" height=\"683\" src=\"https:\/\/kirkensbymisjon.no\/content\/uploads\/sites\/168\/2024\/12\/Tilbud_ung-pa-dagtid_03-1024x683.jpg\" alt=\"\" class=\"wp-image-16 size-full\" srcset=\"https:\/\/kirkensbymisjon.no\/content\/uploads\/sites\/168\/2024\/12\/Tilbud_ung-pa-dagtid_03-1024x683.jpg 1024w, https:\/\/kirkensbymisjon.no\/content\/uploads\/sites\/168\/2024\/12\/Tilbud_ung-pa-dagtid_03-300x200.jpg 300w, https:\/\/kirkensbymisjon.no\/content\/uploads\/sites\/168\/2024\/12\/Tilbud_ung-pa-dagtid_03-768x512.jpg 768w, https:\/\/kirkensbymisjon.no\/content\/uploads\/sites\/168\/2024\/12\/Tilbud_ung-pa-dagtid_03-1536x1024.jpg 1536w, https:\/\/kirkensbymisjon.no\/content\/uploads\/sites\/168\/2024\/12\/Tilbud_ung-pa-dagtid_03.jpg 2048w\" sizes=\"auto, (max-width: 1024px) 100vw, 1024px\" \/><\/figure><div class=\"wp-block-media-text__content\">\n<h2 class=\"wp-block-heading\" id=\"h-ung-pa-dagtid-tilbudet-som-endret-alt\">Ung p\u00e5 dagtid: <br>\u2013 Tilbudet som endret alt<\/h2>\n\n\n\n<p>Den f\u00f8rste tiden ved Ung p\u00e5 dagtid, klarte ikke Thea \u00e5 forestille seg at hun skulle makte \u00e5 g\u00e5 tilbake p\u00e5 skolebenken. Hun ville ikke. Men etter hvert begynte noe \u00e5 endre seg.<\/p>\n\n\n\n<p><a href=\"https:\/\/kirkensbymisjon.no\/historie\/tilbudet-som-endret-alt\/\">Les Theas historie.<\/a><\/p>\n<\/div><\/div>\n\n\n\t<div class=\"alignfull wp-block-kbm-gallery\" data-scroll=\"1\">\n\t\t<div class=\"kbm-gallery__scroll\">\n\t\t\t<div class=\"kbm-gallery__wrapper\">\n\t\t\t\t\n\n<figure class=\"wp-block-gallery has-nested-images columns-default is-cropped wp-block-gallery-1 is-layout-flex wp-block-gallery-is-layout-flex\">\n<figure class=\"wp-block-image size-large\"><img loading=\"lazy\" decoding=\"async\" width=\"1024\" height=\"683\" data-id=\"29\" src=\"https:\/\/kirkensbymisjon.no\/content\/uploads\/sites\/168\/2024\/12\/Tilbud_ung-pa-dagtid_08-1024x683.jpg\" alt=\"\" class=\"wp-image-29\" srcset=\"https:\/\/kirkensbymisjon.no\/content\/uploads\/sites\/168\/2024\/12\/Tilbud_ung-pa-dagtid_08-1024x683.jpg 1024w, https:\/\/kirkensbymisjon.no\/content\/uploads\/sites\/168\/2024\/12\/Tilbud_ung-pa-dagtid_08-300x200.jpg 300w, https:\/\/kirkensbymisjon.no\/content\/uploads\/sites\/168\/2024\/12\/Tilbud_ung-pa-dagtid_08-768x512.jpg 768w, https:\/\/kirkensbymisjon.no\/content\/uploads\/sites\/168\/2024\/12\/Tilbud_ung-pa-dagtid_08-1536x1024.jpg 1536w, https:\/\/kirkensbymisjon.no\/content\/uploads\/sites\/168\/2024\/12\/Tilbud_ung-pa-dagtid_08.jpg 2048w\" sizes=\"auto, (max-width: 1024px) 100vw, 1024px\" \/><\/figure>\n\n\n\n<figure class=\"wp-block-image size-large\"><img loading=\"lazy\" decoding=\"async\" width=\"1024\" height=\"683\" data-id=\"28\" src=\"https:\/\/kirkensbymisjon.no\/content\/uploads\/sites\/168\/2024\/12\/Tilbud_ung-pa-dagtid_04-1024x683.jpg\" alt=\"\" class=\"wp-image-28\" srcset=\"https:\/\/kirkensbymisjon.no\/content\/uploads\/sites\/168\/2024\/12\/Tilbud_ung-pa-dagtid_04-1024x683.jpg 1024w, https:\/\/kirkensbymisjon.no\/content\/uploads\/sites\/168\/2024\/12\/Tilbud_ung-pa-dagtid_04-300x200.jpg 300w, https:\/\/kirkensbymisjon.no\/content\/uploads\/sites\/168\/2024\/12\/Tilbud_ung-pa-dagtid_04-768x512.jpg 768w, https:\/\/kirkensbymisjon.no\/content\/uploads\/sites\/168\/2024\/12\/Tilbud_ung-pa-dagtid_04-1536x1024.jpg 1536w, https:\/\/kirkensbymisjon.no\/content\/uploads\/sites\/168\/2024\/12\/Tilbud_ung-pa-dagtid_04.jpg 2048w\" sizes=\"auto, (max-width: 1024px) 100vw, 1024px\" \/><\/figure>\n\n\n\n<figure class=\"wp-block-image size-large\"><img loading=\"lazy\" decoding=\"async\" width=\"768\" height=\"1024\" data-id=\"30\" src=\"https:\/\/kirkensbymisjon.no\/content\/uploads\/sites\/168\/2024\/12\/Tilbud_ung-pa-dagtid_09-768x1024.jpeg\" alt=\"\" class=\"wp-image-30\" srcset=\"https:\/\/kirkensbymisjon.no\/content\/uploads\/sites\/168\/2024\/12\/Tilbud_ung-pa-dagtid_09-768x1024.jpeg 768w, https:\/\/kirkensbymisjon.no\/content\/uploads\/sites\/168\/2024\/12\/Tilbud_ung-pa-dagtid_09-225x300.jpeg 225w, https:\/\/kirkensbymisjon.no\/content\/uploads\/sites\/168\/2024\/12\/Tilbud_ung-pa-dagtid_09-1152x1536.jpeg 1152w, https:\/\/kirkensbymisjon.no\/content\/uploads\/sites\/168\/2024\/12\/Tilbud_ung-pa-dagtid_09-1536x2048.jpeg 1536w, https:\/\/kirkensbymisjon.no\/content\/uploads\/sites\/168\/2024\/12\/Tilbud_ung-pa-dagtid_09-scaled.jpeg 1920w\" sizes=\"auto, (max-width: 768px) 100vw, 768px\" \/><\/figure>\n\n\n\n<figure class=\"wp-block-image size-large\"><img loading=\"lazy\" decoding=\"async\" width=\"768\" height=\"1024\" data-id=\"31\" src=\"https:\/\/kirkensbymisjon.no\/content\/uploads\/sites\/168\/2024\/12\/Tilbud_ung-pa-dagtid_10-768x1024.jpeg\" alt=\"\" class=\"wp-image-31\" srcset=\"https:\/\/kirkensbymisjon.no\/content\/uploads\/sites\/168\/2024\/12\/Tilbud_ung-pa-dagtid_10-768x1024.jpeg 768w, https:\/\/kirkensbymisjon.no\/content\/uploads\/sites\/168\/2024\/12\/Tilbud_ung-pa-dagtid_10-225x300.jpeg 225w, https:\/\/kirkensbymisjon.no\/content\/uploads\/sites\/168\/2024\/12\/Tilbud_ung-pa-dagtid_10-1152x1536.jpeg 1152w, https:\/\/kirkensbymisjon.no\/content\/uploads\/sites\/168\/2024\/12\/Tilbud_ung-pa-dagtid_10-1536x2048.jpeg 1536w, https:\/\/kirkensbymisjon.no\/content\/uploads\/sites\/168\/2024\/12\/Tilbud_ung-pa-dagtid_10-scaled.jpeg 1920w\" sizes=\"auto, (max-width: 768px) 100vw, 768px\" \/><\/figure>\n\n\n\n<figure class=\"wp-block-image size-large\"><img loading=\"lazy\" decoding=\"async\" width=\"1024\" height=\"676\" data-id=\"32\" src=\"https:\/\/kirkensbymisjon.no\/content\/uploads\/sites\/168\/2024\/12\/Tilbud_ung-pa-dagtid_05-1024x676.jpg\" alt=\"\" class=\"wp-image-32\" srcset=\"https:\/\/kirkensbymisjon.no\/content\/uploads\/sites\/168\/2024\/12\/Tilbud_ung-pa-dagtid_05-1024x676.jpg 1024w, https:\/\/kirkensbymisjon.no\/content\/uploads\/sites\/168\/2024\/12\/Tilbud_ung-pa-dagtid_05-300x198.jpg 300w, https:\/\/kirkensbymisjon.no\/content\/uploads\/sites\/168\/2024\/12\/Tilbud_ung-pa-dagtid_05-768x507.jpg 768w, https:\/\/kirkensbymisjon.no\/content\/uploads\/sites\/168\/2024\/12\/Tilbud_ung-pa-dagtid_05-1536x1014.jpg 1536w, https:\/\/kirkensbymisjon.no\/content\/uploads\/sites\/168\/2024\/12\/Tilbud_ung-pa-dagtid_05.jpg 2048w\" sizes=\"auto, (max-width: 1024px) 100vw, 1024px\" \/><\/figure>\n\n\n\n<figure class=\"wp-block-image size-large\"><img loading=\"lazy\" decoding=\"async\" width=\"1024\" height=\"683\" data-id=\"33\" src=\"https:\/\/kirkensbymisjon.no\/content\/uploads\/sites\/168\/2024\/12\/Tilbud_ung-pa-dagtid_06-1024x683.jpg\" alt=\"\" class=\"wp-image-33\" srcset=\"https:\/\/kirkensbymisjon.no\/content\/uploads\/sites\/168\/2024\/12\/Tilbud_ung-pa-dagtid_06-1024x683.jpg 1024w, https:\/\/kirkensbymisjon.no\/content\/uploads\/sites\/168\/2024\/12\/Tilbud_ung-pa-dagtid_06-300x200.jpg 300w, https:\/\/kirkensbymisjon.no\/content\/uploads\/sites\/168\/2024\/12\/Tilbud_ung-pa-dagtid_06-768x512.jpg 768w, https:\/\/kirkensbymisjon.no\/content\/uploads\/sites\/168\/2024\/12\/Tilbud_ung-pa-dagtid_06-1536x1024.jpg 1536w, https:\/\/kirkensbymisjon.no\/content\/uploads\/sites\/168\/2024\/12\/Tilbud_ung-pa-dagtid_06.jpg 2048w\" sizes=\"auto, (max-width: 1024px) 100vw, 1024px\" \/><\/figure>\n\n\n\n<figure class=\"wp-block-image size-large\"><img loading=\"lazy\" decoding=\"async\" width=\"1024\" height=\"619\" data-id=\"34\" src=\"https:\/\/kirkensbymisjon.no\/content\/uploads\/sites\/168\/2024\/12\/Tilbud_ung-pa-dagtid_07-1024x619.jpg\" alt=\"\" class=\"wp-image-34\" srcset=\"https:\/\/kirkensbymisjon.no\/content\/uploads\/sites\/168\/2024\/12\/Tilbud_ung-pa-dagtid_07-1024x619.jpg 1024w, https:\/\/kirkensbymisjon.no\/content\/uploads\/sites\/168\/2024\/12\/Tilbud_ung-pa-dagtid_07-300x181.jpg 300w, https:\/\/kirkensbymisjon.no\/content\/uploads\/sites\/168\/2024\/12\/Tilbud_ung-pa-dagtid_07-768x464.jpg 768w, https:\/\/kirkensbymisjon.no\/content\/uploads\/sites\/168\/2024\/12\/Tilbud_ung-pa-dagtid_07-1536x929.jpg 1536w, https:\/\/kirkensbymisjon.no\/content\/uploads\/sites\/168\/2024\/12\/Tilbud_ung-pa-dagtid_07.jpg 2048w\" sizes=\"auto, (max-width: 1024px) 100vw, 1024px\" \/><\/figure>\n<\/figure>\n\n\t\t\t<\/div>\n\t\t<\/div>\n\t<\/div>\n\t","protected":false},"excerpt":{"rendered":"<p>Forebyggende arbeid som nytter Utenforskap blant unge er en stor utfordring for samfunnet v\u00e5rt, og&hellip;<\/p>\n","protected":false},"author":4,"featured_media":5,"parent":0,"menu_order":0,"comment_status":"closed","ping_status":"closed","template":"","meta":{"_relevanssi_hide_post":"","_relevanssi_hide_content":"","_relevanssi_pin_for_all":"","_relevanssi_pin_keywords":"","_relevanssi_unpin_keywords":"","_relevanssi_related_keywords":"","_relevanssi_related_include_ids":"","_relevanssi_related_exclude_ids":"","_relevanssi_related_no_append":"","_relevanssi_related_not_related":"","_relevanssi_related_posts":"1","_relevanssi_noindex_reason":"","editor_notices":[],"footnotes":""},"class_list":["post-3","page","type-page","status-publish","has-post-thumbnail","hentry"],"yoast_head":"<!-- This site is optimized with the Yoast SEO Premium plugin v27.2 (Yoast SEO v27.2) - https:\/\/yoast.com\/product\/yoast-seo-premium-wordpress\/ -->\n<title>Kirkens Bymisjon - Ung p\u00e5 dagtid<\/title>\n<meta name=\"description\" content=\"En alternativ og fleksibel mestringsarena for ungdom mellom 13\u201323 \u00e5r. Visjonen er at unge skal f\u00f8le seg verdsatt, inkludert og deltakende.\" \/>\n<meta name=\"robots\" content=\"index, follow, max-snippet:-1, max-image-preview:large, max-video-preview:-1\" \/>\n<link rel=\"canonical\" href=\"https:\/\/kirkensbymisjon.no\/tilbud-ung-pa-dagtid\/\" \/>\n<meta property=\"og:locale\" content=\"en_US\" \/>\n<meta property=\"og:type\" content=\"article\" \/>\n<meta property=\"og:title\" content=\"Kirkens Bymisjon - Ung p\u00e5 dagtid\" \/>\n<meta property=\"og:description\" content=\"En alternativ og fleksibel mestringsarena for ungdom mellom 13\u201323 \u00e5r. Visjonen er at unge skal f\u00f8le seg verdsatt, inkludert og deltakende.\" \/>\n<meta property=\"og:url\" content=\"https:\/\/kirkensbymisjon.no\/tilbud-ung-pa-dagtid\/\" \/>\n<meta property=\"og:site_name\" content=\"Ung p\u00e5 dagtid\" \/>\n<meta property=\"article:modified_time\" content=\"2025-05-08T10:45:00+00:00\" \/>\n<meta property=\"og:image\" content=\"https:\/\/kirkensbymisjon.no\/content\/uploads\/sites\/168\/2024\/12\/Tilbud_ung-pa-dagtid_01.jpg\" \/>\n\t<meta property=\"og:image:width\" content=\"2048\" \/>\n\t<meta property=\"og:image:height\" content=\"1197\" \/>\n\t<meta property=\"og:image:type\" content=\"image\/jpeg\" \/>\n<meta name=\"twitter:card\" content=\"summary_large_image\" \/>\n<meta name=\"twitter:title\" content=\"Forside\" \/>\n<meta name=\"twitter:label1\" content=\"Est. reading time\" \/>\n\t<meta name=\"twitter:data1\" content=\"3 minutes\" \/>\n<script type=\"application\/ld+json\" class=\"yoast-schema-graph\">{\"@context\":\"https:\/\/schema.org\",\"@graph\":[{\"@type\":\"WebPage\",\"@id\":\"https:\/\/kirkensbymisjon.no\/tilbud-ung-pa-dagtid\/\",\"url\":\"https:\/\/kirkensbymisjon.no\/tilbud-ung-pa-dagtid\/\",\"name\":\"Kirkens Bymisjon - Ung p\u00e5 dagtid\",\"isPartOf\":{\"@id\":\"https:\/\/kirkensbymisjon.no\/tilbud-ung-pa-dagtid\/#website\"},\"primaryImageOfPage\":{\"@id\":\"https:\/\/kirkensbymisjon.no\/tilbud-ung-pa-dagtid\/#primaryimage\"},\"image\":{\"@id\":\"https:\/\/kirkensbymisjon.no\/tilbud-ung-pa-dagtid\/#primaryimage\"},\"thumbnailUrl\":\"https:\/\/kirkensbymisjon.no\/content\/uploads\/sites\/168\/2024\/12\/Tilbud_ung-pa-dagtid_01.jpg\",\"datePublished\":\"2024-12-03T11:15:28+00:00\",\"dateModified\":\"2025-05-08T10:45:00+00:00\",\"description\":\"En alternativ og fleksibel mestringsarena for ungdom mellom 13\u201323 \u00e5r. Visjonen er at unge skal f\u00f8le seg verdsatt, inkludert og deltakende.\",\"breadcrumb\":{\"@id\":\"https:\/\/kirkensbymisjon.no\/tilbud-ung-pa-dagtid\/#breadcrumb\"},\"inLanguage\":\"en-US\",\"potentialAction\":[{\"@type\":\"ReadAction\",\"target\":[\"https:\/\/kirkensbymisjon.no\/tilbud-ung-pa-dagtid\/\"]}]},{\"@type\":\"ImageObject\",\"inLanguage\":\"en-US\",\"@id\":\"https:\/\/kirkensbymisjon.no\/tilbud-ung-pa-dagtid\/#primaryimage\",\"url\":\"https:\/\/kirkensbymisjon.no\/content\/uploads\/sites\/168\/2024\/12\/Tilbud_ung-pa-dagtid_01.jpg\",\"contentUrl\":\"https:\/\/kirkensbymisjon.no\/content\/uploads\/sites\/168\/2024\/12\/Tilbud_ung-pa-dagtid_01.jpg\",\"width\":2048,\"height\":1197},{\"@type\":\"BreadcrumbList\",\"@id\":\"https:\/\/kirkensbymisjon.no\/tilbud-ung-pa-dagtid\/#breadcrumb\",\"itemListElement\":[{\"@type\":\"ListItem\",\"position\":1,\"name\":\"Hjem\",\"item\":\"https:\/\/kirkensbymisjon.no\/tilbud-ung-pa-dagtid\/\"},{\"@type\":\"ListItem\",\"position\":2,\"name\":\"Forside\"}]},{\"@type\":\"WebSite\",\"@id\":\"https:\/\/kirkensbymisjon.no\/tilbud-ung-pa-dagtid\/#website\",\"url\":\"https:\/\/kirkensbymisjon.no\/tilbud-ung-pa-dagtid\/\",\"name\":\"Ung p\u00e5 dagtid\",\"description\":\"\",\"potentialAction\":[{\"@type\":\"SearchAction\",\"target\":{\"@type\":\"EntryPoint\",\"urlTemplate\":\"https:\/\/kirkensbymisjon.no\/tilbud-ung-pa-dagtid\/?s={search_term_string}\"},\"query-input\":{\"@type\":\"PropertyValueSpecification\",\"valueRequired\":true,\"valueName\":\"search_term_string\"}}],\"inLanguage\":\"en-US\"}]}<\/script>\n<!-- \/ Yoast SEO Premium plugin. -->","yoast_head_json":{"title":"Kirkens Bymisjon - Ung p\u00e5 dagtid","description":"En alternativ og fleksibel mestringsarena for ungdom mellom 13\u201323 \u00e5r. Visjonen er at unge skal f\u00f8le seg verdsatt, inkludert og deltakende.","robots":{"index":"index","follow":"follow","max-snippet":"max-snippet:-1","max-image-preview":"max-image-preview:large","max-video-preview":"max-video-preview:-1"},"canonical":"https:\/\/kirkensbymisjon.no\/tilbud-ung-pa-dagtid\/","og_locale":"en_US","og_type":"article","og_title":"Kirkens Bymisjon - Ung p\u00e5 dagtid","og_description":"En alternativ og fleksibel mestringsarena for ungdom mellom 13\u201323 \u00e5r. Visjonen er at unge skal f\u00f8le seg verdsatt, inkludert og deltakende.","og_url":"https:\/\/kirkensbymisjon.no\/tilbud-ung-pa-dagtid\/","og_site_name":"Ung p\u00e5 dagtid","article_modified_time":"2025-05-08T10:45:00+00:00","og_image":[{"width":2048,"height":1197,"url":"https:\/\/kirkensbymisjon.no\/content\/uploads\/sites\/168\/2024\/12\/Tilbud_ung-pa-dagtid_01.jpg","type":"image\/jpeg"}],"twitter_card":"summary_large_image","twitter_title":"Forside","twitter_misc":{"Est. reading time":"3 minutes"},"schema":{"@context":"https:\/\/schema.org","@graph":[{"@type":"WebPage","@id":"https:\/\/kirkensbymisjon.no\/tilbud-ung-pa-dagtid\/","url":"https:\/\/kirkensbymisjon.no\/tilbud-ung-pa-dagtid\/","name":"Kirkens Bymisjon - Ung p\u00e5 dagtid","isPartOf":{"@id":"https:\/\/kirkensbymisjon.no\/tilbud-ung-pa-dagtid\/#website"},"primaryImageOfPage":{"@id":"https:\/\/kirkensbymisjon.no\/tilbud-ung-pa-dagtid\/#primaryimage"},"image":{"@id":"https:\/\/kirkensbymisjon.no\/tilbud-ung-pa-dagtid\/#primaryimage"},"thumbnailUrl":"https:\/\/kirkensbymisjon.no\/content\/uploads\/sites\/168\/2024\/12\/Tilbud_ung-pa-dagtid_01.jpg","datePublished":"2024-12-03T11:15:28+00:00","dateModified":"2025-05-08T10:45:00+00:00","description":"En alternativ og fleksibel mestringsarena for ungdom mellom 13\u201323 \u00e5r. Visjonen er at unge skal f\u00f8le seg verdsatt, inkludert og deltakende.","breadcrumb":{"@id":"https:\/\/kirkensbymisjon.no\/tilbud-ung-pa-dagtid\/#breadcrumb"},"inLanguage":"en-US","potentialAction":[{"@type":"ReadAction","target":["https:\/\/kirkensbymisjon.no\/tilbud-ung-pa-dagtid\/"]}]},{"@type":"ImageObject","inLanguage":"en-US","@id":"https:\/\/kirkensbymisjon.no\/tilbud-ung-pa-dagtid\/#primaryimage","url":"https:\/\/kirkensbymisjon.no\/content\/uploads\/sites\/168\/2024\/12\/Tilbud_ung-pa-dagtid_01.jpg","contentUrl":"https:\/\/kirkensbymisjon.no\/content\/uploads\/sites\/168\/2024\/12\/Tilbud_ung-pa-dagtid_01.jpg","width":2048,"height":1197},{"@type":"BreadcrumbList","@id":"https:\/\/kirkensbymisjon.no\/tilbud-ung-pa-dagtid\/#breadcrumb","itemListElement":[{"@type":"ListItem","position":1,"name":"Hjem","item":"https:\/\/kirkensbymisjon.no\/tilbud-ung-pa-dagtid\/"},{"@type":"ListItem","position":2,"name":"Forside"}]},{"@type":"WebSite","@id":"https:\/\/kirkensbymisjon.no\/tilbud-ung-pa-dagtid\/#website","url":"https:\/\/kirkensbymisjon.no\/tilbud-ung-pa-dagtid\/","name":"Ung p\u00e5 dagtid","description":"","potentialAction":[{"@type":"SearchAction","target":{"@type":"EntryPoint","urlTemplate":"https:\/\/kirkensbymisjon.no\/tilbud-ung-pa-dagtid\/?s={search_term_string}"},"query-input":{"@type":"PropertyValueSpecification","valueRequired":true,"valueName":"search_term_string"}}],"inLanguage":"en-US"}]}},"_links":{"self":[{"href":"https:\/\/kirkensbymisjon.no\/tilbud-ung-pa-dagtid\/wp-json\/wp\/v2\/pages\/3","targetHints":{"allow":["GET"]}}],"collection":[{"href":"https:\/\/kirkensbymisjon.no\/tilbud-ung-pa-dagtid\/wp-json\/wp\/v2\/pages"}],"about":[{"href":"https:\/\/kirkensbymisjon.no\/tilbud-ung-pa-dagtid\/wp-json\/wp\/v2\/types\/page"}],"author":[{"embeddable":true,"href":"https:\/\/kirkensbymisjon.no\/tilbud-ung-pa-dagtid\/wp-json\/wp\/v2\/users\/4"}],"replies":[{"embeddable":true,"href":"https:\/\/kirkensbymisjon.no\/tilbud-ung-pa-dagtid\/wp-json\/wp\/v2\/comments?post=3"}],"version-history":[{"count":4,"href":"https:\/\/kirkensbymisjon.no\/tilbud-ung-pa-dagtid\/wp-json\/wp\/v2\/pages\/3\/revisions"}],"predecessor-version":[{"id":38,"href":"https:\/\/kirkensbymisjon.no\/tilbud-ung-pa-dagtid\/wp-json\/wp\/v2\/pages\/3\/revisions\/38"}],"wp:featuredmedia":[{"embeddable":true,"href":"https:\/\/kirkensbymisjon.no\/tilbud-ung-pa-dagtid\/wp-json\/wp\/v2\/media\/5"}],"wp:attachment":[{"href":"https:\/\/kirkensbymisjon.no\/tilbud-ung-pa-dagtid\/wp-json\/wp\/v2\/media?parent=3"}],"curies":[{"name":"wp","href":"https:\/\/api.w.org\/{rel}","templated":true}]}}