{"id":12,"date":"2024-07-29T10:59:15","date_gmt":"2024-07-29T08:59:15","guid":{"rendered":"https:\/\/kirkensbymisjon.no\/tilbud-ung-rettshjelp\/?page_id=12"},"modified":"2026-04-10T14:07:43","modified_gmt":"2026-04-10T12:07:43","slug":"bli-frivillig","status":"publish","type":"page","link":"https:\/\/kirkensbymisjon.no\/tilbud-ung-rettshjelp\/bli-frivillig\/","title":{"rendered":"Bli frivillig"},"content":{"rendered":"\n<h2 class=\"wp-block-heading\" id=\"h-frivillighet-i-ung-rettshjelp\">Frivillighet i Ung rettshjelp<\/h2>\n\n\n\n<p>Ung rettshjelp er alltid p\u00e5 jakt etter dyktige og engasjerte frivillige i hele landet. Ta kontakt med oss dersom du \u00f8nsker en prat om det \u00e5 v\u00e6re frivillig. <br>Se alle byene vi holder til i \u2013 lenger ned p\u00e5 siden. <br>Vi legger ut informasjon om n\u00e5r vi rekrutterer p\u00e5 Instagram og Facebook.<\/p>\n\n\n\n<p><a href=\"https:\/\/kirkensbymisjon.no\/tilbud-ung-rettshjelp\/bli-frivillig\/stillingsannonse\/\" target=\"_blank\" rel=\"noreferrer noopener\">Vi s\u00f8ker etter frivillige jusstudenter til Ung rettshjelp Oslo, s\u00f8knadsfrist: 07.04.2026, klikk her for stillingsannonsen!<\/a><\/p>\n\n\n\n<div class=\"wp-block-media-text alignwide is-stacked-on-mobile is-style-filled\"><figure class=\"wp-block-media-text__media\"><img loading=\"lazy\" decoding=\"async\" width=\"1024\" height=\"649\" src=\"https:\/\/kirkensbymisjon.no\/content\/uploads\/sites\/68\/2024\/09\/frivillig_ung-1024x649.jpg\" alt=\"Unge frivillige\" class=\"wp-image-254 size-full\" srcset=\"https:\/\/kirkensbymisjon.no\/content\/uploads\/sites\/68\/2024\/09\/frivillig_ung-1024x649.jpg 1024w, https:\/\/kirkensbymisjon.no\/content\/uploads\/sites\/68\/2024\/09\/frivillig_ung-300x190.jpg 300w, https:\/\/kirkensbymisjon.no\/content\/uploads\/sites\/68\/2024\/09\/frivillig_ung-768x486.jpg 768w, https:\/\/kirkensbymisjon.no\/content\/uploads\/sites\/68\/2024\/09\/frivillig_ung-1536x973.jpg 1536w, https:\/\/kirkensbymisjon.no\/content\/uploads\/sites\/68\/2024\/09\/frivillig_ung.jpg 1544w\" sizes=\"auto, (max-width: 1024px) 100vw, 1024px\" \/><\/figure><div class=\"wp-block-media-text__content\">\n<h2 class=\"wp-block-heading\" id=\"h-bli-frivillig-nbsp\"><strong>Bli frivillig!<\/strong>&nbsp;<\/h2>\n\n\n\n<p>Vi trenger deg som \u00f8nsker \u00e5 gj\u00f8re en frivillig innsats til nytte og glede for andre og deg selv. Gjennom frivillig engasjement kan du bruke din erfaring og kompetanse \u2013 eller l\u00e6re noe nytt.&nbsp;<\/p>\n\n\n\n<p><a href=\"\/bli-frivillig\">Les mer om frivillighet<\/a><\/p>\n<\/div><\/div>\n\n\n<div class=\"t2-accordion wp-block-t2-accordion\" data-allow-multiple=\"1\" role=\"list\">\n<div class=\"t2-accordion-item wp-block-t2-accordion-item\" role=\"listitem\">\n\t\t\t<h2 class=\"t2-accordion-title\">\n\t\t\t\t<button type=\"button\" class=\"t2-accordion-trigger\" id=\"bli-frivillig-i-ung-rettshjelp,-oslo\" aria-controls=\"accordion-panel\" aria-expanded=\"false\">\n\t\t\t\t\tBli frivillig i Ung rettshjelp, Oslo\n\t\t\t\t\t<span class=\"t2-accordion-icon is-closed-icon\"><svg xmlns=\"http:\/\/www.w3.org\/2000\/svg\" viewBox=\"0 0 24 24\" height=\"24\" width=\"24\" class=\"t2-icon t2-icon-plus\" aria-hidden=\"true\" focusable=\"false\"><path d=\"M11.8 5.037a1.088 1.088 0 0 0-.722.566c-.075.148-.078.25-.078 2.772v2.619l-2.61.016c-1.867.012-2.652.03-2.756.064-.168.055-.438.301-.54.494-.049.092-.07.223-.07.432 0 .34.054.476.282.704.289.289.14.275 3.064.288l2.63.012v2.619c0 2.544.002 2.625.08 2.778.191.372.516.577.92.577s.729-.205.92-.577c.078-.153.08-.234.08-2.778v-2.619l2.63-.012c2.924-.013 2.775.001 3.064-.288.228-.228.282-.364.282-.704 0-.209-.021-.34-.07-.432-.102-.193-.372-.439-.54-.494-.104-.034-.889-.052-2.756-.064L13 10.994V8.375c0-2.522-.003-2.624-.078-2.772-.214-.418-.685-.656-1.122-.566\"\/><\/svg><\/span>\n\t\t\t\t\t<span class=\"t2-accordion-icon is-open-icon\"><svg xmlns=\"http:\/\/www.w3.org\/2000\/svg\" viewBox=\"0 0 24 24\" height=\"24\" width=\"24\" class=\"t2-icon t2-icon-chevronup\" aria-hidden=\"true\" focusable=\"false\"><path d=\"M6.7 14.7c-.2-.2-.3-.4-.3-.7s.1-.5.3-.7l4.6-4.6c.1-.1.2-.2.3-.2.1 0 .2-.1.4-.1.1 0 .3 0 .4.1.1 0 .2.1.3.2l4.6 4.6c.2.2.3.4.3.7s-.1.5-.3.7c-.2.2-.4.3-.7.3s-.5-.1-.7-.3L12 10.8l-3.9 3.9c-.2.2-.4.3-.7.3s-.5-.1-.7-.3z\" fill=\"currentColor\" \/><\/svg><\/span>\n\t\t\t\t<\/button>\n\t\t\t<\/h2>\n\t\t\t<div class=\"t2-accordion-item__inner-container is-layout-flow\" id=\"accordion-panel\" aria-labelledby=\"bli-frivillig-i-ung-rettshjelp,-oslo\" role=\"region\" hidden>\n\t\t\t\t\n\n<p><strong>Hvem kan v\u00e6re frivillig?<br><\/strong>Vi s\u00f8ker deg som er ambisi\u00f8s og samfunnsinteressert, og som \u00f8nsker \u00e5 gj\u00f8re en forskjell for s\u00e5rbare unge. Du vil f\u00e5 grundig oppl\u00e6ring og oppf\u00f8lging, samt en unik erfaring med saksbehandling og klientkontakt. Vi tar inn nye frivillige med jevne mellomrom.<br>Ta kontakt med oss p\u00e5&nbsp;<a href=\"mailto:ungrettshjelp@bymisjon.no\">ungrettshjelp@bymisjon.no<\/a>&nbsp;om du er interessert og vil ta en prat om det \u00e5 v\u00e6re frivillig.<\/p>\n\n\n\n<p><em>Vi har n\u00e5 tatt inn de frivillige jusstudentene vi trenger frem til sommeren 2026.<\/em><\/p>\n\n\n\n<p><strong>Frivillig saksbehandler<\/strong><br>For \u00e5 v\u00e6re frivillig saksbehandler, m\u00e5 du enten v\u00e6re jurist eller jusstudent. Du vil i arbeidet hos oss v\u00e6re ansvarlig for oppf\u00f8lging av egne saker og klienter, men vil f\u00e5 tett og god veiledning fra en av v\u00e5re ansatte jurister. Som frivillig saksbehandler arbeider man i utgangspunktet fast \u00e9n dag i uken. B\u00e5de jusstudenter, ferdigutdannede jurister med mulighet for \u00e5 jobbe p\u00e5 dagtid, samt pensjonerte jurister er velkomne til \u00e5 s\u00f8ke om \u00e5 bli frivillige saksbehandlere hos oss. Det er mulighet for tilpasning og tilrettelegging i forbindelse med avvikling av eksamen, deltidsjobb og ferier.<\/p>\n\n\n\n<p><strong>Frivillige som fagressurs<\/strong><br>Vi jobber bredt&nbsp;med mange rettsomr\u00e5der, og er avhengige av \u00e5&nbsp;ha tilgang til dyktige folk som kan kontaktes ved behov&nbsp;for r\u00e5d og veiledning.<\/p>\n\n\n\n<p>For deg som er jurist eller advokat og ikke har mulighet til \u00e5 jobbe fast p\u00e5 dagtid, er det mulig \u00e5 engasjere seg som frivillig ressursperson. \u00c5 v\u00e6re ressursperson inneb\u00e6rer at man st\u00e5r p\u00e5 en liste over personer som ansatte og frivillige kan kontakte for sparring og r\u00e5dgivning innenfor sine spesialfelt. Det st\u00e5r i dag oppf\u00f8rt ca. 50 frivillige jurister og advokater p\u00e5 denne listen<strong>.<\/strong><\/p>\n\n\n\t\t\t<\/div>\n\t\t<\/div>\n\n<div class=\"t2-accordion-item wp-block-t2-accordion-item\" role=\"listitem\">\n\t\t\t<h2 class=\"t2-accordion-title\">\n\t\t\t\t<button type=\"button\" class=\"t2-accordion-trigger\" id=\"bli-frivillig-i-ung-rettshjelp,-bergen\" aria-controls=\"accordion-panel-1\" aria-expanded=\"false\">\n\t\t\t\t\tBli frivillig i Ung rettshjelp, Bergen\n\t\t\t\t\t<span class=\"t2-accordion-icon is-closed-icon\"><svg xmlns=\"http:\/\/www.w3.org\/2000\/svg\" viewBox=\"0 0 24 24\" height=\"24\" width=\"24\" class=\"t2-icon t2-icon-plus\" aria-hidden=\"true\" focusable=\"false\"><path d=\"M11.8 5.037a1.088 1.088 0 0 0-.722.566c-.075.148-.078.25-.078 2.772v2.619l-2.61.016c-1.867.012-2.652.03-2.756.064-.168.055-.438.301-.54.494-.049.092-.07.223-.07.432 0 .34.054.476.282.704.289.289.14.275 3.064.288l2.63.012v2.619c0 2.544.002 2.625.08 2.778.191.372.516.577.92.577s.729-.205.92-.577c.078-.153.08-.234.08-2.778v-2.619l2.63-.012c2.924-.013 2.775.001 3.064-.288.228-.228.282-.364.282-.704 0-.209-.021-.34-.07-.432-.102-.193-.372-.439-.54-.494-.104-.034-.889-.052-2.756-.064L13 10.994V8.375c0-2.522-.003-2.624-.078-2.772-.214-.418-.685-.656-1.122-.566\"\/><\/svg><\/span>\n\t\t\t\t\t<span class=\"t2-accordion-icon is-open-icon\"><svg xmlns=\"http:\/\/www.w3.org\/2000\/svg\" viewBox=\"0 0 24 24\" height=\"24\" width=\"24\" class=\"t2-icon t2-icon-chevronup\" aria-hidden=\"true\" focusable=\"false\"><path d=\"M6.7 14.7c-.2-.2-.3-.4-.3-.7s.1-.5.3-.7l4.6-4.6c.1-.1.2-.2.3-.2.1 0 .2-.1.4-.1.1 0 .3 0 .4.1.1 0 .2.1.3.2l4.6 4.6c.2.2.3.4.3.7s-.1.5-.3.7c-.2.2-.4.3-.7.3s-.5-.1-.7-.3L12 10.8l-3.9 3.9c-.2.2-.4.3-.7.3s-.5-.1-.7-.3z\" fill=\"currentColor\" \/><\/svg><\/span>\n\t\t\t\t<\/button>\n\t\t\t<\/h2>\n\t\t\t<div class=\"t2-accordion-item__inner-container is-layout-flow\" id=\"accordion-panel-1\" aria-labelledby=\"bli-frivillig-i-ung-rettshjelp,-bergen\" role=\"region\" hidden>\n\t\t\t\t\n\n<p>Vi \u00f8nsker frivillige som er ferdig med 2. \u00e5ret p\u00e5 jussen. Frivillige jobber i en 20 % stilling \u00e9n fast dag i uken og i minst ett \u00e5r.<\/p>\n\n\n\n<p>Ta kontakt p\u00e5 e-post <a href=\"mailto:ungrettshjelp.bergen@bymisjon.no\">ungrettshjelp.bergen@bymisjon.no<\/a> hvis du har sp\u00f8rsm\u00e5l om hvordan det er \u00e5 jobbe hos oss. Vi rekrutterer nye frivillige i Bergen i april\/mai 2026 til h\u00f8sten 2026.<\/p>\n\n\n\n<p>Er du jurist eller advokat og \u00f8nsker \u00e5 bidra som mentor? <br>Ta kontakt p\u00e5 <a href=\"mailto:ungrettshjelp.bergen@bymisjon.no\">e-post<\/a>!<\/p>\n\n\n\t\t\t<\/div>\n\t\t<\/div>\n\n<div class=\"t2-accordion-item wp-block-t2-accordion-item\" role=\"listitem\">\n\t\t\t<h2 class=\"t2-accordion-title\">\n\t\t\t\t<button type=\"button\" class=\"t2-accordion-trigger\" id=\"bli-frivillig-i-ung-rettshjelp,-stavanger\" aria-controls=\"accordion-panel-2\" aria-expanded=\"false\">\n\t\t\t\t\tBli frivillig i Ung rettshjelp, Stavanger\n\t\t\t\t\t<span class=\"t2-accordion-icon is-closed-icon\"><svg xmlns=\"http:\/\/www.w3.org\/2000\/svg\" viewBox=\"0 0 24 24\" height=\"24\" width=\"24\" class=\"t2-icon t2-icon-plus\" aria-hidden=\"true\" focusable=\"false\"><path d=\"M11.8 5.037a1.088 1.088 0 0 0-.722.566c-.075.148-.078.25-.078 2.772v2.619l-2.61.016c-1.867.012-2.652.03-2.756.064-.168.055-.438.301-.54.494-.049.092-.07.223-.07.432 0 .34.054.476.282.704.289.289.14.275 3.064.288l2.63.012v2.619c0 2.544.002 2.625.08 2.778.191.372.516.577.92.577s.729-.205.92-.577c.078-.153.08-.234.08-2.778v-2.619l2.63-.012c2.924-.013 2.775.001 3.064-.288.228-.228.282-.364.282-.704 0-.209-.021-.34-.07-.432-.102-.193-.372-.439-.54-.494-.104-.034-.889-.052-2.756-.064L13 10.994V8.375c0-2.522-.003-2.624-.078-2.772-.214-.418-.685-.656-1.122-.566\"\/><\/svg><\/span>\n\t\t\t\t\t<span class=\"t2-accordion-icon is-open-icon\"><svg xmlns=\"http:\/\/www.w3.org\/2000\/svg\" viewBox=\"0 0 24 24\" height=\"24\" width=\"24\" class=\"t2-icon t2-icon-chevronup\" aria-hidden=\"true\" focusable=\"false\"><path d=\"M6.7 14.7c-.2-.2-.3-.4-.3-.7s.1-.5.3-.7l4.6-4.6c.1-.1.2-.2.3-.2.1 0 .2-.1.4-.1.1 0 .3 0 .4.1.1 0 .2.1.3.2l4.6 4.6c.2.2.3.4.3.7s-.1.5-.3.7c-.2.2-.4.3-.7.3s-.5-.1-.7-.3L12 10.8l-3.9 3.9c-.2.2-.4.3-.7.3s-.5-.1-.7-.3z\" fill=\"currentColor\" \/><\/svg><\/span>\n\t\t\t\t<\/button>\n\t\t\t<\/h2>\n\t\t\t<div class=\"t2-accordion-item__inner-container is-layout-flow\" id=\"accordion-panel-2\" aria-labelledby=\"bli-frivillig-i-ung-rettshjelp,-stavanger\" role=\"region\" hidden>\n\t\t\t\t\n\n<p>Er du jusstudent og interessert i \u00e5 f\u00e5 pr\u00f8vd jussen i praksis? Er du jurist\/advokat og nysgjerrig p\u00e5 frivillig arbeid? Ta kontakt!<\/p>\n\n\n\n<p>Et frivillig engasjement hos Ung rettshjelp, Stavanger vil gi deg hyppig klientkontakt, bred erfaring med en rekke rettsomr\u00e5der og muligheten til \u00e5 hjelpe barn og unge med \u00e5 bli kjent med sine rettigheter. Frivillige jobber i utgangspunktet \u00e9n dag i uken hos oss, men det er ogs\u00e5 mulighet for arbeid p\u00e5 ettermiddag\/kveldstid for jurister\/advokater.<\/p>\n\n\n\n<p>Kontakt oss p\u00e5&nbsp;<a href=\"mailto:\/ungrettshjelp.rogaland@bymisjon.no\">ungrettshjelp.rogaland@bymisjon.no<\/a>&nbsp;hvis du har sp\u00f8rsm\u00e5l om det \u00e5 v\u00e6re frivillig i Ung rettshjelp, Stavanger.<\/p>\n\n\n\t\t\t<\/div>\n\t\t<\/div>\n\n<div class=\"t2-accordion-item wp-block-t2-accordion-item\" role=\"listitem\">\n\t\t\t<h2 class=\"t2-accordion-title\">\n\t\t\t\t<button type=\"button\" class=\"t2-accordion-trigger\" id=\"bli-frivillig-i-ung-rettshjelp,-troms\u00f8\" aria-controls=\"accordion-panel-3\" aria-expanded=\"false\">\n\t\t\t\t\tBli frivillig i Ung rettshjelp, Troms\u00f8\n\t\t\t\t\t<span class=\"t2-accordion-icon is-closed-icon\"><svg xmlns=\"http:\/\/www.w3.org\/2000\/svg\" viewBox=\"0 0 24 24\" height=\"24\" width=\"24\" class=\"t2-icon t2-icon-plus\" aria-hidden=\"true\" focusable=\"false\"><path d=\"M11.8 5.037a1.088 1.088 0 0 0-.722.566c-.075.148-.078.25-.078 2.772v2.619l-2.61.016c-1.867.012-2.652.03-2.756.064-.168.055-.438.301-.54.494-.049.092-.07.223-.07.432 0 .34.054.476.282.704.289.289.14.275 3.064.288l2.63.012v2.619c0 2.544.002 2.625.08 2.778.191.372.516.577.92.577s.729-.205.92-.577c.078-.153.08-.234.08-2.778v-2.619l2.63-.012c2.924-.013 2.775.001 3.064-.288.228-.228.282-.364.282-.704 0-.209-.021-.34-.07-.432-.102-.193-.372-.439-.54-.494-.104-.034-.889-.052-2.756-.064L13 10.994V8.375c0-2.522-.003-2.624-.078-2.772-.214-.418-.685-.656-1.122-.566\"\/><\/svg><\/span>\n\t\t\t\t\t<span class=\"t2-accordion-icon is-open-icon\"><svg xmlns=\"http:\/\/www.w3.org\/2000\/svg\" viewBox=\"0 0 24 24\" height=\"24\" width=\"24\" class=\"t2-icon t2-icon-chevronup\" aria-hidden=\"true\" focusable=\"false\"><path d=\"M6.7 14.7c-.2-.2-.3-.4-.3-.7s.1-.5.3-.7l4.6-4.6c.1-.1.2-.2.3-.2.1 0 .2-.1.4-.1.1 0 .3 0 .4.1.1 0 .2.1.3.2l4.6 4.6c.2.2.3.4.3.7s-.1.5-.3.7c-.2.2-.4.3-.7.3s-.5-.1-.7-.3L12 10.8l-3.9 3.9c-.2.2-.4.3-.7.3s-.5-.1-.7-.3z\" fill=\"currentColor\" \/><\/svg><\/span>\n\t\t\t\t<\/button>\n\t\t\t<\/h2>\n\t\t\t<div class=\"t2-accordion-item__inner-container is-layout-flow\" id=\"accordion-panel-3\" aria-labelledby=\"bli-frivillig-i-ung-rettshjelp,-troms\u00f8\" role=\"region\" hidden>\n\t\t\t\t\n\n<p>Vi \u00f8nsker b\u00e5de jusstudenter, jurister og advokater som frivillige. V\u00e5re frivillige jurister og advokater brukes i hovedssak som kompetansepersoner som kan kontaktes ved behov for hjelp og veiledning innenfor enkelte rettsomr\u00e5der. Det er ogs\u00e5 mulig \u00e5 v\u00e6re med p\u00e5 saksmottak og ha ansvar for egne saker og klienter dersom det er \u00f8nskelig.<\/p>\n\n\n\n<p>Frivillige jusstudenter m\u00e5 v\u00e6re ferdig med 3. avdeling. V\u00e5re studentfrivillige arbeider fast \u00e9n dag i uken i ett \u00e5r, tilsvarende 300 timer. Det er mulig \u00e5 forlenge engasjementet som frivillig utover ett \u00e5r. Vi rekrutterer nye frivillige jusstudenter ved behov, som regel \u00e9n eller to ganger i \u00e5ret.<\/p>\n\n\n\n<p>Hvis du lurer p\u00e5 hvordan det er \u00e5 v\u00e6re frivillig hos Ung rettshjelp, Troms\u00f8 er det bare \u00e5 sende en e-post til&nbsp;<a href=\"mailto:ungrettshjelp@gatejuristentromso.no\">ungrettshjelp@gatejuristentromso.no.<\/a><\/p>\n\n\n\t\t\t<\/div>\n\t\t<\/div>\n<\/div>","protected":false},"excerpt":{"rendered":"<p>Frivillighet i Ung rettshjelp Ung rettshjelp er alltid p\u00e5 jakt etter dyktige og engasjerte frivillige&hellip;<\/p>\n","protected":false},"author":4,"featured_media":0,"parent":0,"menu_order":0,"comment_status":"closed","ping_status":"closed","template":"","meta":{"_relevanssi_hide_post":"","_relevanssi_hide_content":"","_relevanssi_pin_for_all":"","_relevanssi_pin_keywords":"","_relevanssi_unpin_keywords":"","_relevanssi_related_keywords":"","_relevanssi_related_include_ids":"","_relevanssi_related_exclude_ids":"","_relevanssi_related_no_append":"","_relevanssi_related_not_related":"","_relevanssi_related_posts":"1","_relevanssi_noindex_reason":"","editor_notices":[],"footnotes":""},"class_list":["post-12","page","type-page","status-publish","hentry"],"yoast_head":"<!-- This site is optimized with the Yoast SEO Premium plugin v27.2 (Yoast SEO v27.2) - https:\/\/yoast.com\/product\/yoast-seo-premium-wordpress\/ -->\n<title>Bli frivillig - Ung rettshjelp<\/title>\n<meta name=\"robots\" content=\"index, follow, max-snippet:-1, max-image-preview:large, max-video-preview:-1\" \/>\n<link rel=\"canonical\" href=\"https:\/\/kirkensbymisjon.no\/tilbud-ung-rettshjelp\/bli-frivillig\/\" \/>\n<meta property=\"og:locale\" content=\"nb_NO\" \/>\n<meta property=\"og:type\" content=\"article\" \/>\n<meta property=\"og:title\" content=\"Bli frivillig\" \/>\n<meta property=\"og:description\" content=\"Frivillighet i Ung rettshjelp Ung rettshjelp er alltid p\u00e5 jakt etter dyktige og engasjerte frivillige&hellip;\" \/>\n<meta property=\"og:url\" content=\"https:\/\/kirkensbymisjon.no\/tilbud-ung-rettshjelp\/bli-frivillig\/\" \/>\n<meta property=\"og:site_name\" content=\"Ung rettshjelp\" \/>\n<meta property=\"article:modified_time\" content=\"2026-04-10T12:07:43+00:00\" \/>\n<meta property=\"og:image\" content=\"https:\/\/kirkensbymisjon.no\/content\/uploads\/sites\/68\/2024\/09\/frivillig_ung.jpg\" \/>\n\t<meta property=\"og:image:width\" content=\"1544\" \/>\n\t<meta property=\"og:image:height\" content=\"978\" \/>\n\t<meta property=\"og:image:type\" content=\"image\/jpeg\" \/>\n<meta name=\"twitter:card\" content=\"summary_large_image\" \/>\n<meta name=\"twitter:label1\" content=\"Ansl. lesetid\" \/>\n\t<meta name=\"twitter:data1\" content=\"4 minutter\" \/>\n<script type=\"application\/ld+json\" class=\"yoast-schema-graph\">{\"@context\":\"https:\/\/schema.org\",\"@graph\":[{\"@type\":\"WebPage\",\"@id\":\"https:\/\/kirkensbymisjon.no\/tilbud-ung-rettshjelp\/bli-frivillig\/\",\"url\":\"https:\/\/kirkensbymisjon.no\/tilbud-ung-rettshjelp\/bli-frivillig\/\",\"name\":\"Bli frivillig - Ung rettshjelp\",\"isPartOf\":{\"@id\":\"https:\/\/kirkensbymisjon.no\/tilbud-ung-rettshjelp\/#website\"},\"primaryImageOfPage\":{\"@id\":\"https:\/\/kirkensbymisjon.no\/tilbud-ung-rettshjelp\/bli-frivillig\/#primaryimage\"},\"image\":{\"@id\":\"https:\/\/kirkensbymisjon.no\/tilbud-ung-rettshjelp\/bli-frivillig\/#primaryimage\"},\"thumbnailUrl\":\"https:\/\/kirkensbymisjon.no\/content\/uploads\/sites\/68\/2024\/09\/frivillig_ung-1024x649.jpg\",\"datePublished\":\"2024-07-29T08:59:15+00:00\",\"dateModified\":\"2026-04-10T12:07:43+00:00\",\"breadcrumb\":{\"@id\":\"https:\/\/kirkensbymisjon.no\/tilbud-ung-rettshjelp\/bli-frivillig\/#breadcrumb\"},\"inLanguage\":\"nb-NO\",\"potentialAction\":[{\"@type\":\"ReadAction\",\"target\":[\"https:\/\/kirkensbymisjon.no\/tilbud-ung-rettshjelp\/bli-frivillig\/\"]}]},{\"@type\":\"ImageObject\",\"inLanguage\":\"nb-NO\",\"@id\":\"https:\/\/kirkensbymisjon.no\/tilbud-ung-rettshjelp\/bli-frivillig\/#primaryimage\",\"url\":\"https:\/\/kirkensbymisjon.no\/content\/uploads\/sites\/68\/2024\/09\/frivillig_ung-1024x649.jpg\",\"contentUrl\":\"https:\/\/kirkensbymisjon.no\/content\/uploads\/sites\/68\/2024\/09\/frivillig_ung-1024x649.jpg\"},{\"@type\":\"BreadcrumbList\",\"@id\":\"https:\/\/kirkensbymisjon.no\/tilbud-ung-rettshjelp\/bli-frivillig\/#breadcrumb\",\"itemListElement\":[{\"@type\":\"ListItem\",\"position\":1,\"name\":\"Hjem\",\"item\":\"https:\/\/kirkensbymisjon.no\/tilbud-ung-rettshjelp\/\"},{\"@type\":\"ListItem\",\"position\":2,\"name\":\"Bli frivillig\"}]},{\"@type\":\"WebSite\",\"@id\":\"https:\/\/kirkensbymisjon.no\/tilbud-ung-rettshjelp\/#website\",\"url\":\"https:\/\/kirkensbymisjon.no\/tilbud-ung-rettshjelp\/\",\"name\":\"Ung rettshjelp\",\"description\":\"\",\"potentialAction\":[{\"@type\":\"SearchAction\",\"target\":{\"@type\":\"EntryPoint\",\"urlTemplate\":\"https:\/\/kirkensbymisjon.no\/tilbud-ung-rettshjelp\/?s={search_term_string}\"},\"query-input\":{\"@type\":\"PropertyValueSpecification\",\"valueRequired\":true,\"valueName\":\"search_term_string\"}}],\"inLanguage\":\"nb-NO\"}]}<\/script>\n<!-- \/ Yoast SEO Premium plugin. -->","yoast_head_json":{"title":"Bli frivillig - Ung rettshjelp","robots":{"index":"index","follow":"follow","max-snippet":"max-snippet:-1","max-image-preview":"max-image-preview:large","max-video-preview":"max-video-preview:-1"},"canonical":"https:\/\/kirkensbymisjon.no\/tilbud-ung-rettshjelp\/bli-frivillig\/","og_locale":"nb_NO","og_type":"article","og_title":"Bli frivillig","og_description":"Frivillighet i Ung rettshjelp Ung rettshjelp er alltid p\u00e5 jakt etter dyktige og engasjerte frivillige&hellip;","og_url":"https:\/\/kirkensbymisjon.no\/tilbud-ung-rettshjelp\/bli-frivillig\/","og_site_name":"Ung rettshjelp","article_modified_time":"2026-04-10T12:07:43+00:00","og_image":[{"width":1544,"height":978,"url":"https:\/\/kirkensbymisjon.no\/content\/uploads\/sites\/68\/2024\/09\/frivillig_ung.jpg","type":"image\/jpeg"}],"twitter_card":"summary_large_image","twitter_misc":{"Ansl. lesetid":"4 minutter"},"schema":{"@context":"https:\/\/schema.org","@graph":[{"@type":"WebPage","@id":"https:\/\/kirkensbymisjon.no\/tilbud-ung-rettshjelp\/bli-frivillig\/","url":"https:\/\/kirkensbymisjon.no\/tilbud-ung-rettshjelp\/bli-frivillig\/","name":"Bli frivillig - Ung rettshjelp","isPartOf":{"@id":"https:\/\/kirkensbymisjon.no\/tilbud-ung-rettshjelp\/#website"},"primaryImageOfPage":{"@id":"https:\/\/kirkensbymisjon.no\/tilbud-ung-rettshjelp\/bli-frivillig\/#primaryimage"},"image":{"@id":"https:\/\/kirkensbymisjon.no\/tilbud-ung-rettshjelp\/bli-frivillig\/#primaryimage"},"thumbnailUrl":"https:\/\/kirkensbymisjon.no\/content\/uploads\/sites\/68\/2024\/09\/frivillig_ung-1024x649.jpg","datePublished":"2024-07-29T08:59:15+00:00","dateModified":"2026-04-10T12:07:43+00:00","breadcrumb":{"@id":"https:\/\/kirkensbymisjon.no\/tilbud-ung-rettshjelp\/bli-frivillig\/#breadcrumb"},"inLanguage":"nb-NO","potentialAction":[{"@type":"ReadAction","target":["https:\/\/kirkensbymisjon.no\/tilbud-ung-rettshjelp\/bli-frivillig\/"]}]},{"@type":"ImageObject","inLanguage":"nb-NO","@id":"https:\/\/kirkensbymisjon.no\/tilbud-ung-rettshjelp\/bli-frivillig\/#primaryimage","url":"https:\/\/kirkensbymisjon.no\/content\/uploads\/sites\/68\/2024\/09\/frivillig_ung-1024x649.jpg","contentUrl":"https:\/\/kirkensbymisjon.no\/content\/uploads\/sites\/68\/2024\/09\/frivillig_ung-1024x649.jpg"},{"@type":"BreadcrumbList","@id":"https:\/\/kirkensbymisjon.no\/tilbud-ung-rettshjelp\/bli-frivillig\/#breadcrumb","itemListElement":[{"@type":"ListItem","position":1,"name":"Hjem","item":"https:\/\/kirkensbymisjon.no\/tilbud-ung-rettshjelp\/"},{"@type":"ListItem","position":2,"name":"Bli frivillig"}]},{"@type":"WebSite","@id":"https:\/\/kirkensbymisjon.no\/tilbud-ung-rettshjelp\/#website","url":"https:\/\/kirkensbymisjon.no\/tilbud-ung-rettshjelp\/","name":"Ung rettshjelp","description":"","potentialAction":[{"@type":"SearchAction","target":{"@type":"EntryPoint","urlTemplate":"https:\/\/kirkensbymisjon.no\/tilbud-ung-rettshjelp\/?s={search_term_string}"},"query-input":{"@type":"PropertyValueSpecification","valueRequired":true,"valueName":"search_term_string"}}],"inLanguage":"nb-NO"}]}},"_links":{"self":[{"href":"https:\/\/kirkensbymisjon.no\/tilbud-ung-rettshjelp\/wp-json\/wp\/v2\/pages\/12","targetHints":{"allow":["GET"]}}],"collection":[{"href":"https:\/\/kirkensbymisjon.no\/tilbud-ung-rettshjelp\/wp-json\/wp\/v2\/pages"}],"about":[{"href":"https:\/\/kirkensbymisjon.no\/tilbud-ung-rettshjelp\/wp-json\/wp\/v2\/types\/page"}],"author":[{"embeddable":true,"href":"https:\/\/kirkensbymisjon.no\/tilbud-ung-rettshjelp\/wp-json\/wp\/v2\/users\/4"}],"replies":[{"embeddable":true,"href":"https:\/\/kirkensbymisjon.no\/tilbud-ung-rettshjelp\/wp-json\/wp\/v2\/comments?post=12"}],"version-history":[{"count":5,"href":"https:\/\/kirkensbymisjon.no\/tilbud-ung-rettshjelp\/wp-json\/wp\/v2\/pages\/12\/revisions"}],"predecessor-version":[{"id":646,"href":"https:\/\/kirkensbymisjon.no\/tilbud-ung-rettshjelp\/wp-json\/wp\/v2\/pages\/12\/revisions\/646"}],"wp:attachment":[{"href":"https:\/\/kirkensbymisjon.no\/tilbud-ung-rettshjelp\/wp-json\/wp\/v2\/media?parent=12"}],"curies":[{"name":"wp","href":"https:\/\/api.w.org\/{rel}","templated":true}]}}