{"id":14,"date":"2024-07-29T10:59:36","date_gmt":"2024-07-29T08:59:36","guid":{"rendered":"https:\/\/kirkensbymisjon.no\/tilbud-ung-rettshjelp\/?page_id=14"},"modified":"2025-10-01T13:56:59","modified_gmt":"2025-10-01T11:56:59","slug":"kontakt-oss","status":"publish","type":"page","link":"https:\/\/kirkensbymisjon.no\/tilbud-ung-rettshjelp\/kontakt-oss\/","title":{"rendered":"Finn oss"},"content":{"rendered":"\n<p>Ung rettshjelp er et landsdekkende tilbud! Ta kontakt med Oslo-kontoret hvis du bor i Oslo, Akershus, Buskerud, \u00d8stfold, Innlandet, Tr\u00f8ndelag, M\u00f8re og Romsdal eller i Vestfold og Telemark.<\/p>\n\n\n\n<h2 class=\"wp-block-heading\" id=\"finnoss_lokasjoner\">Her finner du oss<\/h2>\n\n\n\n<ul class=\"wp-block-list\">\n<li><a href=\"\/tilbud-ung-rettshjelp\/kontakt-oss\/bergen\">Bergen<\/a> (Vestland) \u2013 kontaktinformasjon, saksmottak, \u00e5pningstider og annen informasjon for Bergen.<\/li>\n\n\n\n<li><a href=\"\/tilbud-ung-rettshjelp\/kontakt-oss\/kristiansand\">Kristiansand<\/a> (Agder) \u2013 kontaktinformasjon, saksmottak, \u00e5pningstider og annen informasjon for Kristiansand.<\/li>\n\n\n\n<li><a href=\"\/tilbud-ung-rettshjelp\/kontakt-oss\/oslo-og-resten-av-landet\">Oslo<\/a> (inkl. Viken, Innlandet, Tr\u00f8ndelag, M\u00f8re og Romsdal, Vestfold og Telemark) \u2013 kontaktinformasjon, saksmottak, \u00e5pningstider og annen informasjon for Oslo.<\/li>\n\n\n\n<li><a href=\"\/tilbud-ung-rettshjelp\/kontakt-oss\/stavanger\">Stavanger<\/a> (Rogaland) \u2013 kontaktinformasjon, saksmottak, \u00e5pningstider og annen informasjon for Stavanger.<\/li>\n\n\n\n<li><a href=\"\/tilbud-ung-rettshjelp\/kontakt-oss\/tromso\">Troms\u00f8<\/a> (Nordland, Troms og Finnmark) \u2013 kontaktinformasjon, saksmottak, \u00e5pningstider og annen informasjon for Troms\u00f8.<\/li>\n<\/ul>\n\n\n\n<p>Ung rettshjelp er ogs\u00e5 p\u00e5 Instagram og TikTok! Her legger vi blant annet ut informasjon om barn og unges rettigheter. F\u00f8lg oss gjerne: <a href=\"https:\/\/www.instagram.com\/ungrettshjelp\/\" target=\"_blank\" rel=\"noreferrer noopener\">@ungrettshjelp<\/a>.<\/p>\n\n\n","protected":false},"excerpt":{"rendered":"<p>Ung rettshjelp er et landsdekkende tilbud! Ta kontakt med Oslo-kontoret hvis du bor i Oslo,&hellip;<\/p>\n","protected":false},"author":4,"featured_media":0,"parent":0,"menu_order":0,"comment_status":"closed","ping_status":"closed","template":"","meta":{"_relevanssi_hide_post":"","_relevanssi_hide_content":"","_relevanssi_pin_for_all":"","_relevanssi_pin_keywords":"","_relevanssi_unpin_keywords":"","_relevanssi_related_keywords":"","_relevanssi_related_include_ids":"","_relevanssi_related_exclude_ids":"","_relevanssi_related_no_append":"","_relevanssi_related_not_related":"","_relevanssi_related_posts":"1","_relevanssi_noindex_reason":"","editor_notices":[],"footnotes":""},"class_list":["post-14","page","type-page","status-publish","hentry"],"yoast_head":"<!-- This site is optimized with the Yoast SEO Premium plugin v27.2 (Yoast SEO v27.2) - https:\/\/yoast.com\/product\/yoast-seo-premium-wordpress\/ -->\n<title>Finn oss - Ung rettshjelp<\/title>\n<meta name=\"robots\" content=\"index, follow, max-snippet:-1, max-image-preview:large, max-video-preview:-1\" \/>\n<link rel=\"canonical\" href=\"https:\/\/kirkensbymisjon.no\/tilbud-ung-rettshjelp\/kontakt-oss\/\" \/>\n<meta property=\"og:locale\" content=\"nb_NO\" \/>\n<meta property=\"og:type\" content=\"article\" \/>\n<meta property=\"og:title\" content=\"Finn oss\" \/>\n<meta property=\"og:description\" content=\"Ung rettshjelp er et landsdekkende tilbud! Ta kontakt med Oslo-kontoret hvis du bor i Oslo,&hellip;\" \/>\n<meta property=\"og:url\" content=\"https:\/\/kirkensbymisjon.no\/tilbud-ung-rettshjelp\/kontakt-oss\/\" \/>\n<meta property=\"og:site_name\" content=\"Ung rettshjelp\" \/>\n<meta property=\"article:modified_time\" content=\"2025-10-01T11:56:59+00:00\" \/>\n<meta name=\"twitter:card\" content=\"summary_large_image\" \/>\n<meta name=\"twitter:label1\" content=\"Ansl. lesetid\" \/>\n\t<meta name=\"twitter:data1\" content=\"1 minutt\" \/>\n<script type=\"application\/ld+json\" class=\"yoast-schema-graph\">{\"@context\":\"https:\/\/schema.org\",\"@graph\":[{\"@type\":\"WebPage\",\"@id\":\"https:\/\/kirkensbymisjon.no\/tilbud-ung-rettshjelp\/kontakt-oss\/\",\"url\":\"https:\/\/kirkensbymisjon.no\/tilbud-ung-rettshjelp\/kontakt-oss\/\",\"name\":\"Finn oss - Ung rettshjelp\",\"isPartOf\":{\"@id\":\"https:\/\/kirkensbymisjon.no\/tilbud-ung-rettshjelp\/#website\"},\"datePublished\":\"2024-07-29T08:59:36+00:00\",\"dateModified\":\"2025-10-01T11:56:59+00:00\",\"breadcrumb\":{\"@id\":\"https:\/\/kirkensbymisjon.no\/tilbud-ung-rettshjelp\/kontakt-oss\/#breadcrumb\"},\"inLanguage\":\"nb-NO\",\"potentialAction\":[{\"@type\":\"ReadAction\",\"target\":[\"https:\/\/kirkensbymisjon.no\/tilbud-ung-rettshjelp\/kontakt-oss\/\"]}]},{\"@type\":\"BreadcrumbList\",\"@id\":\"https:\/\/kirkensbymisjon.no\/tilbud-ung-rettshjelp\/kontakt-oss\/#breadcrumb\",\"itemListElement\":[{\"@type\":\"ListItem\",\"position\":1,\"name\":\"Hjem\",\"item\":\"https:\/\/kirkensbymisjon.no\/tilbud-ung-rettshjelp\/\"},{\"@type\":\"ListItem\",\"position\":2,\"name\":\"Finn oss\"}]},{\"@type\":\"WebSite\",\"@id\":\"https:\/\/kirkensbymisjon.no\/tilbud-ung-rettshjelp\/#website\",\"url\":\"https:\/\/kirkensbymisjon.no\/tilbud-ung-rettshjelp\/\",\"name\":\"Ung rettshjelp\",\"description\":\"\",\"potentialAction\":[{\"@type\":\"SearchAction\",\"target\":{\"@type\":\"EntryPoint\",\"urlTemplate\":\"https:\/\/kirkensbymisjon.no\/tilbud-ung-rettshjelp\/?s={search_term_string}\"},\"query-input\":{\"@type\":\"PropertyValueSpecification\",\"valueRequired\":true,\"valueName\":\"search_term_string\"}}],\"inLanguage\":\"nb-NO\"}]}<\/script>\n<!-- \/ Yoast SEO Premium plugin. -->","yoast_head_json":{"title":"Finn oss - Ung rettshjelp","robots":{"index":"index","follow":"follow","max-snippet":"max-snippet:-1","max-image-preview":"max-image-preview:large","max-video-preview":"max-video-preview:-1"},"canonical":"https:\/\/kirkensbymisjon.no\/tilbud-ung-rettshjelp\/kontakt-oss\/","og_locale":"nb_NO","og_type":"article","og_title":"Finn oss","og_description":"Ung rettshjelp er et landsdekkende tilbud! Ta kontakt med Oslo-kontoret hvis du bor i Oslo,&hellip;","og_url":"https:\/\/kirkensbymisjon.no\/tilbud-ung-rettshjelp\/kontakt-oss\/","og_site_name":"Ung rettshjelp","article_modified_time":"2025-10-01T11:56:59+00:00","twitter_card":"summary_large_image","twitter_misc":{"Ansl. lesetid":"1 minutt"},"schema":{"@context":"https:\/\/schema.org","@graph":[{"@type":"WebPage","@id":"https:\/\/kirkensbymisjon.no\/tilbud-ung-rettshjelp\/kontakt-oss\/","url":"https:\/\/kirkensbymisjon.no\/tilbud-ung-rettshjelp\/kontakt-oss\/","name":"Finn oss - Ung rettshjelp","isPartOf":{"@id":"https:\/\/kirkensbymisjon.no\/tilbud-ung-rettshjelp\/#website"},"datePublished":"2024-07-29T08:59:36+00:00","dateModified":"2025-10-01T11:56:59+00:00","breadcrumb":{"@id":"https:\/\/kirkensbymisjon.no\/tilbud-ung-rettshjelp\/kontakt-oss\/#breadcrumb"},"inLanguage":"nb-NO","potentialAction":[{"@type":"ReadAction","target":["https:\/\/kirkensbymisjon.no\/tilbud-ung-rettshjelp\/kontakt-oss\/"]}]},{"@type":"BreadcrumbList","@id":"https:\/\/kirkensbymisjon.no\/tilbud-ung-rettshjelp\/kontakt-oss\/#breadcrumb","itemListElement":[{"@type":"ListItem","position":1,"name":"Hjem","item":"https:\/\/kirkensbymisjon.no\/tilbud-ung-rettshjelp\/"},{"@type":"ListItem","position":2,"name":"Finn oss"}]},{"@type":"WebSite","@id":"https:\/\/kirkensbymisjon.no\/tilbud-ung-rettshjelp\/#website","url":"https:\/\/kirkensbymisjon.no\/tilbud-ung-rettshjelp\/","name":"Ung rettshjelp","description":"","potentialAction":[{"@type":"SearchAction","target":{"@type":"EntryPoint","urlTemplate":"https:\/\/kirkensbymisjon.no\/tilbud-ung-rettshjelp\/?s={search_term_string}"},"query-input":{"@type":"PropertyValueSpecification","valueRequired":true,"valueName":"search_term_string"}}],"inLanguage":"nb-NO"}]}},"_links":{"self":[{"href":"https:\/\/kirkensbymisjon.no\/tilbud-ung-rettshjelp\/wp-json\/wp\/v2\/pages\/14","targetHints":{"allow":["GET"]}}],"collection":[{"href":"https:\/\/kirkensbymisjon.no\/tilbud-ung-rettshjelp\/wp-json\/wp\/v2\/pages"}],"about":[{"href":"https:\/\/kirkensbymisjon.no\/tilbud-ung-rettshjelp\/wp-json\/wp\/v2\/types\/page"}],"author":[{"embeddable":true,"href":"https:\/\/kirkensbymisjon.no\/tilbud-ung-rettshjelp\/wp-json\/wp\/v2\/users\/4"}],"replies":[{"embeddable":true,"href":"https:\/\/kirkensbymisjon.no\/tilbud-ung-rettshjelp\/wp-json\/wp\/v2\/comments?post=14"}],"version-history":[{"count":5,"href":"https:\/\/kirkensbymisjon.no\/tilbud-ung-rettshjelp\/wp-json\/wp\/v2\/pages\/14\/revisions"}],"predecessor-version":[{"id":548,"href":"https:\/\/kirkensbymisjon.no\/tilbud-ung-rettshjelp\/wp-json\/wp\/v2\/pages\/14\/revisions\/548"}],"wp:attachment":[{"href":"https:\/\/kirkensbymisjon.no\/tilbud-ung-rettshjelp\/wp-json\/wp\/v2\/media?parent=14"}],"curies":[{"name":"wp","href":"https:\/\/api.w.org\/{rel}","templated":true}]}}