{"id":28,"date":"2024-07-29T11:04:51","date_gmt":"2024-07-29T09:04:51","guid":{"rendered":"https:\/\/kirkensbymisjon.no\/tilbud-ung-rettshjelp\/?page_id=28"},"modified":"2026-01-06T12:44:39","modified_gmt":"2026-01-06T11:44:39","slug":"send-inn-sak","status":"publish","type":"page","link":"https:\/\/kirkensbymisjon.no\/tilbud-ung-rettshjelp\/kontakt-oss\/send-inn-sak\/","title":{"rendered":"Send inn sak"},"content":{"rendered":"\n<h2 class=\"wp-block-heading\" id=\"h-digitalt-saksmottak-nbsp-send-inn-ny-sak\">Digitalt saksmottak \u2013&nbsp;send inn ny sak<\/h2>\n\n\n\n<p>\u00d8nsker du \u00e5 sende oss sp\u00f8rsm\u00e5l eller en ny sak? Dette gj\u00f8r du via Nettskjema i lenkene under. Velg din lokasjon for \u00e5 komme til riktig skjema. Hvis du bor utenfor Agder, Vestland, Rogaland, Nordland eller Troms og Finnmark, ta kontakt med Oslo-kontoret. <\/p>\n\n\n\n<div class=\"wp-block-buttons\">\n<div class=\"wp-block-button\"><a class=\"wp-block-button__link wp-element-button\" href=\"https:\/\/nettskjema.no\/a\/223009#\/page\/1\" target=\"_blank\" rel=\"noreferrer noopener\">Send inn ny sak:<br>Oslo og resten av landet<\/a><\/div>\n<\/div>\n\n\n\n<div class=\"wp-block-buttons\">\n<div class=\"wp-block-button\"><a class=\"wp-block-button__link wp-element-button\" href=\"https:\/\/nettskjema.no\/a\/478520\" target=\"_blank\" rel=\"noreferrer noopener\">Send inn ny sak: <br>Rogaland, Vestland, Agder, Troms, Finnmark og Nordland.<\/a><\/div>\n<\/div>\n\n\n\n<h3 class=\"wp-block-heading\" id=\"h-\"><\/h3>\n","protected":false},"excerpt":{"rendered":"<p>Digitalt saksmottak \u2013&nbsp;send inn ny sak \u00d8nsker du \u00e5 sende oss sp\u00f8rsm\u00e5l eller en ny&hellip;<\/p>\n","protected":false},"author":4,"featured_media":0,"parent":14,"menu_order":0,"comment_status":"closed","ping_status":"closed","template":"","meta":{"_relevanssi_hide_post":"","_relevanssi_hide_content":"","_relevanssi_pin_for_all":"","_relevanssi_pin_keywords":"","_relevanssi_unpin_keywords":"","_relevanssi_related_keywords":"","_relevanssi_related_include_ids":"","_relevanssi_related_exclude_ids":"","_relevanssi_related_no_append":"","_relevanssi_related_not_related":"","_relevanssi_related_posts":"1","_relevanssi_noindex_reason":"","editor_notices":[],"footnotes":""},"class_list":["post-28","page","type-page","status-publish","hentry"],"yoast_head":"<!-- This site is optimized with the Yoast SEO Premium plugin v27.2 (Yoast SEO v27.2) - https:\/\/yoast.com\/product\/yoast-seo-premium-wordpress\/ -->\n<title>Send inn sak - Ung rettshjelp<\/title>\n<meta name=\"robots\" content=\"index, follow, max-snippet:-1, max-image-preview:large, max-video-preview:-1\" \/>\n<link rel=\"canonical\" href=\"https:\/\/kirkensbymisjon.no\/tilbud-ung-rettshjelp\/kontakt-oss\/send-inn-sak\/\" \/>\n<meta property=\"og:locale\" content=\"nb_NO\" \/>\n<meta property=\"og:type\" content=\"article\" \/>\n<meta property=\"og:title\" content=\"Send inn sak\" \/>\n<meta property=\"og:description\" content=\"Digitalt saksmottak \u2013&nbsp;send inn ny sak \u00d8nsker du \u00e5 sende oss sp\u00f8rsm\u00e5l eller en ny&hellip;\" \/>\n<meta property=\"og:url\" content=\"https:\/\/kirkensbymisjon.no\/tilbud-ung-rettshjelp\/kontakt-oss\/send-inn-sak\/\" \/>\n<meta property=\"og:site_name\" content=\"Ung rettshjelp\" \/>\n<meta property=\"article:modified_time\" content=\"2026-01-06T11:44:39+00:00\" \/>\n<meta name=\"twitter:card\" content=\"summary_large_image\" \/>\n<meta name=\"twitter:label1\" content=\"Ansl. lesetid\" \/>\n\t<meta name=\"twitter:data1\" content=\"1 minutt\" \/>\n<script type=\"application\/ld+json\" class=\"yoast-schema-graph\">{\"@context\":\"https:\/\/schema.org\",\"@graph\":[{\"@type\":\"WebPage\",\"@id\":\"https:\/\/kirkensbymisjon.no\/tilbud-ung-rettshjelp\/kontakt-oss\/send-inn-sak\/\",\"url\":\"https:\/\/kirkensbymisjon.no\/tilbud-ung-rettshjelp\/kontakt-oss\/send-inn-sak\/\",\"name\":\"Send inn sak - Ung rettshjelp\",\"isPartOf\":{\"@id\":\"https:\/\/kirkensbymisjon.no\/tilbud-ung-rettshjelp\/#website\"},\"datePublished\":\"2024-07-29T09:04:51+00:00\",\"dateModified\":\"2026-01-06T11:44:39+00:00\",\"breadcrumb\":{\"@id\":\"https:\/\/kirkensbymisjon.no\/tilbud-ung-rettshjelp\/kontakt-oss\/send-inn-sak\/#breadcrumb\"},\"inLanguage\":\"nb-NO\",\"potentialAction\":[{\"@type\":\"ReadAction\",\"target\":[\"https:\/\/kirkensbymisjon.no\/tilbud-ung-rettshjelp\/kontakt-oss\/send-inn-sak\/\"]}]},{\"@type\":\"BreadcrumbList\",\"@id\":\"https:\/\/kirkensbymisjon.no\/tilbud-ung-rettshjelp\/kontakt-oss\/send-inn-sak\/#breadcrumb\",\"itemListElement\":[{\"@type\":\"ListItem\",\"position\":1,\"name\":\"Hjem\",\"item\":\"https:\/\/kirkensbymisjon.no\/tilbud-ung-rettshjelp\/\"},{\"@type\":\"ListItem\",\"position\":2,\"name\":\"Finn oss\",\"item\":\"https:\/\/kirkensbymisjon.no\/tilbud-ung-rettshjelp\/kontakt-oss\/\"},{\"@type\":\"ListItem\",\"position\":3,\"name\":\"Send inn sak\"}]},{\"@type\":\"WebSite\",\"@id\":\"https:\/\/kirkensbymisjon.no\/tilbud-ung-rettshjelp\/#website\",\"url\":\"https:\/\/kirkensbymisjon.no\/tilbud-ung-rettshjelp\/\",\"name\":\"Ung rettshjelp\",\"description\":\"\",\"potentialAction\":[{\"@type\":\"SearchAction\",\"target\":{\"@type\":\"EntryPoint\",\"urlTemplate\":\"https:\/\/kirkensbymisjon.no\/tilbud-ung-rettshjelp\/?s={search_term_string}\"},\"query-input\":{\"@type\":\"PropertyValueSpecification\",\"valueRequired\":true,\"valueName\":\"search_term_string\"}}],\"inLanguage\":\"nb-NO\"}]}<\/script>\n<!-- \/ Yoast SEO Premium plugin. -->","yoast_head_json":{"title":"Send inn sak - Ung rettshjelp","robots":{"index":"index","follow":"follow","max-snippet":"max-snippet:-1","max-image-preview":"max-image-preview:large","max-video-preview":"max-video-preview:-1"},"canonical":"https:\/\/kirkensbymisjon.no\/tilbud-ung-rettshjelp\/kontakt-oss\/send-inn-sak\/","og_locale":"nb_NO","og_type":"article","og_title":"Send inn sak","og_description":"Digitalt saksmottak \u2013&nbsp;send inn ny sak \u00d8nsker du \u00e5 sende oss sp\u00f8rsm\u00e5l eller en ny&hellip;","og_url":"https:\/\/kirkensbymisjon.no\/tilbud-ung-rettshjelp\/kontakt-oss\/send-inn-sak\/","og_site_name":"Ung rettshjelp","article_modified_time":"2026-01-06T11:44:39+00:00","twitter_card":"summary_large_image","twitter_misc":{"Ansl. lesetid":"1 minutt"},"schema":{"@context":"https:\/\/schema.org","@graph":[{"@type":"WebPage","@id":"https:\/\/kirkensbymisjon.no\/tilbud-ung-rettshjelp\/kontakt-oss\/send-inn-sak\/","url":"https:\/\/kirkensbymisjon.no\/tilbud-ung-rettshjelp\/kontakt-oss\/send-inn-sak\/","name":"Send inn sak - Ung rettshjelp","isPartOf":{"@id":"https:\/\/kirkensbymisjon.no\/tilbud-ung-rettshjelp\/#website"},"datePublished":"2024-07-29T09:04:51+00:00","dateModified":"2026-01-06T11:44:39+00:00","breadcrumb":{"@id":"https:\/\/kirkensbymisjon.no\/tilbud-ung-rettshjelp\/kontakt-oss\/send-inn-sak\/#breadcrumb"},"inLanguage":"nb-NO","potentialAction":[{"@type":"ReadAction","target":["https:\/\/kirkensbymisjon.no\/tilbud-ung-rettshjelp\/kontakt-oss\/send-inn-sak\/"]}]},{"@type":"BreadcrumbList","@id":"https:\/\/kirkensbymisjon.no\/tilbud-ung-rettshjelp\/kontakt-oss\/send-inn-sak\/#breadcrumb","itemListElement":[{"@type":"ListItem","position":1,"name":"Hjem","item":"https:\/\/kirkensbymisjon.no\/tilbud-ung-rettshjelp\/"},{"@type":"ListItem","position":2,"name":"Finn oss","item":"https:\/\/kirkensbymisjon.no\/tilbud-ung-rettshjelp\/kontakt-oss\/"},{"@type":"ListItem","position":3,"name":"Send inn sak"}]},{"@type":"WebSite","@id":"https:\/\/kirkensbymisjon.no\/tilbud-ung-rettshjelp\/#website","url":"https:\/\/kirkensbymisjon.no\/tilbud-ung-rettshjelp\/","name":"Ung rettshjelp","description":"","potentialAction":[{"@type":"SearchAction","target":{"@type":"EntryPoint","urlTemplate":"https:\/\/kirkensbymisjon.no\/tilbud-ung-rettshjelp\/?s={search_term_string}"},"query-input":{"@type":"PropertyValueSpecification","valueRequired":true,"valueName":"search_term_string"}}],"inLanguage":"nb-NO"}]}},"_links":{"self":[{"href":"https:\/\/kirkensbymisjon.no\/tilbud-ung-rettshjelp\/wp-json\/wp\/v2\/pages\/28","targetHints":{"allow":["GET"]}}],"collection":[{"href":"https:\/\/kirkensbymisjon.no\/tilbud-ung-rettshjelp\/wp-json\/wp\/v2\/pages"}],"about":[{"href":"https:\/\/kirkensbymisjon.no\/tilbud-ung-rettshjelp\/wp-json\/wp\/v2\/types\/page"}],"author":[{"embeddable":true,"href":"https:\/\/kirkensbymisjon.no\/tilbud-ung-rettshjelp\/wp-json\/wp\/v2\/users\/4"}],"replies":[{"embeddable":true,"href":"https:\/\/kirkensbymisjon.no\/tilbud-ung-rettshjelp\/wp-json\/wp\/v2\/comments?post=28"}],"version-history":[{"count":4,"href":"https:\/\/kirkensbymisjon.no\/tilbud-ung-rettshjelp\/wp-json\/wp\/v2\/pages\/28\/revisions"}],"predecessor-version":[{"id":582,"href":"https:\/\/kirkensbymisjon.no\/tilbud-ung-rettshjelp\/wp-json\/wp\/v2\/pages\/28\/revisions\/582"}],"up":[{"embeddable":true,"href":"https:\/\/kirkensbymisjon.no\/tilbud-ung-rettshjelp\/wp-json\/wp\/v2\/pages\/14"}],"wp:attachment":[{"href":"https:\/\/kirkensbymisjon.no\/tilbud-ung-rettshjelp\/wp-json\/wp\/v2\/media?parent=28"}],"curies":[{"name":"wp","href":"https:\/\/api.w.org\/{rel}","templated":true}]}}