{"id":8,"date":"2024-07-29T10:58:27","date_gmt":"2024-07-29T08:58:27","guid":{"rendered":"https:\/\/kirkensbymisjon.no\/tilbud-ung-rettshjelp\/?page_id=8"},"modified":"2025-09-12T13:37:21","modified_gmt":"2025-09-12T11:37:21","slug":"om-ung-rettshjelp","status":"publish","type":"page","link":"https:\/\/kirkensbymisjon.no\/tilbud-ung-rettshjelp\/om-ung-rettshjelp\/","title":{"rendered":"Om Ung rettshjelp"},"content":{"rendered":"\n<h2 class=\"wp-block-heading\" id=\"h-om-ung-rettshjelp\">Om Ung rettshjelp<\/h2>\n\n\n\n<p><strong>Trenger du hjelp med \u00e5 finne ut av rettighetene dine, eller kreve noe du har rett p\u00e5?&nbsp;Vi er her for \u00e5 hjelpe deg.<\/strong><\/p>\n\n\n\n<p>Barn og ungdom har mange rettigheter, men det er ikke alltid lett \u00e5 bli tatt p\u00e5 alvor av de voksne. Trenger du hjelp med \u00e5 finne ut av rettighetene dine, eller kreve noe du har rett p\u00e5? Da kan du <a href=\"https:\/\/kirkensbymisjon.no\/tilbud-ung-rettshjelp\/kontakt-oss#finnoss_lokasjoner\">ta kontakt<\/a> med oss, s\u00e5 finner vi sammen ut om vi kan hjelpe deg. Hvis vi ikke kan hjelpe deg kjenner vi til mange andre som kan hjelpe.<\/p>\n\n\n\n<h3 class=\"wp-block-heading\" id=\"h-hva-er-ung-rettshjelp\"><strong>Hva er Ung rettshjelp?<\/strong><\/h3>\n\n\n\n<p>Vi gir gratis rettshjelp til barn og unge under 25 \u00e5r. V\u00e5rt m\u00e5l er \u00e5 bidra til at flere barn og unge f\u00e5r sine grunnleggende rettigheter oppfylt.<\/p>\n\n\n\n<p>V\u00e5re ansatte og frivillige medarbeidere har god kompetanse og de er klare til \u00e5 hjelpe innen de fleste rettsomr\u00e5der.<\/p>\n\n\n\n<p>Et viktig fokus for oss er \u00e5 n\u00e5 ut til barn og unge der de befinner seg.<br>Derfor sender vi v\u00e5re saksbehandlere ut p\u00e5 opps\u00f8kende arbeid hos v\u00e5re samarbeidspartnere. <\/p>\n\n\n\n<p>Har du kanskje <strong>forslag til steder vi b\u00f8r reise til?<\/strong> <br>Da er du hjertelig velkommen til \u00e5 <a href=\"https:\/\/kirkensbymisjon.no\/tilbud-ung-rettshjelp\/kontakt-oss#lokasjoner\">ta kontakt<\/a>.<\/p>\n\n\n\n<h3 class=\"wp-block-heading\" id=\"h-til-samarbeidspartnere\"><strong>Til samarbeidspartnere<\/strong><\/h3>\n\n\n\n<p>Vi er ogs\u00e5 opptatt av forebygging av fremtidige problemer. Uansett alder kan det v\u00e6re vanskelig \u00e5 ha oversikt over sine plikter og rettigheter og vi ser at mange utfordringer kunne v\u00e6rt unng\u00e5tt med mer informasjon. Ved \u00e5 holde rettighetsforedrag, quizer og lignende sprer vi kunnskap om viktige rettigheter og plikter for eksempel i m\u00f8te med arbeidsgiver, utleier eller politiet.<br><a href=\"https:\/\/kirkensbymisjon.no\/tilbud-ung-rettshjelp\/kontakt-oss\/\">Ta kontakt<\/a> med oss om du \u00f8nsker et foredrag p\u00e5 din skole eller ungdomsklubb.<\/p>\n\n\n\n<h3 class=\"wp-block-heading\" id=\"h-saksbehandlingen\">Saksbehandlingen<\/h3>\n\n\n\n<p>Her kan du lese om <a href=\"https:\/\/kirkensbymisjon.no\/content\/uploads\/sites\/68\/2024\/07\/Tilbud_Ung-rettshjelp_Informasjonsskriv-om-saksbehandlingen-i-Ung-rettshjelp.pdf\" target=\"_blank\" rel=\"noreferrer noopener\">saksbehandlingen i Ung rettshjelp.<\/a><\/p>\n\n\n\n<h3 class=\"wp-block-heading\" id=\"h-personvernerklaering\">Personvernerkl\u00e6ring<\/h3>\n\n\n\n<p>Her kan du lese <a href=\"https:\/\/kirkensbymisjon.no\/content\/uploads\/sites\/68\/2025\/09\/Personvernerklaering-Ung-rettshjelp.pdf\" target=\"_blank\" rel=\"noreferrer noopener\">Ung rettshjelps personvernerkl\u00e6ring<\/a>.<\/p>\n","protected":false},"excerpt":{"rendered":"<p>Om Ung rettshjelp Trenger du hjelp med \u00e5 finne ut av rettighetene dine, eller kreve&hellip;<\/p>\n","protected":false},"author":4,"featured_media":0,"parent":0,"menu_order":0,"comment_status":"closed","ping_status":"closed","template":"","meta":{"_relevanssi_hide_post":"","_relevanssi_hide_content":"","_relevanssi_pin_for_all":"","_relevanssi_pin_keywords":"","_relevanssi_unpin_keywords":"","_relevanssi_related_keywords":"","_relevanssi_related_include_ids":"","_relevanssi_related_exclude_ids":"","_relevanssi_related_no_append":"","_relevanssi_related_not_related":"","_relevanssi_related_posts":"1","_relevanssi_noindex_reason":"","editor_notices":[],"footnotes":""},"class_list":["post-8","page","type-page","status-publish","hentry"],"yoast_head":"<!-- This site is optimized with the Yoast SEO Premium plugin v27.2 (Yoast SEO v27.4) - https:\/\/yoast.com\/product\/yoast-seo-premium-wordpress\/ -->\n<title>Om Ung rettshjelp - Ung rettshjelp<\/title>\n<meta name=\"robots\" content=\"index, follow, max-snippet:-1, max-image-preview:large, max-video-preview:-1\" \/>\n<link rel=\"canonical\" href=\"https:\/\/kirkensbymisjon.no\/tilbud-ung-rettshjelp\/om-ung-rettshjelp\/\" \/>\n<meta property=\"og:locale\" content=\"nb_NO\" \/>\n<meta property=\"og:type\" content=\"article\" \/>\n<meta property=\"og:title\" content=\"Om Ung rettshjelp\" \/>\n<meta property=\"og:description\" content=\"Om Ung rettshjelp Trenger du hjelp med \u00e5 finne ut av rettighetene dine, eller kreve&hellip;\" \/>\n<meta property=\"og:url\" content=\"https:\/\/kirkensbymisjon.no\/tilbud-ung-rettshjelp\/om-ung-rettshjelp\/\" \/>\n<meta property=\"og:site_name\" content=\"Ung rettshjelp\" \/>\n<meta property=\"article:modified_time\" content=\"2025-09-12T11:37:21+00:00\" \/>\n<meta name=\"twitter:card\" content=\"summary_large_image\" \/>\n<meta name=\"twitter:label1\" content=\"Ansl. lesetid\" \/>\n\t<meta name=\"twitter:data1\" content=\"2 minutter\" \/>\n<script type=\"application\/ld+json\" class=\"yoast-schema-graph\">{\"@context\":\"https:\\\/\\\/schema.org\",\"@graph\":[{\"@type\":\"WebPage\",\"@id\":\"https:\\\/\\\/kirkensbymisjon.no\\\/tilbud-ung-rettshjelp\\\/om-ung-rettshjelp\\\/\",\"url\":\"https:\\\/\\\/kirkensbymisjon.no\\\/tilbud-ung-rettshjelp\\\/om-ung-rettshjelp\\\/\",\"name\":\"Om Ung rettshjelp - Ung rettshjelp\",\"isPartOf\":{\"@id\":\"https:\\\/\\\/kirkensbymisjon.no\\\/tilbud-ung-rettshjelp\\\/#website\"},\"datePublished\":\"2024-07-29T08:58:27+00:00\",\"dateModified\":\"2025-09-12T11:37:21+00:00\",\"breadcrumb\":{\"@id\":\"https:\\\/\\\/kirkensbymisjon.no\\\/tilbud-ung-rettshjelp\\\/om-ung-rettshjelp\\\/#breadcrumb\"},\"inLanguage\":\"nb-NO\",\"potentialAction\":[{\"@type\":\"ReadAction\",\"target\":[\"https:\\\/\\\/kirkensbymisjon.no\\\/tilbud-ung-rettshjelp\\\/om-ung-rettshjelp\\\/\"]}]},{\"@type\":\"BreadcrumbList\",\"@id\":\"https:\\\/\\\/kirkensbymisjon.no\\\/tilbud-ung-rettshjelp\\\/om-ung-rettshjelp\\\/#breadcrumb\",\"itemListElement\":[{\"@type\":\"ListItem\",\"position\":1,\"name\":\"Hjem\",\"item\":\"https:\\\/\\\/kirkensbymisjon.no\\\/tilbud-ung-rettshjelp\\\/\"},{\"@type\":\"ListItem\",\"position\":2,\"name\":\"Om Ung rettshjelp\"}]},{\"@type\":\"WebSite\",\"@id\":\"https:\\\/\\\/kirkensbymisjon.no\\\/tilbud-ung-rettshjelp\\\/#website\",\"url\":\"https:\\\/\\\/kirkensbymisjon.no\\\/tilbud-ung-rettshjelp\\\/\",\"name\":\"Ung rettshjelp\",\"description\":\"\",\"potentialAction\":[{\"@type\":\"SearchAction\",\"target\":{\"@type\":\"EntryPoint\",\"urlTemplate\":\"https:\\\/\\\/kirkensbymisjon.no\\\/tilbud-ung-rettshjelp\\\/?s={search_term_string}\"},\"query-input\":{\"@type\":\"PropertyValueSpecification\",\"valueRequired\":true,\"valueName\":\"search_term_string\"}}],\"inLanguage\":\"nb-NO\"}]}<\/script>\n<!-- \/ Yoast SEO Premium plugin. -->","yoast_head_json":{"title":"Om Ung rettshjelp - Ung rettshjelp","robots":{"index":"index","follow":"follow","max-snippet":"max-snippet:-1","max-image-preview":"max-image-preview:large","max-video-preview":"max-video-preview:-1"},"canonical":"https:\/\/kirkensbymisjon.no\/tilbud-ung-rettshjelp\/om-ung-rettshjelp\/","og_locale":"nb_NO","og_type":"article","og_title":"Om Ung rettshjelp","og_description":"Om Ung rettshjelp Trenger du hjelp med \u00e5 finne ut av rettighetene dine, eller kreve&hellip;","og_url":"https:\/\/kirkensbymisjon.no\/tilbud-ung-rettshjelp\/om-ung-rettshjelp\/","og_site_name":"Ung rettshjelp","article_modified_time":"2025-09-12T11:37:21+00:00","twitter_card":"summary_large_image","twitter_misc":{"Ansl. lesetid":"2 minutter"},"schema":{"@context":"https:\/\/schema.org","@graph":[{"@type":"WebPage","@id":"https:\/\/kirkensbymisjon.no\/tilbud-ung-rettshjelp\/om-ung-rettshjelp\/","url":"https:\/\/kirkensbymisjon.no\/tilbud-ung-rettshjelp\/om-ung-rettshjelp\/","name":"Om Ung rettshjelp - Ung rettshjelp","isPartOf":{"@id":"https:\/\/kirkensbymisjon.no\/tilbud-ung-rettshjelp\/#website"},"datePublished":"2024-07-29T08:58:27+00:00","dateModified":"2025-09-12T11:37:21+00:00","breadcrumb":{"@id":"https:\/\/kirkensbymisjon.no\/tilbud-ung-rettshjelp\/om-ung-rettshjelp\/#breadcrumb"},"inLanguage":"nb-NO","potentialAction":[{"@type":"ReadAction","target":["https:\/\/kirkensbymisjon.no\/tilbud-ung-rettshjelp\/om-ung-rettshjelp\/"]}]},{"@type":"BreadcrumbList","@id":"https:\/\/kirkensbymisjon.no\/tilbud-ung-rettshjelp\/om-ung-rettshjelp\/#breadcrumb","itemListElement":[{"@type":"ListItem","position":1,"name":"Hjem","item":"https:\/\/kirkensbymisjon.no\/tilbud-ung-rettshjelp\/"},{"@type":"ListItem","position":2,"name":"Om Ung rettshjelp"}]},{"@type":"WebSite","@id":"https:\/\/kirkensbymisjon.no\/tilbud-ung-rettshjelp\/#website","url":"https:\/\/kirkensbymisjon.no\/tilbud-ung-rettshjelp\/","name":"Ung rettshjelp","description":"","potentialAction":[{"@type":"SearchAction","target":{"@type":"EntryPoint","urlTemplate":"https:\/\/kirkensbymisjon.no\/tilbud-ung-rettshjelp\/?s={search_term_string}"},"query-input":{"@type":"PropertyValueSpecification","valueRequired":true,"valueName":"search_term_string"}}],"inLanguage":"nb-NO"}]}},"_links":{"self":[{"href":"https:\/\/kirkensbymisjon.no\/tilbud-ung-rettshjelp\/wp-json\/wp\/v2\/pages\/8","targetHints":{"allow":["GET"]}}],"collection":[{"href":"https:\/\/kirkensbymisjon.no\/tilbud-ung-rettshjelp\/wp-json\/wp\/v2\/pages"}],"about":[{"href":"https:\/\/kirkensbymisjon.no\/tilbud-ung-rettshjelp\/wp-json\/wp\/v2\/types\/page"}],"author":[{"embeddable":true,"href":"https:\/\/kirkensbymisjon.no\/tilbud-ung-rettshjelp\/wp-json\/wp\/v2\/users\/4"}],"replies":[{"embeddable":true,"href":"https:\/\/kirkensbymisjon.no\/tilbud-ung-rettshjelp\/wp-json\/wp\/v2\/comments?post=8"}],"version-history":[{"count":5,"href":"https:\/\/kirkensbymisjon.no\/tilbud-ung-rettshjelp\/wp-json\/wp\/v2\/pages\/8\/revisions"}],"predecessor-version":[{"id":538,"href":"https:\/\/kirkensbymisjon.no\/tilbud-ung-rettshjelp\/wp-json\/wp\/v2\/pages\/8\/revisions\/538"}],"wp:attachment":[{"href":"https:\/\/kirkensbymisjon.no\/tilbud-ung-rettshjelp\/wp-json\/wp\/v2\/media?parent=8"}],"curies":[{"name":"wp","href":"https:\/\/api.w.org\/{rel}","templated":true}]}}