{"id":3,"date":"2024-08-14T21:38:35","date_gmt":"2024-08-14T19:38:35","guid":{"rendered":"https:\/\/kirkensbymisjon.no\/tilbud-ungdomskafe\/forside\/"},"modified":"2024-08-21T21:11:08","modified_gmt":"2024-08-21T19:11:08","slug":"forside","status":"publish","type":"page","link":"https:\/\/kirkensbymisjon.no\/tilbud-ungdomskafe\/","title":{"rendered":"Forside"},"content":{"rendered":"\n<div class=\"wp-block-media-text alignwide is-stacked-on-mobile is-style-filled\"><figure class=\"wp-block-media-text__media\"><img loading=\"lazy\" decoding=\"async\" width=\"1024\" height=\"730\" src=\"https:\/\/kirkensbymisjon.no\/content\/uploads\/sites\/136\/2024\/08\/Tilbud_Ungdomskafe_02-1024x730.jpg\" alt=\"Ungdommer\" class=\"wp-image-15 size-full\" srcset=\"https:\/\/kirkensbymisjon.no\/content\/uploads\/sites\/136\/2024\/08\/Tilbud_Ungdomskafe_02-1024x730.jpg 1024w, https:\/\/kirkensbymisjon.no\/content\/uploads\/sites\/136\/2024\/08\/Tilbud_Ungdomskafe_02-300x214.jpg 300w, https:\/\/kirkensbymisjon.no\/content\/uploads\/sites\/136\/2024\/08\/Tilbud_Ungdomskafe_02-768x548.jpg 768w, https:\/\/kirkensbymisjon.no\/content\/uploads\/sites\/136\/2024\/08\/Tilbud_Ungdomskafe_02-1536x1096.jpg 1536w, https:\/\/kirkensbymisjon.no\/content\/uploads\/sites\/136\/2024\/08\/Tilbud_Ungdomskafe_02.jpg 1559w\" sizes=\"auto, (max-width: 1024px) 100vw, 1024px\" \/><\/figure><div class=\"wp-block-media-text__content\">\n<h2 class=\"wp-block-heading\" id=\"h-ungdomskafe-hver-torsdag-i-fredrikstad\">Ungdomskaf\u00e9 hver torsdag i Fredrikstad <\/h2>\n\n\n\n<p>Vi serverer gratis mat, det er mulighet for \u00e5 spille spill, gj\u00f8re andre aktiviteter sammen, preke sammen eller bare et sted \u00e5 stikke innom eller v\u00e6re en lengre periode.<\/p>\n\n\n\n<p>Velkommen!<\/p>\n<\/div><\/div>\n","protected":false},"excerpt":{"rendered":"<p>Ungdomskaf\u00e9 hver torsdag i Fredrikstad Vi serverer gratis mat, det er mulighet for \u00e5 spille&hellip;<\/p>\n","protected":false},"author":5,"featured_media":0,"parent":0,"menu_order":0,"comment_status":"closed","ping_status":"closed","template":"","meta":{"_relevanssi_hide_post":"","_relevanssi_hide_content":"","_relevanssi_pin_for_all":"","_relevanssi_pin_keywords":"","_relevanssi_unpin_keywords":"","_relevanssi_related_keywords":"","_relevanssi_related_include_ids":"","_relevanssi_related_exclude_ids":"","_relevanssi_related_no_append":"","_relevanssi_related_not_related":"","_relevanssi_related_posts":"1","_relevanssi_noindex_reason":"","editor_notices":[],"footnotes":""},"class_list":["post-3","page","type-page","status-publish","hentry"],"yoast_head":"<!-- This site is optimized with the Yoast SEO Premium plugin v27.2 (Yoast SEO v27.2) - https:\/\/yoast.com\/product\/yoast-seo-premium-wordpress\/ -->\n<title>Kirkens Bymisjon - Ungdomskaf\u00e9<\/title>\n<meta name=\"description\" content=\"Torsdager inviterer vi til ungdomskaf\u00e9 for alle ungdommer i alderen 14\u201319 \u00e5r.\" \/>\n<meta name=\"robots\" content=\"index, follow, max-snippet:-1, max-image-preview:large, max-video-preview:-1\" \/>\n<link rel=\"canonical\" href=\"https:\/\/kirkensbymisjon.no\/tilbud-ungdomskafe\/\" \/>\n<meta property=\"og:locale\" content=\"nb_NO\" \/>\n<meta property=\"og:type\" content=\"article\" \/>\n<meta property=\"og:title\" content=\"Forside\" \/>\n<meta property=\"og:description\" content=\"Torsdager inviterer vi til ungdomskaf\u00e9 for alle ungdommer i alderen 14\u201319 \u00e5r.\" \/>\n<meta property=\"og:url\" content=\"https:\/\/kirkensbymisjon.no\/tilbud-ungdomskafe\/\" \/>\n<meta property=\"og:site_name\" content=\"Ungdomskaf\u00e9\" \/>\n<meta property=\"article:modified_time\" content=\"2024-08-21T19:11:08+00:00\" \/>\n<meta property=\"og:image\" content=\"https:\/\/kirkensbymisjon.no\/content\/uploads\/sites\/136\/2024\/08\/Tilbud_Ungdomskafe_02-1024x730.jpg\" \/>\n<meta name=\"twitter:card\" content=\"summary_large_image\" \/>\n<meta name=\"twitter:label1\" content=\"Ansl. lesetid\" \/>\n\t<meta name=\"twitter:data1\" content=\"1 minutt\" \/>\n<script type=\"application\/ld+json\" class=\"yoast-schema-graph\">{\"@context\":\"https:\/\/schema.org\",\"@graph\":[{\"@type\":\"WebPage\",\"@id\":\"https:\/\/kirkensbymisjon.no\/tilbud-ungdomskafe\/\",\"url\":\"https:\/\/kirkensbymisjon.no\/tilbud-ungdomskafe\/\",\"name\":\"Kirkens Bymisjon - Ungdomskaf\u00e9\",\"isPartOf\":{\"@id\":\"https:\/\/kirkensbymisjon.no\/tilbud-ungdomskafe\/#website\"},\"primaryImageOfPage\":{\"@id\":\"https:\/\/kirkensbymisjon.no\/tilbud-ungdomskafe\/#primaryimage\"},\"image\":{\"@id\":\"https:\/\/kirkensbymisjon.no\/tilbud-ungdomskafe\/#primaryimage\"},\"thumbnailUrl\":\"https:\/\/kirkensbymisjon.no\/content\/uploads\/sites\/136\/2024\/08\/Tilbud_Ungdomskafe_02-1024x730.jpg\",\"datePublished\":\"2024-08-14T19:38:35+00:00\",\"dateModified\":\"2024-08-21T19:11:08+00:00\",\"description\":\"Torsdager inviterer vi til ungdomskaf\u00e9 for alle ungdommer i alderen 14\u201319 \u00e5r.\",\"breadcrumb\":{\"@id\":\"https:\/\/kirkensbymisjon.no\/tilbud-ungdomskafe\/#breadcrumb\"},\"inLanguage\":\"nb-NO\",\"potentialAction\":[{\"@type\":\"ReadAction\",\"target\":[\"https:\/\/kirkensbymisjon.no\/tilbud-ungdomskafe\/\"]}]},{\"@type\":\"ImageObject\",\"inLanguage\":\"nb-NO\",\"@id\":\"https:\/\/kirkensbymisjon.no\/tilbud-ungdomskafe\/#primaryimage\",\"url\":\"https:\/\/kirkensbymisjon.no\/content\/uploads\/sites\/136\/2024\/08\/Tilbud_Ungdomskafe_02-1024x730.jpg\",\"contentUrl\":\"https:\/\/kirkensbymisjon.no\/content\/uploads\/sites\/136\/2024\/08\/Tilbud_Ungdomskafe_02-1024x730.jpg\"},{\"@type\":\"BreadcrumbList\",\"@id\":\"https:\/\/kirkensbymisjon.no\/tilbud-ungdomskafe\/#breadcrumb\",\"itemListElement\":[{\"@type\":\"ListItem\",\"position\":1,\"name\":\"Hjem\",\"item\":\"https:\/\/kirkensbymisjon.no\/tilbud-ungdomskafe\/\"},{\"@type\":\"ListItem\",\"position\":2,\"name\":\"Forside\"}]},{\"@type\":\"WebSite\",\"@id\":\"https:\/\/kirkensbymisjon.no\/tilbud-ungdomskafe\/#website\",\"url\":\"https:\/\/kirkensbymisjon.no\/tilbud-ungdomskafe\/\",\"name\":\"Ungdomskaf\u00e9\",\"description\":\"\",\"potentialAction\":[{\"@type\":\"SearchAction\",\"target\":{\"@type\":\"EntryPoint\",\"urlTemplate\":\"https:\/\/kirkensbymisjon.no\/tilbud-ungdomskafe\/?s={search_term_string}\"},\"query-input\":{\"@type\":\"PropertyValueSpecification\",\"valueRequired\":true,\"valueName\":\"search_term_string\"}}],\"inLanguage\":\"nb-NO\"}]}<\/script>\n<!-- \/ Yoast SEO Premium plugin. -->","yoast_head_json":{"title":"Kirkens Bymisjon - Ungdomskaf\u00e9","description":"Torsdager inviterer vi til ungdomskaf\u00e9 for alle ungdommer i alderen 14\u201319 \u00e5r.","robots":{"index":"index","follow":"follow","max-snippet":"max-snippet:-1","max-image-preview":"max-image-preview:large","max-video-preview":"max-video-preview:-1"},"canonical":"https:\/\/kirkensbymisjon.no\/tilbud-ungdomskafe\/","og_locale":"nb_NO","og_type":"article","og_title":"Forside","og_description":"Torsdager inviterer vi til ungdomskaf\u00e9 for alle ungdommer i alderen 14\u201319 \u00e5r.","og_url":"https:\/\/kirkensbymisjon.no\/tilbud-ungdomskafe\/","og_site_name":"Ungdomskaf\u00e9","article_modified_time":"2024-08-21T19:11:08+00:00","og_image":[{"url":"https:\/\/kirkensbymisjon.no\/content\/uploads\/sites\/136\/2024\/08\/Tilbud_Ungdomskafe_02-1024x730.jpg","type":"","width":"","height":""}],"twitter_card":"summary_large_image","twitter_misc":{"Ansl. lesetid":"1 minutt"},"schema":{"@context":"https:\/\/schema.org","@graph":[{"@type":"WebPage","@id":"https:\/\/kirkensbymisjon.no\/tilbud-ungdomskafe\/","url":"https:\/\/kirkensbymisjon.no\/tilbud-ungdomskafe\/","name":"Kirkens Bymisjon - Ungdomskaf\u00e9","isPartOf":{"@id":"https:\/\/kirkensbymisjon.no\/tilbud-ungdomskafe\/#website"},"primaryImageOfPage":{"@id":"https:\/\/kirkensbymisjon.no\/tilbud-ungdomskafe\/#primaryimage"},"image":{"@id":"https:\/\/kirkensbymisjon.no\/tilbud-ungdomskafe\/#primaryimage"},"thumbnailUrl":"https:\/\/kirkensbymisjon.no\/content\/uploads\/sites\/136\/2024\/08\/Tilbud_Ungdomskafe_02-1024x730.jpg","datePublished":"2024-08-14T19:38:35+00:00","dateModified":"2024-08-21T19:11:08+00:00","description":"Torsdager inviterer vi til ungdomskaf\u00e9 for alle ungdommer i alderen 14\u201319 \u00e5r.","breadcrumb":{"@id":"https:\/\/kirkensbymisjon.no\/tilbud-ungdomskafe\/#breadcrumb"},"inLanguage":"nb-NO","potentialAction":[{"@type":"ReadAction","target":["https:\/\/kirkensbymisjon.no\/tilbud-ungdomskafe\/"]}]},{"@type":"ImageObject","inLanguage":"nb-NO","@id":"https:\/\/kirkensbymisjon.no\/tilbud-ungdomskafe\/#primaryimage","url":"https:\/\/kirkensbymisjon.no\/content\/uploads\/sites\/136\/2024\/08\/Tilbud_Ungdomskafe_02-1024x730.jpg","contentUrl":"https:\/\/kirkensbymisjon.no\/content\/uploads\/sites\/136\/2024\/08\/Tilbud_Ungdomskafe_02-1024x730.jpg"},{"@type":"BreadcrumbList","@id":"https:\/\/kirkensbymisjon.no\/tilbud-ungdomskafe\/#breadcrumb","itemListElement":[{"@type":"ListItem","position":1,"name":"Hjem","item":"https:\/\/kirkensbymisjon.no\/tilbud-ungdomskafe\/"},{"@type":"ListItem","position":2,"name":"Forside"}]},{"@type":"WebSite","@id":"https:\/\/kirkensbymisjon.no\/tilbud-ungdomskafe\/#website","url":"https:\/\/kirkensbymisjon.no\/tilbud-ungdomskafe\/","name":"Ungdomskaf\u00e9","description":"","potentialAction":[{"@type":"SearchAction","target":{"@type":"EntryPoint","urlTemplate":"https:\/\/kirkensbymisjon.no\/tilbud-ungdomskafe\/?s={search_term_string}"},"query-input":{"@type":"PropertyValueSpecification","valueRequired":true,"valueName":"search_term_string"}}],"inLanguage":"nb-NO"}]}},"_links":{"self":[{"href":"https:\/\/kirkensbymisjon.no\/tilbud-ungdomskafe\/wp-json\/wp\/v2\/pages\/3","targetHints":{"allow":["GET"]}}],"collection":[{"href":"https:\/\/kirkensbymisjon.no\/tilbud-ungdomskafe\/wp-json\/wp\/v2\/pages"}],"about":[{"href":"https:\/\/kirkensbymisjon.no\/tilbud-ungdomskafe\/wp-json\/wp\/v2\/types\/page"}],"author":[{"embeddable":true,"href":"https:\/\/kirkensbymisjon.no\/tilbud-ungdomskafe\/wp-json\/wp\/v2\/users\/5"}],"replies":[{"embeddable":true,"href":"https:\/\/kirkensbymisjon.no\/tilbud-ungdomskafe\/wp-json\/wp\/v2\/comments?post=3"}],"version-history":[{"count":5,"href":"https:\/\/kirkensbymisjon.no\/tilbud-ungdomskafe\/wp-json\/wp\/v2\/pages\/3\/revisions"}],"predecessor-version":[{"id":28,"href":"https:\/\/kirkensbymisjon.no\/tilbud-ungdomskafe\/wp-json\/wp\/v2\/pages\/3\/revisions\/28"}],"wp:attachment":[{"href":"https:\/\/kirkensbymisjon.no\/tilbud-ungdomskafe\/wp-json\/wp\/v2\/media?parent=3"}],"curies":[{"name":"wp","href":"https:\/\/api.w.org\/{rel}","templated":true}]}}