{"id":10,"date":"2024-08-10T14:56:02","date_gmt":"2024-08-10T12:56:02","guid":{"rendered":"https:\/\/kirkensbymisjon.no\/tilbud-vaktmestertjenesten\/?page_id=10"},"modified":"2026-03-16T10:19:37","modified_gmt":"2026-03-16T09:19:37","slug":"om-vaktmestertjenesten","status":"publish","type":"page","link":"https:\/\/kirkensbymisjon.no\/tilbud-vaktmestertjenesten\/om-vaktmestertjenesten\/","title":{"rendered":"Om vaktmestertjenesten"},"content":{"rendered":"\n<p>Vaktmestertjenesten er et lavterskel arbeidstiltak. Tilbudet er for mennesker med ulike former for arbeidsavklaring, som faller utenom det ordin\u00e6re arbeidslivet. Vi tar p\u00e5 oss et bredt spekter av b\u00e5de enkeltst\u00e5ende og faste oppdrag, og kundene v\u00e5re er alt fra privatpersoner til borettslag og bedrifter.<\/p>\n\n\n\n<h2 class=\"wp-block-heading\" id=\"h-vi-tilbyr\">Vi tilbyr:<\/h2>\n\n\n\n<ul class=\"wp-block-list\">\n<li>Alt fra hagearbeid (som gressklipping), sjauing, s\u00f8ppelkj\u00f8ring, sn\u00f8- og takm\u00e5king.<\/li>\n\n\n\n<li>Hjelp med mindre oppgaver, som \u00e5 henge opp gardinstenger, tv, bilder o.l.<\/li>\n\n\n\n<li><a href=\"\/tilbud-vaktmestertjenesten\/vedproduksjon\/\">Vedproduksjon<\/a> og hjemkj\u00f8ring.<\/li>\n\n\n\n<li><a href=\"https:\/\/kirkensbymisjon.no\/tilbud-vaktmestertjenesten\/gravstell\/\">Gravstell<\/a>.<\/li>\n<\/ul>\n\n\n<div class=\"t2-accordion wp-block-t2-accordion\" data-allow-multiple=\"1\" role=\"list\">\n<div class=\"t2-accordion-item wp-block-t2-accordion-item\" role=\"listitem\">\n\t\t\t<h2 class=\"t2-accordion-title\">\n\t\t\t\t<button type=\"button\" class=\"t2-accordion-trigger\" id=\"arbeidstrening\" aria-controls=\"accordion-panel\" aria-expanded=\"false\">\n\t\t\t\t\tArbeidstrening\n\t\t\t\t\t<span class=\"t2-accordion-icon is-closed-icon\"><svg xmlns=\"http:\/\/www.w3.org\/2000\/svg\" viewBox=\"0 0 24 24\" height=\"24\" width=\"24\" class=\"t2-icon t2-icon-plus\" aria-hidden=\"true\" focusable=\"false\"><path d=\"M11.8 5.037a1.088 1.088 0 0 0-.722.566c-.075.148-.078.25-.078 2.772v2.619l-2.61.016c-1.867.012-2.652.03-2.756.064-.168.055-.438.301-.54.494-.049.092-.07.223-.07.432 0 .34.054.476.282.704.289.289.14.275 3.064.288l2.63.012v2.619c0 2.544.002 2.625.08 2.778.191.372.516.577.92.577s.729-.205.92-.577c.078-.153.08-.234.08-2.778v-2.619l2.63-.012c2.924-.013 2.775.001 3.064-.288.228-.228.282-.364.282-.704 0-.209-.021-.34-.07-.432-.102-.193-.372-.439-.54-.494-.104-.034-.889-.052-2.756-.064L13 10.994V8.375c0-2.522-.003-2.624-.078-2.772-.214-.418-.685-.656-1.122-.566\"\/><\/svg><\/span>\n\t\t\t\t\t<span class=\"t2-accordion-icon is-open-icon\"><svg xmlns=\"http:\/\/www.w3.org\/2000\/svg\" viewBox=\"0 0 24 24\" height=\"24\" width=\"24\" class=\"t2-icon t2-icon-chevronup\" aria-hidden=\"true\" focusable=\"false\"><path d=\"M6.7 14.7c-.2-.2-.3-.4-.3-.7s.1-.5.3-.7l4.6-4.6c.1-.1.2-.2.3-.2.1 0 .2-.1.4-.1.1 0 .3 0 .4.1.1 0 .2.1.3.2l4.6 4.6c.2.2.3.4.3.7s-.1.5-.3.7c-.2.2-.4.3-.7.3s-.5-.1-.7-.3L12 10.8l-3.9 3.9c-.2.2-.4.3-.7.3s-.5-.1-.7-.3z\" fill=\"currentColor\" \/><\/svg><\/span>\n\t\t\t\t<\/button>\n\t\t\t<\/h2>\n\t\t\t<div class=\"t2-accordion-item__inner-container is-layout-flow\" id=\"accordion-panel\" aria-labelledby=\"arbeidstrening\" role=\"region\" hidden>\n\t\t\t\t\n\n<p>Etter flere \u00e5r med rus og psykiatri kan det v\u00e6re vanskelig for mennesker med rusavhengighet \u00e5 delta i organisert aktivitet og arbeidstrening. De kan oppleve at de har liten eller ingen tilknytning til arbeidsmarkedet, er sosialt ekskludert, har et mangelfullt nettverk eller d\u00e5rlig selvtillit\/selvf\u00f8lelse.<\/p>\n\n\n\n<p>\u00c5 komme tilbake til arbeidsrettet aktivitet, som eksempelvis attf\u00f8ring, tar tid. Derfor har det v\u00e6rt et behov for \u00e5 ha et tiltak som er tiln\u00e6rmet en vanlig arbeidsdag, men som ogs\u00e5 har rom for \u00e5 ivareta ustabilitet, sosial eksklusjon, manglende selvf\u00f8lelse og et lavt spr\u00e5klig niv\u00e5.<\/p>\n\n\n\t\t\t<\/div>\n\t\t<\/div>\n\n<div class=\"t2-accordion-item wp-block-t2-accordion-item\" role=\"listitem\">\n\t\t\t<h2 class=\"t2-accordion-title\">\n\t\t\t\t<button type=\"button\" class=\"t2-accordion-trigger\" id=\"bred-fagkompetanse\" aria-controls=\"accordion-panel-1\" aria-expanded=\"false\">\n\t\t\t\t\tBred fagkompetanse\n\t\t\t\t\t<span class=\"t2-accordion-icon is-closed-icon\"><svg xmlns=\"http:\/\/www.w3.org\/2000\/svg\" viewBox=\"0 0 24 24\" height=\"24\" width=\"24\" class=\"t2-icon t2-icon-plus\" aria-hidden=\"true\" focusable=\"false\"><path d=\"M11.8 5.037a1.088 1.088 0 0 0-.722.566c-.075.148-.078.25-.078 2.772v2.619l-2.61.016c-1.867.012-2.652.03-2.756.064-.168.055-.438.301-.54.494-.049.092-.07.223-.07.432 0 .34.054.476.282.704.289.289.14.275 3.064.288l2.63.012v2.619c0 2.544.002 2.625.08 2.778.191.372.516.577.92.577s.729-.205.92-.577c.078-.153.08-.234.08-2.778v-2.619l2.63-.012c2.924-.013 2.775.001 3.064-.288.228-.228.282-.364.282-.704 0-.209-.021-.34-.07-.432-.102-.193-.372-.439-.54-.494-.104-.034-.889-.052-2.756-.064L13 10.994V8.375c0-2.522-.003-2.624-.078-2.772-.214-.418-.685-.656-1.122-.566\"\/><\/svg><\/span>\n\t\t\t\t\t<span class=\"t2-accordion-icon is-open-icon\"><svg xmlns=\"http:\/\/www.w3.org\/2000\/svg\" viewBox=\"0 0 24 24\" height=\"24\" width=\"24\" class=\"t2-icon t2-icon-chevronup\" aria-hidden=\"true\" focusable=\"false\"><path d=\"M6.7 14.7c-.2-.2-.3-.4-.3-.7s.1-.5.3-.7l4.6-4.6c.1-.1.2-.2.3-.2.1 0 .2-.1.4-.1.1 0 .3 0 .4.1.1 0 .2.1.3.2l4.6 4.6c.2.2.3.4.3.7s-.1.5-.3.7c-.2.2-.4.3-.7.3s-.5-.1-.7-.3L12 10.8l-3.9 3.9c-.2.2-.4.3-.7.3s-.5-.1-.7-.3z\" fill=\"currentColor\" \/><\/svg><\/span>\n\t\t\t\t<\/button>\n\t\t\t<\/h2>\n\t\t\t<div class=\"t2-accordion-item__inner-container is-layout-flow\" id=\"accordion-panel-1\" aria-labelledby=\"bred-fagkompetanse\" role=\"region\" hidden>\n\t\t\t\t\n\n<p>Ved \u00e5 benytte Vaktmestertjenesten, bidrar du til at Kirkens Bymisjon f\u00e5r inntekter til arbeidet for og med mennesker i n\u00e6romr\u00e5det. Samtidig f\u00e5r den enkelte deltaker verdifull trening p\u00e5 veien til et ordin\u00e6rt arbeid.<\/p>\n\n\n\n<p>Et arbeidslag i Vaktmestertjenesten kan best\u00e5 av en ansatt arbeidsleder, frivillige og alt fra 2\u20136 deltakere som er i arbeidstrening. Arbeidslederne har ansvar for veiledning av deltakere p\u00e5 sitt team. V\u00e5re arbeidsledere har fagkompetanse fra ulike og relevante bakgrunner. I tillegg har de god erfaring med arbeid rettet mot mennesker som har utfordringer knyttet til rus eller psykisk helse.<\/p>\n\n\n\t\t\t<\/div>\n\t\t<\/div>\n\n<div class=\"t2-accordion-item wp-block-t2-accordion-item\" role=\"listitem\">\n\t\t\t<h2 class=\"t2-accordion-title\">\n\t\t\t\t<button type=\"button\" class=\"t2-accordion-trigger\" id=\"kvalitet-og-seri\u00f8sitet\" aria-controls=\"accordion-panel-2\" aria-expanded=\"false\">\n\t\t\t\t\tKvalitet og seri\u00f8sitet\n\t\t\t\t\t<span class=\"t2-accordion-icon is-closed-icon\"><svg xmlns=\"http:\/\/www.w3.org\/2000\/svg\" viewBox=\"0 0 24 24\" height=\"24\" width=\"24\" class=\"t2-icon t2-icon-plus\" aria-hidden=\"true\" focusable=\"false\"><path d=\"M11.8 5.037a1.088 1.088 0 0 0-.722.566c-.075.148-.078.25-.078 2.772v2.619l-2.61.016c-1.867.012-2.652.03-2.756.064-.168.055-.438.301-.54.494-.049.092-.07.223-.07.432 0 .34.054.476.282.704.289.289.14.275 3.064.288l2.63.012v2.619c0 2.544.002 2.625.08 2.778.191.372.516.577.92.577s.729-.205.92-.577c.078-.153.08-.234.08-2.778v-2.619l2.63-.012c2.924-.013 2.775.001 3.064-.288.228-.228.282-.364.282-.704 0-.209-.021-.34-.07-.432-.102-.193-.372-.439-.54-.494-.104-.034-.889-.052-2.756-.064L13 10.994V8.375c0-2.522-.003-2.624-.078-2.772-.214-.418-.685-.656-1.122-.566\"\/><\/svg><\/span>\n\t\t\t\t\t<span class=\"t2-accordion-icon is-open-icon\"><svg xmlns=\"http:\/\/www.w3.org\/2000\/svg\" viewBox=\"0 0 24 24\" height=\"24\" width=\"24\" class=\"t2-icon t2-icon-chevronup\" aria-hidden=\"true\" focusable=\"false\"><path d=\"M6.7 14.7c-.2-.2-.3-.4-.3-.7s.1-.5.3-.7l4.6-4.6c.1-.1.2-.2.3-.2.1 0 .2-.1.4-.1.1 0 .3 0 .4.1.1 0 .2.1.3.2l4.6 4.6c.2.2.3.4.3.7s-.1.5-.3.7c-.2.2-.4.3-.7.3s-.5-.1-.7-.3L12 10.8l-3.9 3.9c-.2.2-.4.3-.7.3s-.5-.1-.7-.3z\" fill=\"currentColor\" \/><\/svg><\/span>\n\t\t\t\t<\/button>\n\t\t\t<\/h2>\n\t\t\t<div class=\"t2-accordion-item__inner-container is-layout-flow\" id=\"accordion-panel-2\" aria-labelledby=\"kvalitet-og-seri\u00f8sitet\" role=\"region\" hidden>\n\t\t\t\t\n\n<p>Som kunde hos oss kan du v\u00e6re trygg p\u00e5 at arbeidet vi gj\u00f8r blir gjort kvalitetsmessig tilfredsstillende, til avtalt tid og til avtalt pris pris. Dersom du ikke skulle v\u00e6re forn\u00f8yd, ber vi deg om \u00e5 ta kontakt, slik at vi kan l\u00f8se dette p\u00e5 en god m\u00e5te.<\/p>\n\n\n\n<p>Vi vil at v\u00e5re kunder skal oppleve oss som en seri\u00f8s akt\u00f8r, og at arbeid og tjenester levert skal v\u00e6re fagmessig godt utf\u00f8rt.<\/p>\n\n\n\n<p>Tilbudene i de ulike byene er delfinansiert av bl.a. Helsedirektoratet, Arbeids- og velferdsdirektoratet, kommunene, samt ulike, lokale samarbeidspartnere.<\/p>\n\n\n\t\t\t<\/div>\n\t\t<\/div>\n\n<div class=\"t2-accordion-item wp-block-t2-accordion-item\" role=\"listitem\">\n\t\t\t<h2 class=\"t2-accordion-title\">\n\t\t\t\t<button type=\"button\" class=\"t2-accordion-trigger\" id=\"v\u00e5r-historie\" aria-controls=\"accordion-panel-3\" aria-expanded=\"false\">\n\t\t\t\t\tV\u00e5r historie\n\t\t\t\t\t<span class=\"t2-accordion-icon is-closed-icon\"><svg xmlns=\"http:\/\/www.w3.org\/2000\/svg\" viewBox=\"0 0 24 24\" height=\"24\" width=\"24\" class=\"t2-icon t2-icon-plus\" aria-hidden=\"true\" focusable=\"false\"><path d=\"M11.8 5.037a1.088 1.088 0 0 0-.722.566c-.075.148-.078.25-.078 2.772v2.619l-2.61.016c-1.867.012-2.652.03-2.756.064-.168.055-.438.301-.54.494-.049.092-.07.223-.07.432 0 .34.054.476.282.704.289.289.14.275 3.064.288l2.63.012v2.619c0 2.544.002 2.625.08 2.778.191.372.516.577.92.577s.729-.205.92-.577c.078-.153.08-.234.08-2.778v-2.619l2.63-.012c2.924-.013 2.775.001 3.064-.288.228-.228.282-.364.282-.704 0-.209-.021-.34-.07-.432-.102-.193-.372-.439-.54-.494-.104-.034-.889-.052-2.756-.064L13 10.994V8.375c0-2.522-.003-2.624-.078-2.772-.214-.418-.685-.656-1.122-.566\"\/><\/svg><\/span>\n\t\t\t\t\t<span class=\"t2-accordion-icon is-open-icon\"><svg xmlns=\"http:\/\/www.w3.org\/2000\/svg\" viewBox=\"0 0 24 24\" height=\"24\" width=\"24\" class=\"t2-icon t2-icon-chevronup\" aria-hidden=\"true\" focusable=\"false\"><path d=\"M6.7 14.7c-.2-.2-.3-.4-.3-.7s.1-.5.3-.7l4.6-4.6c.1-.1.2-.2.3-.2.1 0 .2-.1.4-.1.1 0 .3 0 .4.1.1 0 .2.1.3.2l4.6 4.6c.2.2.3.4.3.7s-.1.5-.3.7c-.2.2-.4.3-.7.3s-.5-.1-.7-.3L12 10.8l-3.9 3.9c-.2.2-.4.3-.7.3s-.5-.1-.7-.3z\" fill=\"currentColor\" \/><\/svg><\/span>\n\t\t\t\t<\/button>\n\t\t\t<\/h2>\n\t\t\t<div class=\"t2-accordion-item__inner-container is-layout-flow\" id=\"accordion-panel-3\" aria-labelledby=\"v\u00e5r-historie\" role=\"region\" hidden>\n\t\t\t\t\n\n<p>Vaktmestertjenesten springer ut ifra <a href=\"\/tilbud-aktivitetskafe\">Aktivitetskafeen<\/a>, som ble opprettet i 2004 ved hjelp av midler fra NRKs TV-aksjon; \u00abHjerterom\u00bb.&nbsp;I forbindelse med dette arbeidet erfarte vi en mangel p\u00e5 variasjon i arbeidstreningstilbudet for m\u00e5lgrupper med utfordringer tilknyttet rus, psykisk helse, utenforskap, ensomhet eller arbeidsledighet i n\u00e6rmilj\u00f8ene.<\/p>\n\n\n\n<p>Det f\u00f8rste tilbudet startet opp i 2020 med tilskuddsmidler fra Arbeids- og velferdsdirektoratet. Inntektene fra Vaktmestertjenesten g\u00e5r direkte tilbake til tilbudet og v\u00e5rt \u00f8vrige arbeid. <\/p>\n\n\n\n<p>I dag blir v\u00e5re deltakere henvist til oss fra blant annet kommunene og NAV, men de kan ogs\u00e5 ta kontakt direkte med oss.<\/p>\n\n\n\t\t\t<\/div>\n\t\t<\/div>\n<\/div>\n\n\n<figure class=\"wp-block-image size-full\"><img loading=\"lazy\" decoding=\"async\" width=\"2560\" height=\"1707\" src=\"https:\/\/kirkensbymisjon.no\/content\/uploads\/sites\/117\/2024\/08\/Tilbud_Vaktmestertjenesten_04.jpg\" alt=\"Medarbeider fra Vaktmestertjenesten\" class=\"wp-image-76\" srcset=\"https:\/\/kirkensbymisjon.no\/content\/uploads\/sites\/117\/2024\/08\/Tilbud_Vaktmestertjenesten_04.jpg 2560w, https:\/\/kirkensbymisjon.no\/content\/uploads\/sites\/117\/2024\/08\/Tilbud_Vaktmestertjenesten_04-300x200.jpg 300w, https:\/\/kirkensbymisjon.no\/content\/uploads\/sites\/117\/2024\/08\/Tilbud_Vaktmestertjenesten_04-1024x683.jpg 1024w, https:\/\/kirkensbymisjon.no\/content\/uploads\/sites\/117\/2024\/08\/Tilbud_Vaktmestertjenesten_04-768x512.jpg 768w, https:\/\/kirkensbymisjon.no\/content\/uploads\/sites\/117\/2024\/08\/Tilbud_Vaktmestertjenesten_04-1536x1024.jpg 1536w, https:\/\/kirkensbymisjon.no\/content\/uploads\/sites\/117\/2024\/08\/Tilbud_Vaktmestertjenesten_04-2048x1366.jpg 2048w\" sizes=\"auto, (max-width: 2560px) 100vw, 2560px\" \/><\/figure>\n\n\n\n<blockquote class=\"wp-block-quote is-layout-flow wp-block-quote-is-layout-flow\">\n<p>Jeg bruker Vaktmestertjenesten fordi jeg har v\u00e6rt s\u00e5 forn\u00f8yd i mange \u00e5r. De kommer alltid n\u00e5r jeg trenger hjelp. De er s\u00e5 effektive og flinke, i tillegg s\u00e5 er de veldig hyggelige. Hva annet kan jeg forlange da?<\/p>\n<cite>Leiv Ulvin, privat kunde<\/cite><\/blockquote>\n","protected":false},"excerpt":{"rendered":"<p>Vaktmestertjenesten er et lavterskel arbeidstiltak. Tilbudet er for mennesker med ulike former for arbeidsavklaring, som&hellip;<\/p>\n","protected":false},"author":5,"featured_media":0,"parent":0,"menu_order":0,"comment_status":"closed","ping_status":"closed","template":"","meta":{"_relevanssi_hide_post":"","_relevanssi_hide_content":"","_relevanssi_pin_for_all":"","_relevanssi_pin_keywords":"","_relevanssi_unpin_keywords":"","_relevanssi_related_keywords":"","_relevanssi_related_include_ids":"","_relevanssi_related_exclude_ids":"","_relevanssi_related_no_append":"","_relevanssi_related_not_related":"","_relevanssi_related_posts":"1","_relevanssi_noindex_reason":"","editor_notices":[],"footnotes":""},"class_list":["post-10","page","type-page","status-publish","hentry"],"yoast_head":"<!-- This site is optimized with the Yoast SEO Premium plugin v27.2 (Yoast SEO v27.2) - https:\/\/yoast.com\/product\/yoast-seo-premium-wordpress\/ -->\n<title>Om vaktmestertjenesten - Vaktmestertjenesten<\/title>\n<meta name=\"robots\" content=\"index, follow, max-snippet:-1, max-image-preview:large, max-video-preview:-1\" \/>\n<link rel=\"canonical\" href=\"https:\/\/kirkensbymisjon.no\/tilbud-vaktmestertjenesten\/om-vaktmestertjenesten\/\" \/>\n<meta property=\"og:locale\" content=\"nb_NO\" \/>\n<meta property=\"og:type\" content=\"article\" \/>\n<meta property=\"og:title\" content=\"Om vaktmestertjenesten\" \/>\n<meta property=\"og:description\" content=\"Vaktmestertjenesten er et lavterskel arbeidstiltak. Tilbudet er for mennesker med ulike former for arbeidsavklaring, som&hellip;\" \/>\n<meta property=\"og:url\" content=\"https:\/\/kirkensbymisjon.no\/tilbud-vaktmestertjenesten\/om-vaktmestertjenesten\/\" \/>\n<meta property=\"og:site_name\" content=\"Vaktmestertjenesten\" \/>\n<meta property=\"article:modified_time\" content=\"2026-03-16T09:19:37+00:00\" \/>\n<meta property=\"og:image\" content=\"https:\/\/kirkensbymisjon.no\/content\/uploads\/sites\/117\/2024\/08\/Tilbud_Vaktmestertjenesten_04.jpg\" \/>\n\t<meta property=\"og:image:width\" content=\"2560\" \/>\n\t<meta property=\"og:image:height\" content=\"1707\" \/>\n\t<meta property=\"og:image:type\" content=\"image\/jpeg\" \/>\n<meta name=\"twitter:card\" content=\"summary_large_image\" \/>\n<meta name=\"twitter:label1\" content=\"Ansl. lesetid\" \/>\n\t<meta name=\"twitter:data1\" content=\"3 minutter\" \/>\n<script type=\"application\/ld+json\" class=\"yoast-schema-graph\">{\"@context\":\"https:\/\/schema.org\",\"@graph\":[{\"@type\":\"WebPage\",\"@id\":\"https:\/\/kirkensbymisjon.no\/tilbud-vaktmestertjenesten\/om-vaktmestertjenesten\/\",\"url\":\"https:\/\/kirkensbymisjon.no\/tilbud-vaktmestertjenesten\/om-vaktmestertjenesten\/\",\"name\":\"Om vaktmestertjenesten - Vaktmestertjenesten\",\"isPartOf\":{\"@id\":\"https:\/\/kirkensbymisjon.no\/tilbud-vaktmestertjenesten\/#website\"},\"primaryImageOfPage\":{\"@id\":\"https:\/\/kirkensbymisjon.no\/tilbud-vaktmestertjenesten\/om-vaktmestertjenesten\/#primaryimage\"},\"image\":{\"@id\":\"https:\/\/kirkensbymisjon.no\/tilbud-vaktmestertjenesten\/om-vaktmestertjenesten\/#primaryimage\"},\"thumbnailUrl\":\"https:\/\/kirkensbymisjon.no\/content\/uploads\/sites\/117\/2024\/08\/Tilbud_Vaktmestertjenesten_04.jpg\",\"datePublished\":\"2024-08-10T12:56:02+00:00\",\"dateModified\":\"2026-03-16T09:19:37+00:00\",\"breadcrumb\":{\"@id\":\"https:\/\/kirkensbymisjon.no\/tilbud-vaktmestertjenesten\/om-vaktmestertjenesten\/#breadcrumb\"},\"inLanguage\":\"nb-NO\",\"potentialAction\":[{\"@type\":\"ReadAction\",\"target\":[\"https:\/\/kirkensbymisjon.no\/tilbud-vaktmestertjenesten\/om-vaktmestertjenesten\/\"]}]},{\"@type\":\"ImageObject\",\"inLanguage\":\"nb-NO\",\"@id\":\"https:\/\/kirkensbymisjon.no\/tilbud-vaktmestertjenesten\/om-vaktmestertjenesten\/#primaryimage\",\"url\":\"https:\/\/kirkensbymisjon.no\/content\/uploads\/sites\/117\/2024\/08\/Tilbud_Vaktmestertjenesten_04.jpg\",\"contentUrl\":\"https:\/\/kirkensbymisjon.no\/content\/uploads\/sites\/117\/2024\/08\/Tilbud_Vaktmestertjenesten_04.jpg\"},{\"@type\":\"BreadcrumbList\",\"@id\":\"https:\/\/kirkensbymisjon.no\/tilbud-vaktmestertjenesten\/om-vaktmestertjenesten\/#breadcrumb\",\"itemListElement\":[{\"@type\":\"ListItem\",\"position\":1,\"name\":\"Hjem\",\"item\":\"https:\/\/kirkensbymisjon.no\/tilbud-vaktmestertjenesten\/\"},{\"@type\":\"ListItem\",\"position\":2,\"name\":\"Om vaktmestertjenesten\"}]},{\"@type\":\"WebSite\",\"@id\":\"https:\/\/kirkensbymisjon.no\/tilbud-vaktmestertjenesten\/#website\",\"url\":\"https:\/\/kirkensbymisjon.no\/tilbud-vaktmestertjenesten\/\",\"name\":\"Vaktmestertjenesten\",\"description\":\"\",\"potentialAction\":[{\"@type\":\"SearchAction\",\"target\":{\"@type\":\"EntryPoint\",\"urlTemplate\":\"https:\/\/kirkensbymisjon.no\/tilbud-vaktmestertjenesten\/?s={search_term_string}\"},\"query-input\":{\"@type\":\"PropertyValueSpecification\",\"valueRequired\":true,\"valueName\":\"search_term_string\"}}],\"inLanguage\":\"nb-NO\"}]}<\/script>\n<!-- \/ Yoast SEO Premium plugin. -->","yoast_head_json":{"title":"Om vaktmestertjenesten - Vaktmestertjenesten","robots":{"index":"index","follow":"follow","max-snippet":"max-snippet:-1","max-image-preview":"max-image-preview:large","max-video-preview":"max-video-preview:-1"},"canonical":"https:\/\/kirkensbymisjon.no\/tilbud-vaktmestertjenesten\/om-vaktmestertjenesten\/","og_locale":"nb_NO","og_type":"article","og_title":"Om vaktmestertjenesten","og_description":"Vaktmestertjenesten er et lavterskel arbeidstiltak. Tilbudet er for mennesker med ulike former for arbeidsavklaring, som&hellip;","og_url":"https:\/\/kirkensbymisjon.no\/tilbud-vaktmestertjenesten\/om-vaktmestertjenesten\/","og_site_name":"Vaktmestertjenesten","article_modified_time":"2026-03-16T09:19:37+00:00","og_image":[{"width":2560,"height":1707,"url":"https:\/\/kirkensbymisjon.no\/content\/uploads\/sites\/117\/2024\/08\/Tilbud_Vaktmestertjenesten_04.jpg","type":"image\/jpeg"}],"twitter_card":"summary_large_image","twitter_misc":{"Ansl. lesetid":"3 minutter"},"schema":{"@context":"https:\/\/schema.org","@graph":[{"@type":"WebPage","@id":"https:\/\/kirkensbymisjon.no\/tilbud-vaktmestertjenesten\/om-vaktmestertjenesten\/","url":"https:\/\/kirkensbymisjon.no\/tilbud-vaktmestertjenesten\/om-vaktmestertjenesten\/","name":"Om vaktmestertjenesten - Vaktmestertjenesten","isPartOf":{"@id":"https:\/\/kirkensbymisjon.no\/tilbud-vaktmestertjenesten\/#website"},"primaryImageOfPage":{"@id":"https:\/\/kirkensbymisjon.no\/tilbud-vaktmestertjenesten\/om-vaktmestertjenesten\/#primaryimage"},"image":{"@id":"https:\/\/kirkensbymisjon.no\/tilbud-vaktmestertjenesten\/om-vaktmestertjenesten\/#primaryimage"},"thumbnailUrl":"https:\/\/kirkensbymisjon.no\/content\/uploads\/sites\/117\/2024\/08\/Tilbud_Vaktmestertjenesten_04.jpg","datePublished":"2024-08-10T12:56:02+00:00","dateModified":"2026-03-16T09:19:37+00:00","breadcrumb":{"@id":"https:\/\/kirkensbymisjon.no\/tilbud-vaktmestertjenesten\/om-vaktmestertjenesten\/#breadcrumb"},"inLanguage":"nb-NO","potentialAction":[{"@type":"ReadAction","target":["https:\/\/kirkensbymisjon.no\/tilbud-vaktmestertjenesten\/om-vaktmestertjenesten\/"]}]},{"@type":"ImageObject","inLanguage":"nb-NO","@id":"https:\/\/kirkensbymisjon.no\/tilbud-vaktmestertjenesten\/om-vaktmestertjenesten\/#primaryimage","url":"https:\/\/kirkensbymisjon.no\/content\/uploads\/sites\/117\/2024\/08\/Tilbud_Vaktmestertjenesten_04.jpg","contentUrl":"https:\/\/kirkensbymisjon.no\/content\/uploads\/sites\/117\/2024\/08\/Tilbud_Vaktmestertjenesten_04.jpg"},{"@type":"BreadcrumbList","@id":"https:\/\/kirkensbymisjon.no\/tilbud-vaktmestertjenesten\/om-vaktmestertjenesten\/#breadcrumb","itemListElement":[{"@type":"ListItem","position":1,"name":"Hjem","item":"https:\/\/kirkensbymisjon.no\/tilbud-vaktmestertjenesten\/"},{"@type":"ListItem","position":2,"name":"Om vaktmestertjenesten"}]},{"@type":"WebSite","@id":"https:\/\/kirkensbymisjon.no\/tilbud-vaktmestertjenesten\/#website","url":"https:\/\/kirkensbymisjon.no\/tilbud-vaktmestertjenesten\/","name":"Vaktmestertjenesten","description":"","potentialAction":[{"@type":"SearchAction","target":{"@type":"EntryPoint","urlTemplate":"https:\/\/kirkensbymisjon.no\/tilbud-vaktmestertjenesten\/?s={search_term_string}"},"query-input":{"@type":"PropertyValueSpecification","valueRequired":true,"valueName":"search_term_string"}}],"inLanguage":"nb-NO"}]}},"_links":{"self":[{"href":"https:\/\/kirkensbymisjon.no\/tilbud-vaktmestertjenesten\/wp-json\/wp\/v2\/pages\/10","targetHints":{"allow":["GET"]}}],"collection":[{"href":"https:\/\/kirkensbymisjon.no\/tilbud-vaktmestertjenesten\/wp-json\/wp\/v2\/pages"}],"about":[{"href":"https:\/\/kirkensbymisjon.no\/tilbud-vaktmestertjenesten\/wp-json\/wp\/v2\/types\/page"}],"author":[{"embeddable":true,"href":"https:\/\/kirkensbymisjon.no\/tilbud-vaktmestertjenesten\/wp-json\/wp\/v2\/users\/5"}],"replies":[{"embeddable":true,"href":"https:\/\/kirkensbymisjon.no\/tilbud-vaktmestertjenesten\/wp-json\/wp\/v2\/comments?post=10"}],"version-history":[{"count":5,"href":"https:\/\/kirkensbymisjon.no\/tilbud-vaktmestertjenesten\/wp-json\/wp\/v2\/pages\/10\/revisions"}],"predecessor-version":[{"id":234,"href":"https:\/\/kirkensbymisjon.no\/tilbud-vaktmestertjenesten\/wp-json\/wp\/v2\/pages\/10\/revisions\/234"}],"wp:attachment":[{"href":"https:\/\/kirkensbymisjon.no\/tilbud-vaktmestertjenesten\/wp-json\/wp\/v2\/media?parent=10"}],"curies":[{"name":"wp","href":"https:\/\/api.w.org\/{rel}","templated":true}]}}