{"id":12,"date":"2024-08-10T14:56:12","date_gmt":"2024-08-10T12:56:12","guid":{"rendered":"https:\/\/kirkensbymisjon.no\/tilbud-vaktmestertjenesten\/?page_id=12"},"modified":"2025-01-24T11:09:39","modified_gmt":"2025-01-24T10:09:39","slug":"priser","status":"publish","type":"page","link":"https:\/\/kirkensbymisjon.no\/tilbud-vaktmestertjenesten\/priser\/","title":{"rendered":"Priser"},"content":{"rendered":"\n<h2 class=\"wp-block-heading\" id=\"h-finn-priser-og-bestilling-for-ditt-omrade\">Finn priser og bestilling for ditt omr\u00e5de<\/h2>\n\n\n<div class=\"t2-accordion wp-block-t2-accordion\" data-allow-multiple=\"1\" role=\"list\">\n<div class=\"t2-accordion-item wp-block-t2-accordion-item\" role=\"listitem\">\n\t\t\t<h2 class=\"t2-accordion-title\">\n\t\t\t\t<button type=\"button\" class=\"t2-accordion-trigger\" id=\"vaktmestertjenesten,-drammen\" aria-controls=\"accordion-panel\" aria-expanded=\"false\">\n\t\t\t\t\tVaktmestertjenesten, Drammen\n\t\t\t\t\t<span class=\"t2-accordion-icon is-closed-icon\"><svg xmlns=\"http:\/\/www.w3.org\/2000\/svg\" viewBox=\"0 0 24 24\" height=\"24\" width=\"24\" class=\"t2-icon t2-icon-plus\" aria-hidden=\"true\" focusable=\"false\"><path d=\"M11.8 5.037a1.088 1.088 0 0 0-.722.566c-.075.148-.078.25-.078 2.772v2.619l-2.61.016c-1.867.012-2.652.03-2.756.064-.168.055-.438.301-.54.494-.049.092-.07.223-.07.432 0 .34.054.476.282.704.289.289.14.275 3.064.288l2.63.012v2.619c0 2.544.002 2.625.08 2.778.191.372.516.577.92.577s.729-.205.92-.577c.078-.153.08-.234.08-2.778v-2.619l2.63-.012c2.924-.013 2.775.001 3.064-.288.228-.228.282-.364.282-.704 0-.209-.021-.34-.07-.432-.102-.193-.372-.439-.54-.494-.104-.034-.889-.052-2.756-.064L13 10.994V8.375c0-2.522-.003-2.624-.078-2.772-.214-.418-.685-.656-1.122-.566\"\/><\/svg><\/span>\n\t\t\t\t\t<span class=\"t2-accordion-icon is-open-icon\"><svg xmlns=\"http:\/\/www.w3.org\/2000\/svg\" viewBox=\"0 0 24 24\" height=\"24\" width=\"24\" class=\"t2-icon t2-icon-chevronup\" aria-hidden=\"true\" focusable=\"false\"><path d=\"M6.7 14.7c-.2-.2-.3-.4-.3-.7s.1-.5.3-.7l4.6-4.6c.1-.1.2-.2.3-.2.1 0 .2-.1.4-.1.1 0 .3 0 .4.1.1 0 .2.1.3.2l4.6 4.6c.2.2.3.4.3.7s-.1.5-.3.7c-.2.2-.4.3-.7.3s-.5-.1-.7-.3L12 10.8l-3.9 3.9c-.2.2-.4.3-.7.3s-.5-.1-.7-.3z\" fill=\"currentColor\" \/><\/svg><\/span>\n\t\t\t\t<\/button>\n\t\t\t<\/h2>\n\t\t\t<div class=\"t2-accordion-item__inner-container is-layout-flow\" id=\"accordion-panel\" aria-labelledby=\"vaktmestertjenesten,-drammen\" role=\"region\" hidden>\n\t\t\t\t\n\n<p>Har du <strong><em>sp\u00f8rsm\u00e5l <\/em><\/strong>eller \u00f8nsker \u00e5 <strong><em>bestille oppdrag<\/em><\/strong>, ta kontakt p\u00e5 <br>telefon: 32 27 72 10 <br>e-post:&nbsp; <a href=\"mailto:vmt-drammen@bymisjon.no\">vmt-drammen@bymisjon.no<\/a><\/p>\n\n\n\n<p><strong>Timepriser p\u00e5 oppdrag<\/strong><\/p>\n\n\n\n<ul class=\"wp-block-list\">\n<li>Kr 895,- (inkl. mva.) for private.<\/li>\n\n\n\n<li>Kr 1119,- (inkl. mva.) for bedrifter.<\/li>\n<\/ul>\n\n\n\n<p><strong>Tillegg<\/strong><\/p>\n\n\n\n<ul class=\"wp-block-list\">\n<li>Transportutgifter tilkommer, og avtales p\u00e5 forh\u00e5nd.<\/li>\n\n\n\n<li>Kostnad knyttet til deponering avfall vil tilkomme.<\/li>\n<\/ul>\n\n\n\n<p><em>Ekstrautgifter vil fremkomme spesifisert p\u00e5 faktura<\/em>.<br><\/p>\n\n\n\t\t\t<\/div>\n\t\t<\/div>\n\n<div class=\"t2-accordion-item wp-block-t2-accordion-item\" role=\"listitem\">\n\t\t\t<h2 class=\"t2-accordion-title\">\n\t\t\t\t<button type=\"button\" class=\"t2-accordion-trigger\" id=\"vaktmestertjenesten,-h\u00f8nefoss\" aria-controls=\"accordion-panel-1\" aria-expanded=\"false\">\n\t\t\t\t\tVaktmestertjenesten, H\u00f8nefoss\n\t\t\t\t\t<span class=\"t2-accordion-icon is-closed-icon\"><svg xmlns=\"http:\/\/www.w3.org\/2000\/svg\" viewBox=\"0 0 24 24\" height=\"24\" width=\"24\" class=\"t2-icon t2-icon-plus\" aria-hidden=\"true\" focusable=\"false\"><path d=\"M11.8 5.037a1.088 1.088 0 0 0-.722.566c-.075.148-.078.25-.078 2.772v2.619l-2.61.016c-1.867.012-2.652.03-2.756.064-.168.055-.438.301-.54.494-.049.092-.07.223-.07.432 0 .34.054.476.282.704.289.289.14.275 3.064.288l2.63.012v2.619c0 2.544.002 2.625.08 2.778.191.372.516.577.92.577s.729-.205.92-.577c.078-.153.08-.234.08-2.778v-2.619l2.63-.012c2.924-.013 2.775.001 3.064-.288.228-.228.282-.364.282-.704 0-.209-.021-.34-.07-.432-.102-.193-.372-.439-.54-.494-.104-.034-.889-.052-2.756-.064L13 10.994V8.375c0-2.522-.003-2.624-.078-2.772-.214-.418-.685-.656-1.122-.566\"\/><\/svg><\/span>\n\t\t\t\t\t<span class=\"t2-accordion-icon is-open-icon\"><svg xmlns=\"http:\/\/www.w3.org\/2000\/svg\" viewBox=\"0 0 24 24\" height=\"24\" width=\"24\" class=\"t2-icon t2-icon-chevronup\" aria-hidden=\"true\" focusable=\"false\"><path d=\"M6.7 14.7c-.2-.2-.3-.4-.3-.7s.1-.5.3-.7l4.6-4.6c.1-.1.2-.2.3-.2.1 0 .2-.1.4-.1.1 0 .3 0 .4.1.1 0 .2.1.3.2l4.6 4.6c.2.2.3.4.3.7s-.1.5-.3.7c-.2.2-.4.3-.7.3s-.5-.1-.7-.3L12 10.8l-3.9 3.9c-.2.2-.4.3-.7.3s-.5-.1-.7-.3z\" fill=\"currentColor\" \/><\/svg><\/span>\n\t\t\t\t<\/button>\n\t\t\t<\/h2>\n\t\t\t<div class=\"t2-accordion-item__inner-container is-layout-flow\" id=\"accordion-panel-1\" aria-labelledby=\"vaktmestertjenesten,-h\u00f8nefoss\" role=\"region\" hidden>\n\t\t\t\t\n\n<p>Har du <strong><em>sp\u00f8rsm\u00e5l <\/em><\/strong>eller \u00f8nsker \u00e5 <strong><em>bestille oppdrag<\/em><\/strong>, ta kontakt p\u00e5 <br>telefon: 32 27 72 10 <br>e-post:&nbsp; <a href=\"mailto:vmt-honefoss@bymisjon.no\">vmt-honefoss@bymisjon.no<\/a><\/p>\n\n\n\n<p>Vi kan ogs\u00e5 skreddersy <strong><em>abonnementsordninger <\/em><\/strong>etter individuelle behov.<\/p>\n\n\n\n<p><strong>Timepriser p\u00e5 oppdrag<\/strong><br>Det beregnes minimum 1 time per oppdrag. <br>Det enkelte oppdrag faktureres fra avreise, Follum n\u00e6ringspark. Vaktmesterlag (arbeidsleder, frivillige og deltakere). <br>Transport er inkludert i timespris.<\/p>\n\n\n\n<ul class=\"wp-block-list\">\n<li>Kr 950 (inkl. mva.) \/time for privatkunder.<\/li>\n\n\n\n<li>Kr 950 (eks. mva.) \/time for bedriftskunder.<\/li>\n<\/ul>\n\n\n\n<p><strong>Avfallsh\u00e5ndtering\/innkj\u00f8p av utstyr til avtalt jobb<br><\/strong>Ved bortkj\u00f8ring av avfall eller innkj\u00f8p av forbruksmateriell, betaler kunden for dette i tillegg.<\/p>\n\n\n\t\t\t<\/div>\n\t\t<\/div>\n\n<div class=\"t2-accordion-item wp-block-t2-accordion-item\" role=\"listitem\">\n\t\t\t<h2 class=\"t2-accordion-title\">\n\t\t\t\t<button type=\"button\" class=\"t2-accordion-trigger\" id=\"vaktmestertjenesten,-kongsberg\" aria-controls=\"accordion-panel-2\" aria-expanded=\"false\">\n\t\t\t\t\tVaktmestertjenesten, Kongsberg\n\t\t\t\t\t<span class=\"t2-accordion-icon is-closed-icon\"><svg xmlns=\"http:\/\/www.w3.org\/2000\/svg\" viewBox=\"0 0 24 24\" height=\"24\" width=\"24\" class=\"t2-icon t2-icon-plus\" aria-hidden=\"true\" focusable=\"false\"><path d=\"M11.8 5.037a1.088 1.088 0 0 0-.722.566c-.075.148-.078.25-.078 2.772v2.619l-2.61.016c-1.867.012-2.652.03-2.756.064-.168.055-.438.301-.54.494-.049.092-.07.223-.07.432 0 .34.054.476.282.704.289.289.14.275 3.064.288l2.63.012v2.619c0 2.544.002 2.625.08 2.778.191.372.516.577.92.577s.729-.205.92-.577c.078-.153.08-.234.08-2.778v-2.619l2.63-.012c2.924-.013 2.775.001 3.064-.288.228-.228.282-.364.282-.704 0-.209-.021-.34-.07-.432-.102-.193-.372-.439-.54-.494-.104-.034-.889-.052-2.756-.064L13 10.994V8.375c0-2.522-.003-2.624-.078-2.772-.214-.418-.685-.656-1.122-.566\"\/><\/svg><\/span>\n\t\t\t\t\t<span class=\"t2-accordion-icon is-open-icon\"><svg xmlns=\"http:\/\/www.w3.org\/2000\/svg\" viewBox=\"0 0 24 24\" height=\"24\" width=\"24\" class=\"t2-icon t2-icon-chevronup\" aria-hidden=\"true\" focusable=\"false\"><path d=\"M6.7 14.7c-.2-.2-.3-.4-.3-.7s.1-.5.3-.7l4.6-4.6c.1-.1.2-.2.3-.2.1 0 .2-.1.4-.1.1 0 .3 0 .4.1.1 0 .2.1.3.2l4.6 4.6c.2.2.3.4.3.7s-.1.5-.3.7c-.2.2-.4.3-.7.3s-.5-.1-.7-.3L12 10.8l-3.9 3.9c-.2.2-.4.3-.7.3s-.5-.1-.7-.3z\" fill=\"currentColor\" \/><\/svg><\/span>\n\t\t\t\t<\/button>\n\t\t\t<\/h2>\n\t\t\t<div class=\"t2-accordion-item__inner-container is-layout-flow\" id=\"accordion-panel-2\" aria-labelledby=\"vaktmestertjenesten,-kongsberg\" role=\"region\" hidden>\n\t\t\t\t\n\n<p>Har du <strong><em>sp\u00f8rsm\u00e5l <\/em><\/strong>eller \u00f8nsker \u00e5 <strong><em>bestille oppdrag<\/em><\/strong>, ta kontakt p\u00e5 <br>telefon: 32 27 72 10 <br>e-post:&nbsp; <a href=\"mailto:vmt-honefoss@bymisjon.no\">vmt-kongsberg@bymisjon.no<\/a>  <a href=\"mailto:eskil.aasland@bymisjon.no\">eskil.aasland@bymisjon.no<\/a><\/p>\n\n\n\n<p><strong>Timepriser p\u00e5 oppdrag<\/strong><\/p>\n\n\n\n<ul class=\"wp-block-list\">\n<li>Kr 895,- (inkl. mva.) for private.<\/li>\n\n\n\n<li>Kr 1119,- (inkl. mva.) for bedrifter.<\/li>\n<\/ul>\n\n\n\n<p><strong>Tillegg<\/strong><\/p>\n\n\n\n<ul class=\"wp-block-list\">\n<li>Kr 300 for transport innenfor Kongsberg.<\/li>\n\n\n\n<li>Kr 500 for transport utenfor kommunegrensen. <br>Bompenger vil tilkomme p\u00e5 faktura.<\/li>\n<\/ul>\n\n\n\t\t\t<\/div>\n\t\t<\/div>\n<\/div>\n\n\n<figure class=\"wp-block-image size-full\"><img loading=\"lazy\" decoding=\"async\" width=\"2560\" height=\"1707\" src=\"https:\/\/kirkensbymisjon.no\/content\/uploads\/sites\/117\/2024\/08\/Tilbud_Vaktmestertjenesten_05.jpg\" alt=\"Medarbeider fra Vaktmestertjenesten\" class=\"wp-image-77\" srcset=\"https:\/\/kirkensbymisjon.no\/content\/uploads\/sites\/117\/2024\/08\/Tilbud_Vaktmestertjenesten_05.jpg 2560w, https:\/\/kirkensbymisjon.no\/content\/uploads\/sites\/117\/2024\/08\/Tilbud_Vaktmestertjenesten_05-300x200.jpg 300w, https:\/\/kirkensbymisjon.no\/content\/uploads\/sites\/117\/2024\/08\/Tilbud_Vaktmestertjenesten_05-1024x683.jpg 1024w, https:\/\/kirkensbymisjon.no\/content\/uploads\/sites\/117\/2024\/08\/Tilbud_Vaktmestertjenesten_05-768x512.jpg 768w, https:\/\/kirkensbymisjon.no\/content\/uploads\/sites\/117\/2024\/08\/Tilbud_Vaktmestertjenesten_05-1536x1024.jpg 1536w, https:\/\/kirkensbymisjon.no\/content\/uploads\/sites\/117\/2024\/08\/Tilbud_Vaktmestertjenesten_05-2048x1366.jpg 2048w\" sizes=\"auto, (max-width: 2560px) 100vw, 2560px\" \/><\/figure>\n\n\n\n<blockquote class=\"wp-block-quote is-layout-flow wp-block-quote-is-layout-flow\">\n<p>Det er viktig for alle \u00e5 ha noe \u00e5 g\u00e5 til, kunne bidra og f\u00f8le at de betyr noe. Vaktmestertjenesten til Kirkens Bymisjon er en slik arena. V\u00e5r erfaring med Vaktmestertjenesten er utelukkende positiv. Alltid raske og hyggelige og de holde det de lover. De strekker seg ogs\u00e5 langt, s\u00e5 ventetiden blir s\u00e5 kort som mulig.<\/p>\n<cite>Psykisk helse og rus, avd. BO7 i Drammen kommune<\/cite><\/blockquote>\n","protected":false},"excerpt":{"rendered":"<p>Finn priser og bestilling for ditt omr\u00e5de Det er viktig for alle \u00e5 ha noe&hellip;<\/p>\n","protected":false},"author":5,"featured_media":0,"parent":0,"menu_order":0,"comment_status":"closed","ping_status":"closed","template":"","meta":{"_relevanssi_hide_post":"","_relevanssi_hide_content":"","_relevanssi_pin_for_all":"","_relevanssi_pin_keywords":"","_relevanssi_unpin_keywords":"","_relevanssi_related_keywords":"","_relevanssi_related_include_ids":"","_relevanssi_related_exclude_ids":"","_relevanssi_related_no_append":"","_relevanssi_related_not_related":"","_relevanssi_related_posts":"1","_relevanssi_noindex_reason":"","editor_notices":[],"footnotes":""},"class_list":["post-12","page","type-page","status-publish","hentry"],"yoast_head":"<!-- This site is optimized with the Yoast SEO Premium plugin v27.2 (Yoast SEO v27.2) - https:\/\/yoast.com\/product\/yoast-seo-premium-wordpress\/ -->\n<title>Priser - Vaktmestertjenesten<\/title>\n<meta name=\"robots\" content=\"index, follow, max-snippet:-1, max-image-preview:large, max-video-preview:-1\" \/>\n<link rel=\"canonical\" href=\"https:\/\/kirkensbymisjon.no\/tilbud-vaktmestertjenesten\/priser\/\" \/>\n<meta property=\"og:locale\" content=\"nb_NO\" \/>\n<meta property=\"og:type\" content=\"article\" \/>\n<meta property=\"og:title\" content=\"Priser\" \/>\n<meta property=\"og:description\" content=\"Finn priser og bestilling for ditt omr\u00e5de Det er viktig for alle \u00e5 ha noe&hellip;\" \/>\n<meta property=\"og:url\" content=\"https:\/\/kirkensbymisjon.no\/tilbud-vaktmestertjenesten\/priser\/\" \/>\n<meta property=\"og:site_name\" content=\"Vaktmestertjenesten\" \/>\n<meta property=\"article:modified_time\" content=\"2025-01-24T10:09:39+00:00\" \/>\n<meta property=\"og:image\" content=\"https:\/\/kirkensbymisjon.no\/content\/uploads\/sites\/117\/2024\/08\/Tilbud_Vaktmestertjenesten_05.jpg\" \/>\n\t<meta property=\"og:image:width\" content=\"2560\" \/>\n\t<meta property=\"og:image:height\" content=\"1707\" \/>\n\t<meta property=\"og:image:type\" content=\"image\/jpeg\" \/>\n<meta name=\"twitter:card\" content=\"summary_large_image\" \/>\n<meta name=\"twitter:label1\" content=\"Ansl. lesetid\" \/>\n\t<meta name=\"twitter:data1\" content=\"2 minutter\" \/>\n<script type=\"application\/ld+json\" class=\"yoast-schema-graph\">{\"@context\":\"https:\/\/schema.org\",\"@graph\":[{\"@type\":\"WebPage\",\"@id\":\"https:\/\/kirkensbymisjon.no\/tilbud-vaktmestertjenesten\/priser\/\",\"url\":\"https:\/\/kirkensbymisjon.no\/tilbud-vaktmestertjenesten\/priser\/\",\"name\":\"Priser - Vaktmestertjenesten\",\"isPartOf\":{\"@id\":\"https:\/\/kirkensbymisjon.no\/tilbud-vaktmestertjenesten\/#website\"},\"primaryImageOfPage\":{\"@id\":\"https:\/\/kirkensbymisjon.no\/tilbud-vaktmestertjenesten\/priser\/#primaryimage\"},\"image\":{\"@id\":\"https:\/\/kirkensbymisjon.no\/tilbud-vaktmestertjenesten\/priser\/#primaryimage\"},\"thumbnailUrl\":\"https:\/\/kirkensbymisjon.no\/content\/uploads\/sites\/117\/2024\/08\/Tilbud_Vaktmestertjenesten_05.jpg\",\"datePublished\":\"2024-08-10T12:56:12+00:00\",\"dateModified\":\"2025-01-24T10:09:39+00:00\",\"breadcrumb\":{\"@id\":\"https:\/\/kirkensbymisjon.no\/tilbud-vaktmestertjenesten\/priser\/#breadcrumb\"},\"inLanguage\":\"nb-NO\",\"potentialAction\":[{\"@type\":\"ReadAction\",\"target\":[\"https:\/\/kirkensbymisjon.no\/tilbud-vaktmestertjenesten\/priser\/\"]}]},{\"@type\":\"ImageObject\",\"inLanguage\":\"nb-NO\",\"@id\":\"https:\/\/kirkensbymisjon.no\/tilbud-vaktmestertjenesten\/priser\/#primaryimage\",\"url\":\"https:\/\/kirkensbymisjon.no\/content\/uploads\/sites\/117\/2024\/08\/Tilbud_Vaktmestertjenesten_05.jpg\",\"contentUrl\":\"https:\/\/kirkensbymisjon.no\/content\/uploads\/sites\/117\/2024\/08\/Tilbud_Vaktmestertjenesten_05.jpg\"},{\"@type\":\"BreadcrumbList\",\"@id\":\"https:\/\/kirkensbymisjon.no\/tilbud-vaktmestertjenesten\/priser\/#breadcrumb\",\"itemListElement\":[{\"@type\":\"ListItem\",\"position\":1,\"name\":\"Hjem\",\"item\":\"https:\/\/kirkensbymisjon.no\/tilbud-vaktmestertjenesten\/\"},{\"@type\":\"ListItem\",\"position\":2,\"name\":\"Priser\"}]},{\"@type\":\"WebSite\",\"@id\":\"https:\/\/kirkensbymisjon.no\/tilbud-vaktmestertjenesten\/#website\",\"url\":\"https:\/\/kirkensbymisjon.no\/tilbud-vaktmestertjenesten\/\",\"name\":\"Vaktmestertjenesten\",\"description\":\"\",\"potentialAction\":[{\"@type\":\"SearchAction\",\"target\":{\"@type\":\"EntryPoint\",\"urlTemplate\":\"https:\/\/kirkensbymisjon.no\/tilbud-vaktmestertjenesten\/?s={search_term_string}\"},\"query-input\":{\"@type\":\"PropertyValueSpecification\",\"valueRequired\":true,\"valueName\":\"search_term_string\"}}],\"inLanguage\":\"nb-NO\"}]}<\/script>\n<!-- \/ Yoast SEO Premium plugin. -->","yoast_head_json":{"title":"Priser - Vaktmestertjenesten","robots":{"index":"index","follow":"follow","max-snippet":"max-snippet:-1","max-image-preview":"max-image-preview:large","max-video-preview":"max-video-preview:-1"},"canonical":"https:\/\/kirkensbymisjon.no\/tilbud-vaktmestertjenesten\/priser\/","og_locale":"nb_NO","og_type":"article","og_title":"Priser","og_description":"Finn priser og bestilling for ditt omr\u00e5de Det er viktig for alle \u00e5 ha noe&hellip;","og_url":"https:\/\/kirkensbymisjon.no\/tilbud-vaktmestertjenesten\/priser\/","og_site_name":"Vaktmestertjenesten","article_modified_time":"2025-01-24T10:09:39+00:00","og_image":[{"width":2560,"height":1707,"url":"https:\/\/kirkensbymisjon.no\/content\/uploads\/sites\/117\/2024\/08\/Tilbud_Vaktmestertjenesten_05.jpg","type":"image\/jpeg"}],"twitter_card":"summary_large_image","twitter_misc":{"Ansl. lesetid":"2 minutter"},"schema":{"@context":"https:\/\/schema.org","@graph":[{"@type":"WebPage","@id":"https:\/\/kirkensbymisjon.no\/tilbud-vaktmestertjenesten\/priser\/","url":"https:\/\/kirkensbymisjon.no\/tilbud-vaktmestertjenesten\/priser\/","name":"Priser - Vaktmestertjenesten","isPartOf":{"@id":"https:\/\/kirkensbymisjon.no\/tilbud-vaktmestertjenesten\/#website"},"primaryImageOfPage":{"@id":"https:\/\/kirkensbymisjon.no\/tilbud-vaktmestertjenesten\/priser\/#primaryimage"},"image":{"@id":"https:\/\/kirkensbymisjon.no\/tilbud-vaktmestertjenesten\/priser\/#primaryimage"},"thumbnailUrl":"https:\/\/kirkensbymisjon.no\/content\/uploads\/sites\/117\/2024\/08\/Tilbud_Vaktmestertjenesten_05.jpg","datePublished":"2024-08-10T12:56:12+00:00","dateModified":"2025-01-24T10:09:39+00:00","breadcrumb":{"@id":"https:\/\/kirkensbymisjon.no\/tilbud-vaktmestertjenesten\/priser\/#breadcrumb"},"inLanguage":"nb-NO","potentialAction":[{"@type":"ReadAction","target":["https:\/\/kirkensbymisjon.no\/tilbud-vaktmestertjenesten\/priser\/"]}]},{"@type":"ImageObject","inLanguage":"nb-NO","@id":"https:\/\/kirkensbymisjon.no\/tilbud-vaktmestertjenesten\/priser\/#primaryimage","url":"https:\/\/kirkensbymisjon.no\/content\/uploads\/sites\/117\/2024\/08\/Tilbud_Vaktmestertjenesten_05.jpg","contentUrl":"https:\/\/kirkensbymisjon.no\/content\/uploads\/sites\/117\/2024\/08\/Tilbud_Vaktmestertjenesten_05.jpg"},{"@type":"BreadcrumbList","@id":"https:\/\/kirkensbymisjon.no\/tilbud-vaktmestertjenesten\/priser\/#breadcrumb","itemListElement":[{"@type":"ListItem","position":1,"name":"Hjem","item":"https:\/\/kirkensbymisjon.no\/tilbud-vaktmestertjenesten\/"},{"@type":"ListItem","position":2,"name":"Priser"}]},{"@type":"WebSite","@id":"https:\/\/kirkensbymisjon.no\/tilbud-vaktmestertjenesten\/#website","url":"https:\/\/kirkensbymisjon.no\/tilbud-vaktmestertjenesten\/","name":"Vaktmestertjenesten","description":"","potentialAction":[{"@type":"SearchAction","target":{"@type":"EntryPoint","urlTemplate":"https:\/\/kirkensbymisjon.no\/tilbud-vaktmestertjenesten\/?s={search_term_string}"},"query-input":{"@type":"PropertyValueSpecification","valueRequired":true,"valueName":"search_term_string"}}],"inLanguage":"nb-NO"}]}},"_links":{"self":[{"href":"https:\/\/kirkensbymisjon.no\/tilbud-vaktmestertjenesten\/wp-json\/wp\/v2\/pages\/12","targetHints":{"allow":["GET"]}}],"collection":[{"href":"https:\/\/kirkensbymisjon.no\/tilbud-vaktmestertjenesten\/wp-json\/wp\/v2\/pages"}],"about":[{"href":"https:\/\/kirkensbymisjon.no\/tilbud-vaktmestertjenesten\/wp-json\/wp\/v2\/types\/page"}],"author":[{"embeddable":true,"href":"https:\/\/kirkensbymisjon.no\/tilbud-vaktmestertjenesten\/wp-json\/wp\/v2\/users\/5"}],"replies":[{"embeddable":true,"href":"https:\/\/kirkensbymisjon.no\/tilbud-vaktmestertjenesten\/wp-json\/wp\/v2\/comments?post=12"}],"version-history":[{"count":4,"href":"https:\/\/kirkensbymisjon.no\/tilbud-vaktmestertjenesten\/wp-json\/wp\/v2\/pages\/12\/revisions"}],"predecessor-version":[{"id":223,"href":"https:\/\/kirkensbymisjon.no\/tilbud-vaktmestertjenesten\/wp-json\/wp\/v2\/pages\/12\/revisions\/223"}],"wp:attachment":[{"href":"https:\/\/kirkensbymisjon.no\/tilbud-vaktmestertjenesten\/wp-json\/wp\/v2\/media?parent=12"}],"curies":[{"name":"wp","href":"https:\/\/api.w.org\/{rel}","templated":true}]}}