{"id":14,"date":"2024-08-10T14:56:31","date_gmt":"2024-08-10T12:56:31","guid":{"rendered":"https:\/\/kirkensbymisjon.no\/tilbud-vaktmestertjenesten\/?page_id=14"},"modified":"2024-11-05T12:04:43","modified_gmt":"2024-11-05T11:04:43","slug":"jobbe-hos-oss","status":"publish","type":"page","link":"https:\/\/kirkensbymisjon.no\/tilbud-vaktmestertjenesten\/jobbe-hos-oss\/","title":{"rendered":"Jobbe hos oss?"},"content":{"rendered":"\n<h2 class=\"wp-block-heading\" id=\"h-kunne-du-tenke-deg-a-jobbe-hos-oss\">Kunne du tenke deg \u00e5 jobbe hos oss?<\/h2>\n\n\n\n<p>Eller kjenner du noen som vil jobbe hos oss? <br>Under finner du de vanligste sp\u00f8rsm\u00e5lene vi f\u00e5r om det \u00e5 bli deltaker hos <strong>Vaktmestertjenesten<\/strong>.<\/p>\n\n\n\n<figure class=\"wp-block-image size-full\"><img loading=\"lazy\" decoding=\"async\" width=\"2560\" height=\"1707\" src=\"https:\/\/kirkensbymisjon.no\/content\/uploads\/sites\/117\/2024\/08\/Tilbud_Vaktmestertjenesten_06.jpg\" alt=\"Medarbeider fra Vaktmestertjenesten\" class=\"wp-image-78\" srcset=\"https:\/\/kirkensbymisjon.no\/content\/uploads\/sites\/117\/2024\/08\/Tilbud_Vaktmestertjenesten_06.jpg 2560w, https:\/\/kirkensbymisjon.no\/content\/uploads\/sites\/117\/2024\/08\/Tilbud_Vaktmestertjenesten_06-300x200.jpg 300w, https:\/\/kirkensbymisjon.no\/content\/uploads\/sites\/117\/2024\/08\/Tilbud_Vaktmestertjenesten_06-1024x683.jpg 1024w, https:\/\/kirkensbymisjon.no\/content\/uploads\/sites\/117\/2024\/08\/Tilbud_Vaktmestertjenesten_06-768x512.jpg 768w, https:\/\/kirkensbymisjon.no\/content\/uploads\/sites\/117\/2024\/08\/Tilbud_Vaktmestertjenesten_06-1536x1024.jpg 1536w, https:\/\/kirkensbymisjon.no\/content\/uploads\/sites\/117\/2024\/08\/Tilbud_Vaktmestertjenesten_06-2048x1366.jpg 2048w\" sizes=\"auto, (max-width: 2560px) 100vw, 2560px\" \/><\/figure>\n\n\n<div class=\"t2-accordion wp-block-t2-accordion\" data-allow-multiple=\"1\" role=\"list\">\n<div class=\"t2-accordion-item wp-block-t2-accordion-item\" role=\"listitem\">\n\t\t\t<h2 class=\"t2-accordion-title\">\n\t\t\t\t<button type=\"button\" class=\"t2-accordion-trigger\" id=\"hvem-kan-jeg-henvende-meg-til-for-\u00e5-jobbe-hos-dere?\" aria-controls=\"accordion-panel\" aria-expanded=\"false\">\n\t\t\t\t\tHvem kan jeg henvende meg til for \u00e5 jobbe hos dere?\n\t\t\t\t\t<span class=\"t2-accordion-icon is-closed-icon\"><svg xmlns=\"http:\/\/www.w3.org\/2000\/svg\" viewBox=\"0 0 24 24\" height=\"24\" width=\"24\" class=\"t2-icon t2-icon-plus\" aria-hidden=\"true\" focusable=\"false\"><path d=\"M11.8 5.037a1.088 1.088 0 0 0-.722.566c-.075.148-.078.25-.078 2.772v2.619l-2.61.016c-1.867.012-2.652.03-2.756.064-.168.055-.438.301-.54.494-.049.092-.07.223-.07.432 0 .34.054.476.282.704.289.289.14.275 3.064.288l2.63.012v2.619c0 2.544.002 2.625.08 2.778.191.372.516.577.92.577s.729-.205.92-.577c.078-.153.08-.234.08-2.778v-2.619l2.63-.012c2.924-.013 2.775.001 3.064-.288.228-.228.282-.364.282-.704 0-.209-.021-.34-.07-.432-.102-.193-.372-.439-.54-.494-.104-.034-.889-.052-2.756-.064L13 10.994V8.375c0-2.522-.003-2.624-.078-2.772-.214-.418-.685-.656-1.122-.566\"\/><\/svg><\/span>\n\t\t\t\t\t<span class=\"t2-accordion-icon is-open-icon\"><svg xmlns=\"http:\/\/www.w3.org\/2000\/svg\" viewBox=\"0 0 24 24\" height=\"24\" width=\"24\" class=\"t2-icon t2-icon-chevronup\" aria-hidden=\"true\" focusable=\"false\"><path d=\"M6.7 14.7c-.2-.2-.3-.4-.3-.7s.1-.5.3-.7l4.6-4.6c.1-.1.2-.2.3-.2.1 0 .2-.1.4-.1.1 0 .3 0 .4.1.1 0 .2.1.3.2l4.6 4.6c.2.2.3.4.3.7s-.1.5-.3.7c-.2.2-.4.3-.7.3s-.5-.1-.7-.3L12 10.8l-3.9 3.9c-.2.2-.4.3-.7.3s-.5-.1-.7-.3z\" fill=\"currentColor\" \/><\/svg><\/span>\n\t\t\t\t<\/button>\n\t\t\t<\/h2>\n\t\t\t<div class=\"t2-accordion-item__inner-container is-layout-flow\" id=\"accordion-panel\" aria-labelledby=\"hvem-kan-jeg-henvende-meg-til-for-\u00e5-jobbe-hos-dere?\" role=\"region\" hidden>\n\t\t\t\t\n\n<p>Kom gjerne innom oss for en samtale, eller <a href=\"https:\/\/kirkensbymisjon.no\/tilbud-vaktmestertjenesten\/kontaktinformasjon\/\">ta kontakt<\/a> p\u00e5 e-post eller telefon.<\/p>\n\n\n\n<p>Du kan ta kontakt selv,  eller du kan f\u00e5 en henvisning fra NAV, rustjenesten i kommunen eller fra psykisk helse.<\/p>\n\n\n\t\t\t<\/div>\n\t\t<\/div>\n\n<div class=\"t2-accordion-item wp-block-t2-accordion-item\" role=\"listitem\">\n\t\t\t<h2 class=\"t2-accordion-title\">\n\t\t\t\t<button type=\"button\" class=\"t2-accordion-trigger\" id=\"hva-kreves-av-meg-for-\u00e5-jobbe-hos-dere?\" aria-controls=\"accordion-panel-1\" aria-expanded=\"false\">\n\t\t\t\t\tHva kreves av meg for \u00e5 jobbe hos dere?\n\t\t\t\t\t<span class=\"t2-accordion-icon is-closed-icon\"><svg xmlns=\"http:\/\/www.w3.org\/2000\/svg\" viewBox=\"0 0 24 24\" height=\"24\" width=\"24\" class=\"t2-icon t2-icon-plus\" aria-hidden=\"true\" focusable=\"false\"><path d=\"M11.8 5.037a1.088 1.088 0 0 0-.722.566c-.075.148-.078.25-.078 2.772v2.619l-2.61.016c-1.867.012-2.652.03-2.756.064-.168.055-.438.301-.54.494-.049.092-.07.223-.07.432 0 .34.054.476.282.704.289.289.14.275 3.064.288l2.63.012v2.619c0 2.544.002 2.625.08 2.778.191.372.516.577.92.577s.729-.205.92-.577c.078-.153.08-.234.08-2.778v-2.619l2.63-.012c2.924-.013 2.775.001 3.064-.288.228-.228.282-.364.282-.704 0-.209-.021-.34-.07-.432-.102-.193-.372-.439-.54-.494-.104-.034-.889-.052-2.756-.064L13 10.994V8.375c0-2.522-.003-2.624-.078-2.772-.214-.418-.685-.656-1.122-.566\"\/><\/svg><\/span>\n\t\t\t\t\t<span class=\"t2-accordion-icon is-open-icon\"><svg xmlns=\"http:\/\/www.w3.org\/2000\/svg\" viewBox=\"0 0 24 24\" height=\"24\" width=\"24\" class=\"t2-icon t2-icon-chevronup\" aria-hidden=\"true\" focusable=\"false\"><path d=\"M6.7 14.7c-.2-.2-.3-.4-.3-.7s.1-.5.3-.7l4.6-4.6c.1-.1.2-.2.3-.2.1 0 .2-.1.4-.1.1 0 .3 0 .4.1.1 0 .2.1.3.2l4.6 4.6c.2.2.3.4.3.7s-.1.5-.3.7c-.2.2-.4.3-.7.3s-.5-.1-.7-.3L12 10.8l-3.9 3.9c-.2.2-.4.3-.7.3s-.5-.1-.7-.3z\" fill=\"currentColor\" \/><\/svg><\/span>\n\t\t\t\t<\/button>\n\t\t\t<\/h2>\n\t\t\t<div class=\"t2-accordion-item__inner-container is-layout-flow\" id=\"accordion-panel-1\" aria-labelledby=\"hva-kreves-av-meg-for-\u00e5-jobbe-hos-dere?\" role=\"region\" hidden>\n\t\t\t\t\n\n<p>Vi mener at alle har noe \u00e5 bidra med. Derfor har vi ingen krav til at du skal ha noen spesiell kompetanse. Men fordi vi er et rusfritt tilbud, krever vi av alle v\u00e5re deltakere at de er rusfrie n\u00e5r de er p\u00e5 jobb. Dette vil derfor kunne v\u00e6re en god start for deg dersom du akkurat har gjennomf\u00f8rt soning eller rusbehandling.<\/p>\n\n\n\n<p>Det er heller ingen krav til norskkunnskaper for \u00e5 jobbe hos oss. Vi kan tilby muligheter for \u00e5 utvikle spr\u00e5ket i et raust, praksisn\u00e6rt og inkluderende milj\u00f8.<\/p>\n\n\n\t\t\t<\/div>\n\t\t<\/div>\n\n<div class=\"t2-accordion-item wp-block-t2-accordion-item\" role=\"listitem\">\n\t\t\t<h2 class=\"t2-accordion-title\">\n\t\t\t\t<button type=\"button\" class=\"t2-accordion-trigger\" id=\"hvor-ofte-skal-jeg-m\u00f8te-p\u00e5-jobb?\" aria-controls=\"accordion-panel-2\" aria-expanded=\"false\">\n\t\t\t\t\tHvor ofte skal jeg m\u00f8te p\u00e5 jobb?\n\t\t\t\t\t<span class=\"t2-accordion-icon is-closed-icon\"><svg xmlns=\"http:\/\/www.w3.org\/2000\/svg\" viewBox=\"0 0 24 24\" height=\"24\" width=\"24\" class=\"t2-icon t2-icon-plus\" aria-hidden=\"true\" focusable=\"false\"><path d=\"M11.8 5.037a1.088 1.088 0 0 0-.722.566c-.075.148-.078.25-.078 2.772v2.619l-2.61.016c-1.867.012-2.652.03-2.756.064-.168.055-.438.301-.54.494-.049.092-.07.223-.07.432 0 .34.054.476.282.704.289.289.14.275 3.064.288l2.63.012v2.619c0 2.544.002 2.625.08 2.778.191.372.516.577.92.577s.729-.205.92-.577c.078-.153.08-.234.08-2.778v-2.619l2.63-.012c2.924-.013 2.775.001 3.064-.288.228-.228.282-.364.282-.704 0-.209-.021-.34-.07-.432-.102-.193-.372-.439-.54-.494-.104-.034-.889-.052-2.756-.064L13 10.994V8.375c0-2.522-.003-2.624-.078-2.772-.214-.418-.685-.656-1.122-.566\"\/><\/svg><\/span>\n\t\t\t\t\t<span class=\"t2-accordion-icon is-open-icon\"><svg xmlns=\"http:\/\/www.w3.org\/2000\/svg\" viewBox=\"0 0 24 24\" height=\"24\" width=\"24\" class=\"t2-icon t2-icon-chevronup\" aria-hidden=\"true\" focusable=\"false\"><path d=\"M6.7 14.7c-.2-.2-.3-.4-.3-.7s.1-.5.3-.7l4.6-4.6c.1-.1.2-.2.3-.2.1 0 .2-.1.4-.1.1 0 .3 0 .4.1.1 0 .2.1.3.2l4.6 4.6c.2.2.3.4.3.7s-.1.5-.3.7c-.2.2-.4.3-.7.3s-.5-.1-.7-.3L12 10.8l-3.9 3.9c-.2.2-.4.3-.7.3s-.5-.1-.7-.3z\" fill=\"currentColor\" \/><\/svg><\/span>\n\t\t\t\t<\/button>\n\t\t\t<\/h2>\n\t\t\t<div class=\"t2-accordion-item__inner-container is-layout-flow\" id=\"accordion-panel-2\" aria-labelledby=\"hvor-ofte-skal-jeg-m\u00f8te-p\u00e5-jobb?\" role=\"region\" hidden>\n\t\t\t\t\n\n<p>Her kan du m\u00f8te fra 1\u20135 dager i uken. Dette tilrettelegges individuelt for den enkelte.<\/p>\n\n\n\t\t\t<\/div>\n\t\t<\/div>\n\n<div class=\"t2-accordion-item wp-block-t2-accordion-item\" role=\"listitem\">\n\t\t\t<h2 class=\"t2-accordion-title\">\n\t\t\t\t<button type=\"button\" class=\"t2-accordion-trigger\" id=\"serverer-dere-mat?\" aria-controls=\"accordion-panel-3\" aria-expanded=\"false\">\n\t\t\t\t\tServerer dere mat?\n\t\t\t\t\t<span class=\"t2-accordion-icon is-closed-icon\"><svg xmlns=\"http:\/\/www.w3.org\/2000\/svg\" viewBox=\"0 0 24 24\" height=\"24\" width=\"24\" class=\"t2-icon t2-icon-plus\" aria-hidden=\"true\" focusable=\"false\"><path d=\"M11.8 5.037a1.088 1.088 0 0 0-.722.566c-.075.148-.078.25-.078 2.772v2.619l-2.61.016c-1.867.012-2.652.03-2.756.064-.168.055-.438.301-.54.494-.049.092-.07.223-.07.432 0 .34.054.476.282.704.289.289.14.275 3.064.288l2.63.012v2.619c0 2.544.002 2.625.08 2.778.191.372.516.577.92.577s.729-.205.92-.577c.078-.153.08-.234.08-2.778v-2.619l2.63-.012c2.924-.013 2.775.001 3.064-.288.228-.228.282-.364.282-.704 0-.209-.021-.34-.07-.432-.102-.193-.372-.439-.54-.494-.104-.034-.889-.052-2.756-.064L13 10.994V8.375c0-2.522-.003-2.624-.078-2.772-.214-.418-.685-.656-1.122-.566\"\/><\/svg><\/span>\n\t\t\t\t\t<span class=\"t2-accordion-icon is-open-icon\"><svg xmlns=\"http:\/\/www.w3.org\/2000\/svg\" viewBox=\"0 0 24 24\" height=\"24\" width=\"24\" class=\"t2-icon t2-icon-chevronup\" aria-hidden=\"true\" focusable=\"false\"><path d=\"M6.7 14.7c-.2-.2-.3-.4-.3-.7s.1-.5.3-.7l4.6-4.6c.1-.1.2-.2.3-.2.1 0 .2-.1.4-.1.1 0 .3 0 .4.1.1 0 .2.1.3.2l4.6 4.6c.2.2.3.4.3.7s-.1.5-.3.7c-.2.2-.4.3-.7.3s-.5-.1-.7-.3L12 10.8l-3.9 3.9c-.2.2-.4.3-.7.3s-.5-.1-.7-.3z\" fill=\"currentColor\" \/><\/svg><\/span>\n\t\t\t\t<\/button>\n\t\t\t<\/h2>\n\t\t\t<div class=\"t2-accordion-item__inner-container is-layout-flow\" id=\"accordion-panel-3\" aria-labelledby=\"serverer-dere-mat?\" role=\"region\" hidden>\n\t\t\t\t\n\n<p>Ja, alle deltakere f\u00e5r gratis frokost og lunsj hver dag.<\/p>\n\n\n\t\t\t<\/div>\n\t\t<\/div>\n\n<div class=\"t2-accordion-item wp-block-t2-accordion-item\" role=\"listitem\">\n\t\t\t<h2 class=\"t2-accordion-title\">\n\t\t\t\t<button type=\"button\" class=\"t2-accordion-trigger\" id=\"jeg-er-p\u00e5r\u00f8rende,-hvordan-kan-jeg-s\u00f8ke-p\u00e5-vegne-av-andre?\" aria-controls=\"accordion-panel-4\" aria-expanded=\"false\">\n\t\t\t\t\tJeg er p\u00e5r\u00f8rende, hvordan kan jeg s\u00f8ke p\u00e5 vegne av andre?\n\t\t\t\t\t<span class=\"t2-accordion-icon is-closed-icon\"><svg xmlns=\"http:\/\/www.w3.org\/2000\/svg\" viewBox=\"0 0 24 24\" height=\"24\" width=\"24\" class=\"t2-icon t2-icon-plus\" aria-hidden=\"true\" focusable=\"false\"><path d=\"M11.8 5.037a1.088 1.088 0 0 0-.722.566c-.075.148-.078.25-.078 2.772v2.619l-2.61.016c-1.867.012-2.652.03-2.756.064-.168.055-.438.301-.54.494-.049.092-.07.223-.07.432 0 .34.054.476.282.704.289.289.14.275 3.064.288l2.63.012v2.619c0 2.544.002 2.625.08 2.778.191.372.516.577.92.577s.729-.205.92-.577c.078-.153.08-.234.08-2.778v-2.619l2.63-.012c2.924-.013 2.775.001 3.064-.288.228-.228.282-.364.282-.704 0-.209-.021-.34-.07-.432-.102-.193-.372-.439-.54-.494-.104-.034-.889-.052-2.756-.064L13 10.994V8.375c0-2.522-.003-2.624-.078-2.772-.214-.418-.685-.656-1.122-.566\"\/><\/svg><\/span>\n\t\t\t\t\t<span class=\"t2-accordion-icon is-open-icon\"><svg xmlns=\"http:\/\/www.w3.org\/2000\/svg\" viewBox=\"0 0 24 24\" height=\"24\" width=\"24\" class=\"t2-icon t2-icon-chevronup\" aria-hidden=\"true\" focusable=\"false\"><path d=\"M6.7 14.7c-.2-.2-.3-.4-.3-.7s.1-.5.3-.7l4.6-4.6c.1-.1.2-.2.3-.2.1 0 .2-.1.4-.1.1 0 .3 0 .4.1.1 0 .2.1.3.2l4.6 4.6c.2.2.3.4.3.7s-.1.5-.3.7c-.2.2-.4.3-.7.3s-.5-.1-.7-.3L12 10.8l-3.9 3.9c-.2.2-.4.3-.7.3s-.5-.1-.7-.3z\" fill=\"currentColor\" \/><\/svg><\/span>\n\t\t\t\t<\/button>\n\t\t\t<\/h2>\n\t\t\t<div class=\"t2-accordion-item__inner-container is-layout-flow\" id=\"accordion-panel-4\" aria-labelledby=\"jeg-er-p\u00e5r\u00f8rende,-hvordan-kan-jeg-s\u00f8ke-p\u00e5-vegne-av-andre?\" role=\"region\" hidden>\n\t\t\t\t\n\n<p>Du kan ta direkte kontakt med <a href=\"https:\/\/kirkensbymisjon.no\/tilbud-vaktmestertjenesten\/kontaktinformasjon\/\">oss<\/a> eller <a href=\"\/tilbud-aktivitetskafe\">Aktivitetskaf\u00e9en<\/a> dersom du kjenner noen som dette kan v\u00e6re aktuelt for.<\/p>\n\n\n\t\t\t<\/div>\n\t\t<\/div>\n<\/div>\n\n\t<div class=\"layout-1 wp-block-kbm-testimonials\">\n\t\t<div class=\"kbm-testimonials__inner\">\n\t\t\t<div class=\"swiper\">\n\t\t\t\t<div class=\"swiper-wrapper\">\n\t\t\t\t\t\n\t<div class=\"wp-block-kbm-testimonial-item swiper-slide\">\n\t\t\t\t\t<div class=\"kbm-testimonial-item__image\" style=\"background-position: 50% 50%; background-image: url(https:\/\/kirkensbymisjon.no\/content\/uploads\/sites\/117\/2024\/08\/Tilbud_Vaktmestertjenesten_testimonial1.jpg);\">\n\t\t\t\t<svg xmlns=\"http:\/\/www.w3.org\/2000\/svg\" viewBox=\"0 0 24 24\" height=\"48\" width=\"48\" class=\"t2-icon t2-icon-quote\" aria-hidden=\"true\" focusable=\"false\"><path d=\"M20 13.7843c0 .4445-.0894.8628-.2682 1.2549-.1651.3791-.3989.719-.7015 1.0196-.3027.2876-.6603.5164-1.0729.6863-.3989.1699-.8322.2549-1.2999.2549-.5915 0-1.1142-.1242-1.5681-.3725-.4402-.2484-.8184-.5687-1.1348-.9608-.3026-.4053-.5364-.8628-.7015-1.3726-.1513-.5229-.227-1.0523-.227-1.5882 0-.5883.0826-1.17.2476-1.7451.1651-.5752.3989-1.11113.7015-1.60786.3164-.49673.7016-.94771 1.1555-1.35294.4539-.40523.9628-.73856 1.5268-1l1.8157.92157c-.3577.33987-.6671.73202-.9285 1.17647-.2476.44444-.3714.90846-.3714 1.39216v.1765c.3989.0653.7703.1895 1.1142.3725.3439.183.6396.4118.8872.6863.2613.2745.4608.5882.5983.9412.1513.3529.227.7255.227 1.1176Zm-8.0261 0c0 .4445-.0894.8628-.2683 1.2549-.165.3791-.3989.719-.7015 1.0196-.3026.2876-.6602.5164-1.07288.6863-.3989.1699-.83218.2549-1.29986.2549-.59147 0-1.11417-.1242-1.56809-.3725-.44016-.2484-.81843-.5687-1.1348-.9608-.30261-.4053-.53645-.8628-.70151-1.3726C5.07565 13.7712 5 13.2418 5 12.7059c0-.5883.08253-1.17.24759-1.7451.16506-.5752.3989-1.11113.70152-1.60786.31636-.49673.70151-.94771 1.15543-1.35294s.96286-.73856 1.52682-1l1.81564.92157c-.3576.33987-.66708.73202-.92843 1.17647-.24759.44444-.37139.90846-.37139 1.39216v.1765c.3989.0653.77029.1895 1.11412.3725.3439.183.6397.4118.8873.6863.2613.2745.4608.5882.5983.9412.1513.3529.227.7255.227 1.1176Z\"\/><\/svg>\t\t\t<\/div>\n\t\t\t\t\n\n<blockquote class=\"wp-block-quote is-layout-flow wp-block-quote-is-layout-flow\">\n<p>Det er her jeg har nettverket mitt. Jeg stortrives med b\u00e5de arbeidsoppgavene og kollegaene mine. Jeg er med p\u00e5 alt fra plenklipping til bortkj\u00f8ring av avfall. Og for meg s\u00e5 er alt like \u00e5lreit, i grunn er det vel ikke den jobb jeg ikke liker. Det er umulig \u00e5 ikke trives her!<\/p>\n<cite>H\u00e5kon Johannessen, deltaker<\/cite><\/blockquote>\n\n\t<\/div>\n\t\n\t\t\t\t<\/div>\n\t\t\t\t\t<div class=\"swiper-navigation\">\n\t\t<div class=\"swiper-button-prev\"><svg xmlns=\"http:\/\/www.w3.org\/2000\/svg\" viewBox=\"0 0 24 24\" height=\"24\" width=\"24\" class=\"t2-icon t2-icon-arrowforward\" aria-hidden=\"true\" focusable=\"false\"><path d=\"M12.78 5.036a1.099 1.099 0 0 0-.497.287c-.208.208-.259.344-.258.684.001.264.016.33.105.465.058.087 1.079 1.14 2.27 2.341l2.165 2.182-5.913.013-5.912.012-.165.088c-.391.209-.551.469-.551.892 0 .34.054.476.282.704.3.299-.236.275 6.347.287l5.913.012-2.167 2.185c-1.191 1.202-2.213 2.255-2.27 2.341-.088.134-.103.201-.104.464-.001.34.05.475.258.684.284.284.676.383 1.038.263.198-.066.423-.281 3.655-3.503l3.444-3.433-2.58-2.585c-2.816-2.822-4.255-4.224-4.433-4.315a1.155 1.155 0 0 0-.627-.068\"\/><\/svg><\/div>\n\t\t<div class=\"swiper-pagination\"><\/div>\n\t\t<div class=\"swiper-button-next\"><svg xmlns=\"http:\/\/www.w3.org\/2000\/svg\" viewBox=\"0 0 24 24\" height=\"24\" width=\"24\" class=\"t2-icon t2-icon-arrowforward\" aria-hidden=\"true\" focusable=\"false\"><path d=\"M12.78 5.036a1.099 1.099 0 0 0-.497.287c-.208.208-.259.344-.258.684.001.264.016.33.105.465.058.087 1.079 1.14 2.27 2.341l2.165 2.182-5.913.013-5.912.012-.165.088c-.391.209-.551.469-.551.892 0 .34.054.476.282.704.3.299-.236.275 6.347.287l5.913.012-2.167 2.185c-1.191 1.202-2.213 2.255-2.27 2.341-.088.134-.103.201-.104.464-.001.34.05.475.258.684.284.284.676.383 1.038.263.198-.066.423-.281 3.655-3.503l3.444-3.433-2.58-2.585c-2.816-2.822-4.255-4.224-4.433-4.315a1.155 1.155 0 0 0-.627-.068\"\/><\/svg><\/div>\n\t<\/div>\n\t\t\t\t<\/div>\n\t\t<\/div>\n\t<\/div>\n\t","protected":false},"excerpt":{"rendered":"<p>Kunne du tenke deg \u00e5 jobbe hos oss? Eller kjenner du noen som vil jobbe&hellip;<\/p>\n","protected":false},"author":5,"featured_media":0,"parent":0,"menu_order":0,"comment_status":"closed","ping_status":"closed","template":"","meta":{"_relevanssi_hide_post":"","_relevanssi_hide_content":"","_relevanssi_pin_for_all":"","_relevanssi_pin_keywords":"","_relevanssi_unpin_keywords":"","_relevanssi_related_keywords":"","_relevanssi_related_include_ids":"","_relevanssi_related_exclude_ids":"","_relevanssi_related_no_append":"","_relevanssi_related_not_related":"","_relevanssi_related_posts":"1","_relevanssi_noindex_reason":"","editor_notices":[],"footnotes":""},"class_list":["post-14","page","type-page","status-publish","hentry"],"yoast_head":"<!-- This site is optimized with the Yoast SEO Premium plugin v27.2 (Yoast SEO v27.2) - https:\/\/yoast.com\/product\/yoast-seo-premium-wordpress\/ -->\n<title>Jobbe hos oss? - Vaktmestertjenesten<\/title>\n<meta name=\"robots\" content=\"index, follow, max-snippet:-1, max-image-preview:large, max-video-preview:-1\" \/>\n<link rel=\"canonical\" href=\"https:\/\/kirkensbymisjon.no\/tilbud-vaktmestertjenesten\/jobbe-hos-oss\/\" \/>\n<meta property=\"og:locale\" content=\"nb_NO\" \/>\n<meta property=\"og:type\" content=\"article\" \/>\n<meta property=\"og:title\" content=\"Jobbe hos oss?\" \/>\n<meta property=\"og:description\" content=\"Kunne du tenke deg \u00e5 jobbe hos oss? Eller kjenner du noen som vil jobbe&hellip;\" \/>\n<meta property=\"og:url\" content=\"https:\/\/kirkensbymisjon.no\/tilbud-vaktmestertjenesten\/jobbe-hos-oss\/\" \/>\n<meta property=\"og:site_name\" content=\"Vaktmestertjenesten\" \/>\n<meta property=\"article:modified_time\" content=\"2024-11-05T11:04:43+00:00\" \/>\n<meta property=\"og:image\" content=\"https:\/\/kirkensbymisjon.no\/content\/uploads\/sites\/117\/2024\/08\/Tilbud_Vaktmestertjenesten_06.jpg\" \/>\n\t<meta property=\"og:image:width\" content=\"2560\" \/>\n\t<meta property=\"og:image:height\" content=\"1707\" \/>\n\t<meta property=\"og:image:type\" content=\"image\/jpeg\" \/>\n<meta name=\"twitter:card\" content=\"summary_large_image\" \/>\n<meta name=\"twitter:label1\" content=\"Ansl. lesetid\" \/>\n\t<meta name=\"twitter:data1\" content=\"2 minutter\" \/>\n<script type=\"application\/ld+json\" class=\"yoast-schema-graph\">{\"@context\":\"https:\/\/schema.org\",\"@graph\":[{\"@type\":\"WebPage\",\"@id\":\"https:\/\/kirkensbymisjon.no\/tilbud-vaktmestertjenesten\/jobbe-hos-oss\/\",\"url\":\"https:\/\/kirkensbymisjon.no\/tilbud-vaktmestertjenesten\/jobbe-hos-oss\/\",\"name\":\"Jobbe hos oss? - Vaktmestertjenesten\",\"isPartOf\":{\"@id\":\"https:\/\/kirkensbymisjon.no\/tilbud-vaktmestertjenesten\/#website\"},\"primaryImageOfPage\":{\"@id\":\"https:\/\/kirkensbymisjon.no\/tilbud-vaktmestertjenesten\/jobbe-hos-oss\/#primaryimage\"},\"image\":{\"@id\":\"https:\/\/kirkensbymisjon.no\/tilbud-vaktmestertjenesten\/jobbe-hos-oss\/#primaryimage\"},\"thumbnailUrl\":\"https:\/\/kirkensbymisjon.no\/content\/uploads\/sites\/117\/2024\/08\/Tilbud_Vaktmestertjenesten_06.jpg\",\"datePublished\":\"2024-08-10T12:56:31+00:00\",\"dateModified\":\"2024-11-05T11:04:43+00:00\",\"breadcrumb\":{\"@id\":\"https:\/\/kirkensbymisjon.no\/tilbud-vaktmestertjenesten\/jobbe-hos-oss\/#breadcrumb\"},\"inLanguage\":\"nb-NO\",\"potentialAction\":[{\"@type\":\"ReadAction\",\"target\":[\"https:\/\/kirkensbymisjon.no\/tilbud-vaktmestertjenesten\/jobbe-hos-oss\/\"]}]},{\"@type\":\"ImageObject\",\"inLanguage\":\"nb-NO\",\"@id\":\"https:\/\/kirkensbymisjon.no\/tilbud-vaktmestertjenesten\/jobbe-hos-oss\/#primaryimage\",\"url\":\"https:\/\/kirkensbymisjon.no\/content\/uploads\/sites\/117\/2024\/08\/Tilbud_Vaktmestertjenesten_06.jpg\",\"contentUrl\":\"https:\/\/kirkensbymisjon.no\/content\/uploads\/sites\/117\/2024\/08\/Tilbud_Vaktmestertjenesten_06.jpg\"},{\"@type\":\"BreadcrumbList\",\"@id\":\"https:\/\/kirkensbymisjon.no\/tilbud-vaktmestertjenesten\/jobbe-hos-oss\/#breadcrumb\",\"itemListElement\":[{\"@type\":\"ListItem\",\"position\":1,\"name\":\"Hjem\",\"item\":\"https:\/\/kirkensbymisjon.no\/tilbud-vaktmestertjenesten\/\"},{\"@type\":\"ListItem\",\"position\":2,\"name\":\"Jobbe hos oss?\"}]},{\"@type\":\"WebSite\",\"@id\":\"https:\/\/kirkensbymisjon.no\/tilbud-vaktmestertjenesten\/#website\",\"url\":\"https:\/\/kirkensbymisjon.no\/tilbud-vaktmestertjenesten\/\",\"name\":\"Vaktmestertjenesten\",\"description\":\"\",\"potentialAction\":[{\"@type\":\"SearchAction\",\"target\":{\"@type\":\"EntryPoint\",\"urlTemplate\":\"https:\/\/kirkensbymisjon.no\/tilbud-vaktmestertjenesten\/?s={search_term_string}\"},\"query-input\":{\"@type\":\"PropertyValueSpecification\",\"valueRequired\":true,\"valueName\":\"search_term_string\"}}],\"inLanguage\":\"nb-NO\"}]}<\/script>\n<!-- \/ Yoast SEO Premium plugin. -->","yoast_head_json":{"title":"Jobbe hos oss? - Vaktmestertjenesten","robots":{"index":"index","follow":"follow","max-snippet":"max-snippet:-1","max-image-preview":"max-image-preview:large","max-video-preview":"max-video-preview:-1"},"canonical":"https:\/\/kirkensbymisjon.no\/tilbud-vaktmestertjenesten\/jobbe-hos-oss\/","og_locale":"nb_NO","og_type":"article","og_title":"Jobbe hos oss?","og_description":"Kunne du tenke deg \u00e5 jobbe hos oss? Eller kjenner du noen som vil jobbe&hellip;","og_url":"https:\/\/kirkensbymisjon.no\/tilbud-vaktmestertjenesten\/jobbe-hos-oss\/","og_site_name":"Vaktmestertjenesten","article_modified_time":"2024-11-05T11:04:43+00:00","og_image":[{"width":2560,"height":1707,"url":"https:\/\/kirkensbymisjon.no\/content\/uploads\/sites\/117\/2024\/08\/Tilbud_Vaktmestertjenesten_06.jpg","type":"image\/jpeg"}],"twitter_card":"summary_large_image","twitter_misc":{"Ansl. lesetid":"2 minutter"},"schema":{"@context":"https:\/\/schema.org","@graph":[{"@type":"WebPage","@id":"https:\/\/kirkensbymisjon.no\/tilbud-vaktmestertjenesten\/jobbe-hos-oss\/","url":"https:\/\/kirkensbymisjon.no\/tilbud-vaktmestertjenesten\/jobbe-hos-oss\/","name":"Jobbe hos oss? - Vaktmestertjenesten","isPartOf":{"@id":"https:\/\/kirkensbymisjon.no\/tilbud-vaktmestertjenesten\/#website"},"primaryImageOfPage":{"@id":"https:\/\/kirkensbymisjon.no\/tilbud-vaktmestertjenesten\/jobbe-hos-oss\/#primaryimage"},"image":{"@id":"https:\/\/kirkensbymisjon.no\/tilbud-vaktmestertjenesten\/jobbe-hos-oss\/#primaryimage"},"thumbnailUrl":"https:\/\/kirkensbymisjon.no\/content\/uploads\/sites\/117\/2024\/08\/Tilbud_Vaktmestertjenesten_06.jpg","datePublished":"2024-08-10T12:56:31+00:00","dateModified":"2024-11-05T11:04:43+00:00","breadcrumb":{"@id":"https:\/\/kirkensbymisjon.no\/tilbud-vaktmestertjenesten\/jobbe-hos-oss\/#breadcrumb"},"inLanguage":"nb-NO","potentialAction":[{"@type":"ReadAction","target":["https:\/\/kirkensbymisjon.no\/tilbud-vaktmestertjenesten\/jobbe-hos-oss\/"]}]},{"@type":"ImageObject","inLanguage":"nb-NO","@id":"https:\/\/kirkensbymisjon.no\/tilbud-vaktmestertjenesten\/jobbe-hos-oss\/#primaryimage","url":"https:\/\/kirkensbymisjon.no\/content\/uploads\/sites\/117\/2024\/08\/Tilbud_Vaktmestertjenesten_06.jpg","contentUrl":"https:\/\/kirkensbymisjon.no\/content\/uploads\/sites\/117\/2024\/08\/Tilbud_Vaktmestertjenesten_06.jpg"},{"@type":"BreadcrumbList","@id":"https:\/\/kirkensbymisjon.no\/tilbud-vaktmestertjenesten\/jobbe-hos-oss\/#breadcrumb","itemListElement":[{"@type":"ListItem","position":1,"name":"Hjem","item":"https:\/\/kirkensbymisjon.no\/tilbud-vaktmestertjenesten\/"},{"@type":"ListItem","position":2,"name":"Jobbe hos oss?"}]},{"@type":"WebSite","@id":"https:\/\/kirkensbymisjon.no\/tilbud-vaktmestertjenesten\/#website","url":"https:\/\/kirkensbymisjon.no\/tilbud-vaktmestertjenesten\/","name":"Vaktmestertjenesten","description":"","potentialAction":[{"@type":"SearchAction","target":{"@type":"EntryPoint","urlTemplate":"https:\/\/kirkensbymisjon.no\/tilbud-vaktmestertjenesten\/?s={search_term_string}"},"query-input":{"@type":"PropertyValueSpecification","valueRequired":true,"valueName":"search_term_string"}}],"inLanguage":"nb-NO"}]}},"_links":{"self":[{"href":"https:\/\/kirkensbymisjon.no\/tilbud-vaktmestertjenesten\/wp-json\/wp\/v2\/pages\/14","targetHints":{"allow":["GET"]}}],"collection":[{"href":"https:\/\/kirkensbymisjon.no\/tilbud-vaktmestertjenesten\/wp-json\/wp\/v2\/pages"}],"about":[{"href":"https:\/\/kirkensbymisjon.no\/tilbud-vaktmestertjenesten\/wp-json\/wp\/v2\/types\/page"}],"author":[{"embeddable":true,"href":"https:\/\/kirkensbymisjon.no\/tilbud-vaktmestertjenesten\/wp-json\/wp\/v2\/users\/5"}],"replies":[{"embeddable":true,"href":"https:\/\/kirkensbymisjon.no\/tilbud-vaktmestertjenesten\/wp-json\/wp\/v2\/comments?post=14"}],"version-history":[{"count":5,"href":"https:\/\/kirkensbymisjon.no\/tilbud-vaktmestertjenesten\/wp-json\/wp\/v2\/pages\/14\/revisions"}],"predecessor-version":[{"id":207,"href":"https:\/\/kirkensbymisjon.no\/tilbud-vaktmestertjenesten\/wp-json\/wp\/v2\/pages\/14\/revisions\/207"}],"wp:attachment":[{"href":"https:\/\/kirkensbymisjon.no\/tilbud-vaktmestertjenesten\/wp-json\/wp\/v2\/media?parent=14"}],"curies":[{"name":"wp","href":"https:\/\/api.w.org\/{rel}","templated":true}]}}