{"id":16,"date":"2024-08-10T14:56:40","date_gmt":"2024-08-10T12:56:40","guid":{"rendered":"https:\/\/kirkensbymisjon.no\/tilbud-vaktmestertjenesten\/?page_id=16"},"modified":"2025-06-04T18:10:01","modified_gmt":"2025-06-04T16:10:01","slug":"vedproduksjon","status":"publish","type":"page","link":"https:\/\/kirkensbymisjon.no\/tilbud-vaktmestertjenesten\/vedproduksjon\/","title":{"rendered":"Vedproduksjon"},"content":{"rendered":"\n<h2 class=\"wp-block-heading\" id=\"h-hva-slags-ved-har-vi\"><strong>Hva slags ved har vi?<\/strong><\/h2>\n\n\n\n<p>Hovedsakelig har vi bj\u00f8rkeved som leveres i 40 liters sekker. Alle sekkene er h\u00e5ndpakket etter at veden har blitt t\u00f8rr. Vi foretar kontrollm\u00e5linger av fuktigheten, s\u00e5 du som kunde skal v\u00e6re sikker p\u00e5 at veden du kj\u00f8per av oss er t\u00f8rr.<\/p>\n\n\n\n<p>Vedskiene er kappet i ca. 30 cm. Lengden passer inn i de fleste ovner, og er ogs\u00e5 godt egnet for fyring i \u00e5pen peis.&nbsp;<strong>&nbsp;<\/strong><\/p>\n\n\n\t<div class=\"wp-block-kbm-video\">\n\t\t\n\n<figure class=\"wp-block-embed is-type-video is-provider-vimeo wp-block-embed-vimeo wp-embed-aspect-1-1 wp-has-aspect-ratio\"><div class=\"wp-block-embed__wrapper\">\n<iframe loading=\"lazy\" title=\"Historien om veden.\" src=\"https:\/\/player.vimeo.com\/video\/433112809?dnt=1&amp;app_id=122963\" width=\"500\" height=\"500\" frameborder=\"0\" allow=\"autoplay; fullscreen; picture-in-picture; clipboard-write; encrypted-media\"><\/iframe>\n<\/div><\/figure>\n\n\t\t<div class=\"kbm-video__content\" style=\"aspect-ratio: 16\/9\">\n\t\t\t<div class=\"kbm-video__play\">\n\t\t\t\t<span class=\"screen-reader-text\">Spill video<\/span>\n\t\t\t\t<svg xmlns=\"http:\/\/www.w3.org\/2000\/svg\" viewBox=\"0 0 48 48\" height=\"24\" width=\"24\" class=\"t2-icon t2-icon-play\" aria-hidden=\"true\" focusable=\"false\"><rect width=\"48\" height=\"48\" rx=\"24\"\/><path fill=\"currentColor\" d=\"M29.888 23.1913c.5491.3993.5491 1.2181 0 1.6174l-8.2998 6.0363c-.661.4807-1.5882.0085-1.5882-.8088V17.9638c0-.8173.9272-1.2895 1.5882-.8088l8.2998 6.0363Z\"\/><\/svg>\t\t\t\t\t\t\t\t\t<p class=\"kbm-video__subtext\">Vaktmestertjenesten<\/p>\n\t\t\t\t\t\t\t<\/div>\n\t\t\t\t\t\t\t<h2 class=\"kbm-video__title\">Veden du kj\u00f8per hos oss varmer flere ganger<\/h2>\n\t\t\t\t\t\t<img loading=\"lazy\" decoding=\"async\" width=\"1701\" height=\"1309\" src=\"https:\/\/kirkensbymisjon.no\/content\/uploads\/sites\/117\/2024\/08\/Tilbud_Vaktmestertjenesten_07.png\" class=\"attachment-full size-full\" alt=\"Vedproduksjon\" style=\"object-position: 50% 50%\" \/>\t\t<\/div>\n\t<\/div>\n\t\n\n\n<h2 class=\"wp-block-heading\" id=\"h-priser\"><strong>Priser<\/strong><\/h2>\n\n\n\n<p>Pris kr 99 per sekk \u00e1 40 liter.<\/p>\n\n\n\n<p>Frakt tilkommer ved hjemkj\u00f8ring.\u00a0Veden vil da bli levert p\u00e5 avtalt sted inntil hovedd\u00f8r p\u00e5 bakkeplan. Har du behov for b\u00e6ring i blokk e.l. vil det tilkomme en b\u00e6reavgift p\u00e5 kr 15 per sekk.<\/p>\n\n\n\n<h3 class=\"wp-block-heading\" id=\"h-ta-kontakt-for-a-bestille-du-ved\">Ta kontakt for \u00e5 <strong>bestille du ved<\/strong>!<\/h3>\n\n\n\t<div class=\"wp-block-kbm-byline\">\n\t\t\t\t\t<p class=\"kbm-byline__role\">Arbeidsveileder<\/p>\n\t\t\t\t<p class=\"kbm-byline__name\">Tommy Andr\u00e9 Ottesen<\/p>\n\t\t\t\t\t<ul>\n\t\t\t\t\t\t\t\t\t<li><a href=\"tel:97726\u00a0118\">977 26\u00a0118<\/a><\/li>\n\t\t\t\t\t\t\t\t\t<li><a href=\"mailto:&#032;tomm&#121;&#046;&#097;nd&#114;&#101;&#046;o&#116;tesen&#064;&#098;y&#109;&#105;s&#106;o&#110;.&#110;o\">&#032;tomm&#121;&#046;&#097;nd&#114;&#101;&#046;o&#116;tesen&#064;&#098;y&#109;&#105;s&#106;o&#110;.&#110;o<\/a><\/li>\n\t\t\t\t\t\t\t<\/ul>\n\t\t\t<\/div>\n\t\n\n\n<p>Du vil motta en bekreftelse p\u00e5 din bestilling og antall sekker reservert til deg. Levering avtales individuelt.<\/p>\n","protected":false},"excerpt":{"rendered":"<p>Hva slags ved har vi? Hovedsakelig har vi bj\u00f8rkeved som leveres i 40 liters sekker.&hellip;<\/p>\n","protected":false},"author":5,"featured_media":0,"parent":0,"menu_order":0,"comment_status":"closed","ping_status":"closed","template":"","meta":{"_relevanssi_hide_post":"","_relevanssi_hide_content":"","_relevanssi_pin_for_all":"","_relevanssi_pin_keywords":"","_relevanssi_unpin_keywords":"","_relevanssi_related_keywords":"","_relevanssi_related_include_ids":"","_relevanssi_related_exclude_ids":"","_relevanssi_related_no_append":"","_relevanssi_related_not_related":"","_relevanssi_related_posts":"1","_relevanssi_noindex_reason":"","editor_notices":[],"footnotes":""},"class_list":["post-16","page","type-page","status-publish","hentry"],"yoast_head":"<!-- This site is optimized with the Yoast SEO Premium plugin v27.2 (Yoast SEO v27.2) - https:\/\/yoast.com\/product\/yoast-seo-premium-wordpress\/ -->\n<title>Vedproduksjon - Vaktmestertjenesten<\/title>\n<meta name=\"robots\" content=\"index, follow, max-snippet:-1, max-image-preview:large, max-video-preview:-1\" \/>\n<link rel=\"canonical\" href=\"https:\/\/kirkensbymisjon.no\/tilbud-vaktmestertjenesten\/vedproduksjon\/\" \/>\n<meta property=\"og:locale\" content=\"nb_NO\" \/>\n<meta property=\"og:type\" content=\"article\" \/>\n<meta property=\"og:title\" content=\"Vedproduksjon\" \/>\n<meta property=\"og:description\" content=\"Hva slags ved har vi? Hovedsakelig har vi bj\u00f8rkeved som leveres i 40 liters sekker.&hellip;\" \/>\n<meta property=\"og:url\" content=\"https:\/\/kirkensbymisjon.no\/tilbud-vaktmestertjenesten\/vedproduksjon\/\" \/>\n<meta property=\"og:site_name\" content=\"Vaktmestertjenesten\" \/>\n<meta property=\"article:modified_time\" content=\"2025-06-04T16:10:01+00:00\" \/>\n<meta name=\"twitter:card\" content=\"summary_large_image\" \/>\n<meta name=\"twitter:label1\" content=\"Ansl. lesetid\" \/>\n\t<meta name=\"twitter:data1\" content=\"1 minutt\" \/>\n<script type=\"application\/ld+json\" class=\"yoast-schema-graph\">{\"@context\":\"https:\/\/schema.org\",\"@graph\":[{\"@type\":\"WebPage\",\"@id\":\"https:\/\/kirkensbymisjon.no\/tilbud-vaktmestertjenesten\/vedproduksjon\/\",\"url\":\"https:\/\/kirkensbymisjon.no\/tilbud-vaktmestertjenesten\/vedproduksjon\/\",\"name\":\"Vedproduksjon - Vaktmestertjenesten\",\"isPartOf\":{\"@id\":\"https:\/\/kirkensbymisjon.no\/tilbud-vaktmestertjenesten\/#website\"},\"datePublished\":\"2024-08-10T12:56:40+00:00\",\"dateModified\":\"2025-06-04T16:10:01+00:00\",\"breadcrumb\":{\"@id\":\"https:\/\/kirkensbymisjon.no\/tilbud-vaktmestertjenesten\/vedproduksjon\/#breadcrumb\"},\"inLanguage\":\"nb-NO\",\"potentialAction\":[{\"@type\":\"ReadAction\",\"target\":[\"https:\/\/kirkensbymisjon.no\/tilbud-vaktmestertjenesten\/vedproduksjon\/\"]}]},{\"@type\":\"BreadcrumbList\",\"@id\":\"https:\/\/kirkensbymisjon.no\/tilbud-vaktmestertjenesten\/vedproduksjon\/#breadcrumb\",\"itemListElement\":[{\"@type\":\"ListItem\",\"position\":1,\"name\":\"Hjem\",\"item\":\"https:\/\/kirkensbymisjon.no\/tilbud-vaktmestertjenesten\/\"},{\"@type\":\"ListItem\",\"position\":2,\"name\":\"Vedproduksjon\"}]},{\"@type\":\"WebSite\",\"@id\":\"https:\/\/kirkensbymisjon.no\/tilbud-vaktmestertjenesten\/#website\",\"url\":\"https:\/\/kirkensbymisjon.no\/tilbud-vaktmestertjenesten\/\",\"name\":\"Vaktmestertjenesten\",\"description\":\"\",\"potentialAction\":[{\"@type\":\"SearchAction\",\"target\":{\"@type\":\"EntryPoint\",\"urlTemplate\":\"https:\/\/kirkensbymisjon.no\/tilbud-vaktmestertjenesten\/?s={search_term_string}\"},\"query-input\":{\"@type\":\"PropertyValueSpecification\",\"valueRequired\":true,\"valueName\":\"search_term_string\"}}],\"inLanguage\":\"nb-NO\"}]}<\/script>\n<!-- \/ Yoast SEO Premium plugin. -->","yoast_head_json":{"title":"Vedproduksjon - Vaktmestertjenesten","robots":{"index":"index","follow":"follow","max-snippet":"max-snippet:-1","max-image-preview":"max-image-preview:large","max-video-preview":"max-video-preview:-1"},"canonical":"https:\/\/kirkensbymisjon.no\/tilbud-vaktmestertjenesten\/vedproduksjon\/","og_locale":"nb_NO","og_type":"article","og_title":"Vedproduksjon","og_description":"Hva slags ved har vi? Hovedsakelig har vi bj\u00f8rkeved som leveres i 40 liters sekker.&hellip;","og_url":"https:\/\/kirkensbymisjon.no\/tilbud-vaktmestertjenesten\/vedproduksjon\/","og_site_name":"Vaktmestertjenesten","article_modified_time":"2025-06-04T16:10:01+00:00","twitter_card":"summary_large_image","twitter_misc":{"Ansl. lesetid":"1 minutt"},"schema":{"@context":"https:\/\/schema.org","@graph":[{"@type":"WebPage","@id":"https:\/\/kirkensbymisjon.no\/tilbud-vaktmestertjenesten\/vedproduksjon\/","url":"https:\/\/kirkensbymisjon.no\/tilbud-vaktmestertjenesten\/vedproduksjon\/","name":"Vedproduksjon - Vaktmestertjenesten","isPartOf":{"@id":"https:\/\/kirkensbymisjon.no\/tilbud-vaktmestertjenesten\/#website"},"datePublished":"2024-08-10T12:56:40+00:00","dateModified":"2025-06-04T16:10:01+00:00","breadcrumb":{"@id":"https:\/\/kirkensbymisjon.no\/tilbud-vaktmestertjenesten\/vedproduksjon\/#breadcrumb"},"inLanguage":"nb-NO","potentialAction":[{"@type":"ReadAction","target":["https:\/\/kirkensbymisjon.no\/tilbud-vaktmestertjenesten\/vedproduksjon\/"]}]},{"@type":"BreadcrumbList","@id":"https:\/\/kirkensbymisjon.no\/tilbud-vaktmestertjenesten\/vedproduksjon\/#breadcrumb","itemListElement":[{"@type":"ListItem","position":1,"name":"Hjem","item":"https:\/\/kirkensbymisjon.no\/tilbud-vaktmestertjenesten\/"},{"@type":"ListItem","position":2,"name":"Vedproduksjon"}]},{"@type":"WebSite","@id":"https:\/\/kirkensbymisjon.no\/tilbud-vaktmestertjenesten\/#website","url":"https:\/\/kirkensbymisjon.no\/tilbud-vaktmestertjenesten\/","name":"Vaktmestertjenesten","description":"","potentialAction":[{"@type":"SearchAction","target":{"@type":"EntryPoint","urlTemplate":"https:\/\/kirkensbymisjon.no\/tilbud-vaktmestertjenesten\/?s={search_term_string}"},"query-input":{"@type":"PropertyValueSpecification","valueRequired":true,"valueName":"search_term_string"}}],"inLanguage":"nb-NO"}]}},"_links":{"self":[{"href":"https:\/\/kirkensbymisjon.no\/tilbud-vaktmestertjenesten\/wp-json\/wp\/v2\/pages\/16","targetHints":{"allow":["GET"]}}],"collection":[{"href":"https:\/\/kirkensbymisjon.no\/tilbud-vaktmestertjenesten\/wp-json\/wp\/v2\/pages"}],"about":[{"href":"https:\/\/kirkensbymisjon.no\/tilbud-vaktmestertjenesten\/wp-json\/wp\/v2\/types\/page"}],"author":[{"embeddable":true,"href":"https:\/\/kirkensbymisjon.no\/tilbud-vaktmestertjenesten\/wp-json\/wp\/v2\/users\/5"}],"replies":[{"embeddable":true,"href":"https:\/\/kirkensbymisjon.no\/tilbud-vaktmestertjenesten\/wp-json\/wp\/v2\/comments?post=16"}],"version-history":[{"count":4,"href":"https:\/\/kirkensbymisjon.no\/tilbud-vaktmestertjenesten\/wp-json\/wp\/v2\/pages\/16\/revisions"}],"predecessor-version":[{"id":227,"href":"https:\/\/kirkensbymisjon.no\/tilbud-vaktmestertjenesten\/wp-json\/wp\/v2\/pages\/16\/revisions\/227"}],"wp:attachment":[{"href":"https:\/\/kirkensbymisjon.no\/tilbud-vaktmestertjenesten\/wp-json\/wp\/v2\/media?parent=16"}],"curies":[{"name":"wp","href":"https:\/\/api.w.org\/{rel}","templated":true}]}}