{"id":3,"date":"2024-06-27T08:43:20","date_gmt":"2024-06-27T06:43:20","guid":{"rendered":"https:\/\/kirkensbymisjon.no\/tilbud-vaktmestertjenesten\/forside\/"},"modified":"2026-03-16T10:19:05","modified_gmt":"2026-03-16T09:19:05","slug":"forside","status":"publish","type":"page","link":"https:\/\/kirkensbymisjon.no\/tilbud-vaktmestertjenesten\/","title":{"rendered":"Forside"},"content":{"rendered":"\n<div class=\"wp-block-media-text alignwide is-stacked-on-mobile is-style-filled\"><figure class=\"wp-block-media-text__media\"><img loading=\"lazy\" decoding=\"async\" width=\"1000\" height=\"500\" src=\"https:\/\/kirkensbymisjon.no\/content\/uploads\/sites\/117\/2024\/08\/Tilbud_Vaktmestertjenesten_01.jpeg\" alt=\"Medarbeidere fra Vaktmestertjenesten\" class=\"wp-image-74 size-full\" srcset=\"https:\/\/kirkensbymisjon.no\/content\/uploads\/sites\/117\/2024\/08\/Tilbud_Vaktmestertjenesten_01.jpeg 1000w, https:\/\/kirkensbymisjon.no\/content\/uploads\/sites\/117\/2024\/08\/Tilbud_Vaktmestertjenesten_01-300x150.jpeg 300w, https:\/\/kirkensbymisjon.no\/content\/uploads\/sites\/117\/2024\/08\/Tilbud_Vaktmestertjenesten_01-768x384.jpeg 768w\" sizes=\"auto, (max-width: 1000px) 100vw, 1000px\" \/><\/figure><div class=\"wp-block-media-text__content\">\n<h2 class=\"wp-block-heading\" id=\"h-et-arbeidstiltak-for-personer-med-ulike-former-for-arbeidsavklaring\">Et arbeidstiltak for personer med ulike former for arbeidsavklaring<\/h2>\n\n\n\n<p>Vi bidrar innen et vidt spekter av oppgaver, og p\u00e5tar oss oppdrag b\u00e5de for private og bedrifter. Vi er i arbeid alle hverdager fra kl. 09.00\u201315.00. Inntektene g\u00e5r til v\u00e5rt arbeid og bidrar til at vi kan tilby arbeidstrening til flere. <\/p>\n<\/div><\/div>\n\n\n\t<div class=\"alignwide wp-block-kbm-link-list\">\n\t\t<div class=\"kbm-link-list__items\">\n\t\t\t\n<a class=\"wp-block-kbm-link-list-item\" href=\"\/tilbud-vaktmestertjenesten\/om-vaktmestertjenesten\">\t<svg xmlns=\"http:\/\/www.w3.org\/2000\/svg\" viewBox=\"0 0 48 48\" height=\"24\" width=\"24\" class=\"t2-icon t2-icon-eco\" aria-hidden=\"true\" focusable=\"false\"><path d=\"M35.08 6.091c-2.869.362-5.372 1.869-6.939 4.177-.789 1.162-1.373 2.843-1.325 3.811l.024.474.48-.306c3.121-1.986 7.201-3.356 12.16-4.082.616-.09 1.246-.159 1.4-.153.267.011.269.013.04.044-.132.018-.87.158-1.64.31-4.457.885-7.798 2.205-10.128 4.004-1.139.879-1.754 1.674-2.518 3.258-.831 1.723-1.141 2.909-1.873 7.172-.349 2.031-.698 3.68-.779 3.68-.034 0-.062-.031-.062-.07 0-.038-.088-.497-.197-1.02-.108-.522-.324-1.677-.481-2.565-.346-1.963-.581-2.802-1.05-3.745-1.562-3.139-4.348-5.186-9.312-6.843-1.801-.602-4.247-1.213-6.16-1.541-.559-.096.403-.044 1.293.07 4.833.618 9.276 2.043 12.426 3.987.69.426.721.437.782.273.081-.22-.066-1.297-.264-1.933A8.677 8.677 0 0 0 20.5 14c-1.268-2.508-3.46-4.254-6.248-4.976-.786-.204-1.133-.248-2.212-.283-2.049-.064-3.777.265-6.6 1.259-3.312 1.166-3.896 1.34-4.981 1.481l-.382.049.416.313c.873.655 1.813 1.532 3.325 3.102 2.317 2.404 3.555 3.375 5.729 4.496 1.644.847 3.154 1.397 4.373 1.594.743.12 2.106.102 2.758-.036.648-.137 1.576-.558 2.137-.97.216-.158.405-.275.419-.259.015.017.191.336.392.71.694 1.293 1.51 3.505 1.974 5.35.36 1.429.867 4.29.777 4.38-.019.019-.356.086-.748.15-1.559.252-3.036.812-4.522 1.715-2.588 1.573-4.68 4.003-5.495 6.383-.197.577-.412 1.732-.412 2.218 0 .99.696 1.825 2.087 2.504 1.61.786 3.439 1.244 6.368 1.595 1.707.204 6.983.204 8.69 0 3.907-.468 6.492-1.304 7.695-2.488.753-.743.88-1.259.643-2.617-.222-1.267-.711-2.409-1.589-3.71-.593-.878-2.308-2.612-3.214-3.25-1.795-1.264-3.631-2.047-5.509-2.35-.392-.064-.728-.13-.745-.147-.05-.05.35-2.603.66-4.213.554-2.877 1.23-5.393 1.997-7.431.238-.633.452-1.17.475-1.194.023-.023.204.074.402.217 1.524 1.094 3.714 1.264 6.181.479 2.284-.727 4.844-2.119 6.539-3.556.352-.298 1.473-1.392 2.491-2.43 1.019-1.038 2.232-2.193 2.697-2.566l.846-.679-.537-.06c-.723-.081-1.555-.326-3.728-1.096a80.54 80.54 0 0 0-2.739-.925c-2.163-.656-4.136-.882-5.83-.668m6.38 3.882a.311.311 0 0 1-.2 0c-.055-.022-.01-.04.1-.04s.155.018.1.04\"\/><\/svg>\t<div class=\"kbm-link-list-item__content\">\n\t\t<p class=\"kbm-link-list-item__title\">Lei av \u00e5 vedlikeholde hagen?<\/p>\n\t\t\t\t\t<p class=\"kbm-link-list-item__description\">Vi tilbyr hagestell, hekkeklipp, gressklipping, sn\u00f8m\u00e5king og alt du trenger. Bestill v\u00e5r hjelp og f\u00e5 orden p\u00e5 hagen!<\/p>\n\t\t\t<\/div>\n\t<\/a>\n\n<a class=\"wp-block-kbm-link-list-item\" href=\"\/tilbud-vaktmestertjenesten\/om-vaktmestertjenesten\">\t<svg xmlns=\"http:\/\/www.w3.org\/2000\/svg\" viewBox=\"0 0 48 48\" height=\"24\" width=\"24\" class=\"t2-icon t2-icon-workmeasures\" aria-hidden=\"true\" focusable=\"false\"><path d=\"M21.51 4.224a1.549 1.549 0 0 0-.669.613l-.241.39-.025 2.408-.025 2.408-.855.264c-.47.144-1.373.515-2.007.823l-1.152.561-1.608-1.601c-1.668-1.66-2.027-1.925-2.608-1.928-.69-.003-.847.104-2.387 1.627-.807.798-1.52 1.552-1.584 1.675-.2.382-.228.969-.068 1.395.115.308.458.699 1.777 2.031l1.634 1.65-.548 1.11c-.302.611-.672 1.512-.824 2.004l-.275.894-2.365.026c-2.355.026-2.366.027-2.762.23a1.506 1.506 0 0 0-.637.594l-.241.389-.024 2.13-.023 2.131.227.435c.166.318.331.499.617.676l.39.241 2.407.026 2.406.026.345 1.054c.328 1 .569 1.554 1.093 2.516l.23.422-1.642 1.658c-1.326 1.339-1.67 1.731-1.785 2.039-.172.458-.126 1.063.11 1.445.087.139.8.889 1.584 1.665 1.495 1.48 1.658 1.59 2.345 1.587.581-.003.94-.268 2.609-1.929l1.609-1.602 1.111.549c.611.302 1.514.673 2.006.824l.895.275.025 2.409.025 2.409.241.39c.177.286.358.451.676.617l.435.227 2.131-.023 2.13-.024.389-.241c.276-.17.449-.356.594-.637.203-.396.204-.405.228-2.762l.025-2.364.895-.276c.493-.151 1.396-.522 2.007-.824l1.111-.549 1.609 1.602c1.669 1.661 2.028 1.926 2.609 1.929.687.003.85-.107 2.345-1.587.784-.776 1.497-1.526 1.584-1.665.236-.382.282-.987.11-1.445-.115-.308-.458-.699-1.777-2.031l-1.634-1.65.548-1.11c.302-.611.673-1.513.824-2.006l.276-.895 2.364-.025c2.357-.024 2.366-.025 2.762-.228.281-.145.467-.318.637-.594l.241-.389.025-2.046c.029-2.295 0-2.486-.45-2.984-.511-.567-.564-.577-3.218-.608l-2.362-.027-.275-.894c-.152-.492-.522-1.394-.824-2.005l-.549-1.111 1.602-1.609c1.661-1.669 1.926-2.028 1.929-2.609.003-.684-.11-.853-1.547-2.309-.754-.764-1.508-1.477-1.676-1.584a1.69 1.69 0 0 0-1.474-.146c-.308.115-.699.458-2.031 1.777l-1.651 1.634-1.052-.52a18.032 18.032 0 0 0-2.004-.826l-.952-.306-.025-2.406-.026-2.407-.241-.39a1.549 1.549 0 0 0-.669-.613L26.062 4h-4.124l-.428.224m4.23 11.742c1.798.371 3.479 1.416 4.681 2.913 1.967 2.448 2.35 5.855.977 8.694-1.152 2.381-3.271 4.003-5.901 4.515-3.583.697-7.214-1.122-8.875-4.448-.61-1.221-.822-2.198-.81-3.72.007-.967.043-1.289.213-1.936.864-3.289 3.551-5.681 6.895-6.138.72-.099 2.028-.043 2.82.12\"\/><\/svg>\t<div class=\"kbm-link-list-item__content\">\n\t\t<p class=\"kbm-link-list-item__title\">Skal du rydde og fjerne avfall?<\/p>\n\t\t\t\t\t<p class=\"kbm-link-list-item__description\">Vi henter og kj\u00f8rer bort avfall. V\u00e5re kunder er alt fra private til borettslag og bedrifter. Se v\u00e5re priser for sm\u00e5 og st\u00f8rre oppdrag.<\/p>\n\t\t\t<\/div>\n\t<\/a>\n\n<a class=\"wp-block-kbm-link-list-item\" href=\"\/tilbud-vaktmestertjenesten\/vedproduksjon\/\">\t<svg xmlns=\"http:\/\/www.w3.org\/2000\/svg\" viewBox=\"0 0 48 48\" height=\"24\" width=\"24\" class=\"t2-icon t2-icon-locationaddress\" aria-hidden=\"true\" focusable=\"false\"><path d=\"M21.76 5.193c-3.324.58-6.181 2.225-8.355 4.812-3.172 3.776-4.223 9.001-2.749 13.675 1.282 4.066 5.867 11.461 11.388 18.367C23.389 43.729 23.661 44 24 44c.339 0 .611-.271 1.956-1.953 5.521-6.906 10.106-14.301 11.388-18.367 1.133-3.592.79-7.53-.954-10.957-1.965-3.863-5.477-6.563-9.692-7.452-1.17-.247-3.739-.288-4.938-.078m4 6.929c2.568.674 4.644 2.811 5.293 5.448.246 1.002.246 2.579-.001 3.59-.463 1.893-1.801 3.71-3.447 4.678-1.843 1.084-4.224 1.269-6.203.483-2.18-.866-3.888-2.845-4.454-5.161-.247-1.011-.247-2.588-.001-3.59.691-2.809 2.883-4.94 5.693-5.535.689-.146 2.417-.098 3.12.087\"\/><\/svg>\t<div class=\"kbm-link-list-item__content\">\n\t\t<p class=\"kbm-link-list-item__title\">Bestill ved i dag!<\/p>\n\t\t\t\t\t<p class=\"kbm-link-list-item__description\">Vedproduksjonen er et arbeidstiltak for v\u00e5re deltakere i Drammen. Veden du kj\u00f8per hos oss varmer flere ganger!<\/p>\n\t\t\t<\/div>\n\t<\/a>\n\n<a class=\"wp-block-kbm-link-list-item\" href=\"https:\/\/kirkensbymisjon.no\/tilbud-vaktmestertjenesten\/gravstell\/\">\t<svg xmlns=\"http:\/\/www.w3.org\/2000\/svg\" viewBox=\"0 0 48 48\" height=\"24\" width=\"24\" class=\"t2-icon t2-icon-volunteering\" aria-hidden=\"true\" focusable=\"false\"><path d=\"M23.33 1.157c-.459.164-.862.527-1.11 1.001l-.22.42v9.211c0 10.395.045 9.659-.603 9.883-.286.098-.356.096-.601-.02-.55-.261-.512.307-.556-8.212-.044-8.585-.004-7.999-.593-8.588-.506-.505-.872-.65-1.647-.65-.55 0-.744.034-1.015.178-.412.219-.843.653-1.039 1.046-.139.28-.148.907-.186 13.494l-.04 13.2-2.888-4.321c-3.002-4.493-3.036-4.536-3.788-4.84-.357-.145-1.245-.13-1.604.026-.899.391-1.4 1.126-1.4 2.055 0 .605.105.842.971 2.201.826 1.295 1.75 3.04 2.71 5.119 1.268 2.745 2.467 5.172 2.981 6.034 2.373 3.98 5.378 5.888 10.151 6.446 1.014.119 3.559.163 4.113.071l.286-.047-3.126-3.048c-1.719-1.675-3.315-3.265-3.546-3.531-.922-1.066-1.411-2.4-1.407-3.845.005-2.62 1.651-4.838 4.227-5.698.58-.193.756-.214 1.88-.218 1.081-.003 1.317.02 1.84.182 1.024.318 1.849.825 2.736 1.681l.456.441.595-.565c1.254-1.192 2.72-1.781 4.436-1.782 1.081-.002 2.292.349 3.19.924l.427.273v-9.73c0-7.226-.024-9.81-.094-10.043-.12-.402-.632-.984-1.056-1.201-.398-.204-1.304-.281-1.783-.152a2.142 2.142 0 0 0-1.345 1.082l-.242.474-.04 6.593-.04 6.593-.19.154c-.427.346-.973.276-1.269-.162l-.181-.27-.001-9.088-.001-9.088-.188-.404c-.611-1.312-2.534-1.66-3.624-.655-.682.629-.621-.199-.666 9.099-.044 9.138-.004 8.51-.556 8.772-.245.116-.315.118-.601.02-.648-.224-.603.512-.603-9.883V2.578l-.223-.427c-.25-.478-.743-.901-1.199-1.027-.418-.116-1.359-.098-1.728.033m1.372 28.611c-1.11.121-2.023.574-2.869 1.423-1.568 1.572-1.855 3.79-.735 5.679.296.499.462.666 7.001 7.043l.698.681.542-.142c3.486-.919 6.794-3.671 8.386-6.979.723-1.504 1.098-2.941 1.243-4.77.11-1.383.113-1.375-.672-1.957-1.021-.758-1.887-1.019-3.21-.968-1.505.057-2.308.439-3.687 1.75-1.07 1.018-1.083 1.019-1.983.172-.928-.873-1.305-1.166-1.862-1.445a5.097 5.097 0 0 0-2.852-.487\"\/><\/svg>\t<div class=\"kbm-link-list-item__content\">\n\t\t<p class=\"kbm-link-list-item__title\">Vi hjelper deg med gravstell<\/p>\n\t\t\t\t\t<p class=\"kbm-link-list-item__description\">Vi tilbyr ulike pakker og tilleggstjenester etter ditt \u00f8nske og behov. I alle v\u00e5re pakker inng\u00e5r generelt vedlikehold i form av vanning, luking og ny frisk jord hver v\u00e5r.<\/p>\n\t\t\t<\/div>\n\t<\/a>\n\t\t<\/div>\n\t<\/div>\n\t\n\n\n<div class=\"wp-block-media-text alignwide is-stacked-on-mobile is-style-filled\"><figure class=\"wp-block-media-text__media\"><img loading=\"lazy\" decoding=\"async\" width=\"1000\" height=\"500\" src=\"https:\/\/kirkensbymisjon.no\/content\/uploads\/sites\/117\/2024\/08\/Tilbud_Vaktmestertjenesten_02.jpg\" alt=\"Medarbeider fra Vaktmestertjenesten\" class=\"wp-image-43 size-full\" srcset=\"https:\/\/kirkensbymisjon.no\/content\/uploads\/sites\/117\/2024\/08\/Tilbud_Vaktmestertjenesten_02.jpg 1000w, https:\/\/kirkensbymisjon.no\/content\/uploads\/sites\/117\/2024\/08\/Tilbud_Vaktmestertjenesten_02-300x150.jpg 300w, https:\/\/kirkensbymisjon.no\/content\/uploads\/sites\/117\/2024\/08\/Tilbud_Vaktmestertjenesten_02-768x384.jpg 768w\" sizes=\"auto, (max-width: 1000px) 100vw, 1000px\" \/><\/figure><div class=\"wp-block-media-text__content\">\n<h2 class=\"wp-block-heading\" id=\"h-trenger-din-bedrift-en-fast-vaktmestertjeneste\">Trenger din bedrift en fast vaktmestertjeneste?<\/h2>\n\n\n\n<p>Ta kontakt med oss for et skreddersydd tilbud og f\u00e5 en bedriftsavtale i dag! <\/p>\n\n\n\n<p>Vi har arbeidsledere med bred fagkompetanse og trygg kvalitetssikring. Slik kan din bedrift bidra til et mer inkluderende arbeidsliv, samtidig som v\u00e5re deltakere leverer profesjonelle tjenester og f\u00e5r viktig arbeidstrening.<\/p>\n<\/div><\/div>\n","protected":false},"excerpt":{"rendered":"<p>Et arbeidstiltak for personer med ulike former for arbeidsavklaring Vi bidrar innen et vidt spekter&hellip;<\/p>\n","protected":false},"author":5,"featured_media":0,"parent":0,"menu_order":0,"comment_status":"closed","ping_status":"closed","template":"","meta":{"_relevanssi_hide_post":"","_relevanssi_hide_content":"","_relevanssi_pin_for_all":"","_relevanssi_pin_keywords":"","_relevanssi_unpin_keywords":"","_relevanssi_related_keywords":"","_relevanssi_related_include_ids":"","_relevanssi_related_exclude_ids":"","_relevanssi_related_no_append":"","_relevanssi_related_not_related":"","_relevanssi_related_posts":"1","_relevanssi_noindex_reason":"","editor_notices":[],"footnotes":""},"class_list":["post-3","page","type-page","status-publish","hentry"],"yoast_head":"<!-- This site is optimized with the Yoast SEO Premium plugin v27.2 (Yoast SEO v27.2) - https:\/\/yoast.com\/product\/yoast-seo-premium-wordpress\/ -->\n<title>Kirkens Bymisjon - Vaktmestertjenesten<\/title>\n<meta name=\"description\" content=\"Vi gj\u00f8r jobben raskt og profesjonelt, mens du som kunde bidrar til verdifull arbeidstrening for mennesker utenfor arbeidslivet.\" \/>\n<meta name=\"robots\" content=\"index, follow, max-snippet:-1, max-image-preview:large, max-video-preview:-1\" \/>\n<link rel=\"canonical\" href=\"https:\/\/kirkensbymisjon.no\/tilbud-vaktmestertjenesten\/\" \/>\n<meta property=\"og:locale\" content=\"nb_NO\" \/>\n<meta property=\"og:type\" content=\"article\" \/>\n<meta property=\"og:title\" content=\"Forside\" \/>\n<meta property=\"og:description\" content=\"Vi gj\u00f8r jobben raskt og profesjonelt, mens du som kunde bidrar til verdifull arbeidstrening for mennesker utenfor arbeidslivet.\" \/>\n<meta property=\"og:url\" content=\"https:\/\/kirkensbymisjon.no\/tilbud-vaktmestertjenesten\/\" \/>\n<meta property=\"og:site_name\" content=\"Vaktmestertjenesten\" \/>\n<meta property=\"article:modified_time\" content=\"2026-03-16T09:19:05+00:00\" \/>\n<meta property=\"og:image\" content=\"https:\/\/kirkensbymisjon.no\/content\/uploads\/sites\/117\/2024\/08\/Tilbud_Vaktmestertjenesten_01.jpeg\" \/>\n\t<meta property=\"og:image:width\" content=\"1000\" \/>\n\t<meta property=\"og:image:height\" content=\"500\" \/>\n\t<meta property=\"og:image:type\" content=\"image\/jpeg\" \/>\n<meta name=\"twitter:card\" content=\"summary_large_image\" \/>\n<meta name=\"twitter:label1\" content=\"Ansl. lesetid\" \/>\n\t<meta name=\"twitter:data1\" content=\"1 minutt\" \/>\n<script type=\"application\/ld+json\" class=\"yoast-schema-graph\">{\"@context\":\"https:\/\/schema.org\",\"@graph\":[{\"@type\":\"WebPage\",\"@id\":\"https:\/\/kirkensbymisjon.no\/tilbud-vaktmestertjenesten\/\",\"url\":\"https:\/\/kirkensbymisjon.no\/tilbud-vaktmestertjenesten\/\",\"name\":\"Kirkens Bymisjon - Vaktmestertjenesten\",\"isPartOf\":{\"@id\":\"https:\/\/kirkensbymisjon.no\/tilbud-vaktmestertjenesten\/#website\"},\"primaryImageOfPage\":{\"@id\":\"https:\/\/kirkensbymisjon.no\/tilbud-vaktmestertjenesten\/#primaryimage\"},\"image\":{\"@id\":\"https:\/\/kirkensbymisjon.no\/tilbud-vaktmestertjenesten\/#primaryimage\"},\"thumbnailUrl\":\"https:\/\/kirkensbymisjon.no\/content\/uploads\/sites\/117\/2024\/08\/Tilbud_Vaktmestertjenesten_01.jpeg\",\"datePublished\":\"2024-06-27T06:43:20+00:00\",\"dateModified\":\"2026-03-16T09:19:05+00:00\",\"description\":\"Vi gj\u00f8r jobben raskt og profesjonelt, mens du som kunde bidrar til verdifull arbeidstrening for mennesker utenfor arbeidslivet.\",\"breadcrumb\":{\"@id\":\"https:\/\/kirkensbymisjon.no\/tilbud-vaktmestertjenesten\/#breadcrumb\"},\"inLanguage\":\"nb-NO\",\"potentialAction\":[{\"@type\":\"ReadAction\",\"target\":[\"https:\/\/kirkensbymisjon.no\/tilbud-vaktmestertjenesten\/\"]}]},{\"@type\":\"ImageObject\",\"inLanguage\":\"nb-NO\",\"@id\":\"https:\/\/kirkensbymisjon.no\/tilbud-vaktmestertjenesten\/#primaryimage\",\"url\":\"https:\/\/kirkensbymisjon.no\/content\/uploads\/sites\/117\/2024\/08\/Tilbud_Vaktmestertjenesten_01.jpeg\",\"contentUrl\":\"https:\/\/kirkensbymisjon.no\/content\/uploads\/sites\/117\/2024\/08\/Tilbud_Vaktmestertjenesten_01.jpeg\"},{\"@type\":\"BreadcrumbList\",\"@id\":\"https:\/\/kirkensbymisjon.no\/tilbud-vaktmestertjenesten\/#breadcrumb\",\"itemListElement\":[{\"@type\":\"ListItem\",\"position\":1,\"name\":\"Hjem\",\"item\":\"https:\/\/kirkensbymisjon.no\/tilbud-vaktmestertjenesten\/\"},{\"@type\":\"ListItem\",\"position\":2,\"name\":\"Forside\"}]},{\"@type\":\"WebSite\",\"@id\":\"https:\/\/kirkensbymisjon.no\/tilbud-vaktmestertjenesten\/#website\",\"url\":\"https:\/\/kirkensbymisjon.no\/tilbud-vaktmestertjenesten\/\",\"name\":\"Vaktmestertjenesten\",\"description\":\"\",\"potentialAction\":[{\"@type\":\"SearchAction\",\"target\":{\"@type\":\"EntryPoint\",\"urlTemplate\":\"https:\/\/kirkensbymisjon.no\/tilbud-vaktmestertjenesten\/?s={search_term_string}\"},\"query-input\":{\"@type\":\"PropertyValueSpecification\",\"valueRequired\":true,\"valueName\":\"search_term_string\"}}],\"inLanguage\":\"nb-NO\"}]}<\/script>\n<!-- \/ Yoast SEO Premium plugin. -->","yoast_head_json":{"title":"Kirkens Bymisjon - Vaktmestertjenesten","description":"Vi gj\u00f8r jobben raskt og profesjonelt, mens du som kunde bidrar til verdifull arbeidstrening for mennesker utenfor arbeidslivet.","robots":{"index":"index","follow":"follow","max-snippet":"max-snippet:-1","max-image-preview":"max-image-preview:large","max-video-preview":"max-video-preview:-1"},"canonical":"https:\/\/kirkensbymisjon.no\/tilbud-vaktmestertjenesten\/","og_locale":"nb_NO","og_type":"article","og_title":"Forside","og_description":"Vi gj\u00f8r jobben raskt og profesjonelt, mens du som kunde bidrar til verdifull arbeidstrening for mennesker utenfor arbeidslivet.","og_url":"https:\/\/kirkensbymisjon.no\/tilbud-vaktmestertjenesten\/","og_site_name":"Vaktmestertjenesten","article_modified_time":"2026-03-16T09:19:05+00:00","og_image":[{"width":1000,"height":500,"url":"https:\/\/kirkensbymisjon.no\/content\/uploads\/sites\/117\/2024\/08\/Tilbud_Vaktmestertjenesten_01.jpeg","type":"image\/jpeg"}],"twitter_card":"summary_large_image","twitter_misc":{"Ansl. lesetid":"1 minutt"},"schema":{"@context":"https:\/\/schema.org","@graph":[{"@type":"WebPage","@id":"https:\/\/kirkensbymisjon.no\/tilbud-vaktmestertjenesten\/","url":"https:\/\/kirkensbymisjon.no\/tilbud-vaktmestertjenesten\/","name":"Kirkens Bymisjon - Vaktmestertjenesten","isPartOf":{"@id":"https:\/\/kirkensbymisjon.no\/tilbud-vaktmestertjenesten\/#website"},"primaryImageOfPage":{"@id":"https:\/\/kirkensbymisjon.no\/tilbud-vaktmestertjenesten\/#primaryimage"},"image":{"@id":"https:\/\/kirkensbymisjon.no\/tilbud-vaktmestertjenesten\/#primaryimage"},"thumbnailUrl":"https:\/\/kirkensbymisjon.no\/content\/uploads\/sites\/117\/2024\/08\/Tilbud_Vaktmestertjenesten_01.jpeg","datePublished":"2024-06-27T06:43:20+00:00","dateModified":"2026-03-16T09:19:05+00:00","description":"Vi gj\u00f8r jobben raskt og profesjonelt, mens du som kunde bidrar til verdifull arbeidstrening for mennesker utenfor arbeidslivet.","breadcrumb":{"@id":"https:\/\/kirkensbymisjon.no\/tilbud-vaktmestertjenesten\/#breadcrumb"},"inLanguage":"nb-NO","potentialAction":[{"@type":"ReadAction","target":["https:\/\/kirkensbymisjon.no\/tilbud-vaktmestertjenesten\/"]}]},{"@type":"ImageObject","inLanguage":"nb-NO","@id":"https:\/\/kirkensbymisjon.no\/tilbud-vaktmestertjenesten\/#primaryimage","url":"https:\/\/kirkensbymisjon.no\/content\/uploads\/sites\/117\/2024\/08\/Tilbud_Vaktmestertjenesten_01.jpeg","contentUrl":"https:\/\/kirkensbymisjon.no\/content\/uploads\/sites\/117\/2024\/08\/Tilbud_Vaktmestertjenesten_01.jpeg"},{"@type":"BreadcrumbList","@id":"https:\/\/kirkensbymisjon.no\/tilbud-vaktmestertjenesten\/#breadcrumb","itemListElement":[{"@type":"ListItem","position":1,"name":"Hjem","item":"https:\/\/kirkensbymisjon.no\/tilbud-vaktmestertjenesten\/"},{"@type":"ListItem","position":2,"name":"Forside"}]},{"@type":"WebSite","@id":"https:\/\/kirkensbymisjon.no\/tilbud-vaktmestertjenesten\/#website","url":"https:\/\/kirkensbymisjon.no\/tilbud-vaktmestertjenesten\/","name":"Vaktmestertjenesten","description":"","potentialAction":[{"@type":"SearchAction","target":{"@type":"EntryPoint","urlTemplate":"https:\/\/kirkensbymisjon.no\/tilbud-vaktmestertjenesten\/?s={search_term_string}"},"query-input":{"@type":"PropertyValueSpecification","valueRequired":true,"valueName":"search_term_string"}}],"inLanguage":"nb-NO"}]}},"_links":{"self":[{"href":"https:\/\/kirkensbymisjon.no\/tilbud-vaktmestertjenesten\/wp-json\/wp\/v2\/pages\/3","targetHints":{"allow":["GET"]}}],"collection":[{"href":"https:\/\/kirkensbymisjon.no\/tilbud-vaktmestertjenesten\/wp-json\/wp\/v2\/pages"}],"about":[{"href":"https:\/\/kirkensbymisjon.no\/tilbud-vaktmestertjenesten\/wp-json\/wp\/v2\/types\/page"}],"author":[{"embeddable":true,"href":"https:\/\/kirkensbymisjon.no\/tilbud-vaktmestertjenesten\/wp-json\/wp\/v2\/users\/5"}],"replies":[{"embeddable":true,"href":"https:\/\/kirkensbymisjon.no\/tilbud-vaktmestertjenesten\/wp-json\/wp\/v2\/comments?post=3"}],"version-history":[{"count":5,"href":"https:\/\/kirkensbymisjon.no\/tilbud-vaktmestertjenesten\/wp-json\/wp\/v2\/pages\/3\/revisions"}],"predecessor-version":[{"id":233,"href":"https:\/\/kirkensbymisjon.no\/tilbud-vaktmestertjenesten\/wp-json\/wp\/v2\/pages\/3\/revisions\/233"}],"wp:attachment":[{"href":"https:\/\/kirkensbymisjon.no\/tilbud-vaktmestertjenesten\/wp-json\/wp\/v2\/media?parent=3"}],"curies":[{"name":"wp","href":"https:\/\/api.w.org\/{rel}","templated":true}]}}