{"id":13,"date":"2024-07-24T13:15:22","date_gmt":"2024-07-24T11:15:22","guid":{"rendered":"https:\/\/kirkensbymisjon.no\/tilbud-valerengahjemmet-bo-og-kultursenter\/?page_id=13"},"modified":"2024-10-23T11:59:39","modified_gmt":"2024-10-23T09:59:39","slug":"bli-beboer","status":"publish","type":"page","link":"https:\/\/kirkensbymisjon.no\/tilbud-valerengahjemmet-bo-og-kultursenter\/bli-beboer\/","title":{"rendered":"Bli beboer"},"content":{"rendered":"\n<h2 class=\"wp-block-heading\" id=\"h-hvordan-soke-sykehjemsplass\">Hvordan s\u00f8ke sykehjemsplass?<\/h2>\n\n\n\n<p>Kirkens Bymisjons sykehjem, herunder V\u00e5lerengahjemmet, er langtidshjem som drives med h\u00f8ye ambisjoner om kvalitet og trivsel for beboere, p\u00e5r\u00f8rende og ansatte. Vi har driftsavtaler med Oslo kommune. Den som \u00f8nsker plass ved v\u00e5re sykehjem m\u00e5 s\u00f8ke gjennom bestillerenheten i bydelen der man bor. Det er fritt sykehjemsvalg i Oslo.<\/p>\n\n\n\n<p>Det er ett felles <strong>s\u00f8knadskjema<\/strong> for helse- og omsorgstjenester i Oslo kommune,\u00a0<a href=\"https:\/\/www.oslo.kommune.no\/helse-og-omsorg\/sok-eller-klag-pa-helse-og-omsorgstjenester\/sok-helse-og-omsorgstjenester\/\" target=\"_blank\" rel=\"noreferrer noopener\">som du finner p\u00e5 denne siden<\/a>.<\/p>\n\n\n\n<ol class=\"wp-block-list\">\n<li>Du trenger en legeattest for \u00e5 s\u00f8ke.<\/li>\n\n\n\n<li>Velg din bydel for \u00e5 f\u00e5 riktig skjema.<\/li>\n\n\n\n<li>Fyll ut s\u00f8knadsskjemaet. Beskriv hva du trenger hjelp til, s\u00e5 vurderer kommunen hvilken tjeneste som passer best for deg.<\/li>\n\n\n\n<li>Skriv ut, undertegn og send skjemaet i posten til din bydel. Det er den som trenger hjelp, eventuelt p\u00e5r\u00f8rende med fullmakt, som skal underskrive s\u00f8knaden.<\/li>\n\n\n\n<li>N\u00e5r man har f\u00e5tt vedtak om langtidsplass, kan man \u00f8nske seg til et av Kirkens Bymisjons sykehjem.<\/li>\n<\/ol>\n\n\n\n<p>Ta kontakt med oss om du har sp\u00f8rsm\u00e5l knyttet til sykehjemsplass i Kirkens Bymisjon, p\u00e5 telefon&nbsp;02005. Vi er her for deg!<\/p>\n","protected":false},"excerpt":{"rendered":"<p>Hvordan s\u00f8ke sykehjemsplass? Kirkens Bymisjons sykehjem, herunder V\u00e5lerengahjemmet, er langtidshjem som drives med h\u00f8ye ambisjoner&hellip;<\/p>\n","protected":false},"author":6,"featured_media":0,"parent":0,"menu_order":0,"comment_status":"closed","ping_status":"closed","template":"","meta":{"_relevanssi_hide_post":"","_relevanssi_hide_content":"","_relevanssi_pin_for_all":"","_relevanssi_pin_keywords":"","_relevanssi_unpin_keywords":"","_relevanssi_related_keywords":"","_relevanssi_related_include_ids":"","_relevanssi_related_exclude_ids":"","_relevanssi_related_no_append":"","_relevanssi_related_not_related":"","_relevanssi_related_posts":"1","_relevanssi_noindex_reason":"","editor_notices":[],"footnotes":""},"class_list":["post-13","page","type-page","status-publish","hentry"],"yoast_head":"<!-- This site is optimized with the Yoast SEO Premium plugin v27.2 (Yoast SEO v27.4) - https:\/\/yoast.com\/product\/yoast-seo-premium-wordpress\/ -->\n<title>Bli beboer - V\u00e5lerengahjemmet bo- og kultursenter<\/title>\n<meta name=\"robots\" content=\"index, follow, max-snippet:-1, max-image-preview:large, max-video-preview:-1\" \/>\n<link rel=\"canonical\" href=\"https:\/\/kirkensbymisjon.no\/tilbud-valerengahjemmet-bo-og-kultursenter\/bli-beboer\/\" \/>\n<meta property=\"og:locale\" content=\"nb_NO\" \/>\n<meta property=\"og:type\" content=\"article\" \/>\n<meta property=\"og:title\" content=\"Bli beboer\" \/>\n<meta property=\"og:description\" content=\"Hvordan s\u00f8ke sykehjemsplass? Kirkens Bymisjons sykehjem, herunder V\u00e5lerengahjemmet, er langtidshjem som drives med h\u00f8ye ambisjoner&hellip;\" \/>\n<meta property=\"og:url\" content=\"https:\/\/kirkensbymisjon.no\/tilbud-valerengahjemmet-bo-og-kultursenter\/bli-beboer\/\" \/>\n<meta property=\"og:site_name\" content=\"V\u00e5lerengahjemmet bo- og kultursenter\" \/>\n<meta property=\"article:modified_time\" content=\"2024-10-23T09:59:39+00:00\" \/>\n<meta name=\"twitter:card\" content=\"summary_large_image\" \/>\n<meta name=\"twitter:label1\" content=\"Ansl. lesetid\" \/>\n\t<meta name=\"twitter:data1\" content=\"1 minutt\" \/>\n<script type=\"application\/ld+json\" class=\"yoast-schema-graph\">{\"@context\":\"https:\\\/\\\/schema.org\",\"@graph\":[{\"@type\":\"WebPage\",\"@id\":\"https:\\\/\\\/kirkensbymisjon.no\\\/tilbud-valerengahjemmet-bo-og-kultursenter\\\/bli-beboer\\\/\",\"url\":\"https:\\\/\\\/kirkensbymisjon.no\\\/tilbud-valerengahjemmet-bo-og-kultursenter\\\/bli-beboer\\\/\",\"name\":\"Bli beboer - V\u00e5lerengahjemmet bo- og kultursenter\",\"isPartOf\":{\"@id\":\"https:\\\/\\\/kirkensbymisjon.no\\\/tilbud-valerengahjemmet-bo-og-kultursenter\\\/#website\"},\"datePublished\":\"2024-07-24T11:15:22+00:00\",\"dateModified\":\"2024-10-23T09:59:39+00:00\",\"breadcrumb\":{\"@id\":\"https:\\\/\\\/kirkensbymisjon.no\\\/tilbud-valerengahjemmet-bo-og-kultursenter\\\/bli-beboer\\\/#breadcrumb\"},\"inLanguage\":\"nb-NO\",\"potentialAction\":[{\"@type\":\"ReadAction\",\"target\":[\"https:\\\/\\\/kirkensbymisjon.no\\\/tilbud-valerengahjemmet-bo-og-kultursenter\\\/bli-beboer\\\/\"]}]},{\"@type\":\"BreadcrumbList\",\"@id\":\"https:\\\/\\\/kirkensbymisjon.no\\\/tilbud-valerengahjemmet-bo-og-kultursenter\\\/bli-beboer\\\/#breadcrumb\",\"itemListElement\":[{\"@type\":\"ListItem\",\"position\":1,\"name\":\"Hjem\",\"item\":\"https:\\\/\\\/kirkensbymisjon.no\\\/tilbud-valerengahjemmet-bo-og-kultursenter\\\/\"},{\"@type\":\"ListItem\",\"position\":2,\"name\":\"Bli beboer\"}]},{\"@type\":\"WebSite\",\"@id\":\"https:\\\/\\\/kirkensbymisjon.no\\\/tilbud-valerengahjemmet-bo-og-kultursenter\\\/#website\",\"url\":\"https:\\\/\\\/kirkensbymisjon.no\\\/tilbud-valerengahjemmet-bo-og-kultursenter\\\/\",\"name\":\"V\u00e5lerengahjemmet bo- og kultursenter\",\"description\":\"\",\"potentialAction\":[{\"@type\":\"SearchAction\",\"target\":{\"@type\":\"EntryPoint\",\"urlTemplate\":\"https:\\\/\\\/kirkensbymisjon.no\\\/tilbud-valerengahjemmet-bo-og-kultursenter\\\/?s={search_term_string}\"},\"query-input\":{\"@type\":\"PropertyValueSpecification\",\"valueRequired\":true,\"valueName\":\"search_term_string\"}}],\"inLanguage\":\"nb-NO\"}]}<\/script>\n<!-- \/ Yoast SEO Premium plugin. -->","yoast_head_json":{"title":"Bli beboer - V\u00e5lerengahjemmet bo- og kultursenter","robots":{"index":"index","follow":"follow","max-snippet":"max-snippet:-1","max-image-preview":"max-image-preview:large","max-video-preview":"max-video-preview:-1"},"canonical":"https:\/\/kirkensbymisjon.no\/tilbud-valerengahjemmet-bo-og-kultursenter\/bli-beboer\/","og_locale":"nb_NO","og_type":"article","og_title":"Bli beboer","og_description":"Hvordan s\u00f8ke sykehjemsplass? Kirkens Bymisjons sykehjem, herunder V\u00e5lerengahjemmet, er langtidshjem som drives med h\u00f8ye ambisjoner&hellip;","og_url":"https:\/\/kirkensbymisjon.no\/tilbud-valerengahjemmet-bo-og-kultursenter\/bli-beboer\/","og_site_name":"V\u00e5lerengahjemmet bo- og kultursenter","article_modified_time":"2024-10-23T09:59:39+00:00","twitter_card":"summary_large_image","twitter_misc":{"Ansl. lesetid":"1 minutt"},"schema":{"@context":"https:\/\/schema.org","@graph":[{"@type":"WebPage","@id":"https:\/\/kirkensbymisjon.no\/tilbud-valerengahjemmet-bo-og-kultursenter\/bli-beboer\/","url":"https:\/\/kirkensbymisjon.no\/tilbud-valerengahjemmet-bo-og-kultursenter\/bli-beboer\/","name":"Bli beboer - V\u00e5lerengahjemmet bo- og kultursenter","isPartOf":{"@id":"https:\/\/kirkensbymisjon.no\/tilbud-valerengahjemmet-bo-og-kultursenter\/#website"},"datePublished":"2024-07-24T11:15:22+00:00","dateModified":"2024-10-23T09:59:39+00:00","breadcrumb":{"@id":"https:\/\/kirkensbymisjon.no\/tilbud-valerengahjemmet-bo-og-kultursenter\/bli-beboer\/#breadcrumb"},"inLanguage":"nb-NO","potentialAction":[{"@type":"ReadAction","target":["https:\/\/kirkensbymisjon.no\/tilbud-valerengahjemmet-bo-og-kultursenter\/bli-beboer\/"]}]},{"@type":"BreadcrumbList","@id":"https:\/\/kirkensbymisjon.no\/tilbud-valerengahjemmet-bo-og-kultursenter\/bli-beboer\/#breadcrumb","itemListElement":[{"@type":"ListItem","position":1,"name":"Hjem","item":"https:\/\/kirkensbymisjon.no\/tilbud-valerengahjemmet-bo-og-kultursenter\/"},{"@type":"ListItem","position":2,"name":"Bli beboer"}]},{"@type":"WebSite","@id":"https:\/\/kirkensbymisjon.no\/tilbud-valerengahjemmet-bo-og-kultursenter\/#website","url":"https:\/\/kirkensbymisjon.no\/tilbud-valerengahjemmet-bo-og-kultursenter\/","name":"V\u00e5lerengahjemmet bo- og kultursenter","description":"","potentialAction":[{"@type":"SearchAction","target":{"@type":"EntryPoint","urlTemplate":"https:\/\/kirkensbymisjon.no\/tilbud-valerengahjemmet-bo-og-kultursenter\/?s={search_term_string}"},"query-input":{"@type":"PropertyValueSpecification","valueRequired":true,"valueName":"search_term_string"}}],"inLanguage":"nb-NO"}]}},"_links":{"self":[{"href":"https:\/\/kirkensbymisjon.no\/tilbud-valerengahjemmet-bo-og-kultursenter\/wp-json\/wp\/v2\/pages\/13","targetHints":{"allow":["GET"]}}],"collection":[{"href":"https:\/\/kirkensbymisjon.no\/tilbud-valerengahjemmet-bo-og-kultursenter\/wp-json\/wp\/v2\/pages"}],"about":[{"href":"https:\/\/kirkensbymisjon.no\/tilbud-valerengahjemmet-bo-og-kultursenter\/wp-json\/wp\/v2\/types\/page"}],"author":[{"embeddable":true,"href":"https:\/\/kirkensbymisjon.no\/tilbud-valerengahjemmet-bo-og-kultursenter\/wp-json\/wp\/v2\/users\/6"}],"replies":[{"embeddable":true,"href":"https:\/\/kirkensbymisjon.no\/tilbud-valerengahjemmet-bo-og-kultursenter\/wp-json\/wp\/v2\/comments?post=13"}],"version-history":[{"count":5,"href":"https:\/\/kirkensbymisjon.no\/tilbud-valerengahjemmet-bo-og-kultursenter\/wp-json\/wp\/v2\/pages\/13\/revisions"}],"predecessor-version":[{"id":198,"href":"https:\/\/kirkensbymisjon.no\/tilbud-valerengahjemmet-bo-og-kultursenter\/wp-json\/wp\/v2\/pages\/13\/revisions\/198"}],"wp:attachment":[{"href":"https:\/\/kirkensbymisjon.no\/tilbud-valerengahjemmet-bo-og-kultursenter\/wp-json\/wp\/v2\/media?parent=13"}],"curies":[{"name":"wp","href":"https:\/\/api.w.org\/{rel}","templated":true}]}}