{"id":15,"date":"2024-07-24T13:15:36","date_gmt":"2024-07-24T11:15:36","guid":{"rendered":"https:\/\/kirkensbymisjon.no\/tilbud-valerengahjemmet-bo-og-kultursenter\/?page_id=15"},"modified":"2024-10-24T13:24:07","modified_gmt":"2024-10-24T11:24:07","slug":"bli-frivillig","status":"publish","type":"page","link":"https:\/\/kirkensbymisjon.no\/tilbud-valerengahjemmet-bo-og-kultursenter\/bli-frivillig\/","title":{"rendered":"Bli frivillig"},"content":{"rendered":"\n<h2 class=\"wp-block-heading\" id=\"h-gjor-en-innsats-for-naermiljoet\">Gj\u00f8r en innsats for n\u00e6rmilj\u00f8et<\/h2>\n\n\n\n<p>Frivillig arbeid er veldig viktig for v\u00e5re sykehjem, og vi \u00f8nsker et stort mangfold blant v\u00e5re hjelpere, b\u00e5de i bakgrunn og i ulike forutsetninger.<\/p>\n\n\n\n<figure class=\"wp-block-image size-full\"><img loading=\"lazy\" decoding=\"async\" width=\"973\" height=\"547\" src=\"https:\/\/kirkensbymisjon.no\/content\/uploads\/sites\/46\/2024\/08\/Tilbud_Valerengahjemmet_04.jpg\" alt=\"Ansatt som sykler en beboer fra V\u00e5lerengahjemmet\" class=\"wp-image-34\" srcset=\"https:\/\/kirkensbymisjon.no\/content\/uploads\/sites\/46\/2024\/08\/Tilbud_Valerengahjemmet_04.jpg 973w, https:\/\/kirkensbymisjon.no\/content\/uploads\/sites\/46\/2024\/08\/Tilbud_Valerengahjemmet_04-300x169.jpg 300w, https:\/\/kirkensbymisjon.no\/content\/uploads\/sites\/46\/2024\/08\/Tilbud_Valerengahjemmet_04-768x432.jpg 768w\" sizes=\"auto, (max-width: 973px) 100vw, 973px\" \/><\/figure>\n\n\n\n<p>P\u00e5 V\u00e5lerengahjemmet har vi en stabil gruppe med frivillige som jevnlig gj\u00f8r en innsats for beboerne v\u00e5re. Deres oppgaver er varierte og er tilrettelagt slik at b\u00e5de beboere og den frivillige skal ha utnytte av aktiviteten. <br>Eksempler p\u00e5 frivillig arbeid:<\/p>\n\n\n\n<ul class=\"wp-block-list\">\n<li>V\u00e6re bes\u00f8ksvenn for faste personer.<\/li>\n\n\n\n<li>Drive en ukentlig erindringskaf\u00e9.<\/li>\n\n\n\n<li>Instruere og inspirere p\u00e5 trimgruppe sammen med fysioterapeut.<\/li>\n\n\n\n<li>Spille piano p\u00e5 avdelingen.<\/li>\n<\/ul>\n\n\n\n<p>De frivillige er en ekstra ressurs for beboerne, og erstatter ikke ansattes oppgaver eller ansvarsomr\u00e5der.<\/p>\n\n\n\n<p>For \u00e5 <strong>bli frivillig<\/strong> hos V\u00e5lerengahjemmet, kan du ta kontakt med v\u00e5r <br>kultur- og frivilligleder, <strong><a href=\"https:\/\/kirkensbymisjon.no\/tilbud-valerengahjemmet-bo-og-kultursenter\/kontaktinformasjon\/#kontaktpersoner\">Karoline <strong>Rosvo<\/strong>ll Orm\u00e5sen<\/a><\/strong>.<\/p>\n","protected":false},"excerpt":{"rendered":"<p>Gj\u00f8r en innsats for n\u00e6rmilj\u00f8et Frivillig arbeid er veldig viktig for v\u00e5re sykehjem, og vi&hellip;<\/p>\n","protected":false},"author":6,"featured_media":0,"parent":0,"menu_order":0,"comment_status":"closed","ping_status":"closed","template":"","meta":{"_relevanssi_hide_post":"","_relevanssi_hide_content":"","_relevanssi_pin_for_all":"","_relevanssi_pin_keywords":"","_relevanssi_unpin_keywords":"","_relevanssi_related_keywords":"","_relevanssi_related_include_ids":"","_relevanssi_related_exclude_ids":"","_relevanssi_related_no_append":"","_relevanssi_related_not_related":"","_relevanssi_related_posts":"1","_relevanssi_noindex_reason":"","editor_notices":[],"footnotes":""},"class_list":["post-15","page","type-page","status-publish","hentry"],"yoast_head":"<!-- This site is optimized with the Yoast SEO Premium plugin v27.2 (Yoast SEO v27.2) - https:\/\/yoast.com\/product\/yoast-seo-premium-wordpress\/ -->\n<title>Bli frivillig - V\u00e5lerengahjemmet bo- og kultursenter<\/title>\n<meta name=\"robots\" content=\"index, follow, max-snippet:-1, max-image-preview:large, max-video-preview:-1\" \/>\n<link rel=\"canonical\" href=\"https:\/\/kirkensbymisjon.no\/tilbud-valerengahjemmet-bo-og-kultursenter\/bli-frivillig\/\" \/>\n<meta property=\"og:locale\" content=\"nb_NO\" \/>\n<meta property=\"og:type\" content=\"article\" \/>\n<meta property=\"og:title\" content=\"Bli frivillig\" \/>\n<meta property=\"og:description\" content=\"Gj\u00f8r en innsats for n\u00e6rmilj\u00f8et Frivillig arbeid er veldig viktig for v\u00e5re sykehjem, og vi&hellip;\" \/>\n<meta property=\"og:url\" content=\"https:\/\/kirkensbymisjon.no\/tilbud-valerengahjemmet-bo-og-kultursenter\/bli-frivillig\/\" \/>\n<meta property=\"og:site_name\" content=\"V\u00e5lerengahjemmet bo- og kultursenter\" \/>\n<meta property=\"article:modified_time\" content=\"2024-10-24T11:24:07+00:00\" \/>\n<meta property=\"og:image\" content=\"https:\/\/kirkensbymisjon.no\/content\/uploads\/sites\/46\/2024\/08\/Tilbud_Valerengahjemmet_04.jpg\" \/>\n\t<meta property=\"og:image:width\" content=\"973\" \/>\n\t<meta property=\"og:image:height\" content=\"547\" \/>\n\t<meta property=\"og:image:type\" content=\"image\/jpeg\" \/>\n<meta name=\"twitter:card\" content=\"summary_large_image\" \/>\n<meta name=\"twitter:label1\" content=\"Ansl. lesetid\" \/>\n\t<meta name=\"twitter:data1\" content=\"1 minutt\" \/>\n<script type=\"application\/ld+json\" class=\"yoast-schema-graph\">{\"@context\":\"https:\/\/schema.org\",\"@graph\":[{\"@type\":\"WebPage\",\"@id\":\"https:\/\/kirkensbymisjon.no\/tilbud-valerengahjemmet-bo-og-kultursenter\/bli-frivillig\/\",\"url\":\"https:\/\/kirkensbymisjon.no\/tilbud-valerengahjemmet-bo-og-kultursenter\/bli-frivillig\/\",\"name\":\"Bli frivillig - V\u00e5lerengahjemmet bo- og kultursenter\",\"isPartOf\":{\"@id\":\"https:\/\/kirkensbymisjon.no\/tilbud-valerengahjemmet-bo-og-kultursenter\/#website\"},\"primaryImageOfPage\":{\"@id\":\"https:\/\/kirkensbymisjon.no\/tilbud-valerengahjemmet-bo-og-kultursenter\/bli-frivillig\/#primaryimage\"},\"image\":{\"@id\":\"https:\/\/kirkensbymisjon.no\/tilbud-valerengahjemmet-bo-og-kultursenter\/bli-frivillig\/#primaryimage\"},\"thumbnailUrl\":\"https:\/\/kirkensbymisjon.no\/content\/uploads\/sites\/46\/2024\/08\/Tilbud_Valerengahjemmet_04.jpg\",\"datePublished\":\"2024-07-24T11:15:36+00:00\",\"dateModified\":\"2024-10-24T11:24:07+00:00\",\"breadcrumb\":{\"@id\":\"https:\/\/kirkensbymisjon.no\/tilbud-valerengahjemmet-bo-og-kultursenter\/bli-frivillig\/#breadcrumb\"},\"inLanguage\":\"nb-NO\",\"potentialAction\":[{\"@type\":\"ReadAction\",\"target\":[\"https:\/\/kirkensbymisjon.no\/tilbud-valerengahjemmet-bo-og-kultursenter\/bli-frivillig\/\"]}]},{\"@type\":\"ImageObject\",\"inLanguage\":\"nb-NO\",\"@id\":\"https:\/\/kirkensbymisjon.no\/tilbud-valerengahjemmet-bo-og-kultursenter\/bli-frivillig\/#primaryimage\",\"url\":\"https:\/\/kirkensbymisjon.no\/content\/uploads\/sites\/46\/2024\/08\/Tilbud_Valerengahjemmet_04.jpg\",\"contentUrl\":\"https:\/\/kirkensbymisjon.no\/content\/uploads\/sites\/46\/2024\/08\/Tilbud_Valerengahjemmet_04.jpg\"},{\"@type\":\"BreadcrumbList\",\"@id\":\"https:\/\/kirkensbymisjon.no\/tilbud-valerengahjemmet-bo-og-kultursenter\/bli-frivillig\/#breadcrumb\",\"itemListElement\":[{\"@type\":\"ListItem\",\"position\":1,\"name\":\"Hjem\",\"item\":\"https:\/\/kirkensbymisjon.no\/tilbud-valerengahjemmet-bo-og-kultursenter\/\"},{\"@type\":\"ListItem\",\"position\":2,\"name\":\"Bli frivillig\"}]},{\"@type\":\"WebSite\",\"@id\":\"https:\/\/kirkensbymisjon.no\/tilbud-valerengahjemmet-bo-og-kultursenter\/#website\",\"url\":\"https:\/\/kirkensbymisjon.no\/tilbud-valerengahjemmet-bo-og-kultursenter\/\",\"name\":\"V\u00e5lerengahjemmet bo- og kultursenter\",\"description\":\"\",\"potentialAction\":[{\"@type\":\"SearchAction\",\"target\":{\"@type\":\"EntryPoint\",\"urlTemplate\":\"https:\/\/kirkensbymisjon.no\/tilbud-valerengahjemmet-bo-og-kultursenter\/?s={search_term_string}\"},\"query-input\":{\"@type\":\"PropertyValueSpecification\",\"valueRequired\":true,\"valueName\":\"search_term_string\"}}],\"inLanguage\":\"nb-NO\"}]}<\/script>\n<!-- \/ Yoast SEO Premium plugin. -->","yoast_head_json":{"title":"Bli frivillig - V\u00e5lerengahjemmet bo- og kultursenter","robots":{"index":"index","follow":"follow","max-snippet":"max-snippet:-1","max-image-preview":"max-image-preview:large","max-video-preview":"max-video-preview:-1"},"canonical":"https:\/\/kirkensbymisjon.no\/tilbud-valerengahjemmet-bo-og-kultursenter\/bli-frivillig\/","og_locale":"nb_NO","og_type":"article","og_title":"Bli frivillig","og_description":"Gj\u00f8r en innsats for n\u00e6rmilj\u00f8et Frivillig arbeid er veldig viktig for v\u00e5re sykehjem, og vi&hellip;","og_url":"https:\/\/kirkensbymisjon.no\/tilbud-valerengahjemmet-bo-og-kultursenter\/bli-frivillig\/","og_site_name":"V\u00e5lerengahjemmet bo- og kultursenter","article_modified_time":"2024-10-24T11:24:07+00:00","og_image":[{"width":973,"height":547,"url":"https:\/\/kirkensbymisjon.no\/content\/uploads\/sites\/46\/2024\/08\/Tilbud_Valerengahjemmet_04.jpg","type":"image\/jpeg"}],"twitter_card":"summary_large_image","twitter_misc":{"Ansl. lesetid":"1 minutt"},"schema":{"@context":"https:\/\/schema.org","@graph":[{"@type":"WebPage","@id":"https:\/\/kirkensbymisjon.no\/tilbud-valerengahjemmet-bo-og-kultursenter\/bli-frivillig\/","url":"https:\/\/kirkensbymisjon.no\/tilbud-valerengahjemmet-bo-og-kultursenter\/bli-frivillig\/","name":"Bli frivillig - V\u00e5lerengahjemmet bo- og kultursenter","isPartOf":{"@id":"https:\/\/kirkensbymisjon.no\/tilbud-valerengahjemmet-bo-og-kultursenter\/#website"},"primaryImageOfPage":{"@id":"https:\/\/kirkensbymisjon.no\/tilbud-valerengahjemmet-bo-og-kultursenter\/bli-frivillig\/#primaryimage"},"image":{"@id":"https:\/\/kirkensbymisjon.no\/tilbud-valerengahjemmet-bo-og-kultursenter\/bli-frivillig\/#primaryimage"},"thumbnailUrl":"https:\/\/kirkensbymisjon.no\/content\/uploads\/sites\/46\/2024\/08\/Tilbud_Valerengahjemmet_04.jpg","datePublished":"2024-07-24T11:15:36+00:00","dateModified":"2024-10-24T11:24:07+00:00","breadcrumb":{"@id":"https:\/\/kirkensbymisjon.no\/tilbud-valerengahjemmet-bo-og-kultursenter\/bli-frivillig\/#breadcrumb"},"inLanguage":"nb-NO","potentialAction":[{"@type":"ReadAction","target":["https:\/\/kirkensbymisjon.no\/tilbud-valerengahjemmet-bo-og-kultursenter\/bli-frivillig\/"]}]},{"@type":"ImageObject","inLanguage":"nb-NO","@id":"https:\/\/kirkensbymisjon.no\/tilbud-valerengahjemmet-bo-og-kultursenter\/bli-frivillig\/#primaryimage","url":"https:\/\/kirkensbymisjon.no\/content\/uploads\/sites\/46\/2024\/08\/Tilbud_Valerengahjemmet_04.jpg","contentUrl":"https:\/\/kirkensbymisjon.no\/content\/uploads\/sites\/46\/2024\/08\/Tilbud_Valerengahjemmet_04.jpg"},{"@type":"BreadcrumbList","@id":"https:\/\/kirkensbymisjon.no\/tilbud-valerengahjemmet-bo-og-kultursenter\/bli-frivillig\/#breadcrumb","itemListElement":[{"@type":"ListItem","position":1,"name":"Hjem","item":"https:\/\/kirkensbymisjon.no\/tilbud-valerengahjemmet-bo-og-kultursenter\/"},{"@type":"ListItem","position":2,"name":"Bli frivillig"}]},{"@type":"WebSite","@id":"https:\/\/kirkensbymisjon.no\/tilbud-valerengahjemmet-bo-og-kultursenter\/#website","url":"https:\/\/kirkensbymisjon.no\/tilbud-valerengahjemmet-bo-og-kultursenter\/","name":"V\u00e5lerengahjemmet bo- og kultursenter","description":"","potentialAction":[{"@type":"SearchAction","target":{"@type":"EntryPoint","urlTemplate":"https:\/\/kirkensbymisjon.no\/tilbud-valerengahjemmet-bo-og-kultursenter\/?s={search_term_string}"},"query-input":{"@type":"PropertyValueSpecification","valueRequired":true,"valueName":"search_term_string"}}],"inLanguage":"nb-NO"}]}},"_links":{"self":[{"href":"https:\/\/kirkensbymisjon.no\/tilbud-valerengahjemmet-bo-og-kultursenter\/wp-json\/wp\/v2\/pages\/15","targetHints":{"allow":["GET"]}}],"collection":[{"href":"https:\/\/kirkensbymisjon.no\/tilbud-valerengahjemmet-bo-og-kultursenter\/wp-json\/wp\/v2\/pages"}],"about":[{"href":"https:\/\/kirkensbymisjon.no\/tilbud-valerengahjemmet-bo-og-kultursenter\/wp-json\/wp\/v2\/types\/page"}],"author":[{"embeddable":true,"href":"https:\/\/kirkensbymisjon.no\/tilbud-valerengahjemmet-bo-og-kultursenter\/wp-json\/wp\/v2\/users\/6"}],"replies":[{"embeddable":true,"href":"https:\/\/kirkensbymisjon.no\/tilbud-valerengahjemmet-bo-og-kultursenter\/wp-json\/wp\/v2\/comments?post=15"}],"version-history":[{"count":5,"href":"https:\/\/kirkensbymisjon.no\/tilbud-valerengahjemmet-bo-og-kultursenter\/wp-json\/wp\/v2\/pages\/15\/revisions"}],"predecessor-version":[{"id":208,"href":"https:\/\/kirkensbymisjon.no\/tilbud-valerengahjemmet-bo-og-kultursenter\/wp-json\/wp\/v2\/pages\/15\/revisions\/208"}],"wp:attachment":[{"href":"https:\/\/kirkensbymisjon.no\/tilbud-valerengahjemmet-bo-og-kultursenter\/wp-json\/wp\/v2\/media?parent=15"}],"curies":[{"name":"wp","href":"https:\/\/api.w.org\/{rel}","templated":true}]}}