{"id":3,"date":"2024-06-18T13:46:57","date_gmt":"2024-06-18T11:46:57","guid":{"rendered":"https:\/\/kirkensbymisjon.no\/tilbud-valerengahjemmet-bo-og-kultursenter\/forside\/"},"modified":"2026-04-21T09:44:19","modified_gmt":"2026-04-21T07:44:19","slug":"forside","status":"publish","type":"page","link":"https:\/\/kirkensbymisjon.no\/tilbud-valerengahjemmet-bo-og-kultursenter\/","title":{"rendered":"Forside"},"content":{"rendered":"\n<div class=\"wp-block-media-text alignwide is-stacked-on-mobile is-style-filled\"><figure class=\"wp-block-media-text__media\"><img loading=\"lazy\" decoding=\"async\" width=\"973\" height=\"730\" src=\"https:\/\/kirkensbymisjon.no\/content\/uploads\/sites\/46\/2024\/08\/Tilbud_Valerengahjemmet_03.jpg\" alt=\"Beboer som hilser p\u00e5 en ku\" class=\"wp-image-40 size-full\" srcset=\"https:\/\/kirkensbymisjon.no\/content\/uploads\/sites\/46\/2024\/08\/Tilbud_Valerengahjemmet_03.jpg 973w, https:\/\/kirkensbymisjon.no\/content\/uploads\/sites\/46\/2024\/08\/Tilbud_Valerengahjemmet_03-300x225.jpg 300w, https:\/\/kirkensbymisjon.no\/content\/uploads\/sites\/46\/2024\/08\/Tilbud_Valerengahjemmet_03-768x576.jpg 768w\" sizes=\"auto, (max-width: 973px) 100vw, 973px\" \/><\/figure><div class=\"wp-block-media-text__content\">\n<h2 class=\"wp-block-heading\" id=\"program\">Se v\u00e5re aktiviteter<\/h2>\n\n\n\n<p><strong>Hver v\u00e5r og h\u00f8st lager vi et flunkende nytt og spennende kulturprogram for v\u00e5re beboere.<\/strong> <br>Her kan du se alt vi har \u00e5 glede oss til.<\/p>\n\n\n\n<p><a href=\"https:\/\/kirkensbymisjon.no\/content\/uploads\/sites\/46\/2026\/01\/Kulturprogram_var_2026.pdf\" target=\"_blank\" rel=\"noreferrer noopener\">Last ned kulturprogram for v\u00e5ren 2026<\/a>.<\/p>\n\n\n\n<p><strong>Lurer du p\u00e5 hva som skjer hos oss?<\/strong><br>Last ned aktivitetsplan for <a href=\"https:\/\/kirkensbymisjon.no\/content\/uploads\/sites\/46\/2026\/04\/Ukeprogram-uke-17-2.pdf\" target=\"_blank\" rel=\"noreferrer noopener\">uke 17.<\/a><br>Last ned lunsjmeny for <a href=\"https:\/\/kirkensbymisjon.no\/content\/uploads\/sites\/46\/2026\/04\/LUNSJ-UKE-17-2026.pdf\" target=\"_blank\" rel=\"noreferrer noopener\">uke <\/a>17.<br>Last ned middagsmeny for <a href=\"https:\/\/kirkensbymisjon.no\/content\/uploads\/sites\/46\/2026\/04\/Meny-uke-17-2026_.pdf\">uke <\/a>17.<a href=\"https:\/\/kirkensbymisjon.no\/content\/uploads\/sites\/46\/2025\/09\/MENY-UKE-38-002.pdf\" target=\"_blank\" rel=\"noreferrer noopener\"><br><\/a><\/p>\n<\/div><\/div>\n\n\n\n<p>V\u00e5lerengahjemmet bo- og kultursenter er langtidshjemmet hvor det alltid skjer noe! V\u00e5rt m\u00e5l er at vi hver dag skal gi v\u00e5re brukere trygghet og gode \u00f8yeblikksopplevelser. I tillegg til at vi gir grunnleggende god pleie, satser vi derfor ogs\u00e5 p\u00e5 et bredt kulturarbeid og p\u00e5 \u00e5ndelig omsorg. Vi er opptatt av at beboerne skal leve gode liv hos oss.<\/p>\n\n\n\n<p><\/p>\n\n\n\t<div class=\"alignwide wp-block-kbm-link-list\">\n\t\t<div class=\"kbm-link-list__items\">\n\t\t\t\n<a class=\"wp-block-kbm-link-list-item\" href=\"\/tilbud-valerengahjemmet-bo-og-kultursenter\/om-hjemmet\/\">\t<svg xmlns=\"http:\/\/www.w3.org\/2000\/svg\" viewBox=\"0 0 48 48\" height=\"24\" width=\"24\" class=\"t2-icon t2-icon-heart\" aria-hidden=\"true\" focusable=\"false\"><path d=\"M12.608 7.169c-1.695.306-3.132.959-4.579 2.081-1.894 1.468-3.293 3.755-3.79 6.194-.689 3.382.232 7.499 2.57 11.489 2.339 3.991 6.459 8.359 11.511 12.202 1.924 1.463 5.432 3.825 5.682 3.825.244 0 3.789-2.389 5.678-3.826 3.507-2.666 6.767-5.781 9.058-8.654 4.107-5.151 5.927-10.598 5.023-15.036-.867-4.255-4.231-7.559-8.431-8.282-.908-.156-2.546-.157-3.46-.001-3.228.55-6.151 2.758-7.548 5.699-.151.319-.296.58-.32.58-.025 0-.212-.333-.416-.74-1.452-2.905-4.266-4.995-7.456-5.539-.885-.151-2.667-.147-3.522.008\"\/><\/svg>\t<div class=\"kbm-link-list-item__content\">\n\t\t<p class=\"kbm-link-list-item__title\">I hjertet av V\u00e5lerenga<\/p>\n\t\t\t\t\t<p class=\"kbm-link-list-item__description\">Vi er en levende m\u00f8teplass for ulike generasjoner og mennesker p\u00e5 V\u00e5lerenga. Et langtidshjem der atmosf\u00e6ren er god og trygg, og der smilet sitter l\u00f8st.<\/p>\n\t\t\t<\/div>\n\t<\/a>\n\n<a class=\"wp-block-kbm-link-list-item\" href=\"\/tilbud-valerengahjemmet-bo-og-kultursenter\/om-hjemmet\/\">\t<svg xmlns=\"http:\/\/www.w3.org\/2000\/svg\" viewBox=\"0 0 48 48\" height=\"24\" width=\"24\" class=\"t2-icon t2-icon-conversations\" aria-hidden=\"true\" focusable=\"false\"><path d=\"M17.32 3.094c-5.657.702-10.128 3.89-11.592 8.266-.429 1.281-.554 2.15-.503 3.48.091 2.359.84 4.177 2.637 6.4l.194.24-1.547 2.48a1047.26 1047.26 0 0 0-2.025 3.256l-.477.776 2.297-.788c1.263-.433 3.316-1.138 4.562-1.568l2.266-.78.934.293c1.466.46 1.347.473 1.814-.197 2.253-3.232 6.618-5.596 11.23-6.078.871-.091 3.664-.057 4.456.054l.326.046.22-.49c.601-1.341.867-2.55.87-3.964.003-1.161-.111-1.889-.471-3-.548-1.693-1.441-3.086-2.858-4.456-2.194-2.121-5.095-3.478-8.345-3.904-.83-.109-3.313-.15-3.988-.066m9.974 16.986c-4.999.527-9.314 3.225-11.195 7-1.41 2.83-1.427 5.935-.047 8.712 2.876 5.789 10.846 8.631 17.838 6.361l.97-.315 4.51 1.553c2.481.855 4.521 1.543 4.534 1.53.014-.013-.878-1.472-1.981-3.242l-2.005-3.219.429-.53c1.19-1.471 1.904-2.945 2.27-4.685.168-.797.184-2.557.031-3.405-.236-1.313-.826-2.755-1.62-3.96-.612-.929-2.306-2.599-3.308-3.26-1.897-1.254-4.01-2.062-6.32-2.418-.979-.151-3.203-.217-4.106-.122\"\/><\/svg>\t<div class=\"kbm-link-list-item__content\">\n\t\t<p class=\"kbm-link-list-item__title\">Bedre hverdagsliv<\/p>\n\t\t\t\t\t<p class=\"kbm-link-list-item__description\">Vi tilrettelegger for gode opplevelser i hverdagen, lytter til den enkelte brukers behov, og skaper \u00f8yeblikk sammen. <\/p>\n\t\t\t<\/div>\n\t<\/a>\n\n<a class=\"wp-block-kbm-link-list-item\" href=\"\/tilbud-valerengahjemmet-bo-og-kultursenter\/om-hjemmet\/\">\t<svg xmlns=\"http:\/\/www.w3.org\/2000\/svg\" viewBox=\"0 0 48 48\" height=\"24\" width=\"24\" class=\"t2-icon t2-icon-substanceabuse\" aria-hidden=\"true\" focusable=\"false\"><path d=\"M12.56 9.154c-1.341.298-2.645 1.02-3.574 1.979C7.697 12.465 7.02 14.139 7.02 16c0 1.434.389 2.738 1.147 3.847 1.839 2.689 5.013 3.786 8.045 2.781 2.343-.777 4.141-2.82 4.672-5.308.157-.736.12-2.2-.074-2.939-.374-1.42-.887-2.311-1.927-3.341-.989-.98-2.132-1.604-3.441-1.88-.683-.143-2.248-.147-2.882-.006m19.96.013c-.635.139-1.595.533-2.262.927-.582.343-1.821 1.582-2.164 2.164-.801 1.355-1.097 2.524-1.03 4.056.053 1.203.179 1.707.694 2.766a6.659 6.659 0 0 0 3.162 3.162c1.198.583 1.617.675 3.08.675s1.882-.092 3.08-.675a6.878 6.878 0 0 0 2.325-1.823c.5-.602 1.152-1.869 1.369-2.659.108-.395.143-.818.143-1.76 0-1.463-.092-1.882-.675-3.08a6.878 6.878 0 0 0-1.823-2.325c-.59-.49-1.865-1.151-2.619-1.357-.694-.191-2.555-.231-3.28-.071M8.438 28.079c-2.389.351-4.344 1.951-5.133 4.201l-.225.64-.024 3.02-.025 3.02h17.586l.048-1.06c.071-1.592.431-2.97 1.156-4.42.413-.828 1.123-1.894 1.7-2.553.219-.251.399-.497.399-.548 0-.149-.879-.956-1.44-1.322a7.39 7.39 0 0 0-1.133-.577c-1.197-.462-1.483-.481-7.257-.47-2.888.005-5.431.037-5.652.069m24.251.006c-1.748.203-3.4.813-4.929 1.82-.842.555-2.146 1.809-2.743 2.638-1.226 1.702-1.977 3.887-1.977 5.747v.67h21.92v-.67c0-1.861-.751-4.045-1.978-5.748-.523-.727-1.755-1.947-2.502-2.478-2.187-1.554-5.092-2.292-7.791-1.979\"\/><\/svg>\t<div class=\"kbm-link-list-item__content\">\n\t\t<p class=\"kbm-link-list-item__title\">Omsorg med det lille ekstra<\/p>\n\t\t\t\t\t<p class=\"kbm-link-list-item__description\">V\u00e5re ansatte er nytenkende og engasjerte mennesker som dedikerer seg til v\u00e5re beboere og gjerne gj\u00f8r det lille ekstra for dem. <\/p>\n\t\t\t<\/div>\n\t<\/a>\n\t\t<\/div>\n\t<\/div>\n\t","protected":false},"excerpt":{"rendered":"<p>Se v\u00e5re aktiviteter Hver v\u00e5r og h\u00f8st lager vi et flunkende nytt og spennende kulturprogram&hellip;<\/p>\n","protected":false},"author":2,"featured_media":0,"parent":0,"menu_order":0,"comment_status":"closed","ping_status":"closed","template":"","meta":{"_relevanssi_hide_post":"","_relevanssi_hide_content":"","_relevanssi_pin_for_all":"","_relevanssi_pin_keywords":"","_relevanssi_unpin_keywords":"","_relevanssi_related_keywords":"","_relevanssi_related_include_ids":"","_relevanssi_related_exclude_ids":"","_relevanssi_related_no_append":"","_relevanssi_related_not_related":"","_relevanssi_related_posts":"1","_relevanssi_noindex_reason":"","editor_notices":[],"footnotes":""},"class_list":["post-3","page","type-page","status-publish","hentry"],"yoast_head":"<!-- This site is optimized with the Yoast SEO Premium plugin v27.2 (Yoast SEO v27.4) - https:\/\/yoast.com\/product\/yoast-seo-premium-wordpress\/ -->\n<title>Kirkens Bymisjon - V\u00e5lerengahjemmet bo- og kultursenter<\/title>\n<meta name=\"description\" content=\"Et bo- og kultursenter hvor kulturer, generasjoner og mennesker m\u00f8tes.\" \/>\n<meta name=\"robots\" content=\"index, follow, max-snippet:-1, max-image-preview:large, max-video-preview:-1\" \/>\n<link rel=\"canonical\" href=\"https:\/\/kirkensbymisjon.no\/tilbud-valerengahjemmet-bo-og-kultursenter\/\" \/>\n<meta property=\"og:locale\" content=\"nb_NO\" \/>\n<meta property=\"og:type\" content=\"article\" \/>\n<meta property=\"og:title\" content=\"Forside\" \/>\n<meta property=\"og:description\" content=\"Et bo- og kultursenter hvor kulturer, generasjoner og mennesker m\u00f8tes.\" \/>\n<meta property=\"og:url\" content=\"https:\/\/kirkensbymisjon.no\/tilbud-valerengahjemmet-bo-og-kultursenter\/\" \/>\n<meta property=\"og:site_name\" content=\"V\u00e5lerengahjemmet bo- og kultursenter\" \/>\n<meta property=\"article:modified_time\" content=\"2026-04-21T07:44:19+00:00\" \/>\n<meta property=\"og:image\" content=\"https:\/\/kirkensbymisjon.no\/content\/uploads\/sites\/46\/2024\/08\/Tilbud_Valerengahjemmet_03.jpg\" \/>\n\t<meta property=\"og:image:width\" content=\"973\" \/>\n\t<meta property=\"og:image:height\" content=\"730\" \/>\n\t<meta property=\"og:image:type\" content=\"image\/jpeg\" \/>\n<meta name=\"twitter:card\" content=\"summary_large_image\" \/>\n<meta name=\"twitter:label1\" content=\"Ansl. lesetid\" \/>\n\t<meta name=\"twitter:data1\" content=\"1 minutt\" \/>\n<script type=\"application\/ld+json\" class=\"yoast-schema-graph\">{\"@context\":\"https:\\\/\\\/schema.org\",\"@graph\":[{\"@type\":\"WebPage\",\"@id\":\"https:\\\/\\\/kirkensbymisjon.no\\\/tilbud-valerengahjemmet-bo-og-kultursenter\\\/\",\"url\":\"https:\\\/\\\/kirkensbymisjon.no\\\/tilbud-valerengahjemmet-bo-og-kultursenter\\\/\",\"name\":\"Kirkens Bymisjon - V\u00e5lerengahjemmet bo- og kultursenter\",\"isPartOf\":{\"@id\":\"https:\\\/\\\/kirkensbymisjon.no\\\/tilbud-valerengahjemmet-bo-og-kultursenter\\\/#website\"},\"primaryImageOfPage\":{\"@id\":\"https:\\\/\\\/kirkensbymisjon.no\\\/tilbud-valerengahjemmet-bo-og-kultursenter\\\/#primaryimage\"},\"image\":{\"@id\":\"https:\\\/\\\/kirkensbymisjon.no\\\/tilbud-valerengahjemmet-bo-og-kultursenter\\\/#primaryimage\"},\"thumbnailUrl\":\"https:\\\/\\\/kirkensbymisjon.no\\\/content\\\/uploads\\\/sites\\\/46\\\/2024\\\/08\\\/Tilbud_Valerengahjemmet_03.jpg\",\"datePublished\":\"2024-06-18T11:46:57+00:00\",\"dateModified\":\"2026-04-21T07:44:19+00:00\",\"description\":\"Et bo- og kultursenter hvor kulturer, generasjoner og mennesker m\u00f8tes.\",\"breadcrumb\":{\"@id\":\"https:\\\/\\\/kirkensbymisjon.no\\\/tilbud-valerengahjemmet-bo-og-kultursenter\\\/#breadcrumb\"},\"inLanguage\":\"nb-NO\",\"potentialAction\":[{\"@type\":\"ReadAction\",\"target\":[\"https:\\\/\\\/kirkensbymisjon.no\\\/tilbud-valerengahjemmet-bo-og-kultursenter\\\/\"]}]},{\"@type\":\"ImageObject\",\"inLanguage\":\"nb-NO\",\"@id\":\"https:\\\/\\\/kirkensbymisjon.no\\\/tilbud-valerengahjemmet-bo-og-kultursenter\\\/#primaryimage\",\"url\":\"https:\\\/\\\/kirkensbymisjon.no\\\/content\\\/uploads\\\/sites\\\/46\\\/2024\\\/08\\\/Tilbud_Valerengahjemmet_03.jpg\",\"contentUrl\":\"https:\\\/\\\/kirkensbymisjon.no\\\/content\\\/uploads\\\/sites\\\/46\\\/2024\\\/08\\\/Tilbud_Valerengahjemmet_03.jpg\"},{\"@type\":\"BreadcrumbList\",\"@id\":\"https:\\\/\\\/kirkensbymisjon.no\\\/tilbud-valerengahjemmet-bo-og-kultursenter\\\/#breadcrumb\",\"itemListElement\":[{\"@type\":\"ListItem\",\"position\":1,\"name\":\"Hjem\",\"item\":\"https:\\\/\\\/kirkensbymisjon.no\\\/tilbud-valerengahjemmet-bo-og-kultursenter\\\/\"},{\"@type\":\"ListItem\",\"position\":2,\"name\":\"Forside\"}]},{\"@type\":\"WebSite\",\"@id\":\"https:\\\/\\\/kirkensbymisjon.no\\\/tilbud-valerengahjemmet-bo-og-kultursenter\\\/#website\",\"url\":\"https:\\\/\\\/kirkensbymisjon.no\\\/tilbud-valerengahjemmet-bo-og-kultursenter\\\/\",\"name\":\"V\u00e5lerengahjemmet bo- og kultursenter\",\"description\":\"\",\"potentialAction\":[{\"@type\":\"SearchAction\",\"target\":{\"@type\":\"EntryPoint\",\"urlTemplate\":\"https:\\\/\\\/kirkensbymisjon.no\\\/tilbud-valerengahjemmet-bo-og-kultursenter\\\/?s={search_term_string}\"},\"query-input\":{\"@type\":\"PropertyValueSpecification\",\"valueRequired\":true,\"valueName\":\"search_term_string\"}}],\"inLanguage\":\"nb-NO\"}]}<\/script>\n<!-- \/ Yoast SEO Premium plugin. -->","yoast_head_json":{"title":"Kirkens Bymisjon - V\u00e5lerengahjemmet bo- og kultursenter","description":"Et bo- og kultursenter hvor kulturer, generasjoner og mennesker m\u00f8tes.","robots":{"index":"index","follow":"follow","max-snippet":"max-snippet:-1","max-image-preview":"max-image-preview:large","max-video-preview":"max-video-preview:-1"},"canonical":"https:\/\/kirkensbymisjon.no\/tilbud-valerengahjemmet-bo-og-kultursenter\/","og_locale":"nb_NO","og_type":"article","og_title":"Forside","og_description":"Et bo- og kultursenter hvor kulturer, generasjoner og mennesker m\u00f8tes.","og_url":"https:\/\/kirkensbymisjon.no\/tilbud-valerengahjemmet-bo-og-kultursenter\/","og_site_name":"V\u00e5lerengahjemmet bo- og kultursenter","article_modified_time":"2026-04-21T07:44:19+00:00","og_image":[{"width":973,"height":730,"url":"https:\/\/kirkensbymisjon.no\/content\/uploads\/sites\/46\/2024\/08\/Tilbud_Valerengahjemmet_03.jpg","type":"image\/jpeg"}],"twitter_card":"summary_large_image","twitter_misc":{"Ansl. lesetid":"1 minutt"},"schema":{"@context":"https:\/\/schema.org","@graph":[{"@type":"WebPage","@id":"https:\/\/kirkensbymisjon.no\/tilbud-valerengahjemmet-bo-og-kultursenter\/","url":"https:\/\/kirkensbymisjon.no\/tilbud-valerengahjemmet-bo-og-kultursenter\/","name":"Kirkens Bymisjon - V\u00e5lerengahjemmet bo- og kultursenter","isPartOf":{"@id":"https:\/\/kirkensbymisjon.no\/tilbud-valerengahjemmet-bo-og-kultursenter\/#website"},"primaryImageOfPage":{"@id":"https:\/\/kirkensbymisjon.no\/tilbud-valerengahjemmet-bo-og-kultursenter\/#primaryimage"},"image":{"@id":"https:\/\/kirkensbymisjon.no\/tilbud-valerengahjemmet-bo-og-kultursenter\/#primaryimage"},"thumbnailUrl":"https:\/\/kirkensbymisjon.no\/content\/uploads\/sites\/46\/2024\/08\/Tilbud_Valerengahjemmet_03.jpg","datePublished":"2024-06-18T11:46:57+00:00","dateModified":"2026-04-21T07:44:19+00:00","description":"Et bo- og kultursenter hvor kulturer, generasjoner og mennesker m\u00f8tes.","breadcrumb":{"@id":"https:\/\/kirkensbymisjon.no\/tilbud-valerengahjemmet-bo-og-kultursenter\/#breadcrumb"},"inLanguage":"nb-NO","potentialAction":[{"@type":"ReadAction","target":["https:\/\/kirkensbymisjon.no\/tilbud-valerengahjemmet-bo-og-kultursenter\/"]}]},{"@type":"ImageObject","inLanguage":"nb-NO","@id":"https:\/\/kirkensbymisjon.no\/tilbud-valerengahjemmet-bo-og-kultursenter\/#primaryimage","url":"https:\/\/kirkensbymisjon.no\/content\/uploads\/sites\/46\/2024\/08\/Tilbud_Valerengahjemmet_03.jpg","contentUrl":"https:\/\/kirkensbymisjon.no\/content\/uploads\/sites\/46\/2024\/08\/Tilbud_Valerengahjemmet_03.jpg"},{"@type":"BreadcrumbList","@id":"https:\/\/kirkensbymisjon.no\/tilbud-valerengahjemmet-bo-og-kultursenter\/#breadcrumb","itemListElement":[{"@type":"ListItem","position":1,"name":"Hjem","item":"https:\/\/kirkensbymisjon.no\/tilbud-valerengahjemmet-bo-og-kultursenter\/"},{"@type":"ListItem","position":2,"name":"Forside"}]},{"@type":"WebSite","@id":"https:\/\/kirkensbymisjon.no\/tilbud-valerengahjemmet-bo-og-kultursenter\/#website","url":"https:\/\/kirkensbymisjon.no\/tilbud-valerengahjemmet-bo-og-kultursenter\/","name":"V\u00e5lerengahjemmet bo- og kultursenter","description":"","potentialAction":[{"@type":"SearchAction","target":{"@type":"EntryPoint","urlTemplate":"https:\/\/kirkensbymisjon.no\/tilbud-valerengahjemmet-bo-og-kultursenter\/?s={search_term_string}"},"query-input":{"@type":"PropertyValueSpecification","valueRequired":true,"valueName":"search_term_string"}}],"inLanguage":"nb-NO"}]}},"_links":{"self":[{"href":"https:\/\/kirkensbymisjon.no\/tilbud-valerengahjemmet-bo-og-kultursenter\/wp-json\/wp\/v2\/pages\/3","targetHints":{"allow":["GET"]}}],"collection":[{"href":"https:\/\/kirkensbymisjon.no\/tilbud-valerengahjemmet-bo-og-kultursenter\/wp-json\/wp\/v2\/pages"}],"about":[{"href":"https:\/\/kirkensbymisjon.no\/tilbud-valerengahjemmet-bo-og-kultursenter\/wp-json\/wp\/v2\/types\/page"}],"author":[{"embeddable":true,"href":"https:\/\/kirkensbymisjon.no\/tilbud-valerengahjemmet-bo-og-kultursenter\/wp-json\/wp\/v2\/users\/2"}],"replies":[{"embeddable":true,"href":"https:\/\/kirkensbymisjon.no\/tilbud-valerengahjemmet-bo-og-kultursenter\/wp-json\/wp\/v2\/comments?post=3"}],"version-history":[{"count":5,"href":"https:\/\/kirkensbymisjon.no\/tilbud-valerengahjemmet-bo-og-kultursenter\/wp-json\/wp\/v2\/pages\/3\/revisions"}],"predecessor-version":[{"id":552,"href":"https:\/\/kirkensbymisjon.no\/tilbud-valerengahjemmet-bo-og-kultursenter\/wp-json\/wp\/v2\/pages\/3\/revisions\/552"}],"wp:attachment":[{"href":"https:\/\/kirkensbymisjon.no\/tilbud-valerengahjemmet-bo-og-kultursenter\/wp-json\/wp\/v2\/media?parent=3"}],"curies":[{"name":"wp","href":"https:\/\/api.w.org\/{rel}","templated":true}]}}