{"id":13,"date":"2024-07-24T13:18:03","date_gmt":"2024-07-24T11:18:03","guid":{"rendered":"https:\/\/kirkensbymisjon.no\/tilbud-var-frue-apen-kirke\/?page_id=13"},"modified":"2024-09-06T13:38:43","modified_gmt":"2024-09-06T11:38:43","slug":"bli-frivillig","status":"publish","type":"page","link":"https:\/\/kirkensbymisjon.no\/tilbud-var-frue-apen-kirke\/bli-frivillig\/","title":{"rendered":"Bli frivillig"},"content":{"rendered":"\n<p>V\u00e5r Frue \u2013 \u00e5pen kirke holdes \u00e5pen av frivillige kirkeverter som tar i mot, og \u00f8nsker hver enkelt som kommer inn velkommen, byr p\u00e5 noe \u00e5 spise eller drikke, og gir rom for samtaler om stort og sm\u00e5tt. Som frivillig kirkevert er du ogs\u00e5 en viktig rollefigur og tilrettelegger for en hyggelig hverdagskultur.<\/p>\n\n\n\n<div class=\"wp-block-media-text alignwide is-stacked-on-mobile is-style-filled\"><figure class=\"wp-block-media-text__media\"><img decoding=\"async\" src=\"https:\/\/kirkensbymisjon.no\/content\/uploads\/2024\/09\/Standard_Bli-frivillig_01-1024x751.jpg\" alt=\"Frivillige i samtale med gjest i kafeen. Foto: Kirkens Bymisjon\" class=\"wp-image-3078 size-full\"\/><\/figure><div class=\"wp-block-media-text__content\">\n<h2 class=\"wp-block-heading\" id=\"h-bli-frivillig-nbsp\"><strong>Bli frivillig!<\/strong>&nbsp;<\/h2>\n\n\n\n<p>Vi trenger deg som \u00f8nsker \u00e5 gj\u00f8re en frivillig innsats til nytte og glede for andre og deg selv. Gjennom frivillig engasjement kan du bruke din erfaring og kompetanse \u2013 eller l\u00e6re noe nytt.&nbsp;<\/p>\n\n\n\n<p><a href=\"\/bli-frivillig\">Les mer om frivillighet<\/a><\/p>\n<\/div><\/div>\n\n\n<div class=\"t2-accordion wp-block-t2-accordion\" data-allow-multiple=\"1\" role=\"list\">\n<div class=\"t2-accordion-item wp-block-t2-accordion-item\" role=\"listitem\">\n\t\t\t<h2 class=\"t2-accordion-title\">\n\t\t\t\t<button type=\"button\" class=\"t2-accordion-trigger\" id=\"mangfoldige-frivillige\" aria-controls=\"accordion-panel\" aria-expanded=\"false\">\n\t\t\t\t\tMangfoldige frivillige\n\t\t\t\t\t<span class=\"t2-accordion-icon is-closed-icon\"><svg xmlns=\"http:\/\/www.w3.org\/2000\/svg\" viewBox=\"0 0 24 24\" height=\"24\" width=\"24\" class=\"t2-icon t2-icon-plus\" aria-hidden=\"true\" focusable=\"false\"><path d=\"M11.8 5.037a1.088 1.088 0 0 0-.722.566c-.075.148-.078.25-.078 2.772v2.619l-2.61.016c-1.867.012-2.652.03-2.756.064-.168.055-.438.301-.54.494-.049.092-.07.223-.07.432 0 .34.054.476.282.704.289.289.14.275 3.064.288l2.63.012v2.619c0 2.544.002 2.625.08 2.778.191.372.516.577.92.577s.729-.205.92-.577c.078-.153.08-.234.08-2.778v-2.619l2.63-.012c2.924-.013 2.775.001 3.064-.288.228-.228.282-.364.282-.704 0-.209-.021-.34-.07-.432-.102-.193-.372-.439-.54-.494-.104-.034-.889-.052-2.756-.064L13 10.994V8.375c0-2.522-.003-2.624-.078-2.772-.214-.418-.685-.656-1.122-.566\"\/><\/svg><\/span>\n\t\t\t\t\t<span class=\"t2-accordion-icon is-open-icon\"><svg xmlns=\"http:\/\/www.w3.org\/2000\/svg\" viewBox=\"0 0 24 24\" height=\"24\" width=\"24\" class=\"t2-icon t2-icon-chevronup\" aria-hidden=\"true\" focusable=\"false\"><path d=\"M6.7 14.7c-.2-.2-.3-.4-.3-.7s.1-.5.3-.7l4.6-4.6c.1-.1.2-.2.3-.2.1 0 .2-.1.4-.1.1 0 .3 0 .4.1.1 0 .2.1.3.2l4.6 4.6c.2.2.3.4.3.7s-.1.5-.3.7c-.2.2-.4.3-.7.3s-.5-.1-.7-.3L12 10.8l-3.9 3.9c-.2.2-.4.3-.7.3s-.5-.1-.7-.3z\" fill=\"currentColor\" \/><\/svg><\/span>\n\t\t\t\t<\/button>\n\t\t\t<\/h2>\n\t\t\t<div class=\"t2-accordion-item__inner-container is-layout-flow\" id=\"accordion-panel\" aria-labelledby=\"mangfoldige-frivillige\" role=\"region\" hidden>\n\t\t\t\t\n\n<p>V\u00e5re frivillige er alt fra studenter, pensjonister, noen travle sm\u00e5barnsforeldre, noen trenger spr\u00e5ktrening, noen trenger arbeidstrening, noen har mye de vil gi tilbake i takknemlighet, noen trenger noe \u00e5 g\u00e5 til, noen ser p\u00e5 det som en fritidsaktivitet og andre som ser p\u00e5 det som jobb. Men felles for alle er at de vil menneskene i byen vel. De bryr seg. Og det er en uendelig verdi.<\/p>\n\n\n\t\t\t<\/div>\n\t\t<\/div>\n\n<div class=\"t2-accordion-item wp-block-t2-accordion-item\" role=\"listitem\">\n\t\t\t<h2 class=\"t2-accordion-title\">\n\t\t\t\t<button type=\"button\" class=\"t2-accordion-trigger\" id=\"&lt;strong&gt;kurs-og-oppf\u00f8lging&lt;\/strong&gt;\" aria-controls=\"accordion-panel-1\" aria-expanded=\"false\">\n\t\t\t\t\tKurs og oppf\u00f8lging\n\t\t\t\t\t<span class=\"t2-accordion-icon is-closed-icon\"><svg xmlns=\"http:\/\/www.w3.org\/2000\/svg\" viewBox=\"0 0 24 24\" height=\"24\" width=\"24\" class=\"t2-icon t2-icon-plus\" aria-hidden=\"true\" focusable=\"false\"><path d=\"M11.8 5.037a1.088 1.088 0 0 0-.722.566c-.075.148-.078.25-.078 2.772v2.619l-2.61.016c-1.867.012-2.652.03-2.756.064-.168.055-.438.301-.54.494-.049.092-.07.223-.07.432 0 .34.054.476.282.704.289.289.14.275 3.064.288l2.63.012v2.619c0 2.544.002 2.625.08 2.778.191.372.516.577.92.577s.729-.205.92-.577c.078-.153.08-.234.08-2.778v-2.619l2.63-.012c2.924-.013 2.775.001 3.064-.288.228-.228.282-.364.282-.704 0-.209-.021-.34-.07-.432-.102-.193-.372-.439-.54-.494-.104-.034-.889-.052-2.756-.064L13 10.994V8.375c0-2.522-.003-2.624-.078-2.772-.214-.418-.685-.656-1.122-.566\"\/><\/svg><\/span>\n\t\t\t\t\t<span class=\"t2-accordion-icon is-open-icon\"><svg xmlns=\"http:\/\/www.w3.org\/2000\/svg\" viewBox=\"0 0 24 24\" height=\"24\" width=\"24\" class=\"t2-icon t2-icon-chevronup\" aria-hidden=\"true\" focusable=\"false\"><path d=\"M6.7 14.7c-.2-.2-.3-.4-.3-.7s.1-.5.3-.7l4.6-4.6c.1-.1.2-.2.3-.2.1 0 .2-.1.4-.1.1 0 .3 0 .4.1.1 0 .2.1.3.2l4.6 4.6c.2.2.3.4.3.7s-.1.5-.3.7c-.2.2-.4.3-.7.3s-.5-.1-.7-.3L12 10.8l-3.9 3.9c-.2.2-.4.3-.7.3s-.5-.1-.7-.3z\" fill=\"currentColor\" \/><\/svg><\/span>\n\t\t\t\t<\/button>\n\t\t\t<\/h2>\n\t\t\t<div class=\"t2-accordion-item__inner-container is-layout-flow\" id=\"accordion-panel-1\" aria-labelledby=\"&lt;strong&gt;kurs-og-oppf\u00f8lging&lt;\/strong&gt;\" role=\"region\" hidden>\n\t\t\t\t\n\n<ul class=\"wp-block-list\">\n<li>Alle som melder seg som frivillige hos oss, g\u00e5r gjennom et kort introduksjonskurs.<\/li>\n\n\n\n<li>Du g\u00e5r s\u00e5 noen pr\u00f8vevakter, f\u00f8r vi har en oppf\u00f8lgingssamtale og finner ut av om dette er en type frivillighet som passer for deg.<\/li>\n\n\n\n<li>Vi skriver en frivilligkontrakt og avklarer hvor ofte du vil bidra.<\/li>\n\n\n\n<li>Du forplikter deg til \u00e5 f\u00f8lge kurs, veiledninger og lese informasjonen vi sender ut.<\/li>\n\n\n\n<li>Vi forplikter oss til \u00e5 gi en forsvarlig oppl\u00e6ring og oppf\u00f8lging.<\/li>\n<\/ul>\n\n\n\t\t\t<\/div>\n\t\t<\/div>\n<\/div>\n\n\n<blockquote class=\"wp-block-quote is-layout-flow wp-block-quote-is-layout-flow\">\n<p>Da jeg slutta i jobb for et par \u00e5r siden, tenkte jeg at jeg hadde mer \u00e5 gi. S\u00e5 da ble jeg frivillig i V\u00e5r Frue \u00e5pen kirke. Jeg trives veldig godt og har v\u00e6rt frivillig der i 6 \u00e5r n\u00e5. To til tre ganger i uka. Jeg m\u00f8ter mange trivelige mennesker og f\u00f8ler jeg f\u00e5r like mye igjen som jeg gir. Det handler om \u00e5 se de menneskene som kommer, \u00e5 vise interesse. Alle trenger vi \u00e5 bli sett og bekreftet. P\u00e5 det omr\u00e5det er V\u00e5r Frue unik.<\/p>\n<cite>Kjell M\u00f8lnvik, frivillig<\/cite><\/blockquote>\n","protected":false},"excerpt":{"rendered":"<p>V\u00e5r Frue \u2013 \u00e5pen kirke holdes \u00e5pen av frivillige kirkeverter som tar i mot, og&hellip;<\/p>\n","protected":false},"author":6,"featured_media":0,"parent":0,"menu_order":0,"comment_status":"closed","ping_status":"closed","template":"","meta":{"_relevanssi_hide_post":"","_relevanssi_hide_content":"","_relevanssi_pin_for_all":"","_relevanssi_pin_keywords":"","_relevanssi_unpin_keywords":"","_relevanssi_related_keywords":"","_relevanssi_related_include_ids":"","_relevanssi_related_exclude_ids":"","_relevanssi_related_no_append":"","_relevanssi_related_not_related":"","_relevanssi_related_posts":"1","_relevanssi_noindex_reason":"","editor_notices":[],"footnotes":""},"class_list":["post-13","page","type-page","status-publish","hentry"],"yoast_head":"<!-- This site is optimized with the Yoast SEO Premium plugin v27.2 (Yoast SEO v27.2) - https:\/\/yoast.com\/product\/yoast-seo-premium-wordpress\/ -->\n<title>Bli frivillig - V\u00e5r Frue \u2013 \u00e5pen kirke<\/title>\n<meta name=\"robots\" content=\"index, follow, max-snippet:-1, max-image-preview:large, max-video-preview:-1\" \/>\n<link rel=\"canonical\" href=\"https:\/\/kirkensbymisjon.no\/tilbud-var-frue-apen-kirke\/bli-frivillig\/\" \/>\n<meta property=\"og:locale\" content=\"nb_NO\" \/>\n<meta property=\"og:type\" content=\"article\" \/>\n<meta property=\"og:title\" content=\"Bli frivillig\" \/>\n<meta property=\"og:description\" content=\"V\u00e5r Frue \u2013 \u00e5pen kirke holdes \u00e5pen av frivillige kirkeverter som tar i mot, og&hellip;\" \/>\n<meta property=\"og:url\" content=\"https:\/\/kirkensbymisjon.no\/tilbud-var-frue-apen-kirke\/bli-frivillig\/\" \/>\n<meta property=\"og:site_name\" content=\"V\u00e5r Frue \u2013 \u00e5pen kirke\" \/>\n<meta property=\"article:modified_time\" content=\"2024-09-06T11:38:43+00:00\" \/>\n<meta property=\"og:image\" content=\"https:\/\/kirkensbymisjon.no\/content\/uploads\/2024\/09\/Standard_Bli-frivillig_01-1024x751.jpg\" \/>\n<meta name=\"twitter:card\" content=\"summary_large_image\" \/>\n<meta name=\"twitter:label1\" content=\"Ansl. lesetid\" \/>\n\t<meta name=\"twitter:data1\" content=\"2 minutter\" \/>\n<script type=\"application\/ld+json\" class=\"yoast-schema-graph\">{\"@context\":\"https:\/\/schema.org\",\"@graph\":[{\"@type\":\"WebPage\",\"@id\":\"https:\/\/kirkensbymisjon.no\/tilbud-var-frue-apen-kirke\/bli-frivillig\/\",\"url\":\"https:\/\/kirkensbymisjon.no\/tilbud-var-frue-apen-kirke\/bli-frivillig\/\",\"name\":\"Bli frivillig - V\u00e5r Frue \u2013 \u00e5pen kirke\",\"isPartOf\":{\"@id\":\"https:\/\/kirkensbymisjon.no\/tilbud-var-frue-apen-kirke\/#website\"},\"primaryImageOfPage\":{\"@id\":\"https:\/\/kirkensbymisjon.no\/tilbud-var-frue-apen-kirke\/bli-frivillig\/#primaryimage\"},\"image\":{\"@id\":\"https:\/\/kirkensbymisjon.no\/tilbud-var-frue-apen-kirke\/bli-frivillig\/#primaryimage\"},\"thumbnailUrl\":\"https:\/\/kirkensbymisjon.no\/content\/uploads\/2024\/09\/Standard_Bli-frivillig_01-1024x751.jpg\",\"datePublished\":\"2024-07-24T11:18:03+00:00\",\"dateModified\":\"2024-09-06T11:38:43+00:00\",\"breadcrumb\":{\"@id\":\"https:\/\/kirkensbymisjon.no\/tilbud-var-frue-apen-kirke\/bli-frivillig\/#breadcrumb\"},\"inLanguage\":\"nb-NO\",\"potentialAction\":[{\"@type\":\"ReadAction\",\"target\":[\"https:\/\/kirkensbymisjon.no\/tilbud-var-frue-apen-kirke\/bli-frivillig\/\"]}]},{\"@type\":\"ImageObject\",\"inLanguage\":\"nb-NO\",\"@id\":\"https:\/\/kirkensbymisjon.no\/tilbud-var-frue-apen-kirke\/bli-frivillig\/#primaryimage\",\"url\":\"https:\/\/kirkensbymisjon.no\/content\/uploads\/2024\/09\/Standard_Bli-frivillig_01-1024x751.jpg\",\"contentUrl\":\"https:\/\/kirkensbymisjon.no\/content\/uploads\/2024\/09\/Standard_Bli-frivillig_01-1024x751.jpg\"},{\"@type\":\"BreadcrumbList\",\"@id\":\"https:\/\/kirkensbymisjon.no\/tilbud-var-frue-apen-kirke\/bli-frivillig\/#breadcrumb\",\"itemListElement\":[{\"@type\":\"ListItem\",\"position\":1,\"name\":\"Hjem\",\"item\":\"https:\/\/kirkensbymisjon.no\/tilbud-var-frue-apen-kirke\/\"},{\"@type\":\"ListItem\",\"position\":2,\"name\":\"Bli frivillig\"}]},{\"@type\":\"WebSite\",\"@id\":\"https:\/\/kirkensbymisjon.no\/tilbud-var-frue-apen-kirke\/#website\",\"url\":\"https:\/\/kirkensbymisjon.no\/tilbud-var-frue-apen-kirke\/\",\"name\":\"V\u00e5r Frue \u2013 \u00e5pen kirke\",\"description\":\"\",\"potentialAction\":[{\"@type\":\"SearchAction\",\"target\":{\"@type\":\"EntryPoint\",\"urlTemplate\":\"https:\/\/kirkensbymisjon.no\/tilbud-var-frue-apen-kirke\/?s={search_term_string}\"},\"query-input\":{\"@type\":\"PropertyValueSpecification\",\"valueRequired\":true,\"valueName\":\"search_term_string\"}}],\"inLanguage\":\"nb-NO\"}]}<\/script>\n<!-- \/ Yoast SEO Premium plugin. -->","yoast_head_json":{"title":"Bli frivillig - V\u00e5r Frue \u2013 \u00e5pen kirke","robots":{"index":"index","follow":"follow","max-snippet":"max-snippet:-1","max-image-preview":"max-image-preview:large","max-video-preview":"max-video-preview:-1"},"canonical":"https:\/\/kirkensbymisjon.no\/tilbud-var-frue-apen-kirke\/bli-frivillig\/","og_locale":"nb_NO","og_type":"article","og_title":"Bli frivillig","og_description":"V\u00e5r Frue \u2013 \u00e5pen kirke holdes \u00e5pen av frivillige kirkeverter som tar i mot, og&hellip;","og_url":"https:\/\/kirkensbymisjon.no\/tilbud-var-frue-apen-kirke\/bli-frivillig\/","og_site_name":"V\u00e5r Frue \u2013 \u00e5pen kirke","article_modified_time":"2024-09-06T11:38:43+00:00","og_image":[{"url":"https:\/\/kirkensbymisjon.no\/content\/uploads\/2024\/09\/Standard_Bli-frivillig_01-1024x751.jpg","type":"","width":"","height":""}],"twitter_card":"summary_large_image","twitter_misc":{"Ansl. lesetid":"2 minutter"},"schema":{"@context":"https:\/\/schema.org","@graph":[{"@type":"WebPage","@id":"https:\/\/kirkensbymisjon.no\/tilbud-var-frue-apen-kirke\/bli-frivillig\/","url":"https:\/\/kirkensbymisjon.no\/tilbud-var-frue-apen-kirke\/bli-frivillig\/","name":"Bli frivillig - V\u00e5r Frue \u2013 \u00e5pen kirke","isPartOf":{"@id":"https:\/\/kirkensbymisjon.no\/tilbud-var-frue-apen-kirke\/#website"},"primaryImageOfPage":{"@id":"https:\/\/kirkensbymisjon.no\/tilbud-var-frue-apen-kirke\/bli-frivillig\/#primaryimage"},"image":{"@id":"https:\/\/kirkensbymisjon.no\/tilbud-var-frue-apen-kirke\/bli-frivillig\/#primaryimage"},"thumbnailUrl":"https:\/\/kirkensbymisjon.no\/content\/uploads\/2024\/09\/Standard_Bli-frivillig_01-1024x751.jpg","datePublished":"2024-07-24T11:18:03+00:00","dateModified":"2024-09-06T11:38:43+00:00","breadcrumb":{"@id":"https:\/\/kirkensbymisjon.no\/tilbud-var-frue-apen-kirke\/bli-frivillig\/#breadcrumb"},"inLanguage":"nb-NO","potentialAction":[{"@type":"ReadAction","target":["https:\/\/kirkensbymisjon.no\/tilbud-var-frue-apen-kirke\/bli-frivillig\/"]}]},{"@type":"ImageObject","inLanguage":"nb-NO","@id":"https:\/\/kirkensbymisjon.no\/tilbud-var-frue-apen-kirke\/bli-frivillig\/#primaryimage","url":"https:\/\/kirkensbymisjon.no\/content\/uploads\/2024\/09\/Standard_Bli-frivillig_01-1024x751.jpg","contentUrl":"https:\/\/kirkensbymisjon.no\/content\/uploads\/2024\/09\/Standard_Bli-frivillig_01-1024x751.jpg"},{"@type":"BreadcrumbList","@id":"https:\/\/kirkensbymisjon.no\/tilbud-var-frue-apen-kirke\/bli-frivillig\/#breadcrumb","itemListElement":[{"@type":"ListItem","position":1,"name":"Hjem","item":"https:\/\/kirkensbymisjon.no\/tilbud-var-frue-apen-kirke\/"},{"@type":"ListItem","position":2,"name":"Bli frivillig"}]},{"@type":"WebSite","@id":"https:\/\/kirkensbymisjon.no\/tilbud-var-frue-apen-kirke\/#website","url":"https:\/\/kirkensbymisjon.no\/tilbud-var-frue-apen-kirke\/","name":"V\u00e5r Frue \u2013 \u00e5pen kirke","description":"","potentialAction":[{"@type":"SearchAction","target":{"@type":"EntryPoint","urlTemplate":"https:\/\/kirkensbymisjon.no\/tilbud-var-frue-apen-kirke\/?s={search_term_string}"},"query-input":{"@type":"PropertyValueSpecification","valueRequired":true,"valueName":"search_term_string"}}],"inLanguage":"nb-NO"}]}},"_links":{"self":[{"href":"https:\/\/kirkensbymisjon.no\/tilbud-var-frue-apen-kirke\/wp-json\/wp\/v2\/pages\/13","targetHints":{"allow":["GET"]}}],"collection":[{"href":"https:\/\/kirkensbymisjon.no\/tilbud-var-frue-apen-kirke\/wp-json\/wp\/v2\/pages"}],"about":[{"href":"https:\/\/kirkensbymisjon.no\/tilbud-var-frue-apen-kirke\/wp-json\/wp\/v2\/types\/page"}],"author":[{"embeddable":true,"href":"https:\/\/kirkensbymisjon.no\/tilbud-var-frue-apen-kirke\/wp-json\/wp\/v2\/users\/6"}],"replies":[{"embeddable":true,"href":"https:\/\/kirkensbymisjon.no\/tilbud-var-frue-apen-kirke\/wp-json\/wp\/v2\/comments?post=13"}],"version-history":[{"count":5,"href":"https:\/\/kirkensbymisjon.no\/tilbud-var-frue-apen-kirke\/wp-json\/wp\/v2\/pages\/13\/revisions"}],"predecessor-version":[{"id":101,"href":"https:\/\/kirkensbymisjon.no\/tilbud-var-frue-apen-kirke\/wp-json\/wp\/v2\/pages\/13\/revisions\/101"}],"wp:attachment":[{"href":"https:\/\/kirkensbymisjon.no\/tilbud-var-frue-apen-kirke\/wp-json\/wp\/v2\/media?parent=13"}],"curies":[{"name":"wp","href":"https:\/\/api.w.org\/{rel}","templated":true}]}}