{"id":3,"date":"2024-06-18T13:48:14","date_gmt":"2024-06-18T11:48:14","guid":{"rendered":"https:\/\/kirkensbymisjon.no\/tilbud-var-frue-apen-kirke\/forside\/"},"modified":"2025-08-12T02:45:42","modified_gmt":"2025-08-12T00:45:42","slug":"forside","status":"publish","type":"page","link":"https:\/\/kirkensbymisjon.no\/tilbud-var-frue-apen-kirke\/","title":{"rendered":"Forside"},"content":{"rendered":"\n<p>Med hjelp av over 120 frivillige holder vi kirka \u00e5pen hver dag, hele \u00e5ret for mer enn 170.000 bes\u00f8kende. Til oss kommer turister og studenter, unge og gamle, musikere, barnehager p\u00e5 tur og husl\u00f8se.<\/p>\n\n\n\n<p>Vi har rom for alle. Kirken er et sted du kan m\u00f8te andre mennesker, drikke en kopp kaffe, tenne lys, h\u00f8re musikk, be eller s\u00f8ke ly. Her bygges broer mellom mennesker.<\/p>\n\n\n\n<p>F\u00f8lg oss p\u00e5 <a href=\"https:\/\/www.facebook.com\/bymisjontrondheim\" target=\"_blank\" rel=\"noreferrer noopener\">Facebook<\/a> og <a href=\"https:\/\/eur02.safelinks.protection.outlook.com\/?url=https%3A%2F%2Fwww.instagram.com%2Fkirkensbymisjonitrondelag%2F&amp;data=05%7C02%7Cline.breilo%40bymisjon.no%7C37844db1d5ed4f5dd37408dcd879adf3%7C02202e82b2884acb8b0a7f8404a47cdb%7C1%7C0%7C638623265212312871%7CUnknown%7CTWFpbGZsb3d8eyJWIjoiMC4wLjAwMDAiLCJQIjoiV2luMzIiLCJBTiI6Ik1haWwiLCJXVCI6Mn0%3D%7C0%7C%7C%7C&amp;sdata=l6ZVaUKLo5PJULQwkzMG9ezOWKnf6LtinCiqy1hL954%3D&amp;reserved=0\" target=\"_blank\" rel=\"noreferrer noopener\">Instagram<\/a> for mer informasjon om kulturarrangementer og annet som skjer i V\u00e5r Frue kirke.<\/p>\n\n\n\n<h3 class=\"wp-block-heading\" id=\"votten\"><strong>BLI MED P\u00c5 STRIKKEDUGNADEN!<\/strong><\/h3>\n\n\n\n<p><\/p>\n\n\n\n<p>Hver julaften arrangerer Kirkens Bymisjon julegjestebud i V\u00e5r Frue\u2013\u00e5pen kirke. Her er det rom for alle, gratis og uten p\u00e5melding. Vi samles til julem\u00e5ltid, underholdning, felleskap, og ikke minst &#8211; gaver.<\/p>\n\n\n\n<p>Vi \u00f8nsker \u00e5 gi bort noe h\u00e5ndlaget, varmt og personlig. Derfor arrangerte vi tidligere i \u00e5r en designkonkurranse, hvor vi ba om forslag til det som skulle bli V\u00e5r Frue-votten. Det var <strong>Torill Agnes Landr\u00f8<\/strong> som vant med sitt flotte design, og n\u00e5 starter vi en strikkedugnad med nettopp denne oppskriften!<\/p>\n\n\n\n<p>M\u00e5let v\u00e5rt er \u00e5 samle inn 200 par votter i ulike farger og st\u00f8rrelser f\u00f8r jul. Vi h\u00e5per s\u00e5 mange som mulig vil v\u00e6re med p\u00e5 dugnaden!<\/p>\n\n\n\n<p>Ferdigstrikkede votter kan leveres i Munkegata 4 alle hverdager mellom kl. 10.00 og 15.00.<\/p>\n\n\n\n<p><a href=\"https:\/\/kirkensbymisjon.no\/content\/uploads\/sites\/47\/2025\/07\/Oppskrift-Vaar-Frue-votten-interaktiv.pdf\">Last ned <strong>strikkeoppskriften <\/strong>her<\/a>.<\/p>\n\n\n\n<p><a href=\"https:\/\/kirkensbymisjon.no\/content\/uploads\/sites\/47\/2025\/08\/Diagram_Vaar_Frue-votten.pdf\">Last ned diagram for V\u00e5r Frue-votten her<\/a>.<\/p>\n\n\n\t<div class=\"alignwide wp-block-kbm-link-list\">\n\t\t<div class=\"kbm-link-list__items\">\n\t\t\t\n<div class=\"wp-block-kbm-link-list-item\">\t<svg xmlns=\"http:\/\/www.w3.org\/2000\/svg\" viewBox=\"0 0 48 48\" height=\"24\" width=\"24\" class=\"t2-icon t2-icon-heart\" aria-hidden=\"true\" focusable=\"false\"><path d=\"M12.608 7.169c-1.695.306-3.132.959-4.579 2.081-1.894 1.468-3.293 3.755-3.79 6.194-.689 3.382.232 7.499 2.57 11.489 2.339 3.991 6.459 8.359 11.511 12.202 1.924 1.463 5.432 3.825 5.682 3.825.244 0 3.789-2.389 5.678-3.826 3.507-2.666 6.767-5.781 9.058-8.654 4.107-5.151 5.927-10.598 5.023-15.036-.867-4.255-4.231-7.559-8.431-8.282-.908-.156-2.546-.157-3.46-.001-3.228.55-6.151 2.758-7.548 5.699-.151.319-.296.58-.32.58-.025 0-.212-.333-.416-.74-1.452-2.905-4.266-4.995-7.456-5.539-.885-.151-2.667-.147-3.522.008\"\/><\/svg>\t<div class=\"kbm-link-list-item__content\">\n\t\t<p class=\"kbm-link-list-item__title\">Kultur for alle<\/p>\n\t\t\t\t\t<p class=\"kbm-link-list-item__description\">Kulturopplevelser av h\u00f8y kvalitet tilgjengelig for alle, ogs\u00e5 for de som ikke ser seg r\u00e5d til dette til vanlig. <\/p>\n\t\t\t<\/div>\n\t<\/div>\n\n<div class=\"wp-block-kbm-link-list-item\">\t<svg xmlns=\"http:\/\/www.w3.org\/2000\/svg\" viewBox=\"0 0 48 48\" height=\"24\" width=\"24\" class=\"t2-icon t2-icon-conversations\" aria-hidden=\"true\" focusable=\"false\"><path d=\"M17.32 3.094c-5.657.702-10.128 3.89-11.592 8.266-.429 1.281-.554 2.15-.503 3.48.091 2.359.84 4.177 2.637 6.4l.194.24-1.547 2.48a1047.26 1047.26 0 0 0-2.025 3.256l-.477.776 2.297-.788c1.263-.433 3.316-1.138 4.562-1.568l2.266-.78.934.293c1.466.46 1.347.473 1.814-.197 2.253-3.232 6.618-5.596 11.23-6.078.871-.091 3.664-.057 4.456.054l.326.046.22-.49c.601-1.341.867-2.55.87-3.964.003-1.161-.111-1.889-.471-3-.548-1.693-1.441-3.086-2.858-4.456-2.194-2.121-5.095-3.478-8.345-3.904-.83-.109-3.313-.15-3.988-.066m9.974 16.986c-4.999.527-9.314 3.225-11.195 7-1.41 2.83-1.427 5.935-.047 8.712 2.876 5.789 10.846 8.631 17.838 6.361l.97-.315 4.51 1.553c2.481.855 4.521 1.543 4.534 1.53.014-.013-.878-1.472-1.981-3.242l-2.005-3.219.429-.53c1.19-1.471 1.904-2.945 2.27-4.685.168-.797.184-2.557.031-3.405-.236-1.313-.826-2.755-1.62-3.96-.612-.929-2.306-2.599-3.308-3.26-1.897-1.254-4.01-2.062-6.32-2.418-.979-.151-3.203-.217-4.106-.122\"\/><\/svg>\t<div class=\"kbm-link-list-item__content\">\n\t\t<p class=\"kbm-link-list-item__title\">Dialog og m\u00f8ter<\/p>\n\t\t\t\t\t<p class=\"kbm-link-list-item__description\">Samtalen som bare oppst\u00e5r nettopp her, i dette mangfoldige fellesskapet. Her kommer byen til syne, her blir byen hel.<\/p>\n\t\t\t<\/div>\n\t<\/div>\n\n<div class=\"wp-block-kbm-link-list-item\">\t<svg xmlns=\"http:\/\/www.w3.org\/2000\/svg\" viewBox=\"0 0 48 48\" height=\"24\" width=\"24\" class=\"t2-icon t2-icon-cafeactivitycenter\" aria-hidden=\"true\" focusable=\"false\"><path d=\"M7.327 4.126a2.014 2.014 0 0 0-1.065.897L6.04 5.4l-.022 14.16c-.024 15.444-.037 14.942.428 16.566.112.393.398 1.119.635 1.614 1.505 3.15 4.26 5.295 7.799 6.071.626.137 1.109.149 6.12.149 5.007 0 5.494-.012 6.12-.149 4.2-.919 7.34-3.844 8.479-7.899.199-.709.4-1.962.401-2.501 0-.367.011-.386.18-.336 1.492.443 3.284.482 4.42.094a6.22 6.22 0 0 0 2.331-1.43c.975-.926 1.553-1.919 1.893-3.251.174-.682.176-.749.176-7.488 0-6.739-.002-6.806-.176-7.488-.346-1.358-.927-2.34-1.953-3.306-.77-.724-1.91-1.334-2.871-1.536-.798-.168-2.423-.107-3.313.125a17.55 17.55 0 0 1-.66.165c-.015 0-.027-.732-.027-1.626 0-1.897-.067-2.206-.598-2.736-.647-.647.53-.599-14.436-.592-11.357.004-13.372.022-13.639.12m32.568 8.038c.583.284 1.117.84 1.441 1.501l.224.455V27.8l-.214.457c-.301.641-.844 1.194-1.447 1.473-.446.205-.584.23-1.299.228-1.005-.002-1.768-.218-2.262-.641L36 29.028V12.991l.26-.251c.347-.335 1.202-.725 1.786-.816.71-.11 1.285-.035 1.849.24\"\/><\/svg>\t<div class=\"kbm-link-list-item__content\">\n\t\t<p class=\"kbm-link-list-item__title\">Arena for fellesskap<\/p>\n\t\t\t\t\t<p class=\"kbm-link-list-item__description\">\u00c5 gi rom, \u00e5 holde \u00e5pent, \u00e5 invitere til en plass rundt bordet. Diakoni er bunnplanken i v\u00e5r \u00e5pne kirke.<\/p>\n\t\t\t<\/div>\n\t<\/div>\n\t\t<\/div>\n\t<\/div>\n\t\n\n\n<div class=\"wp-block-media-text alignwide is-stacked-on-mobile is-style-filled\"><figure class=\"wp-block-media-text__media\"><img loading=\"lazy\" decoding=\"async\" width=\"907\" height=\"1024\" src=\"https:\/\/kirkensbymisjon.no\/content\/uploads\/sites\/47\/2024\/08\/Tilbud_Var-frue-apen-kirke_03-907x1024.jpg\" alt=\"V\u00e5r Frue \u2013 \u00e5pen kirke\" class=\"wp-image-78 size-full\" srcset=\"https:\/\/kirkensbymisjon.no\/content\/uploads\/sites\/47\/2024\/08\/Tilbud_Var-frue-apen-kirke_03-907x1024.jpg 907w, https:\/\/kirkensbymisjon.no\/content\/uploads\/sites\/47\/2024\/08\/Tilbud_Var-frue-apen-kirke_03-266x300.jpg 266w, https:\/\/kirkensbymisjon.no\/content\/uploads\/sites\/47\/2024\/08\/Tilbud_Var-frue-apen-kirke_03-768x867.jpg 768w, https:\/\/kirkensbymisjon.no\/content\/uploads\/sites\/47\/2024\/08\/Tilbud_Var-frue-apen-kirke_03-1360x1536.jpg 1360w, https:\/\/kirkensbymisjon.no\/content\/uploads\/sites\/47\/2024\/08\/Tilbud_Var-frue-apen-kirke_03.jpg 1749w\" sizes=\"auto, (max-width: 907px) 100vw, 907px\" \/><\/figure><div class=\"wp-block-media-text__content\">\n<h2 class=\"wp-block-heading\" id=\"h-vil-du-overraske-noen-som-har-alt\">Vil du overraske noen som har alt?<\/h2>\n\n\n\n<p>N\u00e5 kan du f\u00e5 avspilt favorittsangen p\u00e5 klokkespillet i V\u00e5r Frue \u2013 \u00e5pen kirke, som vil h\u00f8res godt over det meste av Midtbyen. Tjenesten koster kr. 1000. Pengene g\u00e5r til v\u00e5rt arbeid. Bestillingen m\u00e5 skje minimum 10 dager f\u00f8r, og betalingen skjer via vipps n\u00e5r l\u00e5tvalget er godkjent.<\/p>\n\n\n\n<p>Ta kontakt med musiker Knut St\u00f8rdal p\u00e5 e-post <a href=\"mailto:knut.stordal@bymisjon.no\">knut.stordal@bymisjon.no<\/a>.<\/p>\n<\/div><\/div>\n","protected":false},"excerpt":{"rendered":"<p>Med hjelp av over 120 frivillige holder vi kirka \u00e5pen hver dag, hele \u00e5ret for&hellip;<\/p>\n","protected":false},"author":2,"featured_media":0,"parent":0,"menu_order":0,"comment_status":"closed","ping_status":"closed","template":"","meta":{"_relevanssi_hide_post":"","_relevanssi_hide_content":"","_relevanssi_pin_for_all":"","_relevanssi_pin_keywords":"","_relevanssi_unpin_keywords":"","_relevanssi_related_keywords":"","_relevanssi_related_include_ids":"","_relevanssi_related_exclude_ids":"","_relevanssi_related_no_append":"","_relevanssi_related_not_related":"","_relevanssi_related_posts":"1","_relevanssi_noindex_reason":"","editor_notices":[],"footnotes":""},"class_list":["post-3","page","type-page","status-publish","hentry"],"yoast_head":"<!-- This site is optimized with the Yoast SEO Premium plugin v27.2 (Yoast SEO v27.2) - https:\/\/yoast.com\/product\/yoast-seo-premium-wordpress\/ -->\n<title>Kirkens Bymisjon - V\u00e5r Frue \u2013 \u00e5pen kirke<\/title>\n<meta name=\"description\" content=\"En \u00e5pen omsorgskirke ved Torvet i Trondheim. Hver dag, hele \u00e5ret, er d\u00f8rene \u00e5pne og kaffen varm for menneskene i byen.\" \/>\n<meta name=\"robots\" content=\"index, follow, max-snippet:-1, max-image-preview:large, max-video-preview:-1\" \/>\n<link rel=\"canonical\" href=\"https:\/\/kirkensbymisjon.no\/tilbud-var-frue-apen-kirke\/\" \/>\n<meta property=\"og:locale\" content=\"nb_NO\" \/>\n<meta property=\"og:type\" content=\"article\" \/>\n<meta property=\"og:title\" content=\"Kirkens Bymisjon - V\u00e5r Frue \u2013 \u00e5pen kirke\" \/>\n<meta property=\"og:description\" content=\"En \u00e5pen omsorgskirke ved Torvet i Trondheim. Hver dag, hele \u00e5ret, er d\u00f8rene \u00e5pne og kaffen varm for menneskene i byen.\" \/>\n<meta property=\"og:url\" content=\"https:\/\/kirkensbymisjon.no\/tilbud-var-frue-apen-kirke\/\" \/>\n<meta property=\"og:site_name\" content=\"V\u00e5r Frue \u2013 \u00e5pen kirke\" \/>\n<meta property=\"article:modified_time\" content=\"2025-08-12T00:45:42+00:00\" \/>\n<meta property=\"og:image\" content=\"https:\/\/kirkensbymisjon.no\/content\/uploads\/sites\/47\/2024\/08\/Tilbud_Var-frue-apen-kirke_03.jpg\" \/>\n\t<meta property=\"og:image:width\" content=\"1749\" \/>\n\t<meta property=\"og:image:height\" content=\"1975\" \/>\n\t<meta property=\"og:image:type\" content=\"image\/jpeg\" \/>\n<meta name=\"twitter:card\" content=\"summary_large_image\" \/>\n<meta name=\"twitter:title\" content=\"Forside\" \/>\n<meta name=\"twitter:label1\" content=\"Ansl. lesetid\" \/>\n\t<meta name=\"twitter:data1\" content=\"2 minutter\" \/>\n<script type=\"application\/ld+json\" class=\"yoast-schema-graph\">{\"@context\":\"https:\/\/schema.org\",\"@graph\":[{\"@type\":\"WebPage\",\"@id\":\"https:\/\/kirkensbymisjon.no\/tilbud-var-frue-apen-kirke\/\",\"url\":\"https:\/\/kirkensbymisjon.no\/tilbud-var-frue-apen-kirke\/\",\"name\":\"Kirkens Bymisjon - V\u00e5r Frue \u2013 \u00e5pen kirke\",\"isPartOf\":{\"@id\":\"https:\/\/kirkensbymisjon.no\/tilbud-var-frue-apen-kirke\/#website\"},\"primaryImageOfPage\":{\"@id\":\"https:\/\/kirkensbymisjon.no\/tilbud-var-frue-apen-kirke\/#primaryimage\"},\"image\":{\"@id\":\"https:\/\/kirkensbymisjon.no\/tilbud-var-frue-apen-kirke\/#primaryimage\"},\"thumbnailUrl\":\"https:\/\/kirkensbymisjon.no\/content\/uploads\/sites\/47\/2024\/08\/Tilbud_Var-frue-apen-kirke_03-907x1024.jpg\",\"datePublished\":\"2024-06-18T11:48:14+00:00\",\"dateModified\":\"2025-08-12T00:45:42+00:00\",\"description\":\"En \u00e5pen omsorgskirke ved Torvet i Trondheim. Hver dag, hele \u00e5ret, er d\u00f8rene \u00e5pne og kaffen varm for menneskene i byen.\",\"breadcrumb\":{\"@id\":\"https:\/\/kirkensbymisjon.no\/tilbud-var-frue-apen-kirke\/#breadcrumb\"},\"inLanguage\":\"nb-NO\",\"potentialAction\":[{\"@type\":\"ReadAction\",\"target\":[\"https:\/\/kirkensbymisjon.no\/tilbud-var-frue-apen-kirke\/\"]}]},{\"@type\":\"ImageObject\",\"inLanguage\":\"nb-NO\",\"@id\":\"https:\/\/kirkensbymisjon.no\/tilbud-var-frue-apen-kirke\/#primaryimage\",\"url\":\"https:\/\/kirkensbymisjon.no\/content\/uploads\/sites\/47\/2024\/08\/Tilbud_Var-frue-apen-kirke_03-907x1024.jpg\",\"contentUrl\":\"https:\/\/kirkensbymisjon.no\/content\/uploads\/sites\/47\/2024\/08\/Tilbud_Var-frue-apen-kirke_03-907x1024.jpg\"},{\"@type\":\"BreadcrumbList\",\"@id\":\"https:\/\/kirkensbymisjon.no\/tilbud-var-frue-apen-kirke\/#breadcrumb\",\"itemListElement\":[{\"@type\":\"ListItem\",\"position\":1,\"name\":\"Hjem\",\"item\":\"https:\/\/kirkensbymisjon.no\/tilbud-var-frue-apen-kirke\/\"},{\"@type\":\"ListItem\",\"position\":2,\"name\":\"Forside\"}]},{\"@type\":\"WebSite\",\"@id\":\"https:\/\/kirkensbymisjon.no\/tilbud-var-frue-apen-kirke\/#website\",\"url\":\"https:\/\/kirkensbymisjon.no\/tilbud-var-frue-apen-kirke\/\",\"name\":\"V\u00e5r Frue \u2013 \u00e5pen kirke\",\"description\":\"\",\"potentialAction\":[{\"@type\":\"SearchAction\",\"target\":{\"@type\":\"EntryPoint\",\"urlTemplate\":\"https:\/\/kirkensbymisjon.no\/tilbud-var-frue-apen-kirke\/?s={search_term_string}\"},\"query-input\":{\"@type\":\"PropertyValueSpecification\",\"valueRequired\":true,\"valueName\":\"search_term_string\"}}],\"inLanguage\":\"nb-NO\"}]}<\/script>\n<!-- \/ Yoast SEO Premium plugin. -->","yoast_head_json":{"title":"Kirkens Bymisjon - V\u00e5r Frue \u2013 \u00e5pen kirke","description":"En \u00e5pen omsorgskirke ved Torvet i Trondheim. Hver dag, hele \u00e5ret, er d\u00f8rene \u00e5pne og kaffen varm for menneskene i byen.","robots":{"index":"index","follow":"follow","max-snippet":"max-snippet:-1","max-image-preview":"max-image-preview:large","max-video-preview":"max-video-preview:-1"},"canonical":"https:\/\/kirkensbymisjon.no\/tilbud-var-frue-apen-kirke\/","og_locale":"nb_NO","og_type":"article","og_title":"Kirkens Bymisjon - V\u00e5r Frue \u2013 \u00e5pen kirke","og_description":"En \u00e5pen omsorgskirke ved Torvet i Trondheim. Hver dag, hele \u00e5ret, er d\u00f8rene \u00e5pne og kaffen varm for menneskene i byen.","og_url":"https:\/\/kirkensbymisjon.no\/tilbud-var-frue-apen-kirke\/","og_site_name":"V\u00e5r Frue \u2013 \u00e5pen kirke","article_modified_time":"2025-08-12T00:45:42+00:00","og_image":[{"width":1749,"height":1975,"url":"https:\/\/kirkensbymisjon.no\/content\/uploads\/sites\/47\/2024\/08\/Tilbud_Var-frue-apen-kirke_03.jpg","type":"image\/jpeg"}],"twitter_card":"summary_large_image","twitter_title":"Forside","twitter_misc":{"Ansl. lesetid":"2 minutter"},"schema":{"@context":"https:\/\/schema.org","@graph":[{"@type":"WebPage","@id":"https:\/\/kirkensbymisjon.no\/tilbud-var-frue-apen-kirke\/","url":"https:\/\/kirkensbymisjon.no\/tilbud-var-frue-apen-kirke\/","name":"Kirkens Bymisjon - V\u00e5r Frue \u2013 \u00e5pen kirke","isPartOf":{"@id":"https:\/\/kirkensbymisjon.no\/tilbud-var-frue-apen-kirke\/#website"},"primaryImageOfPage":{"@id":"https:\/\/kirkensbymisjon.no\/tilbud-var-frue-apen-kirke\/#primaryimage"},"image":{"@id":"https:\/\/kirkensbymisjon.no\/tilbud-var-frue-apen-kirke\/#primaryimage"},"thumbnailUrl":"https:\/\/kirkensbymisjon.no\/content\/uploads\/sites\/47\/2024\/08\/Tilbud_Var-frue-apen-kirke_03-907x1024.jpg","datePublished":"2024-06-18T11:48:14+00:00","dateModified":"2025-08-12T00:45:42+00:00","description":"En \u00e5pen omsorgskirke ved Torvet i Trondheim. Hver dag, hele \u00e5ret, er d\u00f8rene \u00e5pne og kaffen varm for menneskene i byen.","breadcrumb":{"@id":"https:\/\/kirkensbymisjon.no\/tilbud-var-frue-apen-kirke\/#breadcrumb"},"inLanguage":"nb-NO","potentialAction":[{"@type":"ReadAction","target":["https:\/\/kirkensbymisjon.no\/tilbud-var-frue-apen-kirke\/"]}]},{"@type":"ImageObject","inLanguage":"nb-NO","@id":"https:\/\/kirkensbymisjon.no\/tilbud-var-frue-apen-kirke\/#primaryimage","url":"https:\/\/kirkensbymisjon.no\/content\/uploads\/sites\/47\/2024\/08\/Tilbud_Var-frue-apen-kirke_03-907x1024.jpg","contentUrl":"https:\/\/kirkensbymisjon.no\/content\/uploads\/sites\/47\/2024\/08\/Tilbud_Var-frue-apen-kirke_03-907x1024.jpg"},{"@type":"BreadcrumbList","@id":"https:\/\/kirkensbymisjon.no\/tilbud-var-frue-apen-kirke\/#breadcrumb","itemListElement":[{"@type":"ListItem","position":1,"name":"Hjem","item":"https:\/\/kirkensbymisjon.no\/tilbud-var-frue-apen-kirke\/"},{"@type":"ListItem","position":2,"name":"Forside"}]},{"@type":"WebSite","@id":"https:\/\/kirkensbymisjon.no\/tilbud-var-frue-apen-kirke\/#website","url":"https:\/\/kirkensbymisjon.no\/tilbud-var-frue-apen-kirke\/","name":"V\u00e5r Frue \u2013 \u00e5pen kirke","description":"","potentialAction":[{"@type":"SearchAction","target":{"@type":"EntryPoint","urlTemplate":"https:\/\/kirkensbymisjon.no\/tilbud-var-frue-apen-kirke\/?s={search_term_string}"},"query-input":{"@type":"PropertyValueSpecification","valueRequired":true,"valueName":"search_term_string"}}],"inLanguage":"nb-NO"}]}},"_links":{"self":[{"href":"https:\/\/kirkensbymisjon.no\/tilbud-var-frue-apen-kirke\/wp-json\/wp\/v2\/pages\/3","targetHints":{"allow":["GET"]}}],"collection":[{"href":"https:\/\/kirkensbymisjon.no\/tilbud-var-frue-apen-kirke\/wp-json\/wp\/v2\/pages"}],"about":[{"href":"https:\/\/kirkensbymisjon.no\/tilbud-var-frue-apen-kirke\/wp-json\/wp\/v2\/types\/page"}],"author":[{"embeddable":true,"href":"https:\/\/kirkensbymisjon.no\/tilbud-var-frue-apen-kirke\/wp-json\/wp\/v2\/users\/2"}],"replies":[{"embeddable":true,"href":"https:\/\/kirkensbymisjon.no\/tilbud-var-frue-apen-kirke\/wp-json\/wp\/v2\/comments?post=3"}],"version-history":[{"count":4,"href":"https:\/\/kirkensbymisjon.no\/tilbud-var-frue-apen-kirke\/wp-json\/wp\/v2\/pages\/3\/revisions"}],"predecessor-version":[{"id":129,"href":"https:\/\/kirkensbymisjon.no\/tilbud-var-frue-apen-kirke\/wp-json\/wp\/v2\/pages\/3\/revisions\/129"}],"wp:attachment":[{"href":"https:\/\/kirkensbymisjon.no\/tilbud-var-frue-apen-kirke\/wp-json\/wp\/v2\/media?parent=3"}],"curies":[{"name":"wp","href":"https:\/\/api.w.org\/{rel}","templated":true}]}}