{"id":9,"date":"2024-07-24T13:17:35","date_gmt":"2024-07-24T11:17:35","guid":{"rendered":"https:\/\/kirkensbymisjon.no\/tilbud-var-frue-apen-kirke\/?page_id=9"},"modified":"2024-08-10T19:56:00","modified_gmt":"2024-08-10T17:56:00","slug":"om-kirken","status":"publish","type":"page","link":"https:\/\/kirkensbymisjon.no\/tilbud-var-frue-apen-kirke\/om-kirken\/","title":{"rendered":"Om kirken"},"content":{"rendered":"\n<h2 class=\"wp-block-heading\" id=\"h-en-kirke-for-fellesskap-og-brobygging-mellom-mennesker\">En kirke for fellesskap og brobygging mellom mennesker<\/h2>\n\n\n\n<p><strong>\u2013 Er det rom for meg i ditt hus?<\/strong> Det sp\u00f8rsm\u00e5let fikk Trondheims f\u00f8rste gateprest fra en av gatas slitne sjeler, som \u00f8nsket ei kirke som kunne romme livet hans slik det n\u00e5 en gang var. Et \u00f8nske som er ganske s\u00e5 alminnelig.<\/p>\n\n\n\n<p>Dermed var dr\u00f8mmen om V\u00e5r Frue som \u00e5pen kirke skapt,&nbsp;og fortsatt er v\u00e5r daglige visjon og m\u00e5l at mennesker som kommer til oss skal kjenne seg tatt i mot. Ikke d\u00f8mt, ikke fors\u00f8kt endret, ikke fors\u00f8kt behandlet. Men rommet og t\u00e5lt, med respekt og kj\u00e6rlighet. V\u00e5r visjon er \u00e5 v\u00e6re en omsorgskirke, og verdiene v\u00e5re er mot, n\u00e6rv\u00e6r, raushet og tro.<\/p>\n\n\n\n<figure class=\"wp-block-image size-full\"><img loading=\"lazy\" decoding=\"async\" width=\"1000\" height=\"500\" src=\"https:\/\/kirkensbymisjon.no\/content\/uploads\/sites\/47\/2024\/08\/Tilbud_Var-frue-apen-kirke_02.jpg\" alt=\"V\u00e5r Frue \u2013 \u00e5pen kirke i Trondheim\" class=\"wp-image-60\" srcset=\"https:\/\/kirkensbymisjon.no\/content\/uploads\/sites\/47\/2024\/08\/Tilbud_Var-frue-apen-kirke_02.jpg 1000w, https:\/\/kirkensbymisjon.no\/content\/uploads\/sites\/47\/2024\/08\/Tilbud_Var-frue-apen-kirke_02-300x150.jpg 300w, https:\/\/kirkensbymisjon.no\/content\/uploads\/sites\/47\/2024\/08\/Tilbud_Var-frue-apen-kirke_02-768x384.jpg 768w\" sizes=\"auto, (max-width: 1000px) 100vw, 1000px\" \/><\/figure>\n\n\n\n<h2 class=\"wp-block-heading\" id=\"h-dugnad-og-frivillighet\">Dugnad og frivillighet<\/h2>\n\n\n\n<p>V\u00e5r Frue \u2013 \u00e5pen kirke drives i samarbeid med Nidaros Domkirke og V\u00e5r Frue menighet, samt Kirkelig Fellesr\u00e5d i Trondheim. Driften er mulig i stor grad p\u00e5 grunn av gaver fra private givere og n\u00e6ringsliv.<\/p>\n\n\n\n<p>Det er en dugnad byen st\u00e5r bak, ved at frivillige gir av tid og ressurser. V\u00e5re frivillige gj\u00f8r en fantastisk innsats for \u00e5 drive \u00e5pen kirke midt i hjertet av Trondheim, og bidrar til en atmosf\u00e6re av inkludering, varme og mangfold. <\/p>\n\n\n\n<p>Vi har et tverrfaglig team av ansatte som jobber med frivillighet, kultur og gateprestens arbeid.<\/p>\n\n\n\n<blockquote class=\"wp-block-quote is-layout-flow wp-block-quote-is-layout-flow\">\n<p>V\u00e5r Frue \u2013 \u00e5pen kirke er et sted for hellighet midt i byens s\u00f8le og skitt. Fordi menneskeverdet er hellig og ukrenkelig.<\/p>\n<cite>Knut St\u00f8rdal, ansatt<\/cite><\/blockquote>\n","protected":false},"excerpt":{"rendered":"<p>En kirke for fellesskap og brobygging mellom mennesker \u2013 Er det rom for meg i&hellip;<\/p>\n","protected":false},"author":6,"featured_media":0,"parent":0,"menu_order":0,"comment_status":"closed","ping_status":"closed","template":"","meta":{"_relevanssi_hide_post":"","_relevanssi_hide_content":"","_relevanssi_pin_for_all":"","_relevanssi_pin_keywords":"","_relevanssi_unpin_keywords":"","_relevanssi_related_keywords":"","_relevanssi_related_include_ids":"","_relevanssi_related_exclude_ids":"","_relevanssi_related_no_append":"","_relevanssi_related_not_related":"","_relevanssi_related_posts":"1","_relevanssi_noindex_reason":"","editor_notices":[],"footnotes":""},"class_list":["post-9","page","type-page","status-publish","hentry"],"yoast_head":"<!-- This site is optimized with the Yoast SEO Premium plugin v27.2 (Yoast SEO v27.2) - https:\/\/yoast.com\/product\/yoast-seo-premium-wordpress\/ -->\n<title>Om kirken - V\u00e5r Frue \u2013 \u00e5pen kirke<\/title>\n<meta name=\"robots\" content=\"index, follow, max-snippet:-1, max-image-preview:large, max-video-preview:-1\" \/>\n<link rel=\"canonical\" href=\"https:\/\/kirkensbymisjon.no\/tilbud-var-frue-apen-kirke\/om-kirken\/\" \/>\n<meta property=\"og:locale\" content=\"nb_NO\" \/>\n<meta property=\"og:type\" content=\"article\" \/>\n<meta property=\"og:title\" content=\"Om kirken\" \/>\n<meta property=\"og:description\" content=\"En kirke for fellesskap og brobygging mellom mennesker \u2013 Er det rom for meg i&hellip;\" \/>\n<meta property=\"og:url\" content=\"https:\/\/kirkensbymisjon.no\/tilbud-var-frue-apen-kirke\/om-kirken\/\" \/>\n<meta property=\"og:site_name\" content=\"V\u00e5r Frue \u2013 \u00e5pen kirke\" \/>\n<meta property=\"article:modified_time\" content=\"2024-08-10T17:56:00+00:00\" \/>\n<meta property=\"og:image\" content=\"https:\/\/kirkensbymisjon.no\/content\/uploads\/sites\/47\/2024\/08\/Tilbud_Var-frue-apen-kirke_02.jpg\" \/>\n<meta name=\"twitter:card\" content=\"summary_large_image\" \/>\n<meta name=\"twitter:label1\" content=\"Ansl. lesetid\" \/>\n\t<meta name=\"twitter:data1\" content=\"2 minutter\" \/>\n<script type=\"application\/ld+json\" class=\"yoast-schema-graph\">{\"@context\":\"https:\/\/schema.org\",\"@graph\":[{\"@type\":\"WebPage\",\"@id\":\"https:\/\/kirkensbymisjon.no\/tilbud-var-frue-apen-kirke\/om-kirken\/\",\"url\":\"https:\/\/kirkensbymisjon.no\/tilbud-var-frue-apen-kirke\/om-kirken\/\",\"name\":\"Om kirken - V\u00e5r Frue \u2013 \u00e5pen kirke\",\"isPartOf\":{\"@id\":\"https:\/\/kirkensbymisjon.no\/tilbud-var-frue-apen-kirke\/#website\"},\"primaryImageOfPage\":{\"@id\":\"https:\/\/kirkensbymisjon.no\/tilbud-var-frue-apen-kirke\/om-kirken\/#primaryimage\"},\"image\":{\"@id\":\"https:\/\/kirkensbymisjon.no\/tilbud-var-frue-apen-kirke\/om-kirken\/#primaryimage\"},\"thumbnailUrl\":\"https:\/\/kirkensbymisjon.no\/content\/uploads\/sites\/47\/2024\/08\/Tilbud_Var-frue-apen-kirke_02.jpg\",\"datePublished\":\"2024-07-24T11:17:35+00:00\",\"dateModified\":\"2024-08-10T17:56:00+00:00\",\"breadcrumb\":{\"@id\":\"https:\/\/kirkensbymisjon.no\/tilbud-var-frue-apen-kirke\/om-kirken\/#breadcrumb\"},\"inLanguage\":\"nb-NO\",\"potentialAction\":[{\"@type\":\"ReadAction\",\"target\":[\"https:\/\/kirkensbymisjon.no\/tilbud-var-frue-apen-kirke\/om-kirken\/\"]}]},{\"@type\":\"ImageObject\",\"inLanguage\":\"nb-NO\",\"@id\":\"https:\/\/kirkensbymisjon.no\/tilbud-var-frue-apen-kirke\/om-kirken\/#primaryimage\",\"url\":\"https:\/\/kirkensbymisjon.no\/content\/uploads\/sites\/47\/2024\/08\/Tilbud_Var-frue-apen-kirke_02.jpg\",\"contentUrl\":\"https:\/\/kirkensbymisjon.no\/content\/uploads\/sites\/47\/2024\/08\/Tilbud_Var-frue-apen-kirke_02.jpg\"},{\"@type\":\"BreadcrumbList\",\"@id\":\"https:\/\/kirkensbymisjon.no\/tilbud-var-frue-apen-kirke\/om-kirken\/#breadcrumb\",\"itemListElement\":[{\"@type\":\"ListItem\",\"position\":1,\"name\":\"Hjem\",\"item\":\"https:\/\/kirkensbymisjon.no\/tilbud-var-frue-apen-kirke\/\"},{\"@type\":\"ListItem\",\"position\":2,\"name\":\"Om kirken\"}]},{\"@type\":\"WebSite\",\"@id\":\"https:\/\/kirkensbymisjon.no\/tilbud-var-frue-apen-kirke\/#website\",\"url\":\"https:\/\/kirkensbymisjon.no\/tilbud-var-frue-apen-kirke\/\",\"name\":\"V\u00e5r Frue \u2013 \u00e5pen kirke\",\"description\":\"\",\"potentialAction\":[{\"@type\":\"SearchAction\",\"target\":{\"@type\":\"EntryPoint\",\"urlTemplate\":\"https:\/\/kirkensbymisjon.no\/tilbud-var-frue-apen-kirke\/?s={search_term_string}\"},\"query-input\":{\"@type\":\"PropertyValueSpecification\",\"valueRequired\":true,\"valueName\":\"search_term_string\"}}],\"inLanguage\":\"nb-NO\"}]}<\/script>\n<!-- \/ Yoast SEO Premium plugin. -->","yoast_head_json":{"title":"Om kirken - V\u00e5r Frue \u2013 \u00e5pen kirke","robots":{"index":"index","follow":"follow","max-snippet":"max-snippet:-1","max-image-preview":"max-image-preview:large","max-video-preview":"max-video-preview:-1"},"canonical":"https:\/\/kirkensbymisjon.no\/tilbud-var-frue-apen-kirke\/om-kirken\/","og_locale":"nb_NO","og_type":"article","og_title":"Om kirken","og_description":"En kirke for fellesskap og brobygging mellom mennesker \u2013 Er det rom for meg i&hellip;","og_url":"https:\/\/kirkensbymisjon.no\/tilbud-var-frue-apen-kirke\/om-kirken\/","og_site_name":"V\u00e5r Frue \u2013 \u00e5pen kirke","article_modified_time":"2024-08-10T17:56:00+00:00","og_image":[{"url":"https:\/\/kirkensbymisjon.no\/content\/uploads\/sites\/47\/2024\/08\/Tilbud_Var-frue-apen-kirke_02.jpg","type":"","width":"","height":""}],"twitter_card":"summary_large_image","twitter_misc":{"Ansl. lesetid":"2 minutter"},"schema":{"@context":"https:\/\/schema.org","@graph":[{"@type":"WebPage","@id":"https:\/\/kirkensbymisjon.no\/tilbud-var-frue-apen-kirke\/om-kirken\/","url":"https:\/\/kirkensbymisjon.no\/tilbud-var-frue-apen-kirke\/om-kirken\/","name":"Om kirken - V\u00e5r Frue \u2013 \u00e5pen kirke","isPartOf":{"@id":"https:\/\/kirkensbymisjon.no\/tilbud-var-frue-apen-kirke\/#website"},"primaryImageOfPage":{"@id":"https:\/\/kirkensbymisjon.no\/tilbud-var-frue-apen-kirke\/om-kirken\/#primaryimage"},"image":{"@id":"https:\/\/kirkensbymisjon.no\/tilbud-var-frue-apen-kirke\/om-kirken\/#primaryimage"},"thumbnailUrl":"https:\/\/kirkensbymisjon.no\/content\/uploads\/sites\/47\/2024\/08\/Tilbud_Var-frue-apen-kirke_02.jpg","datePublished":"2024-07-24T11:17:35+00:00","dateModified":"2024-08-10T17:56:00+00:00","breadcrumb":{"@id":"https:\/\/kirkensbymisjon.no\/tilbud-var-frue-apen-kirke\/om-kirken\/#breadcrumb"},"inLanguage":"nb-NO","potentialAction":[{"@type":"ReadAction","target":["https:\/\/kirkensbymisjon.no\/tilbud-var-frue-apen-kirke\/om-kirken\/"]}]},{"@type":"ImageObject","inLanguage":"nb-NO","@id":"https:\/\/kirkensbymisjon.no\/tilbud-var-frue-apen-kirke\/om-kirken\/#primaryimage","url":"https:\/\/kirkensbymisjon.no\/content\/uploads\/sites\/47\/2024\/08\/Tilbud_Var-frue-apen-kirke_02.jpg","contentUrl":"https:\/\/kirkensbymisjon.no\/content\/uploads\/sites\/47\/2024\/08\/Tilbud_Var-frue-apen-kirke_02.jpg"},{"@type":"BreadcrumbList","@id":"https:\/\/kirkensbymisjon.no\/tilbud-var-frue-apen-kirke\/om-kirken\/#breadcrumb","itemListElement":[{"@type":"ListItem","position":1,"name":"Hjem","item":"https:\/\/kirkensbymisjon.no\/tilbud-var-frue-apen-kirke\/"},{"@type":"ListItem","position":2,"name":"Om kirken"}]},{"@type":"WebSite","@id":"https:\/\/kirkensbymisjon.no\/tilbud-var-frue-apen-kirke\/#website","url":"https:\/\/kirkensbymisjon.no\/tilbud-var-frue-apen-kirke\/","name":"V\u00e5r Frue \u2013 \u00e5pen kirke","description":"","potentialAction":[{"@type":"SearchAction","target":{"@type":"EntryPoint","urlTemplate":"https:\/\/kirkensbymisjon.no\/tilbud-var-frue-apen-kirke\/?s={search_term_string}"},"query-input":{"@type":"PropertyValueSpecification","valueRequired":true,"valueName":"search_term_string"}}],"inLanguage":"nb-NO"}]}},"_links":{"self":[{"href":"https:\/\/kirkensbymisjon.no\/tilbud-var-frue-apen-kirke\/wp-json\/wp\/v2\/pages\/9","targetHints":{"allow":["GET"]}}],"collection":[{"href":"https:\/\/kirkensbymisjon.no\/tilbud-var-frue-apen-kirke\/wp-json\/wp\/v2\/pages"}],"about":[{"href":"https:\/\/kirkensbymisjon.no\/tilbud-var-frue-apen-kirke\/wp-json\/wp\/v2\/types\/page"}],"author":[{"embeddable":true,"href":"https:\/\/kirkensbymisjon.no\/tilbud-var-frue-apen-kirke\/wp-json\/wp\/v2\/users\/6"}],"replies":[{"embeddable":true,"href":"https:\/\/kirkensbymisjon.no\/tilbud-var-frue-apen-kirke\/wp-json\/wp\/v2\/comments?post=9"}],"version-history":[{"count":4,"href":"https:\/\/kirkensbymisjon.no\/tilbud-var-frue-apen-kirke\/wp-json\/wp\/v2\/pages\/9\/revisions"}],"predecessor-version":[{"id":80,"href":"https:\/\/kirkensbymisjon.no\/tilbud-var-frue-apen-kirke\/wp-json\/wp\/v2\/pages\/9\/revisions\/80"}],"wp:attachment":[{"href":"https:\/\/kirkensbymisjon.no\/tilbud-var-frue-apen-kirke\/wp-json\/wp\/v2\/media?parent=9"}],"curies":[{"name":"wp","href":"https:\/\/api.w.org\/{rel}","templated":true}]}}