{"id":11,"date":"2024-07-24T12:55:25","date_gmt":"2024-07-24T10:55:25","guid":{"rendered":"https:\/\/kirkensbymisjon.no\/tilbud-ventilene\/?page_id=11"},"modified":"2026-03-11T14:52:55","modified_gmt":"2026-03-11T13:52:55","slug":"hva-vi-tilbyr","status":"publish","type":"page","link":"https:\/\/kirkensbymisjon.no\/tilbud-ventilene\/hva-vi-tilbyr\/","title":{"rendered":"Hva vi tilbyr"},"content":{"rendered":"\n<h2 class=\"wp-block-heading\" id=\"h-spennende-aktiviteter-for-barn-og-unge\"><strong>Spennende aktiviteter for barn og unge<\/strong><\/h2>\n\n\n\n<p>P\u00e5 v\u00e5re helge- og ferietilbud fokuserer vi p\u00e5 allsidige og spennende aktiviteter, samtidig som vi arbeider med barna og ungdommenes f\u00f8lelser, sosiale relasjoner og med hva som er akseptabel oppf\u00f8rsel.<\/p>\n\n\n\n<p>V\u00e5r base er n\u00e5 p\u00e5 Viste strandhotell i Randaberg, og vi tar maksimalt imot 20 stk p\u00e5 en gang. Lederteamet har med sine familier, inkludert egne barn, og vi er opptatt av at deltakerne skal ha en opplevelse av at vi er en storfamilie p\u00e5 tur. Teamet er sv\u00e6rt stabilt og det er viktig for v\u00e5r m\u00e5lgruppe.<\/p>\n\n\n\n<p>Under her finner du oversikt over v\u00e5re tilbud, datoer og p\u00e5meldingsskjema.<\/p>\n\n\n\n<figure class=\"wp-block-image size-full\"><img loading=\"lazy\" decoding=\"async\" width=\"973\" height=\"730\" src=\"https:\/\/kirkensbymisjon.no\/content\/uploads\/sites\/41\/2024\/08\/Tilbud_Ventilene_01.jpeg\" alt=\"Ungdom p\u00e5 snowboard.\" class=\"wp-image-19\" srcset=\"https:\/\/kirkensbymisjon.no\/content\/uploads\/sites\/41\/2024\/08\/Tilbud_Ventilene_01.jpeg 973w, https:\/\/kirkensbymisjon.no\/content\/uploads\/sites\/41\/2024\/08\/Tilbud_Ventilene_01-300x225.jpeg 300w, https:\/\/kirkensbymisjon.no\/content\/uploads\/sites\/41\/2024\/08\/Tilbud_Ventilene_01-768x576.jpeg 768w\" sizes=\"auto, (max-width: 973px) 100vw, 973px\" \/><\/figure>\n\n\n\n<h2 class=\"wp-block-heading\" id=\"h-vare-aktiviteter\">V\u00e5re aktiviteter<\/h2>\n\n\n<div class=\"t2-accordion wp-block-t2-accordion\" data-allow-multiple=\"1\" role=\"list\">\n<div class=\"t2-accordion-item wp-block-t2-accordion-item\" role=\"listitem\">\n\t\t\t<h2 class=\"t2-accordion-title\">\n\t\t\t\t<button type=\"button\" class=\"t2-accordion-trigger\" id=\"mestringsventilen\" aria-controls=\"accordion-panel\" aria-expanded=\"false\">\n\t\t\t\t\tMestringsVentilen\n\t\t\t\t\t<span class=\"t2-accordion-icon is-closed-icon\"><svg xmlns=\"http:\/\/www.w3.org\/2000\/svg\" viewBox=\"0 0 24 24\" height=\"24\" width=\"24\" class=\"t2-icon t2-icon-plus\" aria-hidden=\"true\" focusable=\"false\"><path d=\"M11.8 5.037a1.088 1.088 0 0 0-.722.566c-.075.148-.078.25-.078 2.772v2.619l-2.61.016c-1.867.012-2.652.03-2.756.064-.168.055-.438.301-.54.494-.049.092-.07.223-.07.432 0 .34.054.476.282.704.289.289.14.275 3.064.288l2.63.012v2.619c0 2.544.002 2.625.08 2.778.191.372.516.577.92.577s.729-.205.92-.577c.078-.153.08-.234.08-2.778v-2.619l2.63-.012c2.924-.013 2.775.001 3.064-.288.228-.228.282-.364.282-.704 0-.209-.021-.34-.07-.432-.102-.193-.372-.439-.54-.494-.104-.034-.889-.052-2.756-.064L13 10.994V8.375c0-2.522-.003-2.624-.078-2.772-.214-.418-.685-.656-1.122-.566\"\/><\/svg><\/span>\n\t\t\t\t\t<span class=\"t2-accordion-icon is-open-icon\"><svg xmlns=\"http:\/\/www.w3.org\/2000\/svg\" viewBox=\"0 0 24 24\" height=\"24\" width=\"24\" class=\"t2-icon t2-icon-chevronup\" aria-hidden=\"true\" focusable=\"false\"><path d=\"M6.7 14.7c-.2-.2-.3-.4-.3-.7s.1-.5.3-.7l4.6-4.6c.1-.1.2-.2.3-.2.1 0 .2-.1.4-.1.1 0 .3 0 .4.1.1 0 .2.1.3.2l4.6 4.6c.2.2.3.4.3.7s-.1.5-.3.7c-.2.2-.4.3-.7.3s-.5-.1-.7-.3L12 10.8l-3.9 3.9c-.2.2-.4.3-.7.3s-.5-.1-.7-.3z\" fill=\"currentColor\" \/><\/svg><\/span>\n\t\t\t\t<\/button>\n\t\t\t<\/h2>\n\t\t\t<div class=\"t2-accordion-item__inner-container is-layout-flow\" id=\"accordion-panel\" aria-labelledby=\"mestringsventilen\" role=\"region\" hidden>\n\t\t\t\t\n\n<ul class=\"wp-block-list\">\n<li>Arrangeres cirka hver tredje helg \u00e5ret gjennom.<\/li>\n\n\n\n<li>MestringsVentilen er et helgetilbud for ungdom i alderen 12\u201318 \u00e5r, med minilederprogram for aldersgruppen 18\u201323 \u00e5r.<\/li>\n\n\n\n<li>Du bestemmer selv hvor mange helger du \u00f8nsker \u00e5 delta. MestringsVentilen har blant annet kj\u00f8rt gokart, bes\u00f8kt huskyfarm, v\u00e6rt p\u00e5 kino, v\u00e6rt p\u00e5 laserskyting, bowlet, v\u00e6rt p\u00e5 konsert, skutt leirduer, blitt stylet av stylist, blitt fotografert, bakt, laget julepynt og feiret jul.<\/li>\n<\/ul>\n\n\n\n<p><a href=\"https:\/\/kirkensbymisjon.no\/content\/uploads\/sites\/41\/2026\/01\/Pameldingsskjema-Mestringsventilen-Team-1-2026.pdf\">P\u00e5meldingskjema Team 1<\/a><\/p>\n\n\n\n<p><a href=\"https:\/\/kirkensbymisjon.no\/content\/uploads\/sites\/41\/2026\/01\/Pameldingsskjema-Mestringsventilen-Team-2-2026.pdf\">P\u00e5meldingskjema Team 2<\/a><\/p>\n\n\n\t\t\t<\/div>\n\t\t<\/div>\n\n<div class=\"t2-accordion-item wp-block-t2-accordion-item\" role=\"listitem\">\n\t\t\t<h2 class=\"t2-accordion-title\">\n\t\t\t\t<button type=\"button\" class=\"t2-accordion-trigger\" id=\"&lt;strong&gt;h\u00f8stventilen&lt;\/strong&gt;\" aria-controls=\"accordion-panel-1\" aria-expanded=\"false\">\n\t\t\t\t\tH\u00f8stVentilen\n\t\t\t\t\t<span class=\"t2-accordion-icon is-closed-icon\"><svg xmlns=\"http:\/\/www.w3.org\/2000\/svg\" viewBox=\"0 0 24 24\" height=\"24\" width=\"24\" class=\"t2-icon t2-icon-plus\" aria-hidden=\"true\" focusable=\"false\"><path d=\"M11.8 5.037a1.088 1.088 0 0 0-.722.566c-.075.148-.078.25-.078 2.772v2.619l-2.61.016c-1.867.012-2.652.03-2.756.064-.168.055-.438.301-.54.494-.049.092-.07.223-.07.432 0 .34.054.476.282.704.289.289.14.275 3.064.288l2.63.012v2.619c0 2.544.002 2.625.08 2.778.191.372.516.577.92.577s.729-.205.92-.577c.078-.153.08-.234.08-2.778v-2.619l2.63-.012c2.924-.013 2.775.001 3.064-.288.228-.228.282-.364.282-.704 0-.209-.021-.34-.07-.432-.102-.193-.372-.439-.54-.494-.104-.034-.889-.052-2.756-.064L13 10.994V8.375c0-2.522-.003-2.624-.078-2.772-.214-.418-.685-.656-1.122-.566\"\/><\/svg><\/span>\n\t\t\t\t\t<span class=\"t2-accordion-icon is-open-icon\"><svg xmlns=\"http:\/\/www.w3.org\/2000\/svg\" viewBox=\"0 0 24 24\" height=\"24\" width=\"24\" class=\"t2-icon t2-icon-chevronup\" aria-hidden=\"true\" focusable=\"false\"><path d=\"M6.7 14.7c-.2-.2-.3-.4-.3-.7s.1-.5.3-.7l4.6-4.6c.1-.1.2-.2.3-.2.1 0 .2-.1.4-.1.1 0 .3 0 .4.1.1 0 .2.1.3.2l4.6 4.6c.2.2.3.4.3.7s-.1.5-.3.7c-.2.2-.4.3-.7.3s-.5-.1-.7-.3L12 10.8l-3.9 3.9c-.2.2-.4.3-.7.3s-.5-.1-.7-.3z\" fill=\"currentColor\" \/><\/svg><\/span>\n\t\t\t\t<\/button>\n\t\t\t<\/h2>\n\t\t\t<div class=\"t2-accordion-item__inner-container is-layout-flow\" id=\"accordion-panel-1\" aria-labelledby=\"&lt;strong&gt;h\u00f8stventilen&lt;\/strong&gt;\" role=\"region\" hidden>\n\t\t\t\t\n\n<p>Femdagers leir i h\u00f8stferien. Vi har samme type aktiviteter som p\u00e5 SommerVentilen og MestringsVentilen.<\/p>\n\n\n\n<p><a href=\"https:\/\/kirkensbymisjon.no\/content\/uploads\/sites\/41\/2026\/01\/Pameldingsskjema-Hostventilen-2026.pdf\">P\u00e5meldingskjema H\u00f8stventilen<\/a><\/p>\n\n\n\t\t\t<\/div>\n\t\t<\/div>\n\n<div class=\"t2-accordion-item wp-block-t2-accordion-item\" role=\"listitem\">\n\t\t\t<h2 class=\"t2-accordion-title\">\n\t\t\t\t<button type=\"button\" class=\"t2-accordion-trigger\" id=\"&lt;strong&gt;vinterventilen&lt;\/strong&gt;\" aria-controls=\"accordion-panel-2\" aria-expanded=\"false\">\n\t\t\t\t\tVinterVentilen\n\t\t\t\t\t<span class=\"t2-accordion-icon is-closed-icon\"><svg xmlns=\"http:\/\/www.w3.org\/2000\/svg\" viewBox=\"0 0 24 24\" height=\"24\" width=\"24\" class=\"t2-icon t2-icon-plus\" aria-hidden=\"true\" focusable=\"false\"><path d=\"M11.8 5.037a1.088 1.088 0 0 0-.722.566c-.075.148-.078.25-.078 2.772v2.619l-2.61.016c-1.867.012-2.652.03-2.756.064-.168.055-.438.301-.54.494-.049.092-.07.223-.07.432 0 .34.054.476.282.704.289.289.14.275 3.064.288l2.63.012v2.619c0 2.544.002 2.625.08 2.778.191.372.516.577.92.577s.729-.205.92-.577c.078-.153.08-.234.08-2.778v-2.619l2.63-.012c2.924-.013 2.775.001 3.064-.288.228-.228.282-.364.282-.704 0-.209-.021-.34-.07-.432-.102-.193-.372-.439-.54-.494-.104-.034-.889-.052-2.756-.064L13 10.994V8.375c0-2.522-.003-2.624-.078-2.772-.214-.418-.685-.656-1.122-.566\"\/><\/svg><\/span>\n\t\t\t\t\t<span class=\"t2-accordion-icon is-open-icon\"><svg xmlns=\"http:\/\/www.w3.org\/2000\/svg\" viewBox=\"0 0 24 24\" height=\"24\" width=\"24\" class=\"t2-icon t2-icon-chevronup\" aria-hidden=\"true\" focusable=\"false\"><path d=\"M6.7 14.7c-.2-.2-.3-.4-.3-.7s.1-.5.3-.7l4.6-4.6c.1-.1.2-.2.3-.2.1 0 .2-.1.4-.1.1 0 .3 0 .4.1.1 0 .2.1.3.2l4.6 4.6c.2.2.3.4.3.7s-.1.5-.3.7c-.2.2-.4.3-.7.3s-.5-.1-.7-.3L12 10.8l-3.9 3.9c-.2.2-.4.3-.7.3s-.5-.1-.7-.3z\" fill=\"currentColor\" \/><\/svg><\/span>\n\t\t\t\t<\/button>\n\t\t\t<\/h2>\n\t\t\t<div class=\"t2-accordion-item__inner-container is-layout-flow\" id=\"accordion-panel-2\" aria-labelledby=\"&lt;strong&gt;vinterventilen&lt;\/strong&gt;\" role=\"region\" hidden>\n\t\t\t\t\n\n<ul class=\"wp-block-list\">\n<li>Femdagers vinterleir for ungdom 12\u201318, med minilederprogram for aldersgruppen 18\u201323 \u00e5r.<\/li>\n\n\n\n<li>Vi drar p\u00e5 dagsturer til Sirdal Skisenter og bor p\u00e5 Ventilene Viste Strandhotell. Fokuset er sn\u00f8- og vinteraktiviteter, og tre av dagene bruker vi i skitrekket (s\u00e5 sant v\u00e6ret tillater det). Utover det blir det ofte litt roligere aktiviteter som kino, brettspill, og en tur i sv\u00f8mmehallen.&nbsp;<\/li>\n<\/ul>\n\n\n\n<p><a href=\"https:\/\/kirkensbymisjon.no\/content\/uploads\/sites\/41\/2026\/01\/Pameldingsskjema-Vinterventilen-2026.pdf\">P\u00e5meldingskjema Vinterventilen<\/a><\/p>\n\n\n\t\t\t<\/div>\n\t\t<\/div>\n\n<div class=\"t2-accordion-item wp-block-t2-accordion-item\" role=\"listitem\">\n\t\t\t<h2 class=\"t2-accordion-title\">\n\t\t\t\t<button type=\"button\" class=\"t2-accordion-trigger\" id=\"&lt;strong&gt;sommerventilen&lt;\/strong&gt;\" aria-controls=\"accordion-panel-3\" aria-expanded=\"false\">\n\t\t\t\t\tSommerVentilen\n\t\t\t\t\t<span class=\"t2-accordion-icon is-closed-icon\"><svg xmlns=\"http:\/\/www.w3.org\/2000\/svg\" viewBox=\"0 0 24 24\" height=\"24\" width=\"24\" class=\"t2-icon t2-icon-plus\" aria-hidden=\"true\" focusable=\"false\"><path d=\"M11.8 5.037a1.088 1.088 0 0 0-.722.566c-.075.148-.078.25-.078 2.772v2.619l-2.61.016c-1.867.012-2.652.03-2.756.064-.168.055-.438.301-.54.494-.049.092-.07.223-.07.432 0 .34.054.476.282.704.289.289.14.275 3.064.288l2.63.012v2.619c0 2.544.002 2.625.08 2.778.191.372.516.577.92.577s.729-.205.92-.577c.078-.153.08-.234.08-2.778v-2.619l2.63-.012c2.924-.013 2.775.001 3.064-.288.228-.228.282-.364.282-.704 0-.209-.021-.34-.07-.432-.102-.193-.372-.439-.54-.494-.104-.034-.889-.052-2.756-.064L13 10.994V8.375c0-2.522-.003-2.624-.078-2.772-.214-.418-.685-.656-1.122-.566\"\/><\/svg><\/span>\n\t\t\t\t\t<span class=\"t2-accordion-icon is-open-icon\"><svg xmlns=\"http:\/\/www.w3.org\/2000\/svg\" viewBox=\"0 0 24 24\" height=\"24\" width=\"24\" class=\"t2-icon t2-icon-chevronup\" aria-hidden=\"true\" focusable=\"false\"><path d=\"M6.7 14.7c-.2-.2-.3-.4-.3-.7s.1-.5.3-.7l4.6-4.6c.1-.1.2-.2.3-.2.1 0 .2-.1.4-.1.1 0 .3 0 .4.1.1 0 .2.1.3.2l4.6 4.6c.2.2.3.4.3.7s-.1.5-.3.7c-.2.2-.4.3-.7.3s-.5-.1-.7-.3L12 10.8l-3.9 3.9c-.2.2-.4.3-.7.3s-.5-.1-.7-.3z\" fill=\"currentColor\" \/><\/svg><\/span>\n\t\t\t\t<\/button>\n\t\t\t<\/h2>\n\t\t\t<div class=\"t2-accordion-item__inner-container is-layout-flow\" id=\"accordion-panel-3\" aria-labelledby=\"&lt;strong&gt;sommerventilen&lt;\/strong&gt;\" role=\"region\" hidden>\n\t\t\t\t\n\n<ul class=\"wp-block-list\">\n<li>Aldersgruppen er 12\u201318 \u00e5r. I tillegg er det minilederprogram for ungdommer i alderen 18\u201323 \u00e5r.<\/li>\n\n\n\n<li>Allerede det f\u00f8rste \u00e5ret SommerVentilen eksisterte var det lange ventelister med unge som \u00f8nsket \u00e5 v\u00e6re med p\u00e5 leir. I l\u00f8pet av leirene har vi blant annet v\u00e6rt p\u00e5 bes\u00f8k p\u00e5 brannstasjonen, vi har v\u00e6rt i Frafjord p\u00e5 SUP (stand up padling), v\u00e6rt p\u00e5 kino, v\u00e6rt p\u00e5 sommerteater, st\u00e5tt p\u00e5 vannski og surfet.<\/li>\n<\/ul>\n\n\n\n<p><a href=\"https:\/\/kirkensbymisjon.no\/content\/uploads\/sites\/41\/2026\/03\/Pameldingsskjema-Sommerventilen-2026.pdf\" target=\"_blank\" rel=\"noreferrer noopener\">P\u00e5meldingsskjema Sommerventilen<\/a>.<\/p>\n\n\n\t\t\t<\/div>\n\t\t<\/div>\n<\/div>","protected":false},"excerpt":{"rendered":"<p>Spennende aktiviteter for barn og unge P\u00e5 v\u00e5re helge- og ferietilbud fokuserer vi p\u00e5 allsidige&hellip;<\/p>\n","protected":false},"author":6,"featured_media":0,"parent":0,"menu_order":0,"comment_status":"closed","ping_status":"closed","template":"","meta":{"_relevanssi_hide_post":"","_relevanssi_hide_content":"","_relevanssi_pin_for_all":"","_relevanssi_pin_keywords":"","_relevanssi_unpin_keywords":"","_relevanssi_related_keywords":"","_relevanssi_related_include_ids":"","_relevanssi_related_exclude_ids":"","_relevanssi_related_no_append":"","_relevanssi_related_not_related":"","_relevanssi_related_posts":"1","_relevanssi_noindex_reason":"","editor_notices":[],"footnotes":""},"class_list":["post-11","page","type-page","status-publish","hentry"],"yoast_head":"<!-- This site is optimized with the Yoast SEO Premium plugin v27.2 (Yoast SEO v27.4) - https:\/\/yoast.com\/product\/yoast-seo-premium-wordpress\/ -->\n<title>Hva vi tilbyr - Ventilene<\/title>\n<meta name=\"robots\" content=\"index, follow, max-snippet:-1, max-image-preview:large, max-video-preview:-1\" \/>\n<link rel=\"canonical\" href=\"https:\/\/kirkensbymisjon.no\/tilbud-ventilene\/hva-vi-tilbyr\/\" \/>\n<meta property=\"og:locale\" content=\"nb_NO\" \/>\n<meta property=\"og:type\" content=\"article\" \/>\n<meta property=\"og:title\" content=\"Hva vi tilbyr\" \/>\n<meta property=\"og:description\" content=\"Spennende aktiviteter for barn og unge P\u00e5 v\u00e5re helge- og ferietilbud fokuserer vi p\u00e5 allsidige&hellip;\" \/>\n<meta property=\"og:url\" content=\"https:\/\/kirkensbymisjon.no\/tilbud-ventilene\/hva-vi-tilbyr\/\" \/>\n<meta property=\"og:site_name\" content=\"Ventilene\" \/>\n<meta property=\"article:modified_time\" content=\"2026-03-11T13:52:55+00:00\" \/>\n<meta property=\"og:image\" content=\"https:\/\/kirkensbymisjon.no\/content\/uploads\/sites\/41\/2024\/08\/Tilbud_Ventilene_01.jpeg\" \/>\n\t<meta property=\"og:image:width\" content=\"973\" \/>\n\t<meta property=\"og:image:height\" content=\"730\" \/>\n\t<meta property=\"og:image:type\" content=\"image\/jpeg\" \/>\n<meta name=\"twitter:card\" content=\"summary_large_image\" \/>\n<meta name=\"twitter:label1\" content=\"Ansl. lesetid\" \/>\n\t<meta name=\"twitter:data1\" content=\"2 minutter\" \/>\n<script type=\"application\/ld+json\" class=\"yoast-schema-graph\">{\"@context\":\"https:\\\/\\\/schema.org\",\"@graph\":[{\"@type\":\"WebPage\",\"@id\":\"https:\\\/\\\/kirkensbymisjon.no\\\/tilbud-ventilene\\\/hva-vi-tilbyr\\\/\",\"url\":\"https:\\\/\\\/kirkensbymisjon.no\\\/tilbud-ventilene\\\/hva-vi-tilbyr\\\/\",\"name\":\"Hva vi tilbyr - Ventilene\",\"isPartOf\":{\"@id\":\"https:\\\/\\\/kirkensbymisjon.no\\\/tilbud-ventilene\\\/#website\"},\"primaryImageOfPage\":{\"@id\":\"https:\\\/\\\/kirkensbymisjon.no\\\/tilbud-ventilene\\\/hva-vi-tilbyr\\\/#primaryimage\"},\"image\":{\"@id\":\"https:\\\/\\\/kirkensbymisjon.no\\\/tilbud-ventilene\\\/hva-vi-tilbyr\\\/#primaryimage\"},\"thumbnailUrl\":\"https:\\\/\\\/kirkensbymisjon.no\\\/content\\\/uploads\\\/sites\\\/41\\\/2024\\\/08\\\/Tilbud_Ventilene_01.jpeg\",\"datePublished\":\"2024-07-24T10:55:25+00:00\",\"dateModified\":\"2026-03-11T13:52:55+00:00\",\"breadcrumb\":{\"@id\":\"https:\\\/\\\/kirkensbymisjon.no\\\/tilbud-ventilene\\\/hva-vi-tilbyr\\\/#breadcrumb\"},\"inLanguage\":\"nb-NO\",\"potentialAction\":[{\"@type\":\"ReadAction\",\"target\":[\"https:\\\/\\\/kirkensbymisjon.no\\\/tilbud-ventilene\\\/hva-vi-tilbyr\\\/\"]}]},{\"@type\":\"ImageObject\",\"inLanguage\":\"nb-NO\",\"@id\":\"https:\\\/\\\/kirkensbymisjon.no\\\/tilbud-ventilene\\\/hva-vi-tilbyr\\\/#primaryimage\",\"url\":\"https:\\\/\\\/kirkensbymisjon.no\\\/content\\\/uploads\\\/sites\\\/41\\\/2024\\\/08\\\/Tilbud_Ventilene_01.jpeg\",\"contentUrl\":\"https:\\\/\\\/kirkensbymisjon.no\\\/content\\\/uploads\\\/sites\\\/41\\\/2024\\\/08\\\/Tilbud_Ventilene_01.jpeg\"},{\"@type\":\"BreadcrumbList\",\"@id\":\"https:\\\/\\\/kirkensbymisjon.no\\\/tilbud-ventilene\\\/hva-vi-tilbyr\\\/#breadcrumb\",\"itemListElement\":[{\"@type\":\"ListItem\",\"position\":1,\"name\":\"Hjem\",\"item\":\"https:\\\/\\\/kirkensbymisjon.no\\\/tilbud-ventilene\\\/\"},{\"@type\":\"ListItem\",\"position\":2,\"name\":\"Hva vi tilbyr\"}]},{\"@type\":\"WebSite\",\"@id\":\"https:\\\/\\\/kirkensbymisjon.no\\\/tilbud-ventilene\\\/#website\",\"url\":\"https:\\\/\\\/kirkensbymisjon.no\\\/tilbud-ventilene\\\/\",\"name\":\"Ventilene\",\"description\":\"\",\"potentialAction\":[{\"@type\":\"SearchAction\",\"target\":{\"@type\":\"EntryPoint\",\"urlTemplate\":\"https:\\\/\\\/kirkensbymisjon.no\\\/tilbud-ventilene\\\/?s={search_term_string}\"},\"query-input\":{\"@type\":\"PropertyValueSpecification\",\"valueRequired\":true,\"valueName\":\"search_term_string\"}}],\"inLanguage\":\"nb-NO\"}]}<\/script>\n<!-- \/ Yoast SEO Premium plugin. -->","yoast_head_json":{"title":"Hva vi tilbyr - Ventilene","robots":{"index":"index","follow":"follow","max-snippet":"max-snippet:-1","max-image-preview":"max-image-preview:large","max-video-preview":"max-video-preview:-1"},"canonical":"https:\/\/kirkensbymisjon.no\/tilbud-ventilene\/hva-vi-tilbyr\/","og_locale":"nb_NO","og_type":"article","og_title":"Hva vi tilbyr","og_description":"Spennende aktiviteter for barn og unge P\u00e5 v\u00e5re helge- og ferietilbud fokuserer vi p\u00e5 allsidige&hellip;","og_url":"https:\/\/kirkensbymisjon.no\/tilbud-ventilene\/hva-vi-tilbyr\/","og_site_name":"Ventilene","article_modified_time":"2026-03-11T13:52:55+00:00","og_image":[{"width":973,"height":730,"url":"https:\/\/kirkensbymisjon.no\/content\/uploads\/sites\/41\/2024\/08\/Tilbud_Ventilene_01.jpeg","type":"image\/jpeg"}],"twitter_card":"summary_large_image","twitter_misc":{"Ansl. lesetid":"2 minutter"},"schema":{"@context":"https:\/\/schema.org","@graph":[{"@type":"WebPage","@id":"https:\/\/kirkensbymisjon.no\/tilbud-ventilene\/hva-vi-tilbyr\/","url":"https:\/\/kirkensbymisjon.no\/tilbud-ventilene\/hva-vi-tilbyr\/","name":"Hva vi tilbyr - Ventilene","isPartOf":{"@id":"https:\/\/kirkensbymisjon.no\/tilbud-ventilene\/#website"},"primaryImageOfPage":{"@id":"https:\/\/kirkensbymisjon.no\/tilbud-ventilene\/hva-vi-tilbyr\/#primaryimage"},"image":{"@id":"https:\/\/kirkensbymisjon.no\/tilbud-ventilene\/hva-vi-tilbyr\/#primaryimage"},"thumbnailUrl":"https:\/\/kirkensbymisjon.no\/content\/uploads\/sites\/41\/2024\/08\/Tilbud_Ventilene_01.jpeg","datePublished":"2024-07-24T10:55:25+00:00","dateModified":"2026-03-11T13:52:55+00:00","breadcrumb":{"@id":"https:\/\/kirkensbymisjon.no\/tilbud-ventilene\/hva-vi-tilbyr\/#breadcrumb"},"inLanguage":"nb-NO","potentialAction":[{"@type":"ReadAction","target":["https:\/\/kirkensbymisjon.no\/tilbud-ventilene\/hva-vi-tilbyr\/"]}]},{"@type":"ImageObject","inLanguage":"nb-NO","@id":"https:\/\/kirkensbymisjon.no\/tilbud-ventilene\/hva-vi-tilbyr\/#primaryimage","url":"https:\/\/kirkensbymisjon.no\/content\/uploads\/sites\/41\/2024\/08\/Tilbud_Ventilene_01.jpeg","contentUrl":"https:\/\/kirkensbymisjon.no\/content\/uploads\/sites\/41\/2024\/08\/Tilbud_Ventilene_01.jpeg"},{"@type":"BreadcrumbList","@id":"https:\/\/kirkensbymisjon.no\/tilbud-ventilene\/hva-vi-tilbyr\/#breadcrumb","itemListElement":[{"@type":"ListItem","position":1,"name":"Hjem","item":"https:\/\/kirkensbymisjon.no\/tilbud-ventilene\/"},{"@type":"ListItem","position":2,"name":"Hva vi tilbyr"}]},{"@type":"WebSite","@id":"https:\/\/kirkensbymisjon.no\/tilbud-ventilene\/#website","url":"https:\/\/kirkensbymisjon.no\/tilbud-ventilene\/","name":"Ventilene","description":"","potentialAction":[{"@type":"SearchAction","target":{"@type":"EntryPoint","urlTemplate":"https:\/\/kirkensbymisjon.no\/tilbud-ventilene\/?s={search_term_string}"},"query-input":{"@type":"PropertyValueSpecification","valueRequired":true,"valueName":"search_term_string"}}],"inLanguage":"nb-NO"}]}},"_links":{"self":[{"href":"https:\/\/kirkensbymisjon.no\/tilbud-ventilene\/wp-json\/wp\/v2\/pages\/11","targetHints":{"allow":["GET"]}}],"collection":[{"href":"https:\/\/kirkensbymisjon.no\/tilbud-ventilene\/wp-json\/wp\/v2\/pages"}],"about":[{"href":"https:\/\/kirkensbymisjon.no\/tilbud-ventilene\/wp-json\/wp\/v2\/types\/page"}],"author":[{"embeddable":true,"href":"https:\/\/kirkensbymisjon.no\/tilbud-ventilene\/wp-json\/wp\/v2\/users\/6"}],"replies":[{"embeddable":true,"href":"https:\/\/kirkensbymisjon.no\/tilbud-ventilene\/wp-json\/wp\/v2\/comments?post=11"}],"version-history":[{"count":5,"href":"https:\/\/kirkensbymisjon.no\/tilbud-ventilene\/wp-json\/wp\/v2\/pages\/11\/revisions"}],"predecessor-version":[{"id":111,"href":"https:\/\/kirkensbymisjon.no\/tilbud-ventilene\/wp-json\/wp\/v2\/pages\/11\/revisions\/111"}],"wp:attachment":[{"href":"https:\/\/kirkensbymisjon.no\/tilbud-ventilene\/wp-json\/wp\/v2\/media?parent=11"}],"curies":[{"name":"wp","href":"https:\/\/api.w.org\/{rel}","templated":true}]}}