{"id":3,"date":"2024-06-18T13:19:34","date_gmt":"2024-06-18T11:19:34","guid":{"rendered":"https:\/\/kirkensbymisjon.no\/tilbud-ventilene\/forside\/"},"modified":"2024-09-14T10:33:10","modified_gmt":"2024-09-14T08:33:10","slug":"forside","status":"publish","type":"page","link":"https:\/\/kirkensbymisjon.no\/tilbud-ventilene\/","title":{"rendered":"Forside"},"content":{"rendered":"\t<div class=\"alignwide wp-block-kbm-link-list\">\n\t\t<div class=\"kbm-link-list__items\">\n\t\t\t\n<div class=\"wp-block-kbm-link-list-item\">\t<svg xmlns=\"http:\/\/www.w3.org\/2000\/svg\" viewBox=\"0 0 48 48\" height=\"24\" width=\"24\" class=\"t2-icon t2-icon-child\" aria-hidden=\"true\" focusable=\"false\"><path d=\"M22.48 4.083a22.9 22.9 0 0 0-3.643.637c-4.782 1.215-9.055 4.091-11.768 7.92-1.339 1.89-2.379 4.2-2.87 6.374-.107.471-.174.877-.15.902.087.087 4.165.035 4.951-.064 3.552-.445 6.287-1.242 9.377-2.733 5.019-2.422 9.062-6.008 11.68-10.359.454-.755.903-1.587.903-1.674 0-.134-2.46-.708-3.8-.887-1.157-.154-3.632-.216-4.68-.116m10.334 2.053c-.147.277-.484 1.442-.611 2.11-.603 3.166.272 6.614 2.33 9.186 2.143 2.678 5.219 4.283 8.691 4.534l.785.057-.052-.432c-.466-3.924-1.689-6.961-4.022-9.991-.725-.941-2.455-2.645-3.418-3.367a23.81 23.81 0 0 0-2.932-1.863c-.637-.346-.702-.366-.771-.234m-3.385 4.556c-1.996 2.789-4.882 5.435-7.847 7.195-4.513 2.679-9.686 4.12-15.89 4.426-.852.042-1.572.1-1.6.129-.112.112-.04 3.203.098 4.158.331 2.31.953 4.278 2.007 6.346 2.145 4.213 5.559 7.445 9.883 9.359 4.618 2.043 9.756 2.228 14.6.527 1.926-.677 4.461-2.119 6.03-3.43 4.305-3.6 6.941-8.865 7.258-14.502.03-.539.033-.98.007-.98-.026 0-.468-.055-.982-.123-5.668-.743-9.68-3.183-11.634-7.077-.427-.851-.977-2.522-1.158-3.52a23.852 23.852 0 0 1-.23-1.948l-.091-1.189-.451.629M18.84 24.141c.429.222.955.777 1.154 1.219.109.242.163.531.163.88.002.688-.238 1.202-.794 1.702-.971.873-2.304.78-3.187-.223-.556-.631-.715-1.441-.442-2.245.173-.508.883-1.235 1.386-1.419.48-.176 1.292-.135 1.72.086m13.058.008c1.112.567 1.642 1.95 1.146 2.99-.701 1.47-2.463 1.834-3.656.756-.496-.448-.708-.942-.708-1.655 0-.516.033-.66.237-1.028.284-.513.811-.997 1.269-1.166.459-.169 1.275-.121 1.712.103\"\/><\/svg>\t<div class=\"kbm-link-list-item__content\">\n\t\t<p class=\"kbm-link-list-item__title\">Unge p\u00e5r\u00f8rende<\/p>\n\t\t\t\t\t<p class=\"kbm-link-list-item__description\">Med unge p\u00e5r\u00f8rende mener vi barn og unge som lever eller har levd i hjem med vanskelige leveforhold.<\/p>\n\t\t\t<\/div>\n\t<\/div>\n\n<div class=\"wp-block-kbm-link-list-item\">\t<svg xmlns=\"http:\/\/www.w3.org\/2000\/svg\" viewBox=\"0 0 48 48\" height=\"24\" width=\"24\" class=\"t2-icon t2-icon-heart\" aria-hidden=\"true\" focusable=\"false\"><path d=\"M12.608 7.169c-1.695.306-3.132.959-4.579 2.081-1.894 1.468-3.293 3.755-3.79 6.194-.689 3.382.232 7.499 2.57 11.489 2.339 3.991 6.459 8.359 11.511 12.202 1.924 1.463 5.432 3.825 5.682 3.825.244 0 3.789-2.389 5.678-3.826 3.507-2.666 6.767-5.781 9.058-8.654 4.107-5.151 5.927-10.598 5.023-15.036-.867-4.255-4.231-7.559-8.431-8.282-.908-.156-2.546-.157-3.46-.001-3.228.55-6.151 2.758-7.548 5.699-.151.319-.296.58-.32.58-.025 0-.212-.333-.416-.74-1.452-2.905-4.266-4.995-7.456-5.539-.885-.151-2.667-.147-3.522.008\"\/><\/svg>\t<div class=\"kbm-link-list-item__content\">\n\t\t<p class=\"kbm-link-list-item__title\">V\u00e5r filosofi<\/p>\n\t\t\t\t\t<p class=\"kbm-link-list-item__description\">V\u00e5rt hovedfokus er omsorg, mestring, aktiviteter og hjelp i sosiale relasjoner. V\u00e5rt m\u00e5l er at unge skal se sine ressurser og ta dem i bruk.<\/p>\n\t\t\t<\/div>\n\t<\/div>\n\n<a class=\"wp-block-kbm-link-list-item\" href=\"\/tilbud-ventilene\/hva-vi-tilbyr\/\">\t<svg xmlns=\"http:\/\/www.w3.org\/2000\/svg\" viewBox=\"0 0 48 48\" height=\"24\" width=\"24\" class=\"t2-icon t2-icon-activities\" aria-hidden=\"true\" focusable=\"false\"><path d=\"M22.24 4.082c-1.537.145-3.662.604-4.838 1.044l-.46.172 1.269.657a45.146 45.146 0 0 1 4.402 2.614l1.053.704.92-.914c.658-.654.985-1.046 1.147-1.377.218-.444.227-.509.227-1.635 0-.645-.023-1.196-.051-1.225-.086-.086-2.858-.117-3.669-.04m5.74 1.539c-.067 1.941-.296 2.447-1.809 4.001-.495.508-.809.89-.765.93.076.07 1.89 1.588 2.275 1.904l.215.177 1.268-.757c1.641-.978 3.137-1.715 4.223-2.077.888-.297 3.075-.838 3.388-.839.334 0 .259-.142-.317-.603-2.297-1.839-5.03-3.136-8.227-3.904l-.21-.051-.041 1.219M13.856 6.795a20.046 20.046 0 0 0-7.694 8.241c-.315.627-.379.812-.268.766 1.413-.576 3.008-.981 6.906-1.754 3.858-.766 4.59-.978 6.36-1.847 1.061-.522 2.761-1.532 2.759-1.641 0-.078-2.135-1.427-3.359-2.124-1.038-.59-3.468-1.813-3.93-1.977-.077-.028-.395.111-.774.336m24.264 3.981c-.699.095-2.683.531-3.545.78-1.311.377-3.096 1.234-4.716 2.263l-.421.267.768.857a28.269 28.269 0 0 1 1.336 1.617l.594.795c.015.019.27-.043.566-.138 1.534-.493 3.559-.7 4.628-.471.805.171 1.633.536 2.513 1.104 1.023.662 1.765 1.294 2.977 2.538.561.576 1.02 1.021 1.02.989-.001-.19-.279-1.614-.442-2.259-.458-1.821-1.336-3.917-2.306-5.506-.496-.813-1.395-2.056-1.859-2.57-.304-.335-.41-.361-1.113-.266m-15.24 1.59c-1.741 1.197-3.526 2.102-5.28 2.677-.874.286-1.844.497-5.32 1.157-3.108.591-5.045 1.148-6.645 1.913l-.885.423-.177.752c-.986 4.19-.673 8.369.918 12.272a21.302 21.302 0 0 0 1.646 3.178l.416.649.252-.793c.815-2.568 2.351-5.318 4.551-8.147 3.094-3.98 8.082-8.628 12.844-11.968.462-.324.855-.6.873-.614.018-.013-.036-.1-.12-.194-.197-.219-2.19-1.832-2.26-1.829-.029.001-.395.237-.813.524m3.76 3.576c-7.452 5.349-13.249 11.435-15.791 16.576-.808 1.636-1.403 3.4-1.541 4.575l-.05.424.74.721c1.605 1.564 3.124 2.636 5.162 3.644 1.821.9 3.968 1.59 5.728 1.84l.368.053.367-.838c1.065-2.43 2.307-6.753 3.856-13.417 1.097-4.718 1.602-6.457 2.315-7.967.582-1.232 1.464-2.397 2.278-3.011l.271-.204-.187-.269c-.608-.873-2.331-2.79-2.505-2.788-.05.001-.505.298-1.011.661m8.32 2.816c-.545.092-1.604.34-1.65.385-.01.011.298.651.684 1.424 2.189 4.371 3.69 10.092 4.194 15.976.061.717.128 1.32.149 1.341.103.102 1.694-1.869 2.457-3.044 1.834-2.824 2.809-5.747 3.166-9.492l.051-.532-.819-.988c-1.076-1.298-3.236-3.453-3.992-3.982-1.56-1.093-2.614-1.363-4.24-1.088m-3.855 1.563c-.727.599-1.502 1.938-2.067 3.572-.425 1.231-.688 2.246-1.755 6.787-1.42 6.046-2.342 9.348-3.297 11.8a51.391 51.391 0 0 0-.527 1.393c-.043.146-.001.15 1.108.096 2.232-.109 3.791-.386 5.673-1.006 1.379-.455 2.534-.964 3.68-1.622.914-.525 2.17-1.361 2.325-1.548.123-.148.108-1.055-.05-2.913-.396-4.656-1.498-9.474-3.026-13.228-.445-1.095-1.643-3.572-1.726-3.572-.026 0-.178.108-.338.241\"\/><\/svg>\t<div class=\"kbm-link-list-item__content\">\n\t\t<p class=\"kbm-link-list-item__title\">V\u00e5re tilbud<\/p>\n\t\t\t\t\t<p class=\"kbm-link-list-item__description\">P\u00e5 v\u00e5re helge- og ferietilbud fokuserer vi p\u00e5 allsidige og spennende aktiviteter. Les mer om v\u00e5re tilbud her.<\/p>\n\t\t\t<\/div>\n\t<\/a>\n\t\t<\/div>\n\t<\/div>\n\t\n\n\n<p>Vi inviterer og tilrettelegger for gode og utviklende helge- og ferietilbud. Tilbudet brukes av unge over hele Norge, med hovedvekt p\u00e5 Rogaland.<\/p>\n\n\n\n<p>Vi \u00f8nsker \u00e5 gi ungdommene mestringsf\u00f8lelse og bedre selvtillit gjennom fysisk aktivitet, og \u00e5 bygge relasjoner, vennskap og nettverk mellom ungdommene, og mellom ungdommene og ledere.<\/p>\n\n\n\n<div class=\"wp-block-media-text alignwide is-stacked-on-mobile is-style-filled\"><figure class=\"wp-block-media-text__media\"><img decoding=\"async\" src=\"https:\/\/kirkensbymisjon.no\/content\/uploads\/2024\/06\/arbeidsfelt_barnunge_04-1024x683.jpg\" alt=\"Ansatt i samtale med jente\" class=\"wp-image-147 size-full\"\/><\/figure><div class=\"wp-block-media-text__content\">\n<h2 class=\"wp-block-heading\" id=\"h-barn-unge-og-familier\">Barn, unge og familier<\/h2>\n\n\n\n<p>En viktig del av v\u00e5r strategi er \u00e5 gj\u00f8re en ekstra innsats for barn og unge. Vi jobber derfor for at barn og unge skal f\u00e5 en god oppvekst, og for \u00e5 skape trygge rammer rundt familiene.&nbsp;&nbsp;<\/p>\n\n\n\n<p><a href=\"\/barn-unge-og-familier\/\">Les mer om v\u00e5re tilbud<\/a><\/p>\n<\/div><\/div>\n","protected":false},"excerpt":{"rendered":"<p>Vi inviterer og tilrettelegger for gode og utviklende helge- og ferietilbud. Tilbudet brukes av unge&hellip;<\/p>\n","protected":false},"author":2,"featured_media":0,"parent":0,"menu_order":0,"comment_status":"closed","ping_status":"closed","template":"","meta":{"_relevanssi_hide_post":"","_relevanssi_hide_content":"","_relevanssi_pin_for_all":"","_relevanssi_pin_keywords":"","_relevanssi_unpin_keywords":"","_relevanssi_related_keywords":"","_relevanssi_related_include_ids":"","_relevanssi_related_exclude_ids":"","_relevanssi_related_no_append":"","_relevanssi_related_not_related":"","_relevanssi_related_posts":"1","_relevanssi_noindex_reason":"","editor_notices":[],"footnotes":""},"class_list":["post-3","page","type-page","status-publish","hentry"],"yoast_head":"<!-- This site is optimized with the Yoast SEO Premium plugin v27.2 (Yoast SEO v27.4) - https:\/\/yoast.com\/product\/yoast-seo-premium-wordpress\/ -->\n<title>Kirkens Bymisjon - Ventilene<\/title>\n<meta name=\"description\" content=\"Aktivitetstilbud for unge p\u00e5r\u00f8rende.\" \/>\n<meta name=\"robots\" content=\"index, follow, max-snippet:-1, max-image-preview:large, max-video-preview:-1\" \/>\n<link rel=\"canonical\" href=\"https:\/\/kirkensbymisjon.no\/tilbud-ventilene\/\" \/>\n<meta property=\"og:locale\" content=\"nb_NO\" \/>\n<meta property=\"og:type\" content=\"article\" \/>\n<meta property=\"og:title\" content=\"Forside\" \/>\n<meta property=\"og:description\" content=\"Aktivitetstilbud for unge p\u00e5r\u00f8rende.\" \/>\n<meta property=\"og:url\" content=\"https:\/\/kirkensbymisjon.no\/tilbud-ventilene\/\" \/>\n<meta property=\"og:site_name\" content=\"Ventilene\" \/>\n<meta property=\"article:modified_time\" content=\"2024-09-14T08:33:10+00:00\" \/>\n<meta property=\"og:image\" content=\"https:\/\/kirkensbymisjon.no\/content\/uploads\/2024\/06\/arbeidsfelt_barnunge_04-1024x683.jpg\" \/>\n<meta name=\"twitter:card\" content=\"summary_large_image\" \/>\n<meta name=\"twitter:label1\" content=\"Ansl. lesetid\" \/>\n\t<meta name=\"twitter:data1\" content=\"1 minutt\" \/>\n<script type=\"application\/ld+json\" class=\"yoast-schema-graph\">{\"@context\":\"https:\\\/\\\/schema.org\",\"@graph\":[{\"@type\":\"WebPage\",\"@id\":\"https:\\\/\\\/kirkensbymisjon.no\\\/tilbud-ventilene\\\/\",\"url\":\"https:\\\/\\\/kirkensbymisjon.no\\\/tilbud-ventilene\\\/\",\"name\":\"Kirkens Bymisjon - Ventilene\",\"isPartOf\":{\"@id\":\"https:\\\/\\\/kirkensbymisjon.no\\\/tilbud-ventilene\\\/#website\"},\"primaryImageOfPage\":{\"@id\":\"https:\\\/\\\/kirkensbymisjon.no\\\/tilbud-ventilene\\\/#primaryimage\"},\"image\":{\"@id\":\"https:\\\/\\\/kirkensbymisjon.no\\\/tilbud-ventilene\\\/#primaryimage\"},\"thumbnailUrl\":\"https:\\\/\\\/kirkensbymisjon.no\\\/content\\\/uploads\\\/2024\\\/06\\\/arbeidsfelt_barnunge_04-1024x683.jpg\",\"datePublished\":\"2024-06-18T11:19:34+00:00\",\"dateModified\":\"2024-09-14T08:33:10+00:00\",\"description\":\"Aktivitetstilbud for unge p\u00e5r\u00f8rende.\",\"breadcrumb\":{\"@id\":\"https:\\\/\\\/kirkensbymisjon.no\\\/tilbud-ventilene\\\/#breadcrumb\"},\"inLanguage\":\"nb-NO\",\"potentialAction\":[{\"@type\":\"ReadAction\",\"target\":[\"https:\\\/\\\/kirkensbymisjon.no\\\/tilbud-ventilene\\\/\"]}]},{\"@type\":\"ImageObject\",\"inLanguage\":\"nb-NO\",\"@id\":\"https:\\\/\\\/kirkensbymisjon.no\\\/tilbud-ventilene\\\/#primaryimage\",\"url\":\"https:\\\/\\\/kirkensbymisjon.no\\\/content\\\/uploads\\\/2024\\\/06\\\/arbeidsfelt_barnunge_04-1024x683.jpg\",\"contentUrl\":\"https:\\\/\\\/kirkensbymisjon.no\\\/content\\\/uploads\\\/2024\\\/06\\\/arbeidsfelt_barnunge_04-1024x683.jpg\"},{\"@type\":\"BreadcrumbList\",\"@id\":\"https:\\\/\\\/kirkensbymisjon.no\\\/tilbud-ventilene\\\/#breadcrumb\",\"itemListElement\":[{\"@type\":\"ListItem\",\"position\":1,\"name\":\"Hjem\",\"item\":\"https:\\\/\\\/kirkensbymisjon.no\\\/tilbud-ventilene\\\/\"},{\"@type\":\"ListItem\",\"position\":2,\"name\":\"Forside\"}]},{\"@type\":\"WebSite\",\"@id\":\"https:\\\/\\\/kirkensbymisjon.no\\\/tilbud-ventilene\\\/#website\",\"url\":\"https:\\\/\\\/kirkensbymisjon.no\\\/tilbud-ventilene\\\/\",\"name\":\"Ventilene\",\"description\":\"\",\"potentialAction\":[{\"@type\":\"SearchAction\",\"target\":{\"@type\":\"EntryPoint\",\"urlTemplate\":\"https:\\\/\\\/kirkensbymisjon.no\\\/tilbud-ventilene\\\/?s={search_term_string}\"},\"query-input\":{\"@type\":\"PropertyValueSpecification\",\"valueRequired\":true,\"valueName\":\"search_term_string\"}}],\"inLanguage\":\"nb-NO\"}]}<\/script>\n<!-- \/ Yoast SEO Premium plugin. -->","yoast_head_json":{"title":"Kirkens Bymisjon - Ventilene","description":"Aktivitetstilbud for unge p\u00e5r\u00f8rende.","robots":{"index":"index","follow":"follow","max-snippet":"max-snippet:-1","max-image-preview":"max-image-preview:large","max-video-preview":"max-video-preview:-1"},"canonical":"https:\/\/kirkensbymisjon.no\/tilbud-ventilene\/","og_locale":"nb_NO","og_type":"article","og_title":"Forside","og_description":"Aktivitetstilbud for unge p\u00e5r\u00f8rende.","og_url":"https:\/\/kirkensbymisjon.no\/tilbud-ventilene\/","og_site_name":"Ventilene","article_modified_time":"2024-09-14T08:33:10+00:00","og_image":[{"url":"https:\/\/kirkensbymisjon.no\/content\/uploads\/2024\/06\/arbeidsfelt_barnunge_04-1024x683.jpg","type":"","width":"","height":""}],"twitter_card":"summary_large_image","twitter_misc":{"Ansl. lesetid":"1 minutt"},"schema":{"@context":"https:\/\/schema.org","@graph":[{"@type":"WebPage","@id":"https:\/\/kirkensbymisjon.no\/tilbud-ventilene\/","url":"https:\/\/kirkensbymisjon.no\/tilbud-ventilene\/","name":"Kirkens Bymisjon - Ventilene","isPartOf":{"@id":"https:\/\/kirkensbymisjon.no\/tilbud-ventilene\/#website"},"primaryImageOfPage":{"@id":"https:\/\/kirkensbymisjon.no\/tilbud-ventilene\/#primaryimage"},"image":{"@id":"https:\/\/kirkensbymisjon.no\/tilbud-ventilene\/#primaryimage"},"thumbnailUrl":"https:\/\/kirkensbymisjon.no\/content\/uploads\/2024\/06\/arbeidsfelt_barnunge_04-1024x683.jpg","datePublished":"2024-06-18T11:19:34+00:00","dateModified":"2024-09-14T08:33:10+00:00","description":"Aktivitetstilbud for unge p\u00e5r\u00f8rende.","breadcrumb":{"@id":"https:\/\/kirkensbymisjon.no\/tilbud-ventilene\/#breadcrumb"},"inLanguage":"nb-NO","potentialAction":[{"@type":"ReadAction","target":["https:\/\/kirkensbymisjon.no\/tilbud-ventilene\/"]}]},{"@type":"ImageObject","inLanguage":"nb-NO","@id":"https:\/\/kirkensbymisjon.no\/tilbud-ventilene\/#primaryimage","url":"https:\/\/kirkensbymisjon.no\/content\/uploads\/2024\/06\/arbeidsfelt_barnunge_04-1024x683.jpg","contentUrl":"https:\/\/kirkensbymisjon.no\/content\/uploads\/2024\/06\/arbeidsfelt_barnunge_04-1024x683.jpg"},{"@type":"BreadcrumbList","@id":"https:\/\/kirkensbymisjon.no\/tilbud-ventilene\/#breadcrumb","itemListElement":[{"@type":"ListItem","position":1,"name":"Hjem","item":"https:\/\/kirkensbymisjon.no\/tilbud-ventilene\/"},{"@type":"ListItem","position":2,"name":"Forside"}]},{"@type":"WebSite","@id":"https:\/\/kirkensbymisjon.no\/tilbud-ventilene\/#website","url":"https:\/\/kirkensbymisjon.no\/tilbud-ventilene\/","name":"Ventilene","description":"","potentialAction":[{"@type":"SearchAction","target":{"@type":"EntryPoint","urlTemplate":"https:\/\/kirkensbymisjon.no\/tilbud-ventilene\/?s={search_term_string}"},"query-input":{"@type":"PropertyValueSpecification","valueRequired":true,"valueName":"search_term_string"}}],"inLanguage":"nb-NO"}]}},"_links":{"self":[{"href":"https:\/\/kirkensbymisjon.no\/tilbud-ventilene\/wp-json\/wp\/v2\/pages\/3","targetHints":{"allow":["GET"]}}],"collection":[{"href":"https:\/\/kirkensbymisjon.no\/tilbud-ventilene\/wp-json\/wp\/v2\/pages"}],"about":[{"href":"https:\/\/kirkensbymisjon.no\/tilbud-ventilene\/wp-json\/wp\/v2\/types\/page"}],"author":[{"embeddable":true,"href":"https:\/\/kirkensbymisjon.no\/tilbud-ventilene\/wp-json\/wp\/v2\/users\/2"}],"replies":[{"embeddable":true,"href":"https:\/\/kirkensbymisjon.no\/tilbud-ventilene\/wp-json\/wp\/v2\/comments?post=3"}],"version-history":[{"count":5,"href":"https:\/\/kirkensbymisjon.no\/tilbud-ventilene\/wp-json\/wp\/v2\/pages\/3\/revisions"}],"predecessor-version":[{"id":79,"href":"https:\/\/kirkensbymisjon.no\/tilbud-ventilene\/wp-json\/wp\/v2\/pages\/3\/revisions\/79"}],"wp:attachment":[{"href":"https:\/\/kirkensbymisjon.no\/tilbud-ventilene\/wp-json\/wp\/v2\/media?parent=3"}],"curies":[{"name":"wp","href":"https:\/\/api.w.org\/{rel}","templated":true}]}}