{"id":3,"date":"2024-06-27T09:00:22","date_gmt":"2024-06-27T07:00:22","guid":{"rendered":"https:\/\/kirkensbymisjon.no\/tilbud-verkstedet\/forside\/"},"modified":"2025-06-23T09:49:55","modified_gmt":"2025-06-23T07:49:55","slug":"forside","status":"publish","type":"page","link":"https:\/\/kirkensbymisjon.no\/tilbud-verkstedet\/","title":{"rendered":"Forside"},"content":{"rendered":"\n<div class=\"wp-block-media-text alignwide is-stacked-on-mobile is-style-filled\"><figure class=\"wp-block-media-text__media\"><img loading=\"lazy\" decoding=\"async\" width=\"1000\" height=\"500\" src=\"https:\/\/kirkensbymisjon.no\/content\/uploads\/sites\/119\/2024\/08\/tilbud_verkstedet_02.jpg\" alt=\"To ansatte\" class=\"wp-image-84 size-full\" srcset=\"https:\/\/kirkensbymisjon.no\/content\/uploads\/sites\/119\/2024\/08\/tilbud_verkstedet_02.jpg 1000w, https:\/\/kirkensbymisjon.no\/content\/uploads\/sites\/119\/2024\/08\/tilbud_verkstedet_02-300x150.jpg 300w, https:\/\/kirkensbymisjon.no\/content\/uploads\/sites\/119\/2024\/08\/tilbud_verkstedet_02-768x384.jpg 768w\" sizes=\"auto, (max-width: 1000px) 100vw, 1000px\" \/><\/figure><div class=\"wp-block-media-text__content\">\n<h2 class=\"wp-block-heading\" id=\"h-sammen-om-mestring\">Sammen om mestring<\/h2>\n\n\n\n<p>Savner du et rusfritt aktivitets- og arbeidsfellesskap med gode kolleger hvor du kan oppdage egne ressurser, og oppleve mestring og vekst?<\/p>\n\n\n\n<p>Verkstedet p\u00e5 Lillehammer tilbyr aktiviteter og arbeidskvalifisering for personer med utfordringer knyttet til rus eller psykisk uhelse, og som \u00f8nsker en endring i eget liv. Her f\u00e5r du tilpasset oppl\u00e6ring, veiledning og oppf\u00f8lging gjennom diverse aktiviteter.<\/p>\n<\/div><\/div>\n\n\n\t<div class=\"alignwide wp-block-kbm-link-list\">\n\t\t<div class=\"kbm-link-list__items\">\n\t\t\t\n<a class=\"wp-block-kbm-link-list-item\" href=\"\/tilbud-verkstedet\/om-verkstedet\/\">\t<svg xmlns=\"http:\/\/www.w3.org\/2000\/svg\" viewBox=\"0 0 48 48\" height=\"24\" width=\"24\" class=\"t2-icon t2-icon-workmeasures\" aria-hidden=\"true\" focusable=\"false\"><path d=\"M21.51 4.224a1.549 1.549 0 0 0-.669.613l-.241.39-.025 2.408-.025 2.408-.855.264c-.47.144-1.373.515-2.007.823l-1.152.561-1.608-1.601c-1.668-1.66-2.027-1.925-2.608-1.928-.69-.003-.847.104-2.387 1.627-.807.798-1.52 1.552-1.584 1.675-.2.382-.228.969-.068 1.395.115.308.458.699 1.777 2.031l1.634 1.65-.548 1.11c-.302.611-.672 1.512-.824 2.004l-.275.894-2.365.026c-2.355.026-2.366.027-2.762.23a1.506 1.506 0 0 0-.637.594l-.241.389-.024 2.13-.023 2.131.227.435c.166.318.331.499.617.676l.39.241 2.407.026 2.406.026.345 1.054c.328 1 .569 1.554 1.093 2.516l.23.422-1.642 1.658c-1.326 1.339-1.67 1.731-1.785 2.039-.172.458-.126 1.063.11 1.445.087.139.8.889 1.584 1.665 1.495 1.48 1.658 1.59 2.345 1.587.581-.003.94-.268 2.609-1.929l1.609-1.602 1.111.549c.611.302 1.514.673 2.006.824l.895.275.025 2.409.025 2.409.241.39c.177.286.358.451.676.617l.435.227 2.131-.023 2.13-.024.389-.241c.276-.17.449-.356.594-.637.203-.396.204-.405.228-2.762l.025-2.364.895-.276c.493-.151 1.396-.522 2.007-.824l1.111-.549 1.609 1.602c1.669 1.661 2.028 1.926 2.609 1.929.687.003.85-.107 2.345-1.587.784-.776 1.497-1.526 1.584-1.665.236-.382.282-.987.11-1.445-.115-.308-.458-.699-1.777-2.031l-1.634-1.65.548-1.11c.302-.611.673-1.513.824-2.006l.276-.895 2.364-.025c2.357-.024 2.366-.025 2.762-.228.281-.145.467-.318.637-.594l.241-.389.025-2.046c.029-2.295 0-2.486-.45-2.984-.511-.567-.564-.577-3.218-.608l-2.362-.027-.275-.894c-.152-.492-.522-1.394-.824-2.005l-.549-1.111 1.602-1.609c1.661-1.669 1.926-2.028 1.929-2.609.003-.684-.11-.853-1.547-2.309-.754-.764-1.508-1.477-1.676-1.584a1.69 1.69 0 0 0-1.474-.146c-.308.115-.699.458-2.031 1.777l-1.651 1.634-1.052-.52a18.032 18.032 0 0 0-2.004-.826l-.952-.306-.025-2.406-.026-2.407-.241-.39a1.549 1.549 0 0 0-.669-.613L26.062 4h-4.124l-.428.224m4.23 11.742c1.798.371 3.479 1.416 4.681 2.913 1.967 2.448 2.35 5.855.977 8.694-1.152 2.381-3.271 4.003-5.901 4.515-3.583.697-7.214-1.122-8.875-4.448-.61-1.221-.822-2.198-.81-3.72.007-.967.043-1.289.213-1.936.864-3.289 3.551-5.681 6.895-6.138.72-.099 2.028-.043 2.82.12\"\/><\/svg>\t<div class=\"kbm-link-list-item__content\">\n\t\t<p class=\"kbm-link-list-item__title\">Arbeidsinkludering<\/p>\n\t\t\t\t\t<p class=\"kbm-link-list-item__description\">Et rusfritt aktivitets- og arbeidskvalifiseringstilbud som kombinerer veiledning og oppf\u00f8lging med praktiske oppgaver p\u00e5 verkstedet.<\/p>\n\t\t\t<\/div>\n\t<\/a>\n\n<a class=\"wp-block-kbm-link-list-item\" href=\"\/tilbud-verkstedet\/bli-deltaker\">\t<svg xmlns=\"http:\/\/www.w3.org\/2000\/svg\" viewBox=\"0 0 48 48\" height=\"24\" width=\"24\" class=\"t2-icon t2-icon-substanceabuse\" aria-hidden=\"true\" focusable=\"false\"><path d=\"M12.56 9.154c-1.341.298-2.645 1.02-3.574 1.979C7.697 12.465 7.02 14.139 7.02 16c0 1.434.389 2.738 1.147 3.847 1.839 2.689 5.013 3.786 8.045 2.781 2.343-.777 4.141-2.82 4.672-5.308.157-.736.12-2.2-.074-2.939-.374-1.42-.887-2.311-1.927-3.341-.989-.98-2.132-1.604-3.441-1.88-.683-.143-2.248-.147-2.882-.006m19.96.013c-.635.139-1.595.533-2.262.927-.582.343-1.821 1.582-2.164 2.164-.801 1.355-1.097 2.524-1.03 4.056.053 1.203.179 1.707.694 2.766a6.659 6.659 0 0 0 3.162 3.162c1.198.583 1.617.675 3.08.675s1.882-.092 3.08-.675a6.878 6.878 0 0 0 2.325-1.823c.5-.602 1.152-1.869 1.369-2.659.108-.395.143-.818.143-1.76 0-1.463-.092-1.882-.675-3.08a6.878 6.878 0 0 0-1.823-2.325c-.59-.49-1.865-1.151-2.619-1.357-.694-.191-2.555-.231-3.28-.071M8.438 28.079c-2.389.351-4.344 1.951-5.133 4.201l-.225.64-.024 3.02-.025 3.02h17.586l.048-1.06c.071-1.592.431-2.97 1.156-4.42.413-.828 1.123-1.894 1.7-2.553.219-.251.399-.497.399-.548 0-.149-.879-.956-1.44-1.322a7.39 7.39 0 0 0-1.133-.577c-1.197-.462-1.483-.481-7.257-.47-2.888.005-5.431.037-5.652.069m24.251.006c-1.748.203-3.4.813-4.929 1.82-.842.555-2.146 1.809-2.743 2.638-1.226 1.702-1.977 3.887-1.977 5.747v.67h21.92v-.67c0-1.861-.751-4.045-1.978-5.748-.523-.727-1.755-1.947-2.502-2.478-2.187-1.554-5.092-2.292-7.791-1.979\"\/><\/svg>\t<div class=\"kbm-link-list-item__content\">\n\t\t<p class=\"kbm-link-list-item__title\">Arbeidsfellesskap<\/p>\n\t\t\t\t\t<p class=\"kbm-link-list-item__description\">Du blir verdsatt for den du er og det du bidrar med inn i arbeidsfellesskapet. Vi st\u00f8tter deg p\u00e5 veien mot dine m\u00e5l om \u00e5 delta i samfunnet gjennom aktivitet, utdanning eller arbeid.<\/p>\n\t\t\t<\/div>\n\t<\/a>\n\n<a class=\"wp-block-kbm-link-list-item\" href=\"https:\/\/kirkensbymisjon.no\/tilbud-verkstedet\/bli-frivillig\/\">\t<svg xmlns=\"http:\/\/www.w3.org\/2000\/svg\" viewBox=\"0 0 48 48\" height=\"24\" width=\"24\" class=\"t2-icon t2-icon-volunteering\" aria-hidden=\"true\" focusable=\"false\"><path d=\"M23.33 1.157c-.459.164-.862.527-1.11 1.001l-.22.42v9.211c0 10.395.045 9.659-.603 9.883-.286.098-.356.096-.601-.02-.55-.261-.512.307-.556-8.212-.044-8.585-.004-7.999-.593-8.588-.506-.505-.872-.65-1.647-.65-.55 0-.744.034-1.015.178-.412.219-.843.653-1.039 1.046-.139.28-.148.907-.186 13.494l-.04 13.2-2.888-4.321c-3.002-4.493-3.036-4.536-3.788-4.84-.357-.145-1.245-.13-1.604.026-.899.391-1.4 1.126-1.4 2.055 0 .605.105.842.971 2.201.826 1.295 1.75 3.04 2.71 5.119 1.268 2.745 2.467 5.172 2.981 6.034 2.373 3.98 5.378 5.888 10.151 6.446 1.014.119 3.559.163 4.113.071l.286-.047-3.126-3.048c-1.719-1.675-3.315-3.265-3.546-3.531-.922-1.066-1.411-2.4-1.407-3.845.005-2.62 1.651-4.838 4.227-5.698.58-.193.756-.214 1.88-.218 1.081-.003 1.317.02 1.84.182 1.024.318 1.849.825 2.736 1.681l.456.441.595-.565c1.254-1.192 2.72-1.781 4.436-1.782 1.081-.002 2.292.349 3.19.924l.427.273v-9.73c0-7.226-.024-9.81-.094-10.043-.12-.402-.632-.984-1.056-1.201-.398-.204-1.304-.281-1.783-.152a2.142 2.142 0 0 0-1.345 1.082l-.242.474-.04 6.593-.04 6.593-.19.154c-.427.346-.973.276-1.269-.162l-.181-.27-.001-9.088-.001-9.088-.188-.404c-.611-1.312-2.534-1.66-3.624-.655-.682.629-.621-.199-.666 9.099-.044 9.138-.004 8.51-.556 8.772-.245.116-.315.118-.601.02-.648-.224-.603.512-.603-9.883V2.578l-.223-.427c-.25-.478-.743-.901-1.199-1.027-.418-.116-1.359-.098-1.728.033m1.372 28.611c-1.11.121-2.023.574-2.869 1.423-1.568 1.572-1.855 3.79-.735 5.679.296.499.462.666 7.001 7.043l.698.681.542-.142c3.486-.919 6.794-3.671 8.386-6.979.723-1.504 1.098-2.941 1.243-4.77.11-1.383.113-1.375-.672-1.957-1.021-.758-1.887-1.019-3.21-.968-1.505.057-2.308.439-3.687 1.75-1.07 1.018-1.083 1.019-1.983.172-.928-.873-1.305-1.166-1.862-1.445a5.097 5.097 0 0 0-2.852-.487\"\/><\/svg>\t<div class=\"kbm-link-list-item__content\">\n\t\t<p class=\"kbm-link-list-item__title\">Bli frivillig<\/p>\n\t\t\t\t\t<p class=\"kbm-link-list-item__description\">Har du tid til overs og har lyst til \u00e5 bidra til at deltakere v\u00e5re kunne ta i bruk egne ressurser, oppleve mestring, mening og vekst i et inkluderende felleskap? Vi \u00f8nsker stadig nye frivillige velkommen til \u00e5 dele av sin kompetanse og l\u00e6re noe nytt.<\/p>\n\t\t\t<\/div>\n\t<\/a>\n\t\t<\/div>\n\t<\/div>\n\t\n\n\n<div class=\"wp-block-media-text alignwide is-stacked-on-mobile is-style-filled\"><figure class=\"wp-block-media-text__media\"><img loading=\"lazy\" decoding=\"async\" width=\"1024\" height=\"683\" src=\"https:\/\/kirkensbymisjon.no\/content\/uploads\/sites\/119\/2024\/09\/tilbud_verkstedet-lillehammer_03-1024x683.jpg\" alt=\"Produkter fra Verkstedet Lillehammer\" class=\"wp-image-128 size-full\" srcset=\"https:\/\/kirkensbymisjon.no\/content\/uploads\/sites\/119\/2024\/09\/tilbud_verkstedet-lillehammer_03-1024x683.jpg 1024w, https:\/\/kirkensbymisjon.no\/content\/uploads\/sites\/119\/2024\/09\/tilbud_verkstedet-lillehammer_03-300x200.jpg 300w, https:\/\/kirkensbymisjon.no\/content\/uploads\/sites\/119\/2024\/09\/tilbud_verkstedet-lillehammer_03-768x512.jpg 768w, https:\/\/kirkensbymisjon.no\/content\/uploads\/sites\/119\/2024\/09\/tilbud_verkstedet-lillehammer_03-1536x1024.jpg 1536w, https:\/\/kirkensbymisjon.no\/content\/uploads\/sites\/119\/2024\/09\/tilbud_verkstedet-lillehammer_03.jpg 1926w\" sizes=\"auto, (max-width: 1024px) 100vw, 1024px\" \/><\/figure><div class=\"wp-block-media-text__content\">\n<h2 class=\"wp-block-heading\" id=\"h-handlagde-produkter-nbsp\"><strong>H\u00e5ndlagde produkter<\/strong>&nbsp;<\/h2>\n\n\n\n<p>Alle produktene i v\u00e5r nettbutikk er h\u00e5ndlagde p\u00e5 v\u00e5re verksteder, av mennesker som av ulike grunner faller utenfor det ordin\u00e6re arbeidsmarkedet. En&nbsp;gave fra nettbutikken er&nbsp;en gave med mening&nbsp;som gir ekstra glede hos b\u00e5de arbeider, kj\u00f8per og mottaker.&nbsp;<\/p>\n\n\n\n<p><a href=\"\/nettbutikk\/produktkategori\/verksteder\/verkstedet-lillehammer\/\">G\u00e5 til nettbutikken<\/a><\/p>\n<\/div><\/div>\n\n\n\n<h2 class=\"wp-block-heading has-text-align-left\" id=\"h-se-vare-produkter-i-nettbutikken\">Se v\u00e5re produkter i <a href=\"\/nettbutikk\/produktkategori\/verksteder\/verkstedet-lillehammer\/\">nettbutikken<\/a><\/h2>\n\n\n\t<div class=\"alignwide wp-block-kbm-products\">\n\t\t<div class=\"kbm-products__inner\">\n\t\t\t<div class=\"t2-featured-content-layout alignwide alignwide handpicked-products col-4 wp-block-t2-featured-content-layout\" role=\"list\">\n\t\t\t\t\t\t\t\t<div class=\"wp-block-kbm-featured-product\">\n\t\t<div class=\"wc-product-card\">\n\t\t\t<div class=\"wc-product-card__inner\">\n\t\t\t\t<div class=\"wc-product-card__front\">\n\t\t\t\t\t<div>\n\t\t\t\t\t\t<a href=\"https:\/\/kirkensbymisjon.no\/nettbutikk\/?p=23737\" class=\"wc-product-card__thumbnail\">\n\t\t\t\t\t\t\t<img decoding=\"async\" src=\"https:\/\/kirkensbymisjon.no\/content\/uploads\/sites\/123\/2025\/10\/Blomsterskal.jpg\" alt=\"Sk\u00e5l i keramikk &#8211; blomsterformet\">\n\t\t\t\t\t\t<\/a>\n\t\t\t\t\t\t<h2 class=\"wc-product-card__name\">\n\t\t\t\t\t\t\t<a href=\"https:\/\/kirkensbymisjon.no\/nettbutikk\/?p=23737\">Sk\u00e5l i keramikk &#8211; blomsterformet<\/a>\n\t\t\t\t\t\t<\/h2>\n\t\t\t\t\t\t\t\t\t\t\t\t\t<div class=\"wc-product-card__description\">\n\t\t\t\t\t\t\t\tNydelig sk\u00e5l som er h\u00e5ndlaget i keramikk, formet som en vakker blomst, med rosa glasur.&hellip;\t\t\t\t\t\t\t<\/div>\n\t\t\t\t\t\t\t\t\t\t\t<\/div>\n\t\t\t\t\t<div class=\"wc-product-card__footer\">\n\t\t\t\t\t\t<span class=\"amount\">Kr 125,&ndash;<\/span>\n\t\t\t\t\t\t<a href=\"https:\/\/kirkensbymisjon.no\/nettbutikk\/?p=23737\">\n\t\t\t\t\t\t\t<span>Se<\/span>\n\t\t\t\t\t\t\t<span>Se detaljer<\/span>\n\t\t\t\t\t\t\t<svg xmlns=\"http:\/\/www.w3.org\/2000\/svg\" viewBox=\"0 0 24 24\" height=\"24\" width=\"24\" class=\"t2-icon t2-icon-plus\" aria-hidden=\"true\" focusable=\"false\"><path d=\"M11.8 5.037a1.088 1.088 0 0 0-.722.566c-.075.148-.078.25-.078 2.772v2.619l-2.61.016c-1.867.012-2.652.03-2.756.064-.168.055-.438.301-.54.494-.049.092-.07.223-.07.432 0 .34.054.476.282.704.289.289.14.275 3.064.288l2.63.012v2.619c0 2.544.002 2.625.08 2.778.191.372.516.577.92.577s.729-.205.92-.577c.078-.153.08-.234.08-2.778v-2.619l2.63-.012c2.924-.013 2.775.001 3.064-.288.228-.228.282-.364.282-.704 0-.209-.021-.34-.07-.432-.102-.193-.372-.439-.54-.494-.104-.034-.889-.052-2.756-.064L13 10.994V8.375c0-2.522-.003-2.624-.078-2.772-.214-.418-.685-.656-1.122-.566\"\/><\/svg>\t\t\t\t\t\t<\/a>\n\t\t\t\t\t<\/div>\n\t\t\t\t<\/div>\n\t\t\t<\/div>\n\t\t<\/div>\n\t<\/div>\n\t\n\t\t\t\t\t\t\t\t<div class=\"wp-block-kbm-featured-product\">\n\t\t<div class=\"wc-product-card\">\n\t\t\t<div class=\"wc-product-card__inner\">\n\t\t\t\t<div class=\"wc-product-card__front\">\n\t\t\t\t\t<div>\n\t\t\t\t\t\t<a href=\"https:\/\/kirkensbymisjon.no\/nettbutikk\/?p=1030\" class=\"wc-product-card__thumbnail\">\n\t\t\t\t\t\t\t<img decoding=\"async\" src=\"https:\/\/kirkensbymisjon.no\/content\/uploads\/sites\/123\/2025\/09\/pinnsvin-tannpriker-3.jpg\" alt=\"Tannpirkerholder\">\n\t\t\t\t\t\t<\/a>\n\t\t\t\t\t\t<h2 class=\"wc-product-card__name\">\n\t\t\t\t\t\t\t<a href=\"https:\/\/kirkensbymisjon.no\/nettbutikk\/?p=1030\">Tannpirkerholder<\/a>\n\t\t\t\t\t\t<\/h2>\n\t\t\t\t\t\t\t\t\t\t\t\t\t<div class=\"wc-product-card__description\">\n\t\t\t\t\t\t\t\tEt dekorativt lite pinnsvin som holder orden p\u00e5 og presenterer tannpirkerne p\u00e5 en festlig m\u00e5te.\t\t\t\t\t\t\t<\/div>\n\t\t\t\t\t\t\t\t\t\t\t<\/div>\n\t\t\t\t\t<div class=\"wc-product-card__footer\">\n\t\t\t\t\t\t<span class=\"amount\">Kr 125,&ndash;<\/span>\n\t\t\t\t\t\t<a href=\"https:\/\/kirkensbymisjon.no\/nettbutikk\/?p=1030\">\n\t\t\t\t\t\t\t<span>Se<\/span>\n\t\t\t\t\t\t\t<span>Se detaljer<\/span>\n\t\t\t\t\t\t\t<svg xmlns=\"http:\/\/www.w3.org\/2000\/svg\" viewBox=\"0 0 24 24\" height=\"24\" width=\"24\" class=\"t2-icon t2-icon-plus\" aria-hidden=\"true\" focusable=\"false\"><path d=\"M11.8 5.037a1.088 1.088 0 0 0-.722.566c-.075.148-.078.25-.078 2.772v2.619l-2.61.016c-1.867.012-2.652.03-2.756.064-.168.055-.438.301-.54.494-.049.092-.07.223-.07.432 0 .34.054.476.282.704.289.289.14.275 3.064.288l2.63.012v2.619c0 2.544.002 2.625.08 2.778.191.372.516.577.92.577s.729-.205.92-.577c.078-.153.08-.234.08-2.778v-2.619l2.63-.012c2.924-.013 2.775.001 3.064-.288.228-.228.282-.364.282-.704 0-.209-.021-.34-.07-.432-.102-.193-.372-.439-.54-.494-.104-.034-.889-.052-2.756-.064L13 10.994V8.375c0-2.522-.003-2.624-.078-2.772-.214-.418-.685-.656-1.122-.566\"\/><\/svg>\t\t\t\t\t\t<\/a>\n\t\t\t\t\t<\/div>\n\t\t\t\t<\/div>\n\t\t\t<\/div>\n\t\t<\/div>\n\t<\/div>\n\t\n\t\t\t\t\t\t<\/div>\n\t\t<\/div>\n\t<\/div>\n\t","protected":false},"excerpt":{"rendered":"<p>Sammen om mestring Savner du et rusfritt aktivitets- og arbeidsfellesskap med gode kolleger hvor du&hellip;<\/p>\n","protected":false},"author":5,"featured_media":6,"parent":0,"menu_order":0,"comment_status":"closed","ping_status":"closed","template":"","meta":{"_relevanssi_hide_post":"","_relevanssi_hide_content":"","_relevanssi_pin_for_all":"","_relevanssi_pin_keywords":"","_relevanssi_unpin_keywords":"","_relevanssi_related_keywords":"","_relevanssi_related_include_ids":"","_relevanssi_related_exclude_ids":"","_relevanssi_related_no_append":"","_relevanssi_related_not_related":"","_relevanssi_related_posts":"1","_relevanssi_noindex_reason":"","editor_notices":[],"footnotes":""},"class_list":["post-3","page","type-page","status-publish","has-post-thumbnail","hentry"],"yoast_head":"<!-- This site is optimized with the Yoast SEO Premium plugin v27.2 (Yoast SEO v27.2) - https:\/\/yoast.com\/product\/yoast-seo-premium-wordpress\/ -->\n<title>Kirkens Bymisjon- Verkstedet<\/title>\n<meta name=\"description\" content=\"Et rusfritt arbeidsinkluderingstilbud i hjertet av Lillehammer.\" \/>\n<meta name=\"robots\" content=\"index, follow, max-snippet:-1, max-image-preview:large, max-video-preview:-1\" \/>\n<link rel=\"canonical\" href=\"https:\/\/kirkensbymisjon.no\/tilbud-verkstedet\/\" \/>\n<meta property=\"og:locale\" content=\"nb_NO\" \/>\n<meta property=\"og:type\" content=\"article\" \/>\n<meta property=\"og:title\" content=\"Kirkens Bymisjon - Verkstedet\" \/>\n<meta property=\"og:description\" content=\"Arbeidkvalifiseringsstilbud p\u00e5 Lillehammer for deg som sliter med rus\/psykisk uhelse og som \u00f8nsker en endring i eget liv.\" \/>\n<meta property=\"og:url\" content=\"https:\/\/kirkensbymisjon.no\/tilbud-verkstedet\/\" \/>\n<meta property=\"og:site_name\" content=\"Verkstedet\" \/>\n<meta property=\"article:modified_time\" content=\"2025-06-23T07:49:55+00:00\" \/>\n<meta property=\"og:image\" content=\"https:\/\/kirkensbymisjon.no\/content\/uploads\/sites\/119\/2024\/06\/Tilbud_Verkstedet_01.jpg\" \/>\n\t<meta property=\"og:image:width\" content=\"1701\" \/>\n\t<meta property=\"og:image:height\" content=\"1118\" \/>\n\t<meta property=\"og:image:type\" content=\"image\/jpeg\" \/>\n<meta name=\"twitter:card\" content=\"summary_large_image\" \/>\n<meta name=\"twitter:title\" content=\"Forside\" \/>\n<meta name=\"twitter:label1\" content=\"Ansl. lesetid\" \/>\n\t<meta name=\"twitter:data1\" content=\"2 minutter\" \/>\n<script type=\"application\/ld+json\" class=\"yoast-schema-graph\">{\"@context\":\"https:\/\/schema.org\",\"@graph\":[{\"@type\":\"WebPage\",\"@id\":\"https:\/\/kirkensbymisjon.no\/tilbud-verkstedet\/\",\"url\":\"https:\/\/kirkensbymisjon.no\/tilbud-verkstedet\/\",\"name\":\"Kirkens Bymisjon- Verkstedet\",\"isPartOf\":{\"@id\":\"https:\/\/kirkensbymisjon.no\/tilbud-verkstedet\/#website\"},\"primaryImageOfPage\":{\"@id\":\"https:\/\/kirkensbymisjon.no\/tilbud-verkstedet\/#primaryimage\"},\"image\":{\"@id\":\"https:\/\/kirkensbymisjon.no\/tilbud-verkstedet\/#primaryimage\"},\"thumbnailUrl\":\"https:\/\/kirkensbymisjon.no\/content\/uploads\/sites\/119\/2024\/06\/Tilbud_Verkstedet_01.jpg\",\"datePublished\":\"2024-06-27T07:00:22+00:00\",\"dateModified\":\"2025-06-23T07:49:55+00:00\",\"description\":\"Et rusfritt arbeidsinkluderingstilbud i hjertet av Lillehammer.\",\"breadcrumb\":{\"@id\":\"https:\/\/kirkensbymisjon.no\/tilbud-verkstedet\/#breadcrumb\"},\"inLanguage\":\"nb-NO\",\"potentialAction\":[{\"@type\":\"ReadAction\",\"target\":[\"https:\/\/kirkensbymisjon.no\/tilbud-verkstedet\/\"]}]},{\"@type\":\"ImageObject\",\"inLanguage\":\"nb-NO\",\"@id\":\"https:\/\/kirkensbymisjon.no\/tilbud-verkstedet\/#primaryimage\",\"url\":\"https:\/\/kirkensbymisjon.no\/content\/uploads\/sites\/119\/2024\/06\/Tilbud_Verkstedet_01.jpg\",\"contentUrl\":\"https:\/\/kirkensbymisjon.no\/content\/uploads\/sites\/119\/2024\/06\/Tilbud_Verkstedet_01.jpg\",\"width\":1701,\"height\":1118,\"caption\":\"Kvinne som syr med symaskin.\"},{\"@type\":\"BreadcrumbList\",\"@id\":\"https:\/\/kirkensbymisjon.no\/tilbud-verkstedet\/#breadcrumb\",\"itemListElement\":[{\"@type\":\"ListItem\",\"position\":1,\"name\":\"Hjem\",\"item\":\"https:\/\/kirkensbymisjon.no\/tilbud-verkstedet\/\"},{\"@type\":\"ListItem\",\"position\":2,\"name\":\"Forside\"}]},{\"@type\":\"WebSite\",\"@id\":\"https:\/\/kirkensbymisjon.no\/tilbud-verkstedet\/#website\",\"url\":\"https:\/\/kirkensbymisjon.no\/tilbud-verkstedet\/\",\"name\":\"Verkstedet\",\"description\":\"\",\"potentialAction\":[{\"@type\":\"SearchAction\",\"target\":{\"@type\":\"EntryPoint\",\"urlTemplate\":\"https:\/\/kirkensbymisjon.no\/tilbud-verkstedet\/?s={search_term_string}\"},\"query-input\":{\"@type\":\"PropertyValueSpecification\",\"valueRequired\":true,\"valueName\":\"search_term_string\"}}],\"inLanguage\":\"nb-NO\"}]}<\/script>\n<!-- \/ Yoast SEO Premium plugin. -->","yoast_head_json":{"title":"Kirkens Bymisjon- Verkstedet","description":"Et rusfritt arbeidsinkluderingstilbud i hjertet av Lillehammer.","robots":{"index":"index","follow":"follow","max-snippet":"max-snippet:-1","max-image-preview":"max-image-preview:large","max-video-preview":"max-video-preview:-1"},"canonical":"https:\/\/kirkensbymisjon.no\/tilbud-verkstedet\/","og_locale":"nb_NO","og_type":"article","og_title":"Kirkens Bymisjon - Verkstedet","og_description":"Arbeidkvalifiseringsstilbud p\u00e5 Lillehammer for deg som sliter med rus\/psykisk uhelse og som \u00f8nsker en endring i eget liv.","og_url":"https:\/\/kirkensbymisjon.no\/tilbud-verkstedet\/","og_site_name":"Verkstedet","article_modified_time":"2025-06-23T07:49:55+00:00","og_image":[{"width":1701,"height":1118,"url":"https:\/\/kirkensbymisjon.no\/content\/uploads\/sites\/119\/2024\/06\/Tilbud_Verkstedet_01.jpg","type":"image\/jpeg"}],"twitter_card":"summary_large_image","twitter_title":"Forside","twitter_misc":{"Ansl. lesetid":"2 minutter"},"schema":{"@context":"https:\/\/schema.org","@graph":[{"@type":"WebPage","@id":"https:\/\/kirkensbymisjon.no\/tilbud-verkstedet\/","url":"https:\/\/kirkensbymisjon.no\/tilbud-verkstedet\/","name":"Kirkens Bymisjon- Verkstedet","isPartOf":{"@id":"https:\/\/kirkensbymisjon.no\/tilbud-verkstedet\/#website"},"primaryImageOfPage":{"@id":"https:\/\/kirkensbymisjon.no\/tilbud-verkstedet\/#primaryimage"},"image":{"@id":"https:\/\/kirkensbymisjon.no\/tilbud-verkstedet\/#primaryimage"},"thumbnailUrl":"https:\/\/kirkensbymisjon.no\/content\/uploads\/sites\/119\/2024\/06\/Tilbud_Verkstedet_01.jpg","datePublished":"2024-06-27T07:00:22+00:00","dateModified":"2025-06-23T07:49:55+00:00","description":"Et rusfritt arbeidsinkluderingstilbud i hjertet av Lillehammer.","breadcrumb":{"@id":"https:\/\/kirkensbymisjon.no\/tilbud-verkstedet\/#breadcrumb"},"inLanguage":"nb-NO","potentialAction":[{"@type":"ReadAction","target":["https:\/\/kirkensbymisjon.no\/tilbud-verkstedet\/"]}]},{"@type":"ImageObject","inLanguage":"nb-NO","@id":"https:\/\/kirkensbymisjon.no\/tilbud-verkstedet\/#primaryimage","url":"https:\/\/kirkensbymisjon.no\/content\/uploads\/sites\/119\/2024\/06\/Tilbud_Verkstedet_01.jpg","contentUrl":"https:\/\/kirkensbymisjon.no\/content\/uploads\/sites\/119\/2024\/06\/Tilbud_Verkstedet_01.jpg","width":1701,"height":1118,"caption":"Kvinne som syr med symaskin."},{"@type":"BreadcrumbList","@id":"https:\/\/kirkensbymisjon.no\/tilbud-verkstedet\/#breadcrumb","itemListElement":[{"@type":"ListItem","position":1,"name":"Hjem","item":"https:\/\/kirkensbymisjon.no\/tilbud-verkstedet\/"},{"@type":"ListItem","position":2,"name":"Forside"}]},{"@type":"WebSite","@id":"https:\/\/kirkensbymisjon.no\/tilbud-verkstedet\/#website","url":"https:\/\/kirkensbymisjon.no\/tilbud-verkstedet\/","name":"Verkstedet","description":"","potentialAction":[{"@type":"SearchAction","target":{"@type":"EntryPoint","urlTemplate":"https:\/\/kirkensbymisjon.no\/tilbud-verkstedet\/?s={search_term_string}"},"query-input":{"@type":"PropertyValueSpecification","valueRequired":true,"valueName":"search_term_string"}}],"inLanguage":"nb-NO"}]}},"_links":{"self":[{"href":"https:\/\/kirkensbymisjon.no\/tilbud-verkstedet\/wp-json\/wp\/v2\/pages\/3","targetHints":{"allow":["GET"]}}],"collection":[{"href":"https:\/\/kirkensbymisjon.no\/tilbud-verkstedet\/wp-json\/wp\/v2\/pages"}],"about":[{"href":"https:\/\/kirkensbymisjon.no\/tilbud-verkstedet\/wp-json\/wp\/v2\/types\/page"}],"author":[{"embeddable":true,"href":"https:\/\/kirkensbymisjon.no\/tilbud-verkstedet\/wp-json\/wp\/v2\/users\/5"}],"replies":[{"embeddable":true,"href":"https:\/\/kirkensbymisjon.no\/tilbud-verkstedet\/wp-json\/wp\/v2\/comments?post=3"}],"version-history":[{"count":4,"href":"https:\/\/kirkensbymisjon.no\/tilbud-verkstedet\/wp-json\/wp\/v2\/pages\/3\/revisions"}],"predecessor-version":[{"id":174,"href":"https:\/\/kirkensbymisjon.no\/tilbud-verkstedet\/wp-json\/wp\/v2\/pages\/3\/revisions\/174"}],"wp:featuredmedia":[{"embeddable":true,"href":"https:\/\/kirkensbymisjon.no\/tilbud-verkstedet\/wp-json\/wp\/v2\/media\/6"}],"wp:attachment":[{"href":"https:\/\/kirkensbymisjon.no\/tilbud-verkstedet\/wp-json\/wp\/v2\/media?parent=3"}],"curies":[{"name":"wp","href":"https:\/\/api.w.org\/{rel}","templated":true}]}}