{"id":65,"date":"2024-07-24T12:57:09","date_gmt":"2024-07-24T10:57:09","guid":{"rendered":"https:\/\/kirkensbymisjon.no\/tilbud-verkstedet\/?page_id=65"},"modified":"2025-06-23T09:52:54","modified_gmt":"2025-06-23T07:52:54","slug":"om-verkstedet","status":"publish","type":"page","link":"https:\/\/kirkensbymisjon.no\/tilbud-verkstedet\/om-verkstedet\/","title":{"rendered":"Om verkstedet"},"content":{"rendered":"\n<p>Kirkens Bymisjon driver Verkstedet i samskaping med Lillehammer kommune.<\/p>\n\n\n\n<p>Verkstedet leverer varierte aktiviteter og individuell tilpasning til alle deltakere, slik at alle deltakere opplever mestring, mening og vekst i et inkluderende felleskap. Verkstedet samarbeider med eksterne arbeidsgivere og andre akt\u00f8rer i ulike bransjer om oppl\u00e6ring, arbeidsmuligheter, og samfunnsdeltakelse.<\/p>\n\n\n\n<div class=\"wp-block-media-text alignwide is-stacked-on-mobile is-style-filled\"><figure class=\"wp-block-media-text__media\"><img decoding=\"async\" src=\"https:\/\/kirkensbymisjon.no\/content\/uploads\/2024\/09\/tilbud_verksteder_03.jpg\" alt=\"Arbeider ved I jobb, Oslo\" class=\"wp-image-2944 size-full\"\/><\/figure><div class=\"wp-block-media-text__content\">\n<h2 class=\"wp-block-heading\" id=\"h-handlagde-produkter-nbsp\"><strong>H\u00e5ndlagde produkter<\/strong>&nbsp;<\/h2>\n\n\n\n<p>Alle produktene i v\u00e5r nettbutikk er h\u00e5ndlagde p\u00e5 v\u00e5re verksteder, av mennesker som av ulike grunner faller utenfor det ordin\u00e6re arbeidsmarkedet. En&nbsp;gave fra nettbutikken er&nbsp;en gave med mening&nbsp;som gir ekstra glede hos b\u00e5de arbeider, kj\u00f8per og mottaker.&nbsp;<\/p>\n\n\n\n<p><a href=\"\/nettbutikk\">G\u00e5 til nettbutikken<\/a><\/p>\n<\/div><\/div>\n\n\n<div class=\"t2-accordion wp-block-t2-accordion\" data-allow-multiple=\"1\" role=\"list\">\n<div class=\"t2-accordion-item wp-block-t2-accordion-item\" role=\"listitem\">\n\t\t\t<h2 class=\"t2-accordion-title\">\n\t\t\t\t<button type=\"button\" class=\"t2-accordion-trigger\" id=\"form\u00e5l\" aria-controls=\"accordion-panel\" aria-expanded=\"false\">\n\t\t\t\t\tForm\u00e5l\n\t\t\t\t\t<span class=\"t2-accordion-icon is-closed-icon\"><svg xmlns=\"http:\/\/www.w3.org\/2000\/svg\" viewBox=\"0 0 24 24\" height=\"24\" width=\"24\" class=\"t2-icon t2-icon-plus\" aria-hidden=\"true\" focusable=\"false\"><path d=\"M11.8 5.037a1.088 1.088 0 0 0-.722.566c-.075.148-.078.25-.078 2.772v2.619l-2.61.016c-1.867.012-2.652.03-2.756.064-.168.055-.438.301-.54.494-.049.092-.07.223-.07.432 0 .34.054.476.282.704.289.289.14.275 3.064.288l2.63.012v2.619c0 2.544.002 2.625.08 2.778.191.372.516.577.92.577s.729-.205.92-.577c.078-.153.08-.234.08-2.778v-2.619l2.63-.012c2.924-.013 2.775.001 3.064-.288.228-.228.282-.364.282-.704 0-.209-.021-.34-.07-.432-.102-.193-.372-.439-.54-.494-.104-.034-.889-.052-2.756-.064L13 10.994V8.375c0-2.522-.003-2.624-.078-2.772-.214-.418-.685-.656-1.122-.566\"\/><\/svg><\/span>\n\t\t\t\t\t<span class=\"t2-accordion-icon is-open-icon\"><svg xmlns=\"http:\/\/www.w3.org\/2000\/svg\" viewBox=\"0 0 24 24\" height=\"24\" width=\"24\" class=\"t2-icon t2-icon-chevronup\" aria-hidden=\"true\" focusable=\"false\"><path d=\"M6.7 14.7c-.2-.2-.3-.4-.3-.7s.1-.5.3-.7l4.6-4.6c.1-.1.2-.2.3-.2.1 0 .2-.1.4-.1.1 0 .3 0 .4.1.1 0 .2.1.3.2l4.6 4.6c.2.2.3.4.3.7s-.1.5-.3.7c-.2.2-.4.3-.7.3s-.5-.1-.7-.3L12 10.8l-3.9 3.9c-.2.2-.4.3-.7.3s-.5-.1-.7-.3z\" fill=\"currentColor\" \/><\/svg><\/span>\n\t\t\t\t<\/button>\n\t\t\t<\/h2>\n\t\t\t<div class=\"t2-accordion-item__inner-container is-layout-flow\" id=\"accordion-panel\" aria-labelledby=\"form\u00e5l\" role=\"region\" hidden>\n\t\t\t\t\n\n<p>Verkstedet er et rusfritt tiltak som tilbyr aktiviteter og arbeidskvalifisering for personer med utfordringer knyttet til rus og psykiske helse og som \u00f8nsker \u00e5 delta i samfunnet gjennom aktivitet, utdanning eller arbeid. V\u00e5rt m\u00e5l er \u00e5 bidra til at du oppdager dine egne ressurser, opplever mestring og vekst, og finner din vei til en meningsfull hverdag.<\/p>\n\n\n\t\t\t<\/div>\n\t\t<\/div>\n\n<div class=\"t2-accordion-item wp-block-t2-accordion-item\" role=\"listitem\">\n\t\t\t<h2 class=\"t2-accordion-title\">\n\t\t\t\t<button type=\"button\" class=\"t2-accordion-trigger\" id=\"hvordan-vi-jobber?\" aria-controls=\"accordion-panel-1\" aria-expanded=\"false\">\n\t\t\t\t\tHvordan vi jobber?\n\t\t\t\t\t<span class=\"t2-accordion-icon is-closed-icon\"><svg xmlns=\"http:\/\/www.w3.org\/2000\/svg\" viewBox=\"0 0 24 24\" height=\"24\" width=\"24\" class=\"t2-icon t2-icon-plus\" aria-hidden=\"true\" focusable=\"false\"><path d=\"M11.8 5.037a1.088 1.088 0 0 0-.722.566c-.075.148-.078.25-.078 2.772v2.619l-2.61.016c-1.867.012-2.652.03-2.756.064-.168.055-.438.301-.54.494-.049.092-.07.223-.07.432 0 .34.054.476.282.704.289.289.14.275 3.064.288l2.63.012v2.619c0 2.544.002 2.625.08 2.778.191.372.516.577.92.577s.729-.205.92-.577c.078-.153.08-.234.08-2.778v-2.619l2.63-.012c2.924-.013 2.775.001 3.064-.288.228-.228.282-.364.282-.704 0-.209-.021-.34-.07-.432-.102-.193-.372-.439-.54-.494-.104-.034-.889-.052-2.756-.064L13 10.994V8.375c0-2.522-.003-2.624-.078-2.772-.214-.418-.685-.656-1.122-.566\"\/><\/svg><\/span>\n\t\t\t\t\t<span class=\"t2-accordion-icon is-open-icon\"><svg xmlns=\"http:\/\/www.w3.org\/2000\/svg\" viewBox=\"0 0 24 24\" height=\"24\" width=\"24\" class=\"t2-icon t2-icon-chevronup\" aria-hidden=\"true\" focusable=\"false\"><path d=\"M6.7 14.7c-.2-.2-.3-.4-.3-.7s.1-.5.3-.7l4.6-4.6c.1-.1.2-.2.3-.2.1 0 .2-.1.4-.1.1 0 .3 0 .4.1.1 0 .2.1.3.2l4.6 4.6c.2.2.3.4.3.7s-.1.5-.3.7c-.2.2-.4.3-.7.3s-.5-.1-.7-.3L12 10.8l-3.9 3.9c-.2.2-.4.3-.7.3s-.5-.1-.7-.3z\" fill=\"currentColor\" \/><\/svg><\/span>\n\t\t\t\t<\/button>\n\t\t\t<\/h2>\n\t\t\t<div class=\"t2-accordion-item__inner-container is-layout-flow\" id=\"accordion-panel-1\" aria-labelledby=\"hvordan-vi-jobber?\" role=\"region\" hidden>\n\t\t\t\t\n\n<p>V\u00e5rt verksted er \u00e5pent 5 dager i uka. I verkstedet produseres varer av ullstoffer, keramikk og treverk.\u00a0Produktene selges i v\u00e5r <a href=\"https:\/\/kirkensbymisjon.no\/nettbutikk\" target=\"_blank\" rel=\"noreferrer noopener\">nettbutikk<\/a>.<\/p>\n\n\n\n<p>P\u00e5 verkstedet vil du f\u00e5 tilpasset oppl\u00e6ring og vil jobbe skulder til skulder med andre deltakere, ansatte og frivillige. Verkstedet benyttes som arena for oppl\u00e6ring, kartlegging, trening og utvikling i&nbsp;et st\u00f8ttende og trygt arbeidsmilj\u00f8.<\/p>\n\n\n\n<p>Ved \u00e5 jobbe p\u00e5 Verkstedet tilegner du deg kompetanse og ferdigheter som har overf\u00f8ringsverdi til andre yrker og utdanninger. Du trenger ikke tidligere erfaring \u2013 da du f\u00e5r oppl\u00e6ring underveis.<\/p>\n\n\n\t\t\t<\/div>\n\t\t<\/div>\n\n<div class=\"t2-accordion-item wp-block-t2-accordion-item\" role=\"listitem\">\n\t\t\t<h2 class=\"t2-accordion-title\">\n\t\t\t\t<button type=\"button\" class=\"t2-accordion-trigger\" id=\"veiledning-og-oppf\u00f8lging\" aria-controls=\"accordion-panel-2\" aria-expanded=\"false\">\n\t\t\t\t\tVeiledning og oppf\u00f8lging\n\t\t\t\t\t<span class=\"t2-accordion-icon is-closed-icon\"><svg xmlns=\"http:\/\/www.w3.org\/2000\/svg\" viewBox=\"0 0 24 24\" height=\"24\" width=\"24\" class=\"t2-icon t2-icon-plus\" aria-hidden=\"true\" focusable=\"false\"><path d=\"M11.8 5.037a1.088 1.088 0 0 0-.722.566c-.075.148-.078.25-.078 2.772v2.619l-2.61.016c-1.867.012-2.652.03-2.756.064-.168.055-.438.301-.54.494-.049.092-.07.223-.07.432 0 .34.054.476.282.704.289.289.14.275 3.064.288l2.63.012v2.619c0 2.544.002 2.625.08 2.778.191.372.516.577.92.577s.729-.205.92-.577c.078-.153.08-.234.08-2.778v-2.619l2.63-.012c2.924-.013 2.775.001 3.064-.288.228-.228.282-.364.282-.704 0-.209-.021-.34-.07-.432-.102-.193-.372-.439-.54-.494-.104-.034-.889-.052-2.756-.064L13 10.994V8.375c0-2.522-.003-2.624-.078-2.772-.214-.418-.685-.656-1.122-.566\"\/><\/svg><\/span>\n\t\t\t\t\t<span class=\"t2-accordion-icon is-open-icon\"><svg xmlns=\"http:\/\/www.w3.org\/2000\/svg\" viewBox=\"0 0 24 24\" height=\"24\" width=\"24\" class=\"t2-icon t2-icon-chevronup\" aria-hidden=\"true\" focusable=\"false\"><path d=\"M6.7 14.7c-.2-.2-.3-.4-.3-.7s.1-.5.3-.7l4.6-4.6c.1-.1.2-.2.3-.2.1 0 .2-.1.4-.1.1 0 .3 0 .4.1.1 0 .2.1.3.2l4.6 4.6c.2.2.3.4.3.7s-.1.5-.3.7c-.2.2-.4.3-.7.3s-.5-.1-.7-.3L12 10.8l-3.9 3.9c-.2.2-.4.3-.7.3s-.5-.1-.7-.3z\" fill=\"currentColor\" \/><\/svg><\/span>\n\t\t\t\t<\/button>\n\t\t\t<\/h2>\n\t\t\t<div class=\"t2-accordion-item__inner-container is-layout-flow\" id=\"accordion-panel-2\" aria-labelledby=\"veiledning-og-oppf\u00f8lging\" role=\"region\" hidden>\n\t\t\t\t\n\n<p>V\u00e5rt tilbud er ogs\u00e5 basen for veiledning og oppf\u00f8lging, b\u00e5de enkeltvis og i fellesskap Deltakelsen i tiltaket starter her, og du vil sammen med din veileder lage en personlig plan for tiltaksgjennomf\u00f8ringen. Planen inkluderer tidsrammer, hovedm\u00e5lsetting og delm\u00e5l, samt virkemidler og verkt\u00f8y som skal benyttes p\u00e5 vei mot m\u00e5let.<\/p>\n\n\n\n<p>Du vil gjennom aktivitet og arbeid p\u00e5 verkstedet og andre l\u00e6rings-\/mestringsaktiviteter bli bedre kjent og ta i bruk egen kompetanse, interesser og ferdigheter.<\/p>\n\n\n\t\t\t<\/div>\n\t\t<\/div>\n\n<div class=\"t2-accordion-item wp-block-t2-accordion-item\" role=\"listitem\">\n\t\t\t<h2 class=\"t2-accordion-title\">\n\t\t\t\t<button type=\"button\" class=\"t2-accordion-trigger\" id=\"arbeidspraksis-\/-jobbsmak-hos-arbeidsgivere\" aria-controls=\"accordion-panel-3\" aria-expanded=\"false\">\n\t\t\t\t\tArbeidspraksis \/ jobbsmak hos arbeidsgivere\n\t\t\t\t\t<span class=\"t2-accordion-icon is-closed-icon\"><svg xmlns=\"http:\/\/www.w3.org\/2000\/svg\" viewBox=\"0 0 24 24\" height=\"24\" width=\"24\" class=\"t2-icon t2-icon-plus\" aria-hidden=\"true\" focusable=\"false\"><path d=\"M11.8 5.037a1.088 1.088 0 0 0-.722.566c-.075.148-.078.25-.078 2.772v2.619l-2.61.016c-1.867.012-2.652.03-2.756.064-.168.055-.438.301-.54.494-.049.092-.07.223-.07.432 0 .34.054.476.282.704.289.289.14.275 3.064.288l2.63.012v2.619c0 2.544.002 2.625.08 2.778.191.372.516.577.92.577s.729-.205.92-.577c.078-.153.08-.234.08-2.778v-2.619l2.63-.012c2.924-.013 2.775.001 3.064-.288.228-.228.282-.364.282-.704 0-.209-.021-.34-.07-.432-.102-.193-.372-.439-.54-.494-.104-.034-.889-.052-2.756-.064L13 10.994V8.375c0-2.522-.003-2.624-.078-2.772-.214-.418-.685-.656-1.122-.566\"\/><\/svg><\/span>\n\t\t\t\t\t<span class=\"t2-accordion-icon is-open-icon\"><svg xmlns=\"http:\/\/www.w3.org\/2000\/svg\" viewBox=\"0 0 24 24\" height=\"24\" width=\"24\" class=\"t2-icon t2-icon-chevronup\" aria-hidden=\"true\" focusable=\"false\"><path d=\"M6.7 14.7c-.2-.2-.3-.4-.3-.7s.1-.5.3-.7l4.6-4.6c.1-.1.2-.2.3-.2.1 0 .2-.1.4-.1.1 0 .3 0 .4.1.1 0 .2.1.3.2l4.6 4.6c.2.2.3.4.3.7s-.1.5-.3.7c-.2.2-.4.3-.7.3s-.5-.1-.7-.3L12 10.8l-3.9 3.9c-.2.2-.4.3-.7.3s-.5-.1-.7-.3z\" fill=\"currentColor\" \/><\/svg><\/span>\n\t\t\t\t<\/button>\n\t\t\t<\/h2>\n\t\t\t<div class=\"t2-accordion-item__inner-container is-layout-flow\" id=\"accordion-panel-3\" aria-labelledby=\"arbeidspraksis-\/-jobbsmak-hos-arbeidsgivere\" role=\"region\" hidden>\n\t\t\t\t\n\n<p>Etter en kort eller lengere periode p\u00e5 v\u00e5rt verksted kan neste steg v\u00e6re arbeidspraksis\/jobbsmak i ordin\u00e6rt arbeidsliv. Ut ifra dine \u00f8nsker, interesser og ferdigheter finner vi sammen potensielle arbeidsgivere, hvor vi samarbeider om oppl\u00e6ring, arbeidstrening og jobbst\u00f8tte. \u00a0<\/p>\n\n\n\t\t\t<\/div>\n\t\t<\/div>\n\n<div class=\"t2-accordion-item wp-block-t2-accordion-item\" role=\"listitem\">\n\t\t\t<h2 class=\"t2-accordion-title\">\n\t\t\t\t<button type=\"button\" class=\"t2-accordion-trigger\" id=\"v\u00e5r-faglige-tiln\u00e6rming\" aria-controls=\"accordion-panel-4\" aria-expanded=\"false\">\n\t\t\t\t\tV\u00e5r faglige tiln\u00e6rming\n\t\t\t\t\t<span class=\"t2-accordion-icon is-closed-icon\"><svg xmlns=\"http:\/\/www.w3.org\/2000\/svg\" viewBox=\"0 0 24 24\" height=\"24\" width=\"24\" class=\"t2-icon t2-icon-plus\" aria-hidden=\"true\" focusable=\"false\"><path d=\"M11.8 5.037a1.088 1.088 0 0 0-.722.566c-.075.148-.078.25-.078 2.772v2.619l-2.61.016c-1.867.012-2.652.03-2.756.064-.168.055-.438.301-.54.494-.049.092-.07.223-.07.432 0 .34.054.476.282.704.289.289.14.275 3.064.288l2.63.012v2.619c0 2.544.002 2.625.08 2.778.191.372.516.577.92.577s.729-.205.92-.577c.078-.153.08-.234.08-2.778v-2.619l2.63-.012c2.924-.013 2.775.001 3.064-.288.228-.228.282-.364.282-.704 0-.209-.021-.34-.07-.432-.102-.193-.372-.439-.54-.494-.104-.034-.889-.052-2.756-.064L13 10.994V8.375c0-2.522-.003-2.624-.078-2.772-.214-.418-.685-.656-1.122-.566\"\/><\/svg><\/span>\n\t\t\t\t\t<span class=\"t2-accordion-icon is-open-icon\"><svg xmlns=\"http:\/\/www.w3.org\/2000\/svg\" viewBox=\"0 0 24 24\" height=\"24\" width=\"24\" class=\"t2-icon t2-icon-chevronup\" aria-hidden=\"true\" focusable=\"false\"><path d=\"M6.7 14.7c-.2-.2-.3-.4-.3-.7s.1-.5.3-.7l4.6-4.6c.1-.1.2-.2.3-.2.1 0 .2-.1.4-.1.1 0 .3 0 .4.1.1 0 .2.1.3.2l4.6 4.6c.2.2.3.4.3.7s-.1.5-.3.7c-.2.2-.4.3-.7.3s-.5-.1-.7-.3L12 10.8l-3.9 3.9c-.2.2-.4.3-.7.3s-.5-.1-.7-.3z\" fill=\"currentColor\" \/><\/svg><\/span>\n\t\t\t\t<\/button>\n\t\t\t<\/h2>\n\t\t\t<div class=\"t2-accordion-item__inner-container is-layout-flow\" id=\"accordion-panel-4\" aria-labelledby=\"v\u00e5r-faglige-tiln\u00e6rming\" role=\"region\" hidden>\n\t\t\t\t\n\n<p>Arbeidskvalifiseringstiltaket f\u00f8lger recovery-orientert metodikk.<\/p>\n\n\n\n<p>Recovery kjennetegnes ved et helhetlig fokus p\u00e5 den enkeltes liv der alle deler ved livet anerkjennes som viktige. Prim\u00e6roppgave er \u00e5 st\u00f8tte personer i \u00e5 ta ansvar for eget liv (v\u00e6re \u00abskipper p\u00e5 egen skute\u00bb) gjennom \u00e5 fremme h\u00e5p, identitet, mestring, mening, og personlig ansvar.<\/p>\n\n\n\t\t\t<\/div>\n\t\t<\/div>\n<\/div>","protected":false},"excerpt":{"rendered":"<p>Kirkens Bymisjon driver Verkstedet i samskaping med Lillehammer kommune. Verkstedet leverer varierte aktiviteter og individuell&hellip;<\/p>\n","protected":false},"author":6,"featured_media":0,"parent":0,"menu_order":0,"comment_status":"closed","ping_status":"closed","template":"","meta":{"_relevanssi_hide_post":"","_relevanssi_hide_content":"","_relevanssi_pin_for_all":"","_relevanssi_pin_keywords":"","_relevanssi_unpin_keywords":"","_relevanssi_related_keywords":"","_relevanssi_related_include_ids":"","_relevanssi_related_exclude_ids":"","_relevanssi_related_no_append":"","_relevanssi_related_not_related":"","_relevanssi_related_posts":"1","_relevanssi_noindex_reason":"","editor_notices":[],"footnotes":""},"class_list":["post-65","page","type-page","status-publish","hentry"],"yoast_head":"<!-- This site is optimized with the Yoast SEO Premium plugin v27.2 (Yoast SEO v27.2) - https:\/\/yoast.com\/product\/yoast-seo-premium-wordpress\/ -->\n<title>Om verkstedet - Verkstedet<\/title>\n<meta name=\"robots\" content=\"index, follow, max-snippet:-1, max-image-preview:large, max-video-preview:-1\" \/>\n<link rel=\"canonical\" href=\"https:\/\/kirkensbymisjon.no\/tilbud-verkstedet\/om-verkstedet\/\" \/>\n<meta property=\"og:locale\" content=\"nb_NO\" \/>\n<meta property=\"og:type\" content=\"article\" \/>\n<meta property=\"og:title\" content=\"Om verkstedet\" \/>\n<meta property=\"og:description\" content=\"Kirkens Bymisjon driver Verkstedet i samskaping med Lillehammer kommune. Verkstedet leverer varierte aktiviteter og individuell&hellip;\" \/>\n<meta property=\"og:url\" content=\"https:\/\/kirkensbymisjon.no\/tilbud-verkstedet\/om-verkstedet\/\" \/>\n<meta property=\"og:site_name\" content=\"Verkstedet\" \/>\n<meta property=\"article:modified_time\" content=\"2025-06-23T07:52:54+00:00\" \/>\n<meta name=\"twitter:card\" content=\"summary_large_image\" \/>\n<meta name=\"twitter:label1\" content=\"Ansl. lesetid\" \/>\n\t<meta name=\"twitter:data1\" content=\"3 minutter\" \/>\n<script type=\"application\/ld+json\" class=\"yoast-schema-graph\">{\"@context\":\"https:\/\/schema.org\",\"@graph\":[{\"@type\":\"WebPage\",\"@id\":\"https:\/\/kirkensbymisjon.no\/tilbud-verkstedet\/om-verkstedet\/\",\"url\":\"https:\/\/kirkensbymisjon.no\/tilbud-verkstedet\/om-verkstedet\/\",\"name\":\"Om verkstedet - Verkstedet\",\"isPartOf\":{\"@id\":\"https:\/\/kirkensbymisjon.no\/tilbud-verkstedet\/#website\"},\"primaryImageOfPage\":{\"@id\":\"https:\/\/kirkensbymisjon.no\/tilbud-verkstedet\/om-verkstedet\/#primaryimage\"},\"image\":{\"@id\":\"https:\/\/kirkensbymisjon.no\/tilbud-verkstedet\/om-verkstedet\/#primaryimage\"},\"thumbnailUrl\":\"https:\/\/kirkensbymisjon.no\/content\/uploads\/2024\/09\/tilbud_verksteder_03.jpg\",\"datePublished\":\"2024-07-24T10:57:09+00:00\",\"dateModified\":\"2025-06-23T07:52:54+00:00\",\"breadcrumb\":{\"@id\":\"https:\/\/kirkensbymisjon.no\/tilbud-verkstedet\/om-verkstedet\/#breadcrumb\"},\"inLanguage\":\"nb-NO\",\"potentialAction\":[{\"@type\":\"ReadAction\",\"target\":[\"https:\/\/kirkensbymisjon.no\/tilbud-verkstedet\/om-verkstedet\/\"]}]},{\"@type\":\"ImageObject\",\"inLanguage\":\"nb-NO\",\"@id\":\"https:\/\/kirkensbymisjon.no\/tilbud-verkstedet\/om-verkstedet\/#primaryimage\",\"url\":\"https:\/\/kirkensbymisjon.no\/content\/uploads\/2024\/09\/tilbud_verksteder_03.jpg\",\"contentUrl\":\"https:\/\/kirkensbymisjon.no\/content\/uploads\/2024\/09\/tilbud_verksteder_03.jpg\"},{\"@type\":\"BreadcrumbList\",\"@id\":\"https:\/\/kirkensbymisjon.no\/tilbud-verkstedet\/om-verkstedet\/#breadcrumb\",\"itemListElement\":[{\"@type\":\"ListItem\",\"position\":1,\"name\":\"Hjem\",\"item\":\"https:\/\/kirkensbymisjon.no\/tilbud-verkstedet\/\"},{\"@type\":\"ListItem\",\"position\":2,\"name\":\"Om verkstedet\"}]},{\"@type\":\"WebSite\",\"@id\":\"https:\/\/kirkensbymisjon.no\/tilbud-verkstedet\/#website\",\"url\":\"https:\/\/kirkensbymisjon.no\/tilbud-verkstedet\/\",\"name\":\"Verkstedet\",\"description\":\"\",\"potentialAction\":[{\"@type\":\"SearchAction\",\"target\":{\"@type\":\"EntryPoint\",\"urlTemplate\":\"https:\/\/kirkensbymisjon.no\/tilbud-verkstedet\/?s={search_term_string}\"},\"query-input\":{\"@type\":\"PropertyValueSpecification\",\"valueRequired\":true,\"valueName\":\"search_term_string\"}}],\"inLanguage\":\"nb-NO\"}]}<\/script>\n<!-- \/ Yoast SEO Premium plugin. -->","yoast_head_json":{"title":"Om verkstedet - Verkstedet","robots":{"index":"index","follow":"follow","max-snippet":"max-snippet:-1","max-image-preview":"max-image-preview:large","max-video-preview":"max-video-preview:-1"},"canonical":"https:\/\/kirkensbymisjon.no\/tilbud-verkstedet\/om-verkstedet\/","og_locale":"nb_NO","og_type":"article","og_title":"Om verkstedet","og_description":"Kirkens Bymisjon driver Verkstedet i samskaping med Lillehammer kommune. Verkstedet leverer varierte aktiviteter og individuell&hellip;","og_url":"https:\/\/kirkensbymisjon.no\/tilbud-verkstedet\/om-verkstedet\/","og_site_name":"Verkstedet","article_modified_time":"2025-06-23T07:52:54+00:00","twitter_card":"summary_large_image","twitter_misc":{"Ansl. lesetid":"3 minutter"},"schema":{"@context":"https:\/\/schema.org","@graph":[{"@type":"WebPage","@id":"https:\/\/kirkensbymisjon.no\/tilbud-verkstedet\/om-verkstedet\/","url":"https:\/\/kirkensbymisjon.no\/tilbud-verkstedet\/om-verkstedet\/","name":"Om verkstedet - Verkstedet","isPartOf":{"@id":"https:\/\/kirkensbymisjon.no\/tilbud-verkstedet\/#website"},"primaryImageOfPage":{"@id":"https:\/\/kirkensbymisjon.no\/tilbud-verkstedet\/om-verkstedet\/#primaryimage"},"image":{"@id":"https:\/\/kirkensbymisjon.no\/tilbud-verkstedet\/om-verkstedet\/#primaryimage"},"thumbnailUrl":"https:\/\/kirkensbymisjon.no\/content\/uploads\/2024\/09\/tilbud_verksteder_03.jpg","datePublished":"2024-07-24T10:57:09+00:00","dateModified":"2025-06-23T07:52:54+00:00","breadcrumb":{"@id":"https:\/\/kirkensbymisjon.no\/tilbud-verkstedet\/om-verkstedet\/#breadcrumb"},"inLanguage":"nb-NO","potentialAction":[{"@type":"ReadAction","target":["https:\/\/kirkensbymisjon.no\/tilbud-verkstedet\/om-verkstedet\/"]}]},{"@type":"ImageObject","inLanguage":"nb-NO","@id":"https:\/\/kirkensbymisjon.no\/tilbud-verkstedet\/om-verkstedet\/#primaryimage","url":"https:\/\/kirkensbymisjon.no\/content\/uploads\/2024\/09\/tilbud_verksteder_03.jpg","contentUrl":"https:\/\/kirkensbymisjon.no\/content\/uploads\/2024\/09\/tilbud_verksteder_03.jpg"},{"@type":"BreadcrumbList","@id":"https:\/\/kirkensbymisjon.no\/tilbud-verkstedet\/om-verkstedet\/#breadcrumb","itemListElement":[{"@type":"ListItem","position":1,"name":"Hjem","item":"https:\/\/kirkensbymisjon.no\/tilbud-verkstedet\/"},{"@type":"ListItem","position":2,"name":"Om verkstedet"}]},{"@type":"WebSite","@id":"https:\/\/kirkensbymisjon.no\/tilbud-verkstedet\/#website","url":"https:\/\/kirkensbymisjon.no\/tilbud-verkstedet\/","name":"Verkstedet","description":"","potentialAction":[{"@type":"SearchAction","target":{"@type":"EntryPoint","urlTemplate":"https:\/\/kirkensbymisjon.no\/tilbud-verkstedet\/?s={search_term_string}"},"query-input":{"@type":"PropertyValueSpecification","valueRequired":true,"valueName":"search_term_string"}}],"inLanguage":"nb-NO"}]}},"_links":{"self":[{"href":"https:\/\/kirkensbymisjon.no\/tilbud-verkstedet\/wp-json\/wp\/v2\/pages\/65","targetHints":{"allow":["GET"]}}],"collection":[{"href":"https:\/\/kirkensbymisjon.no\/tilbud-verkstedet\/wp-json\/wp\/v2\/pages"}],"about":[{"href":"https:\/\/kirkensbymisjon.no\/tilbud-verkstedet\/wp-json\/wp\/v2\/types\/page"}],"author":[{"embeddable":true,"href":"https:\/\/kirkensbymisjon.no\/tilbud-verkstedet\/wp-json\/wp\/v2\/users\/6"}],"replies":[{"embeddable":true,"href":"https:\/\/kirkensbymisjon.no\/tilbud-verkstedet\/wp-json\/wp\/v2\/comments?post=65"}],"version-history":[{"count":4,"href":"https:\/\/kirkensbymisjon.no\/tilbud-verkstedet\/wp-json\/wp\/v2\/pages\/65\/revisions"}],"predecessor-version":[{"id":178,"href":"https:\/\/kirkensbymisjon.no\/tilbud-verkstedet\/wp-json\/wp\/v2\/pages\/65\/revisions\/178"}],"wp:attachment":[{"href":"https:\/\/kirkensbymisjon.no\/tilbud-verkstedet\/wp-json\/wp\/v2\/media?parent=65"}],"curies":[{"name":"wp","href":"https:\/\/api.w.org\/{rel}","templated":true}]}}