{"id":11,"date":"2024-07-24T13:05:45","date_gmt":"2024-07-24T11:05:45","guid":{"rendered":"https:\/\/kirkensbymisjon.no\/tilbud-vibemyr-skoleverksted\/?page_id=11"},"modified":"2026-03-23T15:43:21","modified_gmt":"2026-03-23T14:43:21","slug":"for-elever","status":"publish","type":"page","link":"https:\/\/kirkensbymisjon.no\/tilbud-vibemyr-skoleverksted\/for-elever\/","title":{"rendered":"For elever"},"content":{"rendered":"\n<p>Du har valgt \u00e5 g\u00e5 p\u00e5 videreg\u00e5ende skole, og vi vil gj\u00f8re det vi kan for \u00e5 hjelpe deg med \u00e5 n\u00e5 dine m\u00e5l. P\u00e5 denne siden finner du nyttig informasjon.<\/p>\n\n\n\n<h2 class=\"wp-block-heading\" id=\"h-nyttig-informasjon-til-elever\">Nyttig informasjon til elever<\/h2>\n\n\n<div class=\"t2-accordion wp-block-t2-accordion\" data-allow-multiple=\"1\" role=\"list\">\n<div class=\"t2-accordion-item wp-block-t2-accordion-item\" role=\"listitem\">\n\t\t\t<h2 class=\"t2-accordion-title\">\n\t\t\t\t<button type=\"button\" class=\"t2-accordion-trigger\" id=\"skoleruter\" aria-controls=\"accordion-panel\" aria-expanded=\"false\">\n\t\t\t\t\tSkoleruter\n\t\t\t\t\t<span class=\"t2-accordion-icon is-closed-icon\"><svg xmlns=\"http:\/\/www.w3.org\/2000\/svg\" viewBox=\"0 0 24 24\" height=\"24\" width=\"24\" class=\"t2-icon t2-icon-plus\" aria-hidden=\"true\" focusable=\"false\"><path d=\"M11.8 5.037a1.088 1.088 0 0 0-.722.566c-.075.148-.078.25-.078 2.772v2.619l-2.61.016c-1.867.012-2.652.03-2.756.064-.168.055-.438.301-.54.494-.049.092-.07.223-.07.432 0 .34.054.476.282.704.289.289.14.275 3.064.288l2.63.012v2.619c0 2.544.002 2.625.08 2.778.191.372.516.577.92.577s.729-.205.92-.577c.078-.153.08-.234.08-2.778v-2.619l2.63-.012c2.924-.013 2.775.001 3.064-.288.228-.228.282-.364.282-.704 0-.209-.021-.34-.07-.432-.102-.193-.372-.439-.54-.494-.104-.034-.889-.052-2.756-.064L13 10.994V8.375c0-2.522-.003-2.624-.078-2.772-.214-.418-.685-.656-1.122-.566\"\/><\/svg><\/span>\n\t\t\t\t\t<span class=\"t2-accordion-icon is-open-icon\"><svg xmlns=\"http:\/\/www.w3.org\/2000\/svg\" viewBox=\"0 0 24 24\" height=\"24\" width=\"24\" class=\"t2-icon t2-icon-chevronup\" aria-hidden=\"true\" focusable=\"false\"><path d=\"M6.7 14.7c-.2-.2-.3-.4-.3-.7s.1-.5.3-.7l4.6-4.6c.1-.1.2-.2.3-.2.1 0 .2-.1.4-.1.1 0 .3 0 .4.1.1 0 .2.1.3.2l4.6 4.6c.2.2.3.4.3.7s-.1.5-.3.7c-.2.2-.4.3-.7.3s-.5-.1-.7-.3L12 10.8l-3.9 3.9c-.2.2-.4.3-.7.3s-.5-.1-.7-.3z\" fill=\"currentColor\" \/><\/svg><\/span>\n\t\t\t\t<\/button>\n\t\t\t<\/h2>\n\t\t\t<div class=\"t2-accordion-item__inner-container is-layout-flow\" id=\"accordion-panel\" aria-labelledby=\"skoleruter\" role=\"region\" hidden>\n\t\t\t\t\n\n<p><strong>Gjeldende skolerute:<\/strong><br><a href=\"https:\/\/kirkensbymisjon.no\/content\/uploads\/sites\/43\/2026\/03\/Skolerute-2026-2027.pdf\" target=\"_blank\" rel=\"noreferrer noopener\">Last ned Vibemyr skoleverksteds Skolerute 2026\u20132027<\/a>.<\/p>\n\n\n\n<p><\/p>\n\n\n\n<p><strong>Tidligere skoleruter:<\/strong><br><a href=\"https:\/\/kirkensbymisjon.no\/content\/uploads\/sites\/43\/2025\/05\/Skolerute-2025-2026.pdf\" target=\"_blank\" rel=\"noreferrer noopener\">Last ned Vibemyr skoleverksteds Skolerute 2025\u20132026<\/a>.<\/p>\n\n\n\t\t\t<\/div>\n\t\t<\/div>\n\n<div class=\"t2-accordion-item wp-block-t2-accordion-item\" role=\"listitem\">\n\t\t\t<h2 class=\"t2-accordion-title\">\n\t\t\t\t<button type=\"button\" class=\"t2-accordion-trigger\" id=\"skolebevis\" aria-controls=\"accordion-panel-1\" aria-expanded=\"false\">\n\t\t\t\t\tSkolebevis\n\t\t\t\t\t<span class=\"t2-accordion-icon is-closed-icon\"><svg xmlns=\"http:\/\/www.w3.org\/2000\/svg\" viewBox=\"0 0 24 24\" height=\"24\" width=\"24\" class=\"t2-icon t2-icon-plus\" aria-hidden=\"true\" focusable=\"false\"><path d=\"M11.8 5.037a1.088 1.088 0 0 0-.722.566c-.075.148-.078.25-.078 2.772v2.619l-2.61.016c-1.867.012-2.652.03-2.756.064-.168.055-.438.301-.54.494-.049.092-.07.223-.07.432 0 .34.054.476.282.704.289.289.14.275 3.064.288l2.63.012v2.619c0 2.544.002 2.625.08 2.778.191.372.516.577.92.577s.729-.205.92-.577c.078-.153.08-.234.08-2.778v-2.619l2.63-.012c2.924-.013 2.775.001 3.064-.288.228-.228.282-.364.282-.704 0-.209-.021-.34-.07-.432-.102-.193-.372-.439-.54-.494-.104-.034-.889-.052-2.756-.064L13 10.994V8.375c0-2.522-.003-2.624-.078-2.772-.214-.418-.685-.656-1.122-.566\"\/><\/svg><\/span>\n\t\t\t\t\t<span class=\"t2-accordion-icon is-open-icon\"><svg xmlns=\"http:\/\/www.w3.org\/2000\/svg\" viewBox=\"0 0 24 24\" height=\"24\" width=\"24\" class=\"t2-icon t2-icon-chevronup\" aria-hidden=\"true\" focusable=\"false\"><path d=\"M6.7 14.7c-.2-.2-.3-.4-.3-.7s.1-.5.3-.7l4.6-4.6c.1-.1.2-.2.3-.2.1 0 .2-.1.4-.1.1 0 .3 0 .4.1.1 0 .2.1.3.2l4.6 4.6c.2.2.3.4.3.7s-.1.5-.3.7c-.2.2-.4.3-.7.3s-.5-.1-.7-.3L12 10.8l-3.9 3.9c-.2.2-.4.3-.7.3s-.5-.1-.7-.3z\" fill=\"currentColor\" \/><\/svg><\/span>\n\t\t\t\t<\/button>\n\t\t\t<\/h2>\n\t\t\t<div class=\"t2-accordion-item__inner-container is-layout-flow\" id=\"accordion-panel-1\" aria-labelledby=\"skolebevis\" role=\"region\" hidden>\n\t\t\t\t\n\n<p>Informasjon om hvordan f\u00e5 p\u00e5 plass ditt digitale skolebevis, <a href=\"https:\/\/www.gand.vgs.no\/hovedmeny\/for-elever\/skolehverdag\/skolebevis\/\" target=\"_blank\" rel=\"noreferrer noopener\">finner du her<\/a>.<\/p>\n\n\n\t\t\t<\/div>\n\t\t<\/div>\n\n<div class=\"t2-accordion-item wp-block-t2-accordion-item\" role=\"listitem\">\n\t\t\t<h2 class=\"t2-accordion-title\">\n\t\t\t\t<button type=\"button\" class=\"t2-accordion-trigger\" id=\"l\u00e5n-og-stipend\" aria-controls=\"accordion-panel-2\" aria-expanded=\"false\">\n\t\t\t\t\tL\u00e5n og stipend\n\t\t\t\t\t<span class=\"t2-accordion-icon is-closed-icon\"><svg xmlns=\"http:\/\/www.w3.org\/2000\/svg\" viewBox=\"0 0 24 24\" height=\"24\" width=\"24\" class=\"t2-icon t2-icon-plus\" aria-hidden=\"true\" focusable=\"false\"><path d=\"M11.8 5.037a1.088 1.088 0 0 0-.722.566c-.075.148-.078.25-.078 2.772v2.619l-2.61.016c-1.867.012-2.652.03-2.756.064-.168.055-.438.301-.54.494-.049.092-.07.223-.07.432 0 .34.054.476.282.704.289.289.14.275 3.064.288l2.63.012v2.619c0 2.544.002 2.625.08 2.778.191.372.516.577.92.577s.729-.205.92-.577c.078-.153.08-.234.08-2.778v-2.619l2.63-.012c2.924-.013 2.775.001 3.064-.288.228-.228.282-.364.282-.704 0-.209-.021-.34-.07-.432-.102-.193-.372-.439-.54-.494-.104-.034-.889-.052-2.756-.064L13 10.994V8.375c0-2.522-.003-2.624-.078-2.772-.214-.418-.685-.656-1.122-.566\"\/><\/svg><\/span>\n\t\t\t\t\t<span class=\"t2-accordion-icon is-open-icon\"><svg xmlns=\"http:\/\/www.w3.org\/2000\/svg\" viewBox=\"0 0 24 24\" height=\"24\" width=\"24\" class=\"t2-icon t2-icon-chevronup\" aria-hidden=\"true\" focusable=\"false\"><path d=\"M6.7 14.7c-.2-.2-.3-.4-.3-.7s.1-.5.3-.7l4.6-4.6c.1-.1.2-.2.3-.2.1 0 .2-.1.4-.1.1 0 .3 0 .4.1.1 0 .2.1.3.2l4.6 4.6c.2.2.3.4.3.7s-.1.5-.3.7c-.2.2-.4.3-.7.3s-.5-.1-.7-.3L12 10.8l-3.9 3.9c-.2.2-.4.3-.7.3s-.5-.1-.7-.3z\" fill=\"currentColor\" \/><\/svg><\/span>\n\t\t\t\t<\/button>\n\t\t\t<\/h2>\n\t\t\t<div class=\"t2-accordion-item__inner-container is-layout-flow\" id=\"accordion-panel-2\" aria-labelledby=\"l\u00e5n-og-stipend\" role=\"region\" hidden>\n\t\t\t\t\n\n<p>Informasjon om l\u00e5n og stipend fra L\u00e5nekassen; <a href=\"https:\/\/www.gand.vgs.no\/hovedmeny\/for-elever\/skolehverdag\/lan-og-stipend\/kostnader-til-videregaende-opplaring\/\" target=\"_blank\" rel=\"noreferrer noopener\">finner du her<\/a>.<\/p>\n\n\n\t\t\t<\/div>\n\t\t<\/div>\n\n<div class=\"t2-accordion-item wp-block-t2-accordion-item\" role=\"listitem\">\n\t\t\t<h2 class=\"t2-accordion-title\">\n\t\t\t\t<button type=\"button\" class=\"t2-accordion-trigger\" id=\"ppt-pedagogisk-psykologisk-tjeneste\" aria-controls=\"accordion-panel-3\" aria-expanded=\"false\">\n\t\t\t\t\tPPT &#8211; pedagogisk-psykologisk tjeneste\n\t\t\t\t\t<span class=\"t2-accordion-icon is-closed-icon\"><svg xmlns=\"http:\/\/www.w3.org\/2000\/svg\" viewBox=\"0 0 24 24\" height=\"24\" width=\"24\" class=\"t2-icon t2-icon-plus\" aria-hidden=\"true\" focusable=\"false\"><path d=\"M11.8 5.037a1.088 1.088 0 0 0-.722.566c-.075.148-.078.25-.078 2.772v2.619l-2.61.016c-1.867.012-2.652.03-2.756.064-.168.055-.438.301-.54.494-.049.092-.07.223-.07.432 0 .34.054.476.282.704.289.289.14.275 3.064.288l2.63.012v2.619c0 2.544.002 2.625.08 2.778.191.372.516.577.92.577s.729-.205.92-.577c.078-.153.08-.234.08-2.778v-2.619l2.63-.012c2.924-.013 2.775.001 3.064-.288.228-.228.282-.364.282-.704 0-.209-.021-.34-.07-.432-.102-.193-.372-.439-.54-.494-.104-.034-.889-.052-2.756-.064L13 10.994V8.375c0-2.522-.003-2.624-.078-2.772-.214-.418-.685-.656-1.122-.566\"\/><\/svg><\/span>\n\t\t\t\t\t<span class=\"t2-accordion-icon is-open-icon\"><svg xmlns=\"http:\/\/www.w3.org\/2000\/svg\" viewBox=\"0 0 24 24\" height=\"24\" width=\"24\" class=\"t2-icon t2-icon-chevronup\" aria-hidden=\"true\" focusable=\"false\"><path d=\"M6.7 14.7c-.2-.2-.3-.4-.3-.7s.1-.5.3-.7l4.6-4.6c.1-.1.2-.2.3-.2.1 0 .2-.1.4-.1.1 0 .3 0 .4.1.1 0 .2.1.3.2l4.6 4.6c.2.2.3.4.3.7s-.1.5-.3.7c-.2.2-.4.3-.7.3s-.5-.1-.7-.3L12 10.8l-3.9 3.9c-.2.2-.4.3-.7.3s-.5-.1-.7-.3z\" fill=\"currentColor\" \/><\/svg><\/span>\n\t\t\t\t<\/button>\n\t\t\t<\/h2>\n\t\t\t<div class=\"t2-accordion-item__inner-container is-layout-flow\" id=\"accordion-panel-3\" aria-labelledby=\"ppt-pedagogisk-psykologisk-tjeneste\" role=\"region\" hidden>\n\t\t\t\t\n\n<p>PPT er et sted der elever i den videreg\u00e5ende skolen kan f\u00e5 hjelp med personlige, sosiale eller skolemessige vansker.&nbsp;<a href=\"https:\/\/www.rogfk.no\/vare-tjenester\/skole-og-opplaring\/ppt-og-oppfolgingstjenesten\/pp-tjenesten-ppt\/\" target=\"_blank\" rel=\"noreferrer noopener\">Les mer om PPT her<\/a>.<\/p>\n\n\n\t\t\t<\/div>\n\t\t<\/div>\n\n<div class=\"t2-accordion-item wp-block-t2-accordion-item\" role=\"listitem\">\n\t\t\t<h2 class=\"t2-accordion-title\">\n\t\t\t\t<button type=\"button\" class=\"t2-accordion-trigger\" id=\"gratis-helsestasjon-for-ungdom\" aria-controls=\"accordion-panel-4\" aria-expanded=\"false\">\n\t\t\t\t\tGratis helsestasjon for ungdom\n\t\t\t\t\t<span class=\"t2-accordion-icon is-closed-icon\"><svg xmlns=\"http:\/\/www.w3.org\/2000\/svg\" viewBox=\"0 0 24 24\" height=\"24\" width=\"24\" class=\"t2-icon t2-icon-plus\" aria-hidden=\"true\" focusable=\"false\"><path d=\"M11.8 5.037a1.088 1.088 0 0 0-.722.566c-.075.148-.078.25-.078 2.772v2.619l-2.61.016c-1.867.012-2.652.03-2.756.064-.168.055-.438.301-.54.494-.049.092-.07.223-.07.432 0 .34.054.476.282.704.289.289.14.275 3.064.288l2.63.012v2.619c0 2.544.002 2.625.08 2.778.191.372.516.577.92.577s.729-.205.92-.577c.078-.153.08-.234.08-2.778v-2.619l2.63-.012c2.924-.013 2.775.001 3.064-.288.228-.228.282-.364.282-.704 0-.209-.021-.34-.07-.432-.102-.193-.372-.439-.54-.494-.104-.034-.889-.052-2.756-.064L13 10.994V8.375c0-2.522-.003-2.624-.078-2.772-.214-.418-.685-.656-1.122-.566\"\/><\/svg><\/span>\n\t\t\t\t\t<span class=\"t2-accordion-icon is-open-icon\"><svg xmlns=\"http:\/\/www.w3.org\/2000\/svg\" viewBox=\"0 0 24 24\" height=\"24\" width=\"24\" class=\"t2-icon t2-icon-chevronup\" aria-hidden=\"true\" focusable=\"false\"><path d=\"M6.7 14.7c-.2-.2-.3-.4-.3-.7s.1-.5.3-.7l4.6-4.6c.1-.1.2-.2.3-.2.1 0 .2-.1.4-.1.1 0 .3 0 .4.1.1 0 .2.1.3.2l4.6 4.6c.2.2.3.4.3.7s-.1.5-.3.7c-.2.2-.4.3-.7.3s-.5-.1-.7-.3L12 10.8l-3.9 3.9c-.2.2-.4.3-.7.3s-.5-.1-.7-.3z\" fill=\"currentColor\" \/><\/svg><\/span>\n\t\t\t\t<\/button>\n\t\t\t<\/h2>\n\t\t\t<div class=\"t2-accordion-item__inner-container is-layout-flow\" id=\"accordion-panel-4\" aria-labelledby=\"gratis-helsestasjon-for-ungdom\" role=\"region\" hidden>\n\t\t\t\t\n\n<p>Du kan snakke med helses\u00f8ster og lege om prevensjon, graviditet, kj\u00f8nnssykdommer, rusbruk, spiseforstyrrelser, personlige problemer og bekymringer. Mer om&nbsp;helsestasjon for ungdom <a href=\"https:\/\/www.sandnes.kommune.no\/helse-sosial\/helse\/helsestasjon-for-ungdom\/\" target=\"_blank\" rel=\"noreferrer noopener\">finner du her<\/a>.<\/p>\n\n\n\t\t\t<\/div>\n\t\t<\/div>\n\n<div class=\"t2-accordion-item wp-block-t2-accordion-item\" role=\"listitem\">\n\t\t\t<h2 class=\"t2-accordion-title\">\n\t\t\t\t<button type=\"button\" class=\"t2-accordion-trigger\" id=\"ordensreglement\" aria-controls=\"accordion-panel-5\" aria-expanded=\"false\">\n\t\t\t\t\tOrdensreglement\n\t\t\t\t\t<span class=\"t2-accordion-icon is-closed-icon\"><svg xmlns=\"http:\/\/www.w3.org\/2000\/svg\" viewBox=\"0 0 24 24\" height=\"24\" width=\"24\" class=\"t2-icon t2-icon-plus\" aria-hidden=\"true\" focusable=\"false\"><path d=\"M11.8 5.037a1.088 1.088 0 0 0-.722.566c-.075.148-.078.25-.078 2.772v2.619l-2.61.016c-1.867.012-2.652.03-2.756.064-.168.055-.438.301-.54.494-.049.092-.07.223-.07.432 0 .34.054.476.282.704.289.289.14.275 3.064.288l2.63.012v2.619c0 2.544.002 2.625.08 2.778.191.372.516.577.92.577s.729-.205.92-.577c.078-.153.08-.234.08-2.778v-2.619l2.63-.012c2.924-.013 2.775.001 3.064-.288.228-.228.282-.364.282-.704 0-.209-.021-.34-.07-.432-.102-.193-.372-.439-.54-.494-.104-.034-.889-.052-2.756-.064L13 10.994V8.375c0-2.522-.003-2.624-.078-2.772-.214-.418-.685-.656-1.122-.566\"\/><\/svg><\/span>\n\t\t\t\t\t<span class=\"t2-accordion-icon is-open-icon\"><svg xmlns=\"http:\/\/www.w3.org\/2000\/svg\" viewBox=\"0 0 24 24\" height=\"24\" width=\"24\" class=\"t2-icon t2-icon-chevronup\" aria-hidden=\"true\" focusable=\"false\"><path d=\"M6.7 14.7c-.2-.2-.3-.4-.3-.7s.1-.5.3-.7l4.6-4.6c.1-.1.2-.2.3-.2.1 0 .2-.1.4-.1.1 0 .3 0 .4.1.1 0 .2.1.3.2l4.6 4.6c.2.2.3.4.3.7s-.1.5-.3.7c-.2.2-.4.3-.7.3s-.5-.1-.7-.3L12 10.8l-3.9 3.9c-.2.2-.4.3-.7.3s-.5-.1-.7-.3z\" fill=\"currentColor\" \/><\/svg><\/span>\n\t\t\t\t<\/button>\n\t\t\t<\/h2>\n\t\t\t<div class=\"t2-accordion-item__inner-container is-layout-flow\" id=\"accordion-panel-5\" aria-labelledby=\"ordensreglement\" role=\"region\" hidden>\n\t\t\t\t\n\n<p>Ordensreglement Rogaland fylkeskommune \u2013 klikk <a href=\"https:\/\/kirkensbymisjon.no\/content\/uploads\/sites\/43\/2025\/05\/Ordensreglement-Rogaland-fylkeskommune.pdf\" target=\"_blank\" rel=\"noreferrer noopener\">her<\/a>!<\/p>\n\n\n\n<p>Utfyllende ordensreglement Vibemyr skoleverksted \u2013 klikk <a href=\"https:\/\/kirkensbymisjon.no\/content\/uploads\/sites\/43\/2025\/05\/Utfyllende-ordensregler-Vibemyr-skoleverksted.pdf\" target=\"_blank\" rel=\"noreferrer noopener\">her<\/a>! <\/p>\n\n\n\t\t\t<\/div>\n\t\t<\/div>\n\n<div class=\"t2-accordion-item wp-block-t2-accordion-item\" role=\"listitem\">\n\t\t\t<h2 class=\"t2-accordion-title\">\n\t\t\t\t<button type=\"button\" class=\"t2-accordion-trigger\" id=\"parkering\" aria-controls=\"accordion-panel-6\" aria-expanded=\"false\">\n\t\t\t\t\tParkering\n\t\t\t\t\t<span class=\"t2-accordion-icon is-closed-icon\"><svg xmlns=\"http:\/\/www.w3.org\/2000\/svg\" viewBox=\"0 0 24 24\" height=\"24\" width=\"24\" class=\"t2-icon t2-icon-plus\" aria-hidden=\"true\" focusable=\"false\"><path d=\"M11.8 5.037a1.088 1.088 0 0 0-.722.566c-.075.148-.078.25-.078 2.772v2.619l-2.61.016c-1.867.012-2.652.03-2.756.064-.168.055-.438.301-.54.494-.049.092-.07.223-.07.432 0 .34.054.476.282.704.289.289.14.275 3.064.288l2.63.012v2.619c0 2.544.002 2.625.08 2.778.191.372.516.577.92.577s.729-.205.92-.577c.078-.153.08-.234.08-2.778v-2.619l2.63-.012c2.924-.013 2.775.001 3.064-.288.228-.228.282-.364.282-.704 0-.209-.021-.34-.07-.432-.102-.193-.372-.439-.54-.494-.104-.034-.889-.052-2.756-.064L13 10.994V8.375c0-2.522-.003-2.624-.078-2.772-.214-.418-.685-.656-1.122-.566\"\/><\/svg><\/span>\n\t\t\t\t\t<span class=\"t2-accordion-icon is-open-icon\"><svg xmlns=\"http:\/\/www.w3.org\/2000\/svg\" viewBox=\"0 0 24 24\" height=\"24\" width=\"24\" class=\"t2-icon t2-icon-chevronup\" aria-hidden=\"true\" focusable=\"false\"><path d=\"M6.7 14.7c-.2-.2-.3-.4-.3-.7s.1-.5.3-.7l4.6-4.6c.1-.1.2-.2.3-.2.1 0 .2-.1.4-.1.1 0 .3 0 .4.1.1 0 .2.1.3.2l4.6 4.6c.2.2.3.4.3.7s-.1.5-.3.7c-.2.2-.4.3-.7.3s-.5-.1-.7-.3L12 10.8l-3.9 3.9c-.2.2-.4.3-.7.3s-.5-.1-.7-.3z\" fill=\"currentColor\" \/><\/svg><\/span>\n\t\t\t\t<\/button>\n\t\t\t<\/h2>\n\t\t\t<div class=\"t2-accordion-item__inner-container is-layout-flow\" id=\"accordion-panel-6\" aria-labelledby=\"parkering\" role=\"region\" hidden>\n\t\t\t\t\n\n<p>Vibemyr skoleverksted kan tilby parkering for sykkel, moped og motorsykkel for v\u00e5re elever. Vi tilbyr dessverre ikke bilparkering. N\u00e6rmeste offentlige parkering er p\u00e5 motsatt side av Kobberveien, like utenfor skolebygget. Eventuelt finnes det <a href=\"https:\/\/www.google.com\/maps\/place\/Lura+kirke\/@58.872624,5.7325658,18.25z\/data=!4m5!3m4!1s0x463a36653e1cad17:0x8f1fe376b6a2a8c5!8m2!3d58.872555!4d5.731692\" target=\"_blank\" rel=\"noreferrer noopener\">gratisparkering<\/a> ved Lura kirke.<\/p>\n\n\n\t\t\t<\/div>\n\t\t<\/div>\n<\/div>\n\n\n<div class=\"wp-block-media-text alignwide is-stacked-on-mobile is-style-filled\"><figure class=\"wp-block-media-text__media\"><img loading=\"lazy\" decoding=\"async\" width=\"1024\" height=\"740\" src=\"https:\/\/kirkensbymisjon.no\/content\/uploads\/sites\/43\/2024\/06\/Tilbud_Vibemyr_01-1024x740.jpg\" alt=\"Elev under oppl\u00e6ring\" class=\"wp-image-6 size-full\" srcset=\"https:\/\/kirkensbymisjon.no\/content\/uploads\/sites\/43\/2024\/06\/Tilbud_Vibemyr_01-1024x740.jpg 1024w, https:\/\/kirkensbymisjon.no\/content\/uploads\/sites\/43\/2024\/06\/Tilbud_Vibemyr_01-300x217.jpg 300w, https:\/\/kirkensbymisjon.no\/content\/uploads\/sites\/43\/2024\/06\/Tilbud_Vibemyr_01-768x555.jpg 768w, https:\/\/kirkensbymisjon.no\/content\/uploads\/sites\/43\/2024\/06\/Tilbud_Vibemyr_01-1536x1110.jpg 1536w, https:\/\/kirkensbymisjon.no\/content\/uploads\/sites\/43\/2024\/06\/Tilbud_Vibemyr_01.jpg 1701w\" sizes=\"auto, (max-width: 1024px) 100vw, 1024px\" \/><\/figure><div class=\"wp-block-media-text__content\">\n<h2 class=\"wp-block-heading\" id=\"h-har-du-sporsmal-eller-andre-henvendelser\">Har du sp\u00f8rsm\u00e5l eller andre henvendelser?<\/h2>\n\n\n\n<p><a href=\"https:\/\/kirkensbymisjon.no\/tilbud-vibemyr-skoleverksted\/kontaktinformasjon\/#kontaktpersoner\">Kontakt oss.<\/a><\/p>\n<\/div><\/div>\n","protected":false},"excerpt":{"rendered":"<p>Du har valgt \u00e5 g\u00e5 p\u00e5 videreg\u00e5ende skole, og vi vil gj\u00f8re det vi kan&hellip;<\/p>\n","protected":false},"author":6,"featured_media":0,"parent":0,"menu_order":0,"comment_status":"closed","ping_status":"closed","template":"","meta":{"_relevanssi_hide_post":"","_relevanssi_hide_content":"","_relevanssi_pin_for_all":"","_relevanssi_pin_keywords":"","_relevanssi_unpin_keywords":"","_relevanssi_related_keywords":"","_relevanssi_related_include_ids":"","_relevanssi_related_exclude_ids":"","_relevanssi_related_no_append":"","_relevanssi_related_not_related":"","_relevanssi_related_posts":"1","_relevanssi_noindex_reason":"","editor_notices":[],"footnotes":""},"class_list":["post-11","page","type-page","status-publish","hentry"],"yoast_head":"<!-- This site is optimized with the Yoast SEO Premium plugin v27.2 (Yoast SEO v27.2) - https:\/\/yoast.com\/product\/yoast-seo-premium-wordpress\/ -->\n<title>For elever - Vibemyr skoleverksted<\/title>\n<meta name=\"robots\" content=\"index, follow, max-snippet:-1, max-image-preview:large, max-video-preview:-1\" \/>\n<link rel=\"canonical\" href=\"https:\/\/kirkensbymisjon.no\/tilbud-vibemyr-skoleverksted\/for-elever\/\" \/>\n<meta property=\"og:locale\" content=\"nb_NO\" \/>\n<meta property=\"og:type\" content=\"article\" \/>\n<meta property=\"og:title\" content=\"For elever\" \/>\n<meta property=\"og:description\" content=\"Du har valgt \u00e5 g\u00e5 p\u00e5 videreg\u00e5ende skole, og vi vil gj\u00f8re det vi kan&hellip;\" \/>\n<meta property=\"og:url\" content=\"https:\/\/kirkensbymisjon.no\/tilbud-vibemyr-skoleverksted\/for-elever\/\" \/>\n<meta property=\"og:site_name\" content=\"Vibemyr skoleverksted\" \/>\n<meta property=\"article:modified_time\" content=\"2026-03-23T14:43:21+00:00\" \/>\n<meta property=\"og:image\" content=\"https:\/\/kirkensbymisjon.no\/content\/uploads\/sites\/43\/2024\/06\/Tilbud_Vibemyr_01.jpg\" \/>\n\t<meta property=\"og:image:width\" content=\"1701\" \/>\n\t<meta property=\"og:image:height\" content=\"1229\" \/>\n\t<meta property=\"og:image:type\" content=\"image\/jpeg\" \/>\n<meta name=\"twitter:card\" content=\"summary_large_image\" \/>\n<meta name=\"twitter:label1\" content=\"Ansl. lesetid\" \/>\n\t<meta name=\"twitter:data1\" content=\"2 minutter\" \/>\n<script type=\"application\/ld+json\" class=\"yoast-schema-graph\">{\"@context\":\"https:\/\/schema.org\",\"@graph\":[{\"@type\":\"WebPage\",\"@id\":\"https:\/\/kirkensbymisjon.no\/tilbud-vibemyr-skoleverksted\/for-elever\/\",\"url\":\"https:\/\/kirkensbymisjon.no\/tilbud-vibemyr-skoleverksted\/for-elever\/\",\"name\":\"For elever - Vibemyr skoleverksted\",\"isPartOf\":{\"@id\":\"https:\/\/kirkensbymisjon.no\/tilbud-vibemyr-skoleverksted\/#website\"},\"primaryImageOfPage\":{\"@id\":\"https:\/\/kirkensbymisjon.no\/tilbud-vibemyr-skoleverksted\/for-elever\/#primaryimage\"},\"image\":{\"@id\":\"https:\/\/kirkensbymisjon.no\/tilbud-vibemyr-skoleverksted\/for-elever\/#primaryimage\"},\"thumbnailUrl\":\"https:\/\/kirkensbymisjon.no\/content\/uploads\/sites\/43\/2024\/06\/Tilbud_Vibemyr_01-1024x740.jpg\",\"datePublished\":\"2024-07-24T11:05:45+00:00\",\"dateModified\":\"2026-03-23T14:43:21+00:00\",\"breadcrumb\":{\"@id\":\"https:\/\/kirkensbymisjon.no\/tilbud-vibemyr-skoleverksted\/for-elever\/#breadcrumb\"},\"inLanguage\":\"nb-NO\",\"potentialAction\":[{\"@type\":\"ReadAction\",\"target\":[\"https:\/\/kirkensbymisjon.no\/tilbud-vibemyr-skoleverksted\/for-elever\/\"]}]},{\"@type\":\"ImageObject\",\"inLanguage\":\"nb-NO\",\"@id\":\"https:\/\/kirkensbymisjon.no\/tilbud-vibemyr-skoleverksted\/for-elever\/#primaryimage\",\"url\":\"https:\/\/kirkensbymisjon.no\/content\/uploads\/sites\/43\/2024\/06\/Tilbud_Vibemyr_01-1024x740.jpg\",\"contentUrl\":\"https:\/\/kirkensbymisjon.no\/content\/uploads\/sites\/43\/2024\/06\/Tilbud_Vibemyr_01-1024x740.jpg\"},{\"@type\":\"BreadcrumbList\",\"@id\":\"https:\/\/kirkensbymisjon.no\/tilbud-vibemyr-skoleverksted\/for-elever\/#breadcrumb\",\"itemListElement\":[{\"@type\":\"ListItem\",\"position\":1,\"name\":\"Hjem\",\"item\":\"https:\/\/kirkensbymisjon.no\/tilbud-vibemyr-skoleverksted\/\"},{\"@type\":\"ListItem\",\"position\":2,\"name\":\"For elever\"}]},{\"@type\":\"WebSite\",\"@id\":\"https:\/\/kirkensbymisjon.no\/tilbud-vibemyr-skoleverksted\/#website\",\"url\":\"https:\/\/kirkensbymisjon.no\/tilbud-vibemyr-skoleverksted\/\",\"name\":\"Vibemyr skoleverksted\",\"description\":\"\",\"potentialAction\":[{\"@type\":\"SearchAction\",\"target\":{\"@type\":\"EntryPoint\",\"urlTemplate\":\"https:\/\/kirkensbymisjon.no\/tilbud-vibemyr-skoleverksted\/?s={search_term_string}\"},\"query-input\":{\"@type\":\"PropertyValueSpecification\",\"valueRequired\":true,\"valueName\":\"search_term_string\"}}],\"inLanguage\":\"nb-NO\"}]}<\/script>\n<!-- \/ Yoast SEO Premium plugin. -->","yoast_head_json":{"title":"For elever - Vibemyr skoleverksted","robots":{"index":"index","follow":"follow","max-snippet":"max-snippet:-1","max-image-preview":"max-image-preview:large","max-video-preview":"max-video-preview:-1"},"canonical":"https:\/\/kirkensbymisjon.no\/tilbud-vibemyr-skoleverksted\/for-elever\/","og_locale":"nb_NO","og_type":"article","og_title":"For elever","og_description":"Du har valgt \u00e5 g\u00e5 p\u00e5 videreg\u00e5ende skole, og vi vil gj\u00f8re det vi kan&hellip;","og_url":"https:\/\/kirkensbymisjon.no\/tilbud-vibemyr-skoleverksted\/for-elever\/","og_site_name":"Vibemyr skoleverksted","article_modified_time":"2026-03-23T14:43:21+00:00","og_image":[{"width":1701,"height":1229,"url":"https:\/\/kirkensbymisjon.no\/content\/uploads\/sites\/43\/2024\/06\/Tilbud_Vibemyr_01.jpg","type":"image\/jpeg"}],"twitter_card":"summary_large_image","twitter_misc":{"Ansl. lesetid":"2 minutter"},"schema":{"@context":"https:\/\/schema.org","@graph":[{"@type":"WebPage","@id":"https:\/\/kirkensbymisjon.no\/tilbud-vibemyr-skoleverksted\/for-elever\/","url":"https:\/\/kirkensbymisjon.no\/tilbud-vibemyr-skoleverksted\/for-elever\/","name":"For elever - Vibemyr skoleverksted","isPartOf":{"@id":"https:\/\/kirkensbymisjon.no\/tilbud-vibemyr-skoleverksted\/#website"},"primaryImageOfPage":{"@id":"https:\/\/kirkensbymisjon.no\/tilbud-vibemyr-skoleverksted\/for-elever\/#primaryimage"},"image":{"@id":"https:\/\/kirkensbymisjon.no\/tilbud-vibemyr-skoleverksted\/for-elever\/#primaryimage"},"thumbnailUrl":"https:\/\/kirkensbymisjon.no\/content\/uploads\/sites\/43\/2024\/06\/Tilbud_Vibemyr_01-1024x740.jpg","datePublished":"2024-07-24T11:05:45+00:00","dateModified":"2026-03-23T14:43:21+00:00","breadcrumb":{"@id":"https:\/\/kirkensbymisjon.no\/tilbud-vibemyr-skoleverksted\/for-elever\/#breadcrumb"},"inLanguage":"nb-NO","potentialAction":[{"@type":"ReadAction","target":["https:\/\/kirkensbymisjon.no\/tilbud-vibemyr-skoleverksted\/for-elever\/"]}]},{"@type":"ImageObject","inLanguage":"nb-NO","@id":"https:\/\/kirkensbymisjon.no\/tilbud-vibemyr-skoleverksted\/for-elever\/#primaryimage","url":"https:\/\/kirkensbymisjon.no\/content\/uploads\/sites\/43\/2024\/06\/Tilbud_Vibemyr_01-1024x740.jpg","contentUrl":"https:\/\/kirkensbymisjon.no\/content\/uploads\/sites\/43\/2024\/06\/Tilbud_Vibemyr_01-1024x740.jpg"},{"@type":"BreadcrumbList","@id":"https:\/\/kirkensbymisjon.no\/tilbud-vibemyr-skoleverksted\/for-elever\/#breadcrumb","itemListElement":[{"@type":"ListItem","position":1,"name":"Hjem","item":"https:\/\/kirkensbymisjon.no\/tilbud-vibemyr-skoleverksted\/"},{"@type":"ListItem","position":2,"name":"For elever"}]},{"@type":"WebSite","@id":"https:\/\/kirkensbymisjon.no\/tilbud-vibemyr-skoleverksted\/#website","url":"https:\/\/kirkensbymisjon.no\/tilbud-vibemyr-skoleverksted\/","name":"Vibemyr skoleverksted","description":"","potentialAction":[{"@type":"SearchAction","target":{"@type":"EntryPoint","urlTemplate":"https:\/\/kirkensbymisjon.no\/tilbud-vibemyr-skoleverksted\/?s={search_term_string}"},"query-input":{"@type":"PropertyValueSpecification","valueRequired":true,"valueName":"search_term_string"}}],"inLanguage":"nb-NO"}]}},"_links":{"self":[{"href":"https:\/\/kirkensbymisjon.no\/tilbud-vibemyr-skoleverksted\/wp-json\/wp\/v2\/pages\/11","targetHints":{"allow":["GET"]}}],"collection":[{"href":"https:\/\/kirkensbymisjon.no\/tilbud-vibemyr-skoleverksted\/wp-json\/wp\/v2\/pages"}],"about":[{"href":"https:\/\/kirkensbymisjon.no\/tilbud-vibemyr-skoleverksted\/wp-json\/wp\/v2\/types\/page"}],"author":[{"embeddable":true,"href":"https:\/\/kirkensbymisjon.no\/tilbud-vibemyr-skoleverksted\/wp-json\/wp\/v2\/users\/6"}],"replies":[{"embeddable":true,"href":"https:\/\/kirkensbymisjon.no\/tilbud-vibemyr-skoleverksted\/wp-json\/wp\/v2\/comments?post=11"}],"version-history":[{"count":4,"href":"https:\/\/kirkensbymisjon.no\/tilbud-vibemyr-skoleverksted\/wp-json\/wp\/v2\/pages\/11\/revisions"}],"predecessor-version":[{"id":146,"href":"https:\/\/kirkensbymisjon.no\/tilbud-vibemyr-skoleverksted\/wp-json\/wp\/v2\/pages\/11\/revisions\/146"}],"wp:attachment":[{"href":"https:\/\/kirkensbymisjon.no\/tilbud-vibemyr-skoleverksted\/wp-json\/wp\/v2\/media?parent=11"}],"curies":[{"name":"wp","href":"https:\/\/api.w.org\/{rel}","templated":true}]}}