{"id":13,"date":"2024-07-24T13:06:01","date_gmt":"2024-07-24T11:06:01","guid":{"rendered":"https:\/\/kirkensbymisjon.no\/tilbud-vibemyr-skoleverksted\/?page_id=13"},"modified":"2025-09-02T11:04:19","modified_gmt":"2025-09-02T09:04:19","slug":"for-foresatte","status":"publish","type":"page","link":"https:\/\/kirkensbymisjon.no\/tilbud-vibemyr-skoleverksted\/for-foresatte\/","title":{"rendered":"For foresatte"},"content":{"rendered":"\n<p>Det er viktig for oss med godt samarbeid og god dialog med v\u00e5re elevers foreldre\/foresatte. Dere er velkommen til \u00e5 ta kontakt med oss, pr. telefon eller \u00e5 be om m\u00f8ter\/samtaler med oss.<\/p>\n\n\n\n<h2 class=\"wp-block-heading\" id=\"h-nyttig-informasjon-til-foresatte\">Nyttig informasjon til foresatte<\/h2>\n\n\n<div class=\"t2-accordion wp-block-t2-accordion\" data-allow-multiple=\"1\" role=\"list\">\n<div class=\"t2-accordion-item wp-block-t2-accordion-item\" role=\"listitem\">\n\t\t\t<h2 class=\"t2-accordion-title\">\n\t\t\t\t<button type=\"button\" class=\"t2-accordion-trigger\" id=\"konferansetimer\" aria-controls=\"accordion-panel\" aria-expanded=\"false\">\n\t\t\t\t\tKonferansetimer\n\t\t\t\t\t<span class=\"t2-accordion-icon is-closed-icon\"><svg xmlns=\"http:\/\/www.w3.org\/2000\/svg\" viewBox=\"0 0 24 24\" height=\"24\" width=\"24\" class=\"t2-icon t2-icon-plus\" aria-hidden=\"true\" focusable=\"false\"><path d=\"M11.8 5.037a1.088 1.088 0 0 0-.722.566c-.075.148-.078.25-.078 2.772v2.619l-2.61.016c-1.867.012-2.652.03-2.756.064-.168.055-.438.301-.54.494-.049.092-.07.223-.07.432 0 .34.054.476.282.704.289.289.14.275 3.064.288l2.63.012v2.619c0 2.544.002 2.625.08 2.778.191.372.516.577.92.577s.729-.205.92-.577c.078-.153.08-.234.08-2.778v-2.619l2.63-.012c2.924-.013 2.775.001 3.064-.288.228-.228.282-.364.282-.704 0-.209-.021-.34-.07-.432-.102-.193-.372-.439-.54-.494-.104-.034-.889-.052-2.756-.064L13 10.994V8.375c0-2.522-.003-2.624-.078-2.772-.214-.418-.685-.656-1.122-.566\"\/><\/svg><\/span>\n\t\t\t\t\t<span class=\"t2-accordion-icon is-open-icon\"><svg xmlns=\"http:\/\/www.w3.org\/2000\/svg\" viewBox=\"0 0 24 24\" height=\"24\" width=\"24\" class=\"t2-icon t2-icon-chevronup\" aria-hidden=\"true\" focusable=\"false\"><path d=\"M6.7 14.7c-.2-.2-.3-.4-.3-.7s.1-.5.3-.7l4.6-4.6c.1-.1.2-.2.3-.2.1 0 .2-.1.4-.1.1 0 .3 0 .4.1.1 0 .2.1.3.2l4.6 4.6c.2.2.3.4.3.7s-.1.5-.3.7c-.2.2-.4.3-.7.3s-.5-.1-.7-.3L12 10.8l-3.9 3.9c-.2.2-.4.3-.7.3s-.5-.1-.7-.3z\" fill=\"currentColor\" \/><\/svg><\/span>\n\t\t\t\t<\/button>\n\t\t\t<\/h2>\n\t\t\t<div class=\"t2-accordion-item__inner-container is-layout-flow\" id=\"accordion-panel\" aria-labelledby=\"konferansetimer\" role=\"region\" hidden>\n\t\t\t\t\n\n<p>Vanligvis vil dere bli innkalt til konferansetime min. 2 ganger pr. \u00e5r. Tema p\u00e5 konferansetimene er:<\/p>\n\n\n\n<ul class=\"wp-block-list\">\n<li>Avtale om samarbeid og kommunikasjon, eks. hvordan\/n\u00e5r\/hvor ofte \u00f8nsker dere at vi kontakter dere.<\/li>\n\n\n\n<li>Elevens individuelle oppl\u00e6ringsplan (IOP), samt evt. endringer i denne i l\u00f8pet av \u00e5ret.<\/li>\n\n\n\n<li>Dr\u00f8ftinger rundt elevens utvikling, utfordringer og mestringsopplevelser.<\/li>\n\n\n\n<li>Dr\u00f8ftinger rundt tilrettelegging av oppl\u00e6ringen.<\/li>\n\n\n\n<li>Diverse fullmakter\/formaliteter.<\/li>\n<\/ul>\n\n\n\n<p>Dere er ogs\u00e5 selv velkommen til \u00e5 ta initiativ til m\u00f8ter med kontaktl\u00e6rer, r\u00e5dgivere eller ledelsen.<\/p>\n\n\n\t\t\t<\/div>\n\t\t<\/div>\n\n<div class=\"t2-accordion-item wp-block-t2-accordion-item\" role=\"listitem\">\n\t\t\t<h2 class=\"t2-accordion-title\">\n\t\t\t\t<button type=\"button\" class=\"t2-accordion-trigger\" id=\"kontaktl\u00e6rer\" aria-controls=\"accordion-panel-1\" aria-expanded=\"false\">\n\t\t\t\t\tKontaktl\u00e6rer\n\t\t\t\t\t<span class=\"t2-accordion-icon is-closed-icon\"><svg xmlns=\"http:\/\/www.w3.org\/2000\/svg\" viewBox=\"0 0 24 24\" height=\"24\" width=\"24\" class=\"t2-icon t2-icon-plus\" aria-hidden=\"true\" focusable=\"false\"><path d=\"M11.8 5.037a1.088 1.088 0 0 0-.722.566c-.075.148-.078.25-.078 2.772v2.619l-2.61.016c-1.867.012-2.652.03-2.756.064-.168.055-.438.301-.54.494-.049.092-.07.223-.07.432 0 .34.054.476.282.704.289.289.14.275 3.064.288l2.63.012v2.619c0 2.544.002 2.625.08 2.778.191.372.516.577.92.577s.729-.205.92-.577c.078-.153.08-.234.08-2.778v-2.619l2.63-.012c2.924-.013 2.775.001 3.064-.288.228-.228.282-.364.282-.704 0-.209-.021-.34-.07-.432-.102-.193-.372-.439-.54-.494-.104-.034-.889-.052-2.756-.064L13 10.994V8.375c0-2.522-.003-2.624-.078-2.772-.214-.418-.685-.656-1.122-.566\"\/><\/svg><\/span>\n\t\t\t\t\t<span class=\"t2-accordion-icon is-open-icon\"><svg xmlns=\"http:\/\/www.w3.org\/2000\/svg\" viewBox=\"0 0 24 24\" height=\"24\" width=\"24\" class=\"t2-icon t2-icon-chevronup\" aria-hidden=\"true\" focusable=\"false\"><path d=\"M6.7 14.7c-.2-.2-.3-.4-.3-.7s.1-.5.3-.7l4.6-4.6c.1-.1.2-.2.3-.2.1 0 .2-.1.4-.1.1 0 .3 0 .4.1.1 0 .2.1.3.2l4.6 4.6c.2.2.3.4.3.7s-.1.5-.3.7c-.2.2-.4.3-.7.3s-.5-.1-.7-.3L12 10.8l-3.9 3.9c-.2.2-.4.3-.7.3s-.5-.1-.7-.3z\" fill=\"currentColor\" \/><\/svg><\/span>\n\t\t\t\t<\/button>\n\t\t\t<\/h2>\n\t\t\t<div class=\"t2-accordion-item__inner-container is-layout-flow\" id=\"accordion-panel-1\" aria-labelledby=\"kontaktl\u00e6rer\" role=\"region\" hidden>\n\t\t\t\t\n\n<p>Hver elev har sin kontaktl\u00e6rer som har hovedansvaret for kontakten med foreldre\/foresatte i det daglige. Kontaktl\u00e6rer deltar ogs\u00e5 i elevens ansvarsgruppe. Navn og telefonnummer finner du i listen foran.<\/p>\n\n\n\t\t\t<\/div>\n\t\t<\/div>\n\n<div class=\"t2-accordion-item wp-block-t2-accordion-item\" role=\"listitem\">\n\t\t\t<h2 class=\"t2-accordion-title\">\n\t\t\t\t<button type=\"button\" class=\"t2-accordion-trigger\" id=\"ansvarsgrupper\" aria-controls=\"accordion-panel-2\" aria-expanded=\"false\">\n\t\t\t\t\tAnsvarsgrupper\n\t\t\t\t\t<span class=\"t2-accordion-icon is-closed-icon\"><svg xmlns=\"http:\/\/www.w3.org\/2000\/svg\" viewBox=\"0 0 24 24\" height=\"24\" width=\"24\" class=\"t2-icon t2-icon-plus\" aria-hidden=\"true\" focusable=\"false\"><path d=\"M11.8 5.037a1.088 1.088 0 0 0-.722.566c-.075.148-.078.25-.078 2.772v2.619l-2.61.016c-1.867.012-2.652.03-2.756.064-.168.055-.438.301-.54.494-.049.092-.07.223-.07.432 0 .34.054.476.282.704.289.289.14.275 3.064.288l2.63.012v2.619c0 2.544.002 2.625.08 2.778.191.372.516.577.92.577s.729-.205.92-.577c.078-.153.08-.234.08-2.778v-2.619l2.63-.012c2.924-.013 2.775.001 3.064-.288.228-.228.282-.364.282-.704 0-.209-.021-.34-.07-.432-.102-.193-.372-.439-.54-.494-.104-.034-.889-.052-2.756-.064L13 10.994V8.375c0-2.522-.003-2.624-.078-2.772-.214-.418-.685-.656-1.122-.566\"\/><\/svg><\/span>\n\t\t\t\t\t<span class=\"t2-accordion-icon is-open-icon\"><svg xmlns=\"http:\/\/www.w3.org\/2000\/svg\" viewBox=\"0 0 24 24\" height=\"24\" width=\"24\" class=\"t2-icon t2-icon-chevronup\" aria-hidden=\"true\" focusable=\"false\"><path d=\"M6.7 14.7c-.2-.2-.3-.4-.3-.7s.1-.5.3-.7l4.6-4.6c.1-.1.2-.2.3-.2.1 0 .2-.1.4-.1.1 0 .3 0 .4.1.1 0 .2.1.3.2l4.6 4.6c.2.2.3.4.3.7s-.1.5-.3.7c-.2.2-.4.3-.7.3s-.5-.1-.7-.3L12 10.8l-3.9 3.9c-.2.2-.4.3-.7.3s-.5-.1-.7-.3z\" fill=\"currentColor\" \/><\/svg><\/span>\n\t\t\t\t<\/button>\n\t\t\t<\/h2>\n\t\t\t<div class=\"t2-accordion-item__inner-container is-layout-flow\" id=\"accordion-panel-2\" aria-labelledby=\"ansvarsgrupper\" role=\"region\" hidden>\n\t\t\t\t\n\n<p>Dersom det er en ansvarsgruppe rundt eleven \u00f8nsker skolen \u00e5 delta med en representant. Vi ville satt pris p\u00e5 evt. opplysninger om det finnes en ansvarsgruppe, samt en invitasjon til \u00e5 delta.<\/p>\n\n\n\n<p>Det er \u00f8nskelig fra skolens side at ansvarsgruppem\u00f8ter som m\u00e5 finne sted p\u00e5 dagtid, arrangeres p\u00e5 skolen. Vi kan stille lokaler til r\u00e5dighet.<\/p>\n\n\n\t\t\t<\/div>\n\t\t<\/div>\n\n<div class=\"t2-accordion-item wp-block-t2-accordion-item\" role=\"listitem\">\n\t\t\t<h2 class=\"t2-accordion-title\">\n\t\t\t\t<button type=\"button\" class=\"t2-accordion-trigger\" id=\"individuell-oppl\u00e6ringsplan-(iop)\" aria-controls=\"accordion-panel-3\" aria-expanded=\"false\">\n\t\t\t\t\tIndividuell oppl\u00e6ringsplan (IOP)\n\t\t\t\t\t<span class=\"t2-accordion-icon is-closed-icon\"><svg xmlns=\"http:\/\/www.w3.org\/2000\/svg\" viewBox=\"0 0 24 24\" height=\"24\" width=\"24\" class=\"t2-icon t2-icon-plus\" aria-hidden=\"true\" focusable=\"false\"><path d=\"M11.8 5.037a1.088 1.088 0 0 0-.722.566c-.075.148-.078.25-.078 2.772v2.619l-2.61.016c-1.867.012-2.652.03-2.756.064-.168.055-.438.301-.54.494-.049.092-.07.223-.07.432 0 .34.054.476.282.704.289.289.14.275 3.064.288l2.63.012v2.619c0 2.544.002 2.625.08 2.778.191.372.516.577.92.577s.729-.205.92-.577c.078-.153.08-.234.08-2.778v-2.619l2.63-.012c2.924-.013 2.775.001 3.064-.288.228-.228.282-.364.282-.704 0-.209-.021-.34-.07-.432-.102-.193-.372-.439-.54-.494-.104-.034-.889-.052-2.756-.064L13 10.994V8.375c0-2.522-.003-2.624-.078-2.772-.214-.418-.685-.656-1.122-.566\"\/><\/svg><\/span>\n\t\t\t\t\t<span class=\"t2-accordion-icon is-open-icon\"><svg xmlns=\"http:\/\/www.w3.org\/2000\/svg\" viewBox=\"0 0 24 24\" height=\"24\" width=\"24\" class=\"t2-icon t2-icon-chevronup\" aria-hidden=\"true\" focusable=\"false\"><path d=\"M6.7 14.7c-.2-.2-.3-.4-.3-.7s.1-.5.3-.7l4.6-4.6c.1-.1.2-.2.3-.2.1 0 .2-.1.4-.1.1 0 .3 0 .4.1.1 0 .2.1.3.2l4.6 4.6c.2.2.3.4.3.7s-.1.5-.3.7c-.2.2-.4.3-.7.3s-.5-.1-.7-.3L12 10.8l-3.9 3.9c-.2.2-.4.3-.7.3s-.5-.1-.7-.3z\" fill=\"currentColor\" \/><\/svg><\/span>\n\t\t\t\t<\/button>\n\t\t\t<\/h2>\n\t\t\t<div class=\"t2-accordion-item__inner-container is-layout-flow\" id=\"accordion-panel-3\" aria-labelledby=\"individuell-oppl\u00e6ringsplan-(iop)\" role=\"region\" hidden>\n\t\t\t\t\n\n<p>Alle v\u00e5re elever har individuell oppl\u00e6ringsplan. Den inneholder en kartleggingsdel og en plandel. Vi kartlegger elevens styrker og utfordringer, faglig og sosialt. Denne kartleggingen skal danne grunnlag for planene som legges, sammen med elevens egne m\u00e5l for sin oppl\u00e6ring. For elever under 18 \u00e5r skal IOP\u00b4en signeres av foreldre\/foresatte. Innholdet i elevens IOP vil v\u00e6re et hovedtema p\u00e5 den f\u00f8rste konferansetimen.<\/p>\n\n\n\n<p>I l\u00f8pet av \u00e5ret kan det bli behov for \u00e5 endre IOP\u00b4en. Dette kan v\u00e6re fordi eleven \u00f8nsker \u00e5 skifte oppl\u00e6ringsgruppe, eller at forutsetninger endrer seg. Dersom IOP\u00b4en skal endres skal ogs\u00e5 elevens foreldre\/foresatte delta i dr\u00f8ftinger om dette.<\/p>\n\n\n\t\t\t<\/div>\n\t\t<\/div>\n\n<div class=\"t2-accordion-item wp-block-t2-accordion-item\" role=\"listitem\">\n\t\t\t<h2 class=\"t2-accordion-title\">\n\t\t\t\t<button type=\"button\" class=\"t2-accordion-trigger\" id=\"taushetsplikt\" aria-controls=\"accordion-panel-4\" aria-expanded=\"false\">\n\t\t\t\t\tTaushetsplikt\n\t\t\t\t\t<span class=\"t2-accordion-icon is-closed-icon\"><svg xmlns=\"http:\/\/www.w3.org\/2000\/svg\" viewBox=\"0 0 24 24\" height=\"24\" width=\"24\" class=\"t2-icon t2-icon-plus\" aria-hidden=\"true\" focusable=\"false\"><path d=\"M11.8 5.037a1.088 1.088 0 0 0-.722.566c-.075.148-.078.25-.078 2.772v2.619l-2.61.016c-1.867.012-2.652.03-2.756.064-.168.055-.438.301-.54.494-.049.092-.07.223-.07.432 0 .34.054.476.282.704.289.289.14.275 3.064.288l2.63.012v2.619c0 2.544.002 2.625.08 2.778.191.372.516.577.92.577s.729-.205.92-.577c.078-.153.08-.234.08-2.778v-2.619l2.63-.012c2.924-.013 2.775.001 3.064-.288.228-.228.282-.364.282-.704 0-.209-.021-.34-.07-.432-.102-.193-.372-.439-.54-.494-.104-.034-.889-.052-2.756-.064L13 10.994V8.375c0-2.522-.003-2.624-.078-2.772-.214-.418-.685-.656-1.122-.566\"\/><\/svg><\/span>\n\t\t\t\t\t<span class=\"t2-accordion-icon is-open-icon\"><svg xmlns=\"http:\/\/www.w3.org\/2000\/svg\" viewBox=\"0 0 24 24\" height=\"24\" width=\"24\" class=\"t2-icon t2-icon-chevronup\" aria-hidden=\"true\" focusable=\"false\"><path d=\"M6.7 14.7c-.2-.2-.3-.4-.3-.7s.1-.5.3-.7l4.6-4.6c.1-.1.2-.2.3-.2.1 0 .2-.1.4-.1.1 0 .3 0 .4.1.1 0 .2.1.3.2l4.6 4.6c.2.2.3.4.3.7s-.1.5-.3.7c-.2.2-.4.3-.7.3s-.5-.1-.7-.3L12 10.8l-3.9 3.9c-.2.2-.4.3-.7.3s-.5-.1-.7-.3z\" fill=\"currentColor\" \/><\/svg><\/span>\n\t\t\t\t<\/button>\n\t\t\t<\/h2>\n\t\t\t<div class=\"t2-accordion-item__inner-container is-layout-flow\" id=\"accordion-panel-4\" aria-labelledby=\"taushetsplikt\" role=\"region\" hidden>\n\t\t\t\t\n\n<p>Skolens medarbeidere har ikke taushetsplikt overfor elevens foreldre\/foresatte s\u00e5 lenge eleven er under 18 \u00e5r. N\u00e5r eleven blir 18 \u00e5r m\u00e5 eleven ta stilling til om han\/hun vil frita skolens medarbeidere for taushetsplikten. Det er skolens generelle holdning at det er det beste for eleven at skolen fritas for taushetsplikt overfor foreldre\/foresatte og vi vil oppfordre foreldre\/foresatte til \u00e5 dr\u00f8fte dette med eleven n\u00e5r han n\u00e6rmer seg myndighetsalderen.<\/p>\n\n\n\t\t\t<\/div>\n\t\t<\/div>\n<\/div>\n\n\n<div class=\"wp-block-media-text alignwide is-stacked-on-mobile is-style-filled\"><figure class=\"wp-block-media-text__media\"><img loading=\"lazy\" decoding=\"async\" width=\"1024\" height=\"740\" src=\"https:\/\/kirkensbymisjon.no\/content\/uploads\/sites\/43\/2024\/06\/Tilbud_Vibemyr_01-1024x740.jpg\" alt=\"Elev under oppl\u00e6ring\" class=\"wp-image-6 size-full\" srcset=\"https:\/\/kirkensbymisjon.no\/content\/uploads\/sites\/43\/2024\/06\/Tilbud_Vibemyr_01-1024x740.jpg 1024w, https:\/\/kirkensbymisjon.no\/content\/uploads\/sites\/43\/2024\/06\/Tilbud_Vibemyr_01-300x217.jpg 300w, https:\/\/kirkensbymisjon.no\/content\/uploads\/sites\/43\/2024\/06\/Tilbud_Vibemyr_01-768x555.jpg 768w, https:\/\/kirkensbymisjon.no\/content\/uploads\/sites\/43\/2024\/06\/Tilbud_Vibemyr_01-1536x1110.jpg 1536w, https:\/\/kirkensbymisjon.no\/content\/uploads\/sites\/43\/2024\/06\/Tilbud_Vibemyr_01.jpg 1701w\" sizes=\"auto, (max-width: 1024px) 100vw, 1024px\" \/><\/figure><div class=\"wp-block-media-text__content\">\n<h2 class=\"wp-block-heading\" id=\"h-har-du-sporsmal-eller-andre-henvendelser\">Har du sp\u00f8rsm\u00e5l eller andre henvendelser?<\/h2>\n\n\n\n<p><a href=\"https:\/\/kirkensbymisjon.no\/tilbud-vibemyr-skoleverksted\/kontaktinformasjon\/#kontaktpersoner\">Kontakt oss.<\/a><\/p>\n<\/div><\/div>\n","protected":false},"excerpt":{"rendered":"<p>Det er viktig for oss med godt samarbeid og god dialog med v\u00e5re elevers foreldre\/foresatte.&hellip;<\/p>\n","protected":false},"author":6,"featured_media":0,"parent":0,"menu_order":0,"comment_status":"closed","ping_status":"closed","template":"","meta":{"_relevanssi_hide_post":"","_relevanssi_hide_content":"","_relevanssi_pin_for_all":"","_relevanssi_pin_keywords":"","_relevanssi_unpin_keywords":"","_relevanssi_related_keywords":"","_relevanssi_related_include_ids":"","_relevanssi_related_exclude_ids":"","_relevanssi_related_no_append":"","_relevanssi_related_not_related":"","_relevanssi_related_posts":"1","_relevanssi_noindex_reason":"","editor_notices":[],"footnotes":""},"class_list":["post-13","page","type-page","status-publish","hentry"],"yoast_head":"<!-- This site is optimized with the Yoast SEO Premium plugin v27.2 (Yoast SEO v27.2) - https:\/\/yoast.com\/product\/yoast-seo-premium-wordpress\/ -->\n<title>For foresatte - Vibemyr skoleverksted<\/title>\n<meta name=\"robots\" content=\"index, follow, max-snippet:-1, max-image-preview:large, max-video-preview:-1\" \/>\n<link rel=\"canonical\" href=\"https:\/\/kirkensbymisjon.no\/tilbud-vibemyr-skoleverksted\/for-foresatte\/\" \/>\n<meta property=\"og:locale\" content=\"nb_NO\" \/>\n<meta property=\"og:type\" content=\"article\" \/>\n<meta property=\"og:title\" content=\"For foresatte\" \/>\n<meta property=\"og:description\" content=\"Det er viktig for oss med godt samarbeid og god dialog med v\u00e5re elevers foreldre\/foresatte.&hellip;\" \/>\n<meta property=\"og:url\" content=\"https:\/\/kirkensbymisjon.no\/tilbud-vibemyr-skoleverksted\/for-foresatte\/\" \/>\n<meta property=\"og:site_name\" content=\"Vibemyr skoleverksted\" \/>\n<meta property=\"article:modified_time\" content=\"2025-09-02T09:04:19+00:00\" \/>\n<meta property=\"og:image\" content=\"https:\/\/kirkensbymisjon.no\/content\/uploads\/sites\/43\/2024\/06\/Tilbud_Vibemyr_01.jpg\" \/>\n\t<meta property=\"og:image:width\" content=\"1701\" \/>\n\t<meta property=\"og:image:height\" content=\"1229\" \/>\n\t<meta property=\"og:image:type\" content=\"image\/jpeg\" \/>\n<meta name=\"twitter:card\" content=\"summary_large_image\" \/>\n<script type=\"application\/ld+json\" class=\"yoast-schema-graph\">{\"@context\":\"https:\/\/schema.org\",\"@graph\":[{\"@type\":\"WebPage\",\"@id\":\"https:\/\/kirkensbymisjon.no\/tilbud-vibemyr-skoleverksted\/for-foresatte\/\",\"url\":\"https:\/\/kirkensbymisjon.no\/tilbud-vibemyr-skoleverksted\/for-foresatte\/\",\"name\":\"For foresatte - Vibemyr skoleverksted\",\"isPartOf\":{\"@id\":\"https:\/\/kirkensbymisjon.no\/tilbud-vibemyr-skoleverksted\/#website\"},\"primaryImageOfPage\":{\"@id\":\"https:\/\/kirkensbymisjon.no\/tilbud-vibemyr-skoleverksted\/for-foresatte\/#primaryimage\"},\"image\":{\"@id\":\"https:\/\/kirkensbymisjon.no\/tilbud-vibemyr-skoleverksted\/for-foresatte\/#primaryimage\"},\"thumbnailUrl\":\"https:\/\/kirkensbymisjon.no\/content\/uploads\/sites\/43\/2024\/06\/Tilbud_Vibemyr_01-1024x740.jpg\",\"datePublished\":\"2024-07-24T11:06:01+00:00\",\"dateModified\":\"2025-09-02T09:04:19+00:00\",\"breadcrumb\":{\"@id\":\"https:\/\/kirkensbymisjon.no\/tilbud-vibemyr-skoleverksted\/for-foresatte\/#breadcrumb\"},\"inLanguage\":\"nb-NO\",\"potentialAction\":[{\"@type\":\"ReadAction\",\"target\":[\"https:\/\/kirkensbymisjon.no\/tilbud-vibemyr-skoleverksted\/for-foresatte\/\"]}]},{\"@type\":\"ImageObject\",\"inLanguage\":\"nb-NO\",\"@id\":\"https:\/\/kirkensbymisjon.no\/tilbud-vibemyr-skoleverksted\/for-foresatte\/#primaryimage\",\"url\":\"https:\/\/kirkensbymisjon.no\/content\/uploads\/sites\/43\/2024\/06\/Tilbud_Vibemyr_01-1024x740.jpg\",\"contentUrl\":\"https:\/\/kirkensbymisjon.no\/content\/uploads\/sites\/43\/2024\/06\/Tilbud_Vibemyr_01-1024x740.jpg\"},{\"@type\":\"BreadcrumbList\",\"@id\":\"https:\/\/kirkensbymisjon.no\/tilbud-vibemyr-skoleverksted\/for-foresatte\/#breadcrumb\",\"itemListElement\":[{\"@type\":\"ListItem\",\"position\":1,\"name\":\"Hjem\",\"item\":\"https:\/\/kirkensbymisjon.no\/tilbud-vibemyr-skoleverksted\/\"},{\"@type\":\"ListItem\",\"position\":2,\"name\":\"For foresatte\"}]},{\"@type\":\"WebSite\",\"@id\":\"https:\/\/kirkensbymisjon.no\/tilbud-vibemyr-skoleverksted\/#website\",\"url\":\"https:\/\/kirkensbymisjon.no\/tilbud-vibemyr-skoleverksted\/\",\"name\":\"Vibemyr skoleverksted\",\"description\":\"\",\"potentialAction\":[{\"@type\":\"SearchAction\",\"target\":{\"@type\":\"EntryPoint\",\"urlTemplate\":\"https:\/\/kirkensbymisjon.no\/tilbud-vibemyr-skoleverksted\/?s={search_term_string}\"},\"query-input\":{\"@type\":\"PropertyValueSpecification\",\"valueRequired\":true,\"valueName\":\"search_term_string\"}}],\"inLanguage\":\"nb-NO\"}]}<\/script>\n<!-- \/ Yoast SEO Premium plugin. -->","yoast_head_json":{"title":"For foresatte - Vibemyr skoleverksted","robots":{"index":"index","follow":"follow","max-snippet":"max-snippet:-1","max-image-preview":"max-image-preview:large","max-video-preview":"max-video-preview:-1"},"canonical":"https:\/\/kirkensbymisjon.no\/tilbud-vibemyr-skoleverksted\/for-foresatte\/","og_locale":"nb_NO","og_type":"article","og_title":"For foresatte","og_description":"Det er viktig for oss med godt samarbeid og god dialog med v\u00e5re elevers foreldre\/foresatte.&hellip;","og_url":"https:\/\/kirkensbymisjon.no\/tilbud-vibemyr-skoleverksted\/for-foresatte\/","og_site_name":"Vibemyr skoleverksted","article_modified_time":"2025-09-02T09:04:19+00:00","og_image":[{"width":1701,"height":1229,"url":"https:\/\/kirkensbymisjon.no\/content\/uploads\/sites\/43\/2024\/06\/Tilbud_Vibemyr_01.jpg","type":"image\/jpeg"}],"twitter_card":"summary_large_image","schema":{"@context":"https:\/\/schema.org","@graph":[{"@type":"WebPage","@id":"https:\/\/kirkensbymisjon.no\/tilbud-vibemyr-skoleverksted\/for-foresatte\/","url":"https:\/\/kirkensbymisjon.no\/tilbud-vibemyr-skoleverksted\/for-foresatte\/","name":"For foresatte - Vibemyr skoleverksted","isPartOf":{"@id":"https:\/\/kirkensbymisjon.no\/tilbud-vibemyr-skoleverksted\/#website"},"primaryImageOfPage":{"@id":"https:\/\/kirkensbymisjon.no\/tilbud-vibemyr-skoleverksted\/for-foresatte\/#primaryimage"},"image":{"@id":"https:\/\/kirkensbymisjon.no\/tilbud-vibemyr-skoleverksted\/for-foresatte\/#primaryimage"},"thumbnailUrl":"https:\/\/kirkensbymisjon.no\/content\/uploads\/sites\/43\/2024\/06\/Tilbud_Vibemyr_01-1024x740.jpg","datePublished":"2024-07-24T11:06:01+00:00","dateModified":"2025-09-02T09:04:19+00:00","breadcrumb":{"@id":"https:\/\/kirkensbymisjon.no\/tilbud-vibemyr-skoleverksted\/for-foresatte\/#breadcrumb"},"inLanguage":"nb-NO","potentialAction":[{"@type":"ReadAction","target":["https:\/\/kirkensbymisjon.no\/tilbud-vibemyr-skoleverksted\/for-foresatte\/"]}]},{"@type":"ImageObject","inLanguage":"nb-NO","@id":"https:\/\/kirkensbymisjon.no\/tilbud-vibemyr-skoleverksted\/for-foresatte\/#primaryimage","url":"https:\/\/kirkensbymisjon.no\/content\/uploads\/sites\/43\/2024\/06\/Tilbud_Vibemyr_01-1024x740.jpg","contentUrl":"https:\/\/kirkensbymisjon.no\/content\/uploads\/sites\/43\/2024\/06\/Tilbud_Vibemyr_01-1024x740.jpg"},{"@type":"BreadcrumbList","@id":"https:\/\/kirkensbymisjon.no\/tilbud-vibemyr-skoleverksted\/for-foresatte\/#breadcrumb","itemListElement":[{"@type":"ListItem","position":1,"name":"Hjem","item":"https:\/\/kirkensbymisjon.no\/tilbud-vibemyr-skoleverksted\/"},{"@type":"ListItem","position":2,"name":"For foresatte"}]},{"@type":"WebSite","@id":"https:\/\/kirkensbymisjon.no\/tilbud-vibemyr-skoleverksted\/#website","url":"https:\/\/kirkensbymisjon.no\/tilbud-vibemyr-skoleverksted\/","name":"Vibemyr skoleverksted","description":"","potentialAction":[{"@type":"SearchAction","target":{"@type":"EntryPoint","urlTemplate":"https:\/\/kirkensbymisjon.no\/tilbud-vibemyr-skoleverksted\/?s={search_term_string}"},"query-input":{"@type":"PropertyValueSpecification","valueRequired":true,"valueName":"search_term_string"}}],"inLanguage":"nb-NO"}]}},"_links":{"self":[{"href":"https:\/\/kirkensbymisjon.no\/tilbud-vibemyr-skoleverksted\/wp-json\/wp\/v2\/pages\/13","targetHints":{"allow":["GET"]}}],"collection":[{"href":"https:\/\/kirkensbymisjon.no\/tilbud-vibemyr-skoleverksted\/wp-json\/wp\/v2\/pages"}],"about":[{"href":"https:\/\/kirkensbymisjon.no\/tilbud-vibemyr-skoleverksted\/wp-json\/wp\/v2\/types\/page"}],"author":[{"embeddable":true,"href":"https:\/\/kirkensbymisjon.no\/tilbud-vibemyr-skoleverksted\/wp-json\/wp\/v2\/users\/6"}],"replies":[{"embeddable":true,"href":"https:\/\/kirkensbymisjon.no\/tilbud-vibemyr-skoleverksted\/wp-json\/wp\/v2\/comments?post=13"}],"version-history":[{"count":5,"href":"https:\/\/kirkensbymisjon.no\/tilbud-vibemyr-skoleverksted\/wp-json\/wp\/v2\/pages\/13\/revisions"}],"predecessor-version":[{"id":140,"href":"https:\/\/kirkensbymisjon.no\/tilbud-vibemyr-skoleverksted\/wp-json\/wp\/v2\/pages\/13\/revisions\/140"}],"wp:attachment":[{"href":"https:\/\/kirkensbymisjon.no\/tilbud-vibemyr-skoleverksted\/wp-json\/wp\/v2\/media?parent=13"}],"curies":[{"name":"wp","href":"https:\/\/api.w.org\/{rel}","templated":true}]}}