{"id":3,"date":"2024-06-18T13:41:15","date_gmt":"2024-06-18T11:41:15","guid":{"rendered":"https:\/\/kirkensbymisjon.no\/tilbud-vibemyr-skoleverksted\/forside\/"},"modified":"2025-09-02T10:59:24","modified_gmt":"2025-09-02T08:59:24","slug":"forside","status":"publish","type":"page","link":"https:\/\/kirkensbymisjon.no\/tilbud-vibemyr-skoleverksted\/","title":{"rendered":"Forside"},"content":{"rendered":"\n<h2 class=\"wp-block-heading\" id=\"h-hva-tilbyr-vibemyr-skoleverksted\">Hva tilbyr Vibemyr skoleverksted?<\/h2>\n\n\n\n<p><a href=\"https:\/\/kirkensbymisjon.no\/tilbud-vibemyr-skoleverksted\/om-skoleverkstedet\/\"><strong>Her<\/strong><\/a> kan du lese mer om <strong>undervisningen, v\u00e5re studieretninger, v\u00e5rt oppl\u00e6ringstilbud <\/strong>og<strong> hospitering<\/strong>.<\/p>\n\n\n\n<p>Se ogs\u00e5 nyttig informasjon<strong> <a href=\"https:\/\/kirkensbymisjon.no\/tilbud-vibemyr-skoleverksted\/for-elever\/\">for elever<\/a><\/strong> og <strong><a href=\"https:\/\/kirkensbymisjon.no\/tilbud-vibemyr-skoleverksted\/for-foresatte\/\">for foresatte<\/a>. <\/strong><\/p>\n\n\n\n<p>Har du sp\u00f8rsm\u00e5l eller andre henvendelser? <a href=\"https:\/\/kirkensbymisjon.no\/tilbud-vibemyr-skoleverksted\/kontaktinformasjon\/#kontaktpersoner\"><strong>Kontakt oss.<\/strong><\/a><\/p>\n\n\n\n<div class=\"wp-block-media-text alignwide is-stacked-on-mobile is-style-filled\"><figure class=\"wp-block-media-text__media\"><img loading=\"lazy\" decoding=\"async\" width=\"1000\" height=\"500\" src=\"https:\/\/kirkensbymisjon.no\/content\/uploads\/sites\/43\/2024\/08\/tilbud_vibemyr_02.jpg\" alt=\"Arbeider\" class=\"wp-image-60 size-full\" srcset=\"https:\/\/kirkensbymisjon.no\/content\/uploads\/sites\/43\/2024\/08\/tilbud_vibemyr_02.jpg 1000w, https:\/\/kirkensbymisjon.no\/content\/uploads\/sites\/43\/2024\/08\/tilbud_vibemyr_02-300x150.jpg 300w, https:\/\/kirkensbymisjon.no\/content\/uploads\/sites\/43\/2024\/08\/tilbud_vibemyr_02-768x384.jpg 768w\" sizes=\"auto, (max-width: 1000px) 100vw, 1000px\" \/><\/figure><div class=\"wp-block-media-text__content\">\n<h1 class=\"wp-block-heading\" id=\"h-vil-du-bli-elev-pa-vibemyr-skoleverksted\">Vil du bli elev p\u00e5 Vibemyr skoleverksted?<\/h1>\n\n\n\n<p>V\u00e5rt m\u00e5l er at du skal f\u00e5 og beholde din f\u00f8rste jobb ut fra dine evner!<\/p>\n\n\n\n<p>Vi er en avdeling under Gand videreg\u00e5ende skole i Sandnes. Tilbudet er drevet og eid av Kirkens Bymisjon, p\u00e5 oppdrag for Rogaland fylkeskommune.<\/p>\n<\/div><\/div>\n\n\n\t<div class=\"alignwide wp-block-kbm-link-list\">\n\t\t<div class=\"kbm-link-list__items\">\n\t\t\t\n<a class=\"wp-block-kbm-link-list-item\" href=\"https:\/\/kirkensbymisjon.no\/tilbud-vibemyr-skoleverksted\/for-elever\/\">\t<svg xmlns=\"http:\/\/www.w3.org\/2000\/svg\" viewBox=\"0 0 48 48\" height=\"24\" width=\"24\" class=\"t2-icon t2-icon-substanceabuse\" aria-hidden=\"true\" focusable=\"false\"><path d=\"M12.56 9.154c-1.341.298-2.645 1.02-3.574 1.979C7.697 12.465 7.02 14.139 7.02 16c0 1.434.389 2.738 1.147 3.847 1.839 2.689 5.013 3.786 8.045 2.781 2.343-.777 4.141-2.82 4.672-5.308.157-.736.12-2.2-.074-2.939-.374-1.42-.887-2.311-1.927-3.341-.989-.98-2.132-1.604-3.441-1.88-.683-.143-2.248-.147-2.882-.006m19.96.013c-.635.139-1.595.533-2.262.927-.582.343-1.821 1.582-2.164 2.164-.801 1.355-1.097 2.524-1.03 4.056.053 1.203.179 1.707.694 2.766a6.659 6.659 0 0 0 3.162 3.162c1.198.583 1.617.675 3.08.675s1.882-.092 3.08-.675a6.878 6.878 0 0 0 2.325-1.823c.5-.602 1.152-1.869 1.369-2.659.108-.395.143-.818.143-1.76 0-1.463-.092-1.882-.675-3.08a6.878 6.878 0 0 0-1.823-2.325c-.59-.49-1.865-1.151-2.619-1.357-.694-.191-2.555-.231-3.28-.071M8.438 28.079c-2.389.351-4.344 1.951-5.133 4.201l-.225.64-.024 3.02-.025 3.02h17.586l.048-1.06c.071-1.592.431-2.97 1.156-4.42.413-.828 1.123-1.894 1.7-2.553.219-.251.399-.497.399-.548 0-.149-.879-.956-1.44-1.322a7.39 7.39 0 0 0-1.133-.577c-1.197-.462-1.483-.481-7.257-.47-2.888.005-5.431.037-5.652.069m24.251.006c-1.748.203-3.4.813-4.929 1.82-.842.555-2.146 1.809-2.743 2.638-1.226 1.702-1.977 3.887-1.977 5.747v.67h21.92v-.67c0-1.861-.751-4.045-1.978-5.748-.523-.727-1.755-1.947-2.502-2.478-2.187-1.554-5.092-2.292-7.791-1.979\"\/><\/svg>\t<div class=\"kbm-link-list-item__content\">\n\t\t<p class=\"kbm-link-list-item__title\">For elever<\/p>\n\t\t\t\t\t<p class=\"kbm-link-list-item__description\">Du har valgt \u00e5 g\u00e5 p\u00e5 videreg\u00e5ende skole, og vi vil gj\u00f8re det vi kan for \u00e5 hjelpe deg med \u00e5 n\u00e5 dine m\u00e5l. <\/p>\n\t\t\t<\/div>\n\t<\/a>\n\n<a class=\"wp-block-kbm-link-list-item\" href=\"https:\/\/kirkensbymisjon.no\/tilbud-vibemyr-skoleverksted\/for-foresatte\">\t<svg xmlns=\"http:\/\/www.w3.org\/2000\/svg\" viewBox=\"0 0 48 48\" height=\"24\" width=\"24\" class=\"t2-icon t2-icon-conversations\" aria-hidden=\"true\" focusable=\"false\"><path d=\"M17.32 3.094c-5.657.702-10.128 3.89-11.592 8.266-.429 1.281-.554 2.15-.503 3.48.091 2.359.84 4.177 2.637 6.4l.194.24-1.547 2.48a1047.26 1047.26 0 0 0-2.025 3.256l-.477.776 2.297-.788c1.263-.433 3.316-1.138 4.562-1.568l2.266-.78.934.293c1.466.46 1.347.473 1.814-.197 2.253-3.232 6.618-5.596 11.23-6.078.871-.091 3.664-.057 4.456.054l.326.046.22-.49c.601-1.341.867-2.55.87-3.964.003-1.161-.111-1.889-.471-3-.548-1.693-1.441-3.086-2.858-4.456-2.194-2.121-5.095-3.478-8.345-3.904-.83-.109-3.313-.15-3.988-.066m9.974 16.986c-4.999.527-9.314 3.225-11.195 7-1.41 2.83-1.427 5.935-.047 8.712 2.876 5.789 10.846 8.631 17.838 6.361l.97-.315 4.51 1.553c2.481.855 4.521 1.543 4.534 1.53.014-.013-.878-1.472-1.981-3.242l-2.005-3.219.429-.53c1.19-1.471 1.904-2.945 2.27-4.685.168-.797.184-2.557.031-3.405-.236-1.313-.826-2.755-1.62-3.96-.612-.929-2.306-2.599-3.308-3.26-1.897-1.254-4.01-2.062-6.32-2.418-.979-.151-3.203-.217-4.106-.122\"\/><\/svg>\t<div class=\"kbm-link-list-item__content\">\n\t\t<p class=\"kbm-link-list-item__title\">For foresatte<\/p>\n\t\t\t\t\t<p class=\"kbm-link-list-item__description\">Det er viktig for oss med godt samarbeid og god dialog med v\u00e5re elevers foreldre\/foresatte.<\/p>\n\t\t\t<\/div>\n\t<\/a>\n\n<a class=\"wp-block-kbm-link-list-item\" href=\"https:\/\/kirkensbymisjon.no\/tilbud-vibemyr-skoleverksted\/om-skoleverkstedet\/\">\t<svg xmlns=\"http:\/\/www.w3.org\/2000\/svg\" viewBox=\"0 0 48 48\" height=\"24\" width=\"24\" class=\"t2-icon t2-icon-competence\" aria-hidden=\"true\" focusable=\"false\"><path d=\"M4.52 5.114c-.582.143-1.121.6-1.376 1.166-.137.304-.145 1.072-.165 15.336l-.021 15.016.261.04c.144.022 1.017.059 1.941.083 6.757.174 13.478 1.64 17.097 3.731l.643.37c.033.018.06-6.861.06-15.287V10.248l-.94-.628c-3.508-2.343-8.48-3.846-14.46-4.371-1.882-.165-2.759-.204-3.04-.135m37.8-.023c-7.149.49-12.52 1.979-16.34 4.53l-.94.627v30.645l.3-.186a19.248 19.248 0 0 1 2.333-1.234c3.668-1.615 7.714-2.364 14.447-2.672a98.22 98.22 0 0 0 2.34-.129l.5-.045V21.591c0-16.466.036-15.271-.482-15.862-.478-.544-1.052-.713-2.158-.638M3.042 39.857c.002 1.832.049 2.034.597 2.566.593.576-.06.543 10.081.519l9.12-.022-.68-.411c-3.828-2.314-10.102-3.881-16.6-4.146-.616-.025-1.435-.064-1.82-.087l-.7-.042.002 1.623m39.998-1.533c-7.143.301-13.59 1.885-17.355 4.264l-.525.332 9.12.022c10.141.024 9.488.057 10.081-.519.548-.532.595-.734.597-2.563l.002-1.62-.26.012c-.143.007-.89.04-1.66.072\"\/><\/svg>\t<div class=\"kbm-link-list-item__content\">\n\t\t<p class=\"kbm-link-list-item__title\">Vurderer du \u00e5 starte hos oss?<\/p>\n\t\t\t\t\t<p class=\"kbm-link-list-item__description\">Vi tilrettelegger for deg slik at du l\u00e6rer mest mulig. Hos oss kan du g\u00e5 Bygg- og anleggsteknikk (BA), Teknologi- og industrifag (TIF) og Salg, service og reiseliv (SSR).<\/p>\n\t\t\t<\/div>\n\t<\/a>\n\t\t<\/div>\n\t<\/div>\n\t","protected":false},"excerpt":{"rendered":"<p>Hva tilbyr Vibemyr skoleverksted? Her kan du lese mer om undervisningen, v\u00e5re studieretninger, v\u00e5rt oppl\u00e6ringstilbud&hellip;<\/p>\n","protected":false},"author":2,"featured_media":0,"parent":0,"menu_order":0,"comment_status":"closed","ping_status":"closed","template":"","meta":{"_relevanssi_hide_post":"","_relevanssi_hide_content":"","_relevanssi_pin_for_all":"","_relevanssi_pin_keywords":"","_relevanssi_unpin_keywords":"","_relevanssi_related_keywords":"","_relevanssi_related_include_ids":"","_relevanssi_related_exclude_ids":"","_relevanssi_related_no_append":"","_relevanssi_related_not_related":"","_relevanssi_related_posts":"1","_relevanssi_noindex_reason":"","editor_notices":[],"footnotes":""},"class_list":["post-3","page","type-page","status-publish","hentry"],"yoast_head":"<!-- This site is optimized with the Yoast SEO Premium plugin v27.2 (Yoast SEO v27.2) - https:\/\/yoast.com\/product\/yoast-seo-premium-wordpress\/ -->\n<title>Kirkens Bymisjon - Vibemyr skoleverksted<\/title>\n<meta name=\"description\" content=\"Videreg\u00e5ende oppl\u00e6ringstilbud for elever med rett til individuelt tilrettelagt oppl\u00e6ring.\" \/>\n<meta name=\"robots\" content=\"index, follow, max-snippet:-1, max-image-preview:large, max-video-preview:-1\" \/>\n<link rel=\"canonical\" href=\"https:\/\/kirkensbymisjon.no\/tilbud-vibemyr-skoleverksted\/\" \/>\n<meta property=\"og:locale\" content=\"nb_NO\" \/>\n<meta property=\"og:type\" content=\"article\" \/>\n<meta property=\"og:title\" content=\"Forside\" \/>\n<meta property=\"og:description\" content=\"Videreg\u00e5ende oppl\u00e6ringstilbud for elever med rett til individuelt tilrettelagt oppl\u00e6ring.\" \/>\n<meta property=\"og:url\" content=\"https:\/\/kirkensbymisjon.no\/tilbud-vibemyr-skoleverksted\/\" \/>\n<meta property=\"og:site_name\" content=\"Vibemyr skoleverksted\" \/>\n<meta property=\"article:modified_time\" content=\"2025-09-02T08:59:24+00:00\" \/>\n<meta property=\"og:image\" content=\"https:\/\/kirkensbymisjon.no\/content\/uploads\/sites\/43\/2024\/08\/tilbud_vibemyr_02.jpg\" \/>\n\t<meta property=\"og:image:width\" content=\"1000\" \/>\n\t<meta property=\"og:image:height\" content=\"500\" \/>\n\t<meta property=\"og:image:type\" content=\"image\/jpeg\" \/>\n<meta name=\"twitter:card\" content=\"summary_large_image\" \/>\n<meta name=\"twitter:label1\" content=\"Ansl. lesetid\" \/>\n\t<meta name=\"twitter:data1\" content=\"1 minutt\" \/>\n<script type=\"application\/ld+json\" class=\"yoast-schema-graph\">{\"@context\":\"https:\/\/schema.org\",\"@graph\":[{\"@type\":\"WebPage\",\"@id\":\"https:\/\/kirkensbymisjon.no\/tilbud-vibemyr-skoleverksted\/\",\"url\":\"https:\/\/kirkensbymisjon.no\/tilbud-vibemyr-skoleverksted\/\",\"name\":\"Kirkens Bymisjon - Vibemyr skoleverksted\",\"isPartOf\":{\"@id\":\"https:\/\/kirkensbymisjon.no\/tilbud-vibemyr-skoleverksted\/#website\"},\"primaryImageOfPage\":{\"@id\":\"https:\/\/kirkensbymisjon.no\/tilbud-vibemyr-skoleverksted\/#primaryimage\"},\"image\":{\"@id\":\"https:\/\/kirkensbymisjon.no\/tilbud-vibemyr-skoleverksted\/#primaryimage\"},\"thumbnailUrl\":\"https:\/\/kirkensbymisjon.no\/content\/uploads\/sites\/43\/2024\/08\/tilbud_vibemyr_02.jpg\",\"datePublished\":\"2024-06-18T11:41:15+00:00\",\"dateModified\":\"2025-09-02T08:59:24+00:00\",\"description\":\"Videreg\u00e5ende oppl\u00e6ringstilbud for elever med rett til individuelt tilrettelagt oppl\u00e6ring.\",\"breadcrumb\":{\"@id\":\"https:\/\/kirkensbymisjon.no\/tilbud-vibemyr-skoleverksted\/#breadcrumb\"},\"inLanguage\":\"nb-NO\",\"potentialAction\":[{\"@type\":\"ReadAction\",\"target\":[\"https:\/\/kirkensbymisjon.no\/tilbud-vibemyr-skoleverksted\/\"]}]},{\"@type\":\"ImageObject\",\"inLanguage\":\"nb-NO\",\"@id\":\"https:\/\/kirkensbymisjon.no\/tilbud-vibemyr-skoleverksted\/#primaryimage\",\"url\":\"https:\/\/kirkensbymisjon.no\/content\/uploads\/sites\/43\/2024\/08\/tilbud_vibemyr_02.jpg\",\"contentUrl\":\"https:\/\/kirkensbymisjon.no\/content\/uploads\/sites\/43\/2024\/08\/tilbud_vibemyr_02.jpg\"},{\"@type\":\"BreadcrumbList\",\"@id\":\"https:\/\/kirkensbymisjon.no\/tilbud-vibemyr-skoleverksted\/#breadcrumb\",\"itemListElement\":[{\"@type\":\"ListItem\",\"position\":1,\"name\":\"Hjem\",\"item\":\"https:\/\/kirkensbymisjon.no\/tilbud-vibemyr-skoleverksted\/\"},{\"@type\":\"ListItem\",\"position\":2,\"name\":\"Forside\"}]},{\"@type\":\"WebSite\",\"@id\":\"https:\/\/kirkensbymisjon.no\/tilbud-vibemyr-skoleverksted\/#website\",\"url\":\"https:\/\/kirkensbymisjon.no\/tilbud-vibemyr-skoleverksted\/\",\"name\":\"Vibemyr skoleverksted\",\"description\":\"\",\"potentialAction\":[{\"@type\":\"SearchAction\",\"target\":{\"@type\":\"EntryPoint\",\"urlTemplate\":\"https:\/\/kirkensbymisjon.no\/tilbud-vibemyr-skoleverksted\/?s={search_term_string}\"},\"query-input\":{\"@type\":\"PropertyValueSpecification\",\"valueRequired\":true,\"valueName\":\"search_term_string\"}}],\"inLanguage\":\"nb-NO\"}]}<\/script>\n<!-- \/ Yoast SEO Premium plugin. -->","yoast_head_json":{"title":"Kirkens Bymisjon - Vibemyr skoleverksted","description":"Videreg\u00e5ende oppl\u00e6ringstilbud for elever med rett til individuelt tilrettelagt oppl\u00e6ring.","robots":{"index":"index","follow":"follow","max-snippet":"max-snippet:-1","max-image-preview":"max-image-preview:large","max-video-preview":"max-video-preview:-1"},"canonical":"https:\/\/kirkensbymisjon.no\/tilbud-vibemyr-skoleverksted\/","og_locale":"nb_NO","og_type":"article","og_title":"Forside","og_description":"Videreg\u00e5ende oppl\u00e6ringstilbud for elever med rett til individuelt tilrettelagt oppl\u00e6ring.","og_url":"https:\/\/kirkensbymisjon.no\/tilbud-vibemyr-skoleverksted\/","og_site_name":"Vibemyr skoleverksted","article_modified_time":"2025-09-02T08:59:24+00:00","og_image":[{"width":1000,"height":500,"url":"https:\/\/kirkensbymisjon.no\/content\/uploads\/sites\/43\/2024\/08\/tilbud_vibemyr_02.jpg","type":"image\/jpeg"}],"twitter_card":"summary_large_image","twitter_misc":{"Ansl. lesetid":"1 minutt"},"schema":{"@context":"https:\/\/schema.org","@graph":[{"@type":"WebPage","@id":"https:\/\/kirkensbymisjon.no\/tilbud-vibemyr-skoleverksted\/","url":"https:\/\/kirkensbymisjon.no\/tilbud-vibemyr-skoleverksted\/","name":"Kirkens Bymisjon - Vibemyr skoleverksted","isPartOf":{"@id":"https:\/\/kirkensbymisjon.no\/tilbud-vibemyr-skoleverksted\/#website"},"primaryImageOfPage":{"@id":"https:\/\/kirkensbymisjon.no\/tilbud-vibemyr-skoleverksted\/#primaryimage"},"image":{"@id":"https:\/\/kirkensbymisjon.no\/tilbud-vibemyr-skoleverksted\/#primaryimage"},"thumbnailUrl":"https:\/\/kirkensbymisjon.no\/content\/uploads\/sites\/43\/2024\/08\/tilbud_vibemyr_02.jpg","datePublished":"2024-06-18T11:41:15+00:00","dateModified":"2025-09-02T08:59:24+00:00","description":"Videreg\u00e5ende oppl\u00e6ringstilbud for elever med rett til individuelt tilrettelagt oppl\u00e6ring.","breadcrumb":{"@id":"https:\/\/kirkensbymisjon.no\/tilbud-vibemyr-skoleverksted\/#breadcrumb"},"inLanguage":"nb-NO","potentialAction":[{"@type":"ReadAction","target":["https:\/\/kirkensbymisjon.no\/tilbud-vibemyr-skoleverksted\/"]}]},{"@type":"ImageObject","inLanguage":"nb-NO","@id":"https:\/\/kirkensbymisjon.no\/tilbud-vibemyr-skoleverksted\/#primaryimage","url":"https:\/\/kirkensbymisjon.no\/content\/uploads\/sites\/43\/2024\/08\/tilbud_vibemyr_02.jpg","contentUrl":"https:\/\/kirkensbymisjon.no\/content\/uploads\/sites\/43\/2024\/08\/tilbud_vibemyr_02.jpg"},{"@type":"BreadcrumbList","@id":"https:\/\/kirkensbymisjon.no\/tilbud-vibemyr-skoleverksted\/#breadcrumb","itemListElement":[{"@type":"ListItem","position":1,"name":"Hjem","item":"https:\/\/kirkensbymisjon.no\/tilbud-vibemyr-skoleverksted\/"},{"@type":"ListItem","position":2,"name":"Forside"}]},{"@type":"WebSite","@id":"https:\/\/kirkensbymisjon.no\/tilbud-vibemyr-skoleverksted\/#website","url":"https:\/\/kirkensbymisjon.no\/tilbud-vibemyr-skoleverksted\/","name":"Vibemyr skoleverksted","description":"","potentialAction":[{"@type":"SearchAction","target":{"@type":"EntryPoint","urlTemplate":"https:\/\/kirkensbymisjon.no\/tilbud-vibemyr-skoleverksted\/?s={search_term_string}"},"query-input":{"@type":"PropertyValueSpecification","valueRequired":true,"valueName":"search_term_string"}}],"inLanguage":"nb-NO"}]}},"_links":{"self":[{"href":"https:\/\/kirkensbymisjon.no\/tilbud-vibemyr-skoleverksted\/wp-json\/wp\/v2\/pages\/3","targetHints":{"allow":["GET"]}}],"collection":[{"href":"https:\/\/kirkensbymisjon.no\/tilbud-vibemyr-skoleverksted\/wp-json\/wp\/v2\/pages"}],"about":[{"href":"https:\/\/kirkensbymisjon.no\/tilbud-vibemyr-skoleverksted\/wp-json\/wp\/v2\/types\/page"}],"author":[{"embeddable":true,"href":"https:\/\/kirkensbymisjon.no\/tilbud-vibemyr-skoleverksted\/wp-json\/wp\/v2\/users\/2"}],"replies":[{"embeddable":true,"href":"https:\/\/kirkensbymisjon.no\/tilbud-vibemyr-skoleverksted\/wp-json\/wp\/v2\/comments?post=3"}],"version-history":[{"count":4,"href":"https:\/\/kirkensbymisjon.no\/tilbud-vibemyr-skoleverksted\/wp-json\/wp\/v2\/pages\/3\/revisions"}],"predecessor-version":[{"id":135,"href":"https:\/\/kirkensbymisjon.no\/tilbud-vibemyr-skoleverksted\/wp-json\/wp\/v2\/pages\/3\/revisions\/135"}],"wp:attachment":[{"href":"https:\/\/kirkensbymisjon.no\/tilbud-vibemyr-skoleverksted\/wp-json\/wp\/v2\/media?parent=3"}],"curies":[{"name":"wp","href":"https:\/\/api.w.org\/{rel}","templated":true}]}}