{"id":11,"date":"2024-07-24T13:08:06","date_gmt":"2024-07-24T11:08:06","guid":{"rendered":"https:\/\/kirkensbymisjon.no\/tilbud-villa-berg\/?page_id=11"},"modified":"2024-08-15T10:45:56","modified_gmt":"2024-08-15T08:45:56","slug":"om-villa-berg","status":"publish","type":"page","link":"https:\/\/kirkensbymisjon.no\/tilbud-villa-berg\/om-villa-berg\/","title":{"rendered":"Om Villa Berg"},"content":{"rendered":"\n<h2 class=\"wp-block-heading\" id=\"h-om-villa-berg\">Om Villa Berg<\/h2>\n\n\n\n<p>Villa Berg har 12 beboerrom, alle med eget bad, og ligger p\u00e5 Berg i Oslo. <br>Vi tilbyr langtidsbehandling i opp til ett \u00e5r. M\u00e5let for oppholdet er at du i et trygt fellesskap skal jobbe med din endringsprosess, og kunne g\u00e5 videre til et bedre liv n\u00e5r behandlingen avsluttes.<\/p>\n\n\n\n<h2 class=\"wp-block-heading\">Ikke-d\u00f8mmende<\/h2>\n\n\n\n<p>Villa Berg drives av Kirkens Bymisjon, som gjennom mange \u00e5r har hatt et stort engasjement for rusbehandling og for mennesker som har en rusavhengighet. V\u00e5r grunnverdi er at alle mennesker er mer enn det vi ser, og vi er opptatt av at Villa Berg skal v\u00e6re preget av en \u00e5pen, nysgjerrig og ikke-d\u00f8mmende holdning. Det er denne tanken vi p\u00e5 Villa Berg baserer v\u00e5r behandling p\u00e5.<\/p>\n\n\n\t<div class=\"alignfull wp-block-kbm-gallery\" data-scroll=\"1\">\n\t\t<div class=\"kbm-gallery__scroll\">\n\t\t\t<div class=\"kbm-gallery__wrapper\">\n\t\t\t\t\n\n<figure class=\"wp-block-gallery has-nested-images columns-default is-cropped wp-block-gallery-1 is-layout-flex wp-block-gallery-is-layout-flex\">\n<figure class=\"wp-block-image size-large\"><img loading=\"lazy\" decoding=\"async\" width=\"973\" height=\"730\" data-id=\"58\" src=\"https:\/\/kirkensbymisjon.no\/content\/uploads\/sites\/44\/2024\/08\/tilbud_villa-berg_08_yoga_foto-nina-ruud_973x1354-edited-1.jpg\" alt=\"Beboere trener yoga p\u00e5 Villa Berg.\" class=\"wp-image-58\" srcset=\"https:\/\/kirkensbymisjon.no\/content\/uploads\/sites\/44\/2024\/08\/tilbud_villa-berg_08_yoga_foto-nina-ruud_973x1354-edited-1.jpg 973w, https:\/\/kirkensbymisjon.no\/content\/uploads\/sites\/44\/2024\/08\/tilbud_villa-berg_08_yoga_foto-nina-ruud_973x1354-edited-1-300x225.jpg 300w, https:\/\/kirkensbymisjon.no\/content\/uploads\/sites\/44\/2024\/08\/tilbud_villa-berg_08_yoga_foto-nina-ruud_973x1354-edited-1-768x576.jpg 768w\" sizes=\"auto, (max-width: 973px) 100vw, 973px\" \/><\/figure>\n\n\n\n<figure class=\"wp-block-image size-large\"><img loading=\"lazy\" decoding=\"async\" width=\"973\" height=\"649\" data-id=\"53\" src=\"https:\/\/kirkensbymisjon.no\/content\/uploads\/sites\/44\/2024\/08\/tilbud_villa-berg_010_kjokkenet-nina-ruud_973x649.jpg\" alt=\"Kjokkenet p\u00e5 Villa Berg.\" class=\"wp-image-53\" srcset=\"https:\/\/kirkensbymisjon.no\/content\/uploads\/sites\/44\/2024\/08\/tilbud_villa-berg_010_kjokkenet-nina-ruud_973x649.jpg 973w, https:\/\/kirkensbymisjon.no\/content\/uploads\/sites\/44\/2024\/08\/tilbud_villa-berg_010_kjokkenet-nina-ruud_973x649-300x200.jpg 300w, https:\/\/kirkensbymisjon.no\/content\/uploads\/sites\/44\/2024\/08\/tilbud_villa-berg_010_kjokkenet-nina-ruud_973x649-768x512.jpg 768w\" sizes=\"auto, (max-width: 973px) 100vw, 973px\" \/><\/figure>\n\n\n\n<figure class=\"wp-block-image size-large\"><img loading=\"lazy\" decoding=\"async\" width=\"973\" height=\"653\" data-id=\"36\" src=\"https:\/\/kirkensbymisjon.no\/content\/uploads\/sites\/44\/2024\/08\/tilbud_villa-berg_05_beboer-veranda_foto-nina-ruud_973x653.jpg\" alt=\"Beboer ute p\u00e5 en veranda ved Villa Berg.\" class=\"wp-image-36\" srcset=\"https:\/\/kirkensbymisjon.no\/content\/uploads\/sites\/44\/2024\/08\/tilbud_villa-berg_05_beboer-veranda_foto-nina-ruud_973x653.jpg 973w, https:\/\/kirkensbymisjon.no\/content\/uploads\/sites\/44\/2024\/08\/tilbud_villa-berg_05_beboer-veranda_foto-nina-ruud_973x653-300x201.jpg 300w, https:\/\/kirkensbymisjon.no\/content\/uploads\/sites\/44\/2024\/08\/tilbud_villa-berg_05_beboer-veranda_foto-nina-ruud_973x653-768x515.jpg 768w\" sizes=\"auto, (max-width: 973px) 100vw, 973px\" \/><\/figure>\n\n\n\n<figure class=\"wp-block-image size-large\"><img loading=\"lazy\" decoding=\"async\" width=\"973\" height=\"647\" data-id=\"35\" src=\"https:\/\/kirkensbymisjon.no\/content\/uploads\/sites\/44\/2024\/08\/tilbud_villa-berg_04_trening_foto-nina-ruud_973x647.jpg\" alt=\"Trening p\u00e5 Villa Berg.\" class=\"wp-image-35\" srcset=\"https:\/\/kirkensbymisjon.no\/content\/uploads\/sites\/44\/2024\/08\/tilbud_villa-berg_04_trening_foto-nina-ruud_973x647.jpg 973w, https:\/\/kirkensbymisjon.no\/content\/uploads\/sites\/44\/2024\/08\/tilbud_villa-berg_04_trening_foto-nina-ruud_973x647-300x199.jpg 300w, https:\/\/kirkensbymisjon.no\/content\/uploads\/sites\/44\/2024\/08\/tilbud_villa-berg_04_trening_foto-nina-ruud_973x647-768x511.jpg 768w\" sizes=\"auto, (max-width: 973px) 100vw, 973px\" \/><\/figure>\n\n\n\n<figure class=\"wp-block-image size-large\"><img loading=\"lazy\" decoding=\"async\" width=\"973\" height=\"649\" data-id=\"32\" src=\"https:\/\/kirkensbymisjon.no\/content\/uploads\/sites\/44\/2024\/08\/tilbud_villa-berg_01_bjorn-i-dorapningen_foto-nina-ruud_973x649.jpg\" alt=\"Bjorn i dorapningen p\u00e5 Villa Berg.,\" class=\"wp-image-32\" srcset=\"https:\/\/kirkensbymisjon.no\/content\/uploads\/sites\/44\/2024\/08\/tilbud_villa-berg_01_bjorn-i-dorapningen_foto-nina-ruud_973x649.jpg 973w, https:\/\/kirkensbymisjon.no\/content\/uploads\/sites\/44\/2024\/08\/tilbud_villa-berg_01_bjorn-i-dorapningen_foto-nina-ruud_973x649-300x200.jpg 300w, https:\/\/kirkensbymisjon.no\/content\/uploads\/sites\/44\/2024\/08\/tilbud_villa-berg_01_bjorn-i-dorapningen_foto-nina-ruud_973x649-768x512.jpg 768w\" sizes=\"auto, (max-width: 973px) 100vw, 973px\" \/><\/figure>\n<\/figure>\n\n\t\t\t<\/div>\n\t\t<\/div>\n\t<\/div>\n\t\n\n\n<h2 class=\"wp-block-heading\">Tverrfaglig behandling<\/h2>\n\n\n\n<p>V\u00e5rt personale best\u00e5r blant annet av leger, syke- og vernepleiere, sosionomer, psykologer, psykologistudenter og idrettspedagoger.<br>Behandlingen er basert p\u00e5 en metodikk som kalles mentaliseringsbasert milj\u00f8terapi, som kjennetegnes av at vi \u00f8nsker \u00e5 ha en \u00e5pen, nysgjerrig og <br>ikke-d\u00f8mmende holdning overfor hverandre.<\/p>\n\n\n\n<ul class=\"wp-block-list\">\n<li>V\u00e5r tanke er at behandlingen foreg\u00e5r hele d\u00f8gnet, alle dager i uken, og at behandlingen er mer enn timene med individuell behandling eller det som skjer i samtalegrupper og undervisning.<\/li>\n\n\n\n<li>Vi jobber med situasjoner som oppst\u00e5r i l\u00f8pet av d\u00f8gnet og bruker disse for \u00e5 bli bedre kjent med hvem vi er, og hva vi tenker og f\u00f8ler.<\/li>\n\n\n\n<li>Vi samarbeider ogs\u00e5 tett med instanser, personer og p\u00e5r\u00f8rende som er viktige i ditt liv utenfor Villa Berg.<\/li>\n<\/ul>\n\n\n\n<h2 class=\"wp-block-heading\">Aktivt behandlingsforl\u00f8p<\/h2>\n\n\n\n<p>Et langtidsopphold p\u00e5 Villa Berg passer godt for deg som \u00f8nsker \u00e5 v\u00e6re i aktivitet mens du er i behandling. Det kan inneb\u00e6re fysisk aktivitet, deltakelse i rusfrie sosiale fellesskap eller jobb, utdanning eller annen meningsfull aktivitet. Derfor tror vi at tilbudet v\u00e5rt p\u00e5 Villa Berg er best egnet for pasienter som allerede har tilknytning til Oslo.<\/p>\n","protected":false},"excerpt":{"rendered":"<p>Om Villa Berg Villa Berg har 12 beboerrom, alle med eget bad, og ligger p\u00e5&hellip;<\/p>\n","protected":false},"author":6,"featured_media":0,"parent":0,"menu_order":0,"comment_status":"closed","ping_status":"closed","template":"","meta":{"_relevanssi_hide_post":"","_relevanssi_hide_content":"","_relevanssi_pin_for_all":"","_relevanssi_pin_keywords":"","_relevanssi_unpin_keywords":"","_relevanssi_related_keywords":"","_relevanssi_related_include_ids":"","_relevanssi_related_exclude_ids":"","_relevanssi_related_no_append":"","_relevanssi_related_not_related":"","_relevanssi_related_posts":"1","_relevanssi_noindex_reason":"","editor_notices":[],"footnotes":""},"class_list":["post-11","page","type-page","status-publish","hentry"],"yoast_head":"<!-- This site is optimized with the Yoast SEO Premium plugin v27.2 (Yoast SEO v27.2) - https:\/\/yoast.com\/product\/yoast-seo-premium-wordpress\/ -->\n<title>Om Villa Berg - Villa Berg<\/title>\n<meta name=\"robots\" content=\"index, follow, max-snippet:-1, max-image-preview:large, max-video-preview:-1\" \/>\n<link rel=\"canonical\" href=\"https:\/\/kirkensbymisjon.no\/tilbud-villa-berg\/om-villa-berg\/\" \/>\n<meta property=\"og:locale\" content=\"nb_NO\" \/>\n<meta property=\"og:type\" content=\"article\" \/>\n<meta property=\"og:title\" content=\"Om Villa Berg\" \/>\n<meta property=\"og:description\" content=\"Om Villa Berg Villa Berg har 12 beboerrom, alle med eget bad, og ligger p\u00e5&hellip;\" \/>\n<meta property=\"og:url\" content=\"https:\/\/kirkensbymisjon.no\/tilbud-villa-berg\/om-villa-berg\/\" \/>\n<meta property=\"og:site_name\" content=\"Villa Berg\" \/>\n<meta property=\"article:modified_time\" content=\"2024-08-15T08:45:56+00:00\" \/>\n<meta property=\"og:image\" content=\"https:\/\/kirkensbymisjon.no\/content\/uploads\/sites\/44\/2024\/08\/tilbud_villa-berg_08_yoga_foto-nina-ruud_973x1354-edited-1.jpg\" \/>\n<meta name=\"twitter:card\" content=\"summary_large_image\" \/>\n<meta name=\"twitter:label1\" content=\"Ansl. lesetid\" \/>\n\t<meta name=\"twitter:data1\" content=\"3 minutter\" \/>\n<script type=\"application\/ld+json\" class=\"yoast-schema-graph\">{\"@context\":\"https:\/\/schema.org\",\"@graph\":[{\"@type\":\"WebPage\",\"@id\":\"https:\/\/kirkensbymisjon.no\/tilbud-villa-berg\/om-villa-berg\/\",\"url\":\"https:\/\/kirkensbymisjon.no\/tilbud-villa-berg\/om-villa-berg\/\",\"name\":\"Om Villa Berg - Villa Berg\",\"isPartOf\":{\"@id\":\"https:\/\/kirkensbymisjon.no\/tilbud-villa-berg\/#website\"},\"primaryImageOfPage\":{\"@id\":\"https:\/\/kirkensbymisjon.no\/tilbud-villa-berg\/om-villa-berg\/#primaryimage\"},\"image\":{\"@id\":\"https:\/\/kirkensbymisjon.no\/tilbud-villa-berg\/om-villa-berg\/#primaryimage\"},\"thumbnailUrl\":\"https:\/\/kirkensbymisjon.no\/content\/uploads\/sites\/44\/2024\/08\/tilbud_villa-berg_08_yoga_foto-nina-ruud_973x1354-edited-1.jpg\",\"datePublished\":\"2024-07-24T11:08:06+00:00\",\"dateModified\":\"2024-08-15T08:45:56+00:00\",\"breadcrumb\":{\"@id\":\"https:\/\/kirkensbymisjon.no\/tilbud-villa-berg\/om-villa-berg\/#breadcrumb\"},\"inLanguage\":\"nb-NO\",\"potentialAction\":[{\"@type\":\"ReadAction\",\"target\":[\"https:\/\/kirkensbymisjon.no\/tilbud-villa-berg\/om-villa-berg\/\"]}]},{\"@type\":\"ImageObject\",\"inLanguage\":\"nb-NO\",\"@id\":\"https:\/\/kirkensbymisjon.no\/tilbud-villa-berg\/om-villa-berg\/#primaryimage\",\"url\":\"https:\/\/kirkensbymisjon.no\/content\/uploads\/sites\/44\/2024\/08\/tilbud_villa-berg_08_yoga_foto-nina-ruud_973x1354-edited-1.jpg\",\"contentUrl\":\"https:\/\/kirkensbymisjon.no\/content\/uploads\/sites\/44\/2024\/08\/tilbud_villa-berg_08_yoga_foto-nina-ruud_973x1354-edited-1.jpg\"},{\"@type\":\"BreadcrumbList\",\"@id\":\"https:\/\/kirkensbymisjon.no\/tilbud-villa-berg\/om-villa-berg\/#breadcrumb\",\"itemListElement\":[{\"@type\":\"ListItem\",\"position\":1,\"name\":\"Hjem\",\"item\":\"https:\/\/kirkensbymisjon.no\/tilbud-villa-berg\/\"},{\"@type\":\"ListItem\",\"position\":2,\"name\":\"Om Villa Berg\"}]},{\"@type\":\"WebSite\",\"@id\":\"https:\/\/kirkensbymisjon.no\/tilbud-villa-berg\/#website\",\"url\":\"https:\/\/kirkensbymisjon.no\/tilbud-villa-berg\/\",\"name\":\"Villa Berg\",\"description\":\"\",\"potentialAction\":[{\"@type\":\"SearchAction\",\"target\":{\"@type\":\"EntryPoint\",\"urlTemplate\":\"https:\/\/kirkensbymisjon.no\/tilbud-villa-berg\/?s={search_term_string}\"},\"query-input\":{\"@type\":\"PropertyValueSpecification\",\"valueRequired\":true,\"valueName\":\"search_term_string\"}}],\"inLanguage\":\"nb-NO\"}]}<\/script>\n<!-- \/ Yoast SEO Premium plugin. -->","yoast_head_json":{"title":"Om Villa Berg - Villa Berg","robots":{"index":"index","follow":"follow","max-snippet":"max-snippet:-1","max-image-preview":"max-image-preview:large","max-video-preview":"max-video-preview:-1"},"canonical":"https:\/\/kirkensbymisjon.no\/tilbud-villa-berg\/om-villa-berg\/","og_locale":"nb_NO","og_type":"article","og_title":"Om Villa Berg","og_description":"Om Villa Berg Villa Berg har 12 beboerrom, alle med eget bad, og ligger p\u00e5&hellip;","og_url":"https:\/\/kirkensbymisjon.no\/tilbud-villa-berg\/om-villa-berg\/","og_site_name":"Villa Berg","article_modified_time":"2024-08-15T08:45:56+00:00","og_image":[{"url":"https:\/\/kirkensbymisjon.no\/content\/uploads\/sites\/44\/2024\/08\/tilbud_villa-berg_08_yoga_foto-nina-ruud_973x1354-edited-1.jpg","type":"","width":"","height":""}],"twitter_card":"summary_large_image","twitter_misc":{"Ansl. lesetid":"3 minutter"},"schema":{"@context":"https:\/\/schema.org","@graph":[{"@type":"WebPage","@id":"https:\/\/kirkensbymisjon.no\/tilbud-villa-berg\/om-villa-berg\/","url":"https:\/\/kirkensbymisjon.no\/tilbud-villa-berg\/om-villa-berg\/","name":"Om Villa Berg - Villa Berg","isPartOf":{"@id":"https:\/\/kirkensbymisjon.no\/tilbud-villa-berg\/#website"},"primaryImageOfPage":{"@id":"https:\/\/kirkensbymisjon.no\/tilbud-villa-berg\/om-villa-berg\/#primaryimage"},"image":{"@id":"https:\/\/kirkensbymisjon.no\/tilbud-villa-berg\/om-villa-berg\/#primaryimage"},"thumbnailUrl":"https:\/\/kirkensbymisjon.no\/content\/uploads\/sites\/44\/2024\/08\/tilbud_villa-berg_08_yoga_foto-nina-ruud_973x1354-edited-1.jpg","datePublished":"2024-07-24T11:08:06+00:00","dateModified":"2024-08-15T08:45:56+00:00","breadcrumb":{"@id":"https:\/\/kirkensbymisjon.no\/tilbud-villa-berg\/om-villa-berg\/#breadcrumb"},"inLanguage":"nb-NO","potentialAction":[{"@type":"ReadAction","target":["https:\/\/kirkensbymisjon.no\/tilbud-villa-berg\/om-villa-berg\/"]}]},{"@type":"ImageObject","inLanguage":"nb-NO","@id":"https:\/\/kirkensbymisjon.no\/tilbud-villa-berg\/om-villa-berg\/#primaryimage","url":"https:\/\/kirkensbymisjon.no\/content\/uploads\/sites\/44\/2024\/08\/tilbud_villa-berg_08_yoga_foto-nina-ruud_973x1354-edited-1.jpg","contentUrl":"https:\/\/kirkensbymisjon.no\/content\/uploads\/sites\/44\/2024\/08\/tilbud_villa-berg_08_yoga_foto-nina-ruud_973x1354-edited-1.jpg"},{"@type":"BreadcrumbList","@id":"https:\/\/kirkensbymisjon.no\/tilbud-villa-berg\/om-villa-berg\/#breadcrumb","itemListElement":[{"@type":"ListItem","position":1,"name":"Hjem","item":"https:\/\/kirkensbymisjon.no\/tilbud-villa-berg\/"},{"@type":"ListItem","position":2,"name":"Om Villa Berg"}]},{"@type":"WebSite","@id":"https:\/\/kirkensbymisjon.no\/tilbud-villa-berg\/#website","url":"https:\/\/kirkensbymisjon.no\/tilbud-villa-berg\/","name":"Villa Berg","description":"","potentialAction":[{"@type":"SearchAction","target":{"@type":"EntryPoint","urlTemplate":"https:\/\/kirkensbymisjon.no\/tilbud-villa-berg\/?s={search_term_string}"},"query-input":{"@type":"PropertyValueSpecification","valueRequired":true,"valueName":"search_term_string"}}],"inLanguage":"nb-NO"}]}},"_links":{"self":[{"href":"https:\/\/kirkensbymisjon.no\/tilbud-villa-berg\/wp-json\/wp\/v2\/pages\/11","targetHints":{"allow":["GET"]}}],"collection":[{"href":"https:\/\/kirkensbymisjon.no\/tilbud-villa-berg\/wp-json\/wp\/v2\/pages"}],"about":[{"href":"https:\/\/kirkensbymisjon.no\/tilbud-villa-berg\/wp-json\/wp\/v2\/types\/page"}],"author":[{"embeddable":true,"href":"https:\/\/kirkensbymisjon.no\/tilbud-villa-berg\/wp-json\/wp\/v2\/users\/6"}],"replies":[{"embeddable":true,"href":"https:\/\/kirkensbymisjon.no\/tilbud-villa-berg\/wp-json\/wp\/v2\/comments?post=11"}],"version-history":[{"count":5,"href":"https:\/\/kirkensbymisjon.no\/tilbud-villa-berg\/wp-json\/wp\/v2\/pages\/11\/revisions"}],"predecessor-version":[{"id":114,"href":"https:\/\/kirkensbymisjon.no\/tilbud-villa-berg\/wp-json\/wp\/v2\/pages\/11\/revisions\/114"}],"wp:attachment":[{"href":"https:\/\/kirkensbymisjon.no\/tilbud-villa-berg\/wp-json\/wp\/v2\/media?parent=11"}],"curies":[{"name":"wp","href":"https:\/\/api.w.org\/{rel}","templated":true}]}}