{"id":13,"date":"2024-07-24T13:08:25","date_gmt":"2024-07-24T11:08:25","guid":{"rendered":"https:\/\/kirkensbymisjon.no\/tilbud-villa-berg\/?page_id=13"},"modified":"2026-01-02T11:18:05","modified_gmt":"2026-01-02T10:18:05","slug":"behandlingen","status":"publish","type":"page","link":"https:\/\/kirkensbymisjon.no\/tilbud-villa-berg\/behandlingen\/","title":{"rendered":"Behandlingen"},"content":{"rendered":"\n<h2 class=\"wp-block-heading\" id=\"h-behandlingen-pa-villa-berg\">Behandlingen p\u00e5 Villa Berg<\/h2>\n\n\n\n<p>Rusmiddelproblemer f\u00f8rer ofte til vanskeligheter p\u00e5 en rekke omr\u00e5der i livet, det kan omfatte alt fra \u00f8konomi og bosituasjon til sosiale relasjoner og hvordan man har det med seg selv. Alle som kommer hit er forskjellige, med ulik bakgrunn og historie, \u00f8nsker og behov. P\u00e5 Villa Berg mener vi derfor at det er sentralt \u00e5 fokusere helhetlig p\u00e5 hva som oppfattes som vanskelig for deg i din tilv\u00e6relse, og jobbe med hvordan du kan forbedre livskvaliteten, b\u00e5de psykisk, fysisk og sosialt.<\/p>\n\n\n\n<h2 class=\"wp-block-heading\" id=\"h-viktige-deler-av-behandlingen\">Viktige deler av behandlingen<\/h2>\n\n\n<div class=\"t2-accordion wp-block-t2-accordion\" data-allow-multiple=\"1\" role=\"list\">\n<div class=\"t2-accordion-item wp-block-t2-accordion-item\" role=\"listitem\">\n\t\t\t<h2 class=\"t2-accordion-title\">\n\t\t\t\t<button type=\"button\" class=\"t2-accordion-trigger\" id=\"samtale-individuelt-og-i-grupper\" aria-controls=\"accordion-panel\" aria-expanded=\"false\">\n\t\t\t\t\tSamtale individuelt og i grupper\n\t\t\t\t\t<span class=\"t2-accordion-icon is-closed-icon\"><svg xmlns=\"http:\/\/www.w3.org\/2000\/svg\" viewBox=\"0 0 24 24\" height=\"24\" width=\"24\" class=\"t2-icon t2-icon-plus\" aria-hidden=\"true\" focusable=\"false\"><path d=\"M11.8 5.037a1.088 1.088 0 0 0-.722.566c-.075.148-.078.25-.078 2.772v2.619l-2.61.016c-1.867.012-2.652.03-2.756.064-.168.055-.438.301-.54.494-.049.092-.07.223-.07.432 0 .34.054.476.282.704.289.289.14.275 3.064.288l2.63.012v2.619c0 2.544.002 2.625.08 2.778.191.372.516.577.92.577s.729-.205.92-.577c.078-.153.08-.234.08-2.778v-2.619l2.63-.012c2.924-.013 2.775.001 3.064-.288.228-.228.282-.364.282-.704 0-.209-.021-.34-.07-.432-.102-.193-.372-.439-.54-.494-.104-.034-.889-.052-2.756-.064L13 10.994V8.375c0-2.522-.003-2.624-.078-2.772-.214-.418-.685-.656-1.122-.566\"\/><\/svg><\/span>\n\t\t\t\t\t<span class=\"t2-accordion-icon is-open-icon\"><svg xmlns=\"http:\/\/www.w3.org\/2000\/svg\" viewBox=\"0 0 24 24\" height=\"24\" width=\"24\" class=\"t2-icon t2-icon-chevronup\" aria-hidden=\"true\" focusable=\"false\"><path d=\"M6.7 14.7c-.2-.2-.3-.4-.3-.7s.1-.5.3-.7l4.6-4.6c.1-.1.2-.2.3-.2.1 0 .2-.1.4-.1.1 0 .3 0 .4.1.1 0 .2.1.3.2l4.6 4.6c.2.2.3.4.3.7s-.1.5-.3.7c-.2.2-.4.3-.7.3s-.5-.1-.7-.3L12 10.8l-3.9 3.9c-.2.2-.4.3-.7.3s-.5-.1-.7-.3z\" fill=\"currentColor\" \/><\/svg><\/span>\n\t\t\t\t<\/button>\n\t\t\t<\/h2>\n\t\t\t<div class=\"t2-accordion-item__inner-container is-layout-flow\" id=\"accordion-panel\" aria-labelledby=\"samtale-individuelt-og-i-grupper\" role=\"region\" hidden>\n\t\t\t\t\n\n<p>Evnen til \u00e5 forst\u00e5 oss selv og andre har mye \u00e5 si for hvordan vi har det. Vi kan f\u00e5 det vanskelig n\u00e5r det oppst\u00e5r misforst\u00e5elser, og om dette skjer ofte nok kan vi rett og slett bli syke av det.<br>P\u00e5 Villa Berg baserer vi store deler av behandlingen p\u00e5&nbsp;<strong>mentaliseringsbasert milj\u00f8terapi<\/strong>. I dette ligger det at vi b\u00e5de i individuelle samtaler, grupper og ellers i l\u00f8pet av d\u00f8gnet jobber med \u00e5 skape en dypere forst\u00e5else av dine egne og andres m\u00e5ter \u00e5 handle, tenke og f\u00f8le p\u00e5. Dette skjer blant annet gjennom at personalet utfordrer deg p\u00e5 \u00e5 kjenne etter hvordan det oppleves \u00e5 st\u00e5 i forskjellige situasjoner.<\/p>\n\n\n\n<p>Dette vil du l\u00e6re mer om gjennom ditt opphold ved Villa Berg, b\u00e5de gjennom undervisning og n\u00e5r aktuelle situasjoner oppst\u00e5r mellom deg og andre beboere, eller ansatte.<\/p>\n\n\n\t\t\t<\/div>\n\t\t<\/div>\n\n<div class=\"t2-accordion-item wp-block-t2-accordion-item\" role=\"listitem\">\n\t\t\t<h2 class=\"t2-accordion-title\">\n\t\t\t\t<button type=\"button\" class=\"t2-accordion-trigger\" id=\"forbedre-fysisk-og-psykisk-helse\" aria-controls=\"accordion-panel-1\" aria-expanded=\"false\">\n\t\t\t\t\tForbedre fysisk og psykisk helse\n\t\t\t\t\t<span class=\"t2-accordion-icon is-closed-icon\"><svg xmlns=\"http:\/\/www.w3.org\/2000\/svg\" viewBox=\"0 0 24 24\" height=\"24\" width=\"24\" class=\"t2-icon t2-icon-plus\" aria-hidden=\"true\" focusable=\"false\"><path d=\"M11.8 5.037a1.088 1.088 0 0 0-.722.566c-.075.148-.078.25-.078 2.772v2.619l-2.61.016c-1.867.012-2.652.03-2.756.064-.168.055-.438.301-.54.494-.049.092-.07.223-.07.432 0 .34.054.476.282.704.289.289.14.275 3.064.288l2.63.012v2.619c0 2.544.002 2.625.08 2.778.191.372.516.577.92.577s.729-.205.92-.577c.078-.153.08-.234.08-2.778v-2.619l2.63-.012c2.924-.013 2.775.001 3.064-.288.228-.228.282-.364.282-.704 0-.209-.021-.34-.07-.432-.102-.193-.372-.439-.54-.494-.104-.034-.889-.052-2.756-.064L13 10.994V8.375c0-2.522-.003-2.624-.078-2.772-.214-.418-.685-.656-1.122-.566\"\/><\/svg><\/span>\n\t\t\t\t\t<span class=\"t2-accordion-icon is-open-icon\"><svg xmlns=\"http:\/\/www.w3.org\/2000\/svg\" viewBox=\"0 0 24 24\" height=\"24\" width=\"24\" class=\"t2-icon t2-icon-chevronup\" aria-hidden=\"true\" focusable=\"false\"><path d=\"M6.7 14.7c-.2-.2-.3-.4-.3-.7s.1-.5.3-.7l4.6-4.6c.1-.1.2-.2.3-.2.1 0 .2-.1.4-.1.1 0 .3 0 .4.1.1 0 .2.1.3.2l4.6 4.6c.2.2.3.4.3.7s-.1.5-.3.7c-.2.2-.4.3-.7.3s-.5-.1-.7-.3L12 10.8l-3.9 3.9c-.2.2-.4.3-.7.3s-.5-.1-.7-.3z\" fill=\"currentColor\" \/><\/svg><\/span>\n\t\t\t\t<\/button>\n\t\t\t<\/h2>\n\t\t\t<div class=\"t2-accordion-item__inner-container is-layout-flow\" id=\"accordion-panel-1\" aria-labelledby=\"forbedre-fysisk-og-psykisk-helse\" role=\"region\" hidden>\n\t\t\t\t\n\n<p>N\u00e5r du slutter \u00e5 tilf\u00f8re kroppen de rusmidlene du har pleid \u00e5 bruke, vil du gradvis komme mer i kontakt med deg selv.&nbsp;<strong>Du vil se, h\u00f8re, f\u00f8le og kjenne mer av deg selv \u2013 p\u00e5 godt og vondt.<\/strong>&nbsp;Dette kan for mange v\u00e6re krevende, derfor er det viktig at v\u00e5re leger og sykepleiere tidlig blir kjent med deg og hva som er riktig helsemessig oppf\u00f8lging av deg. Du vil ogs\u00e5 f\u00e5 kartlagt din psykiske helse, og kan f\u00e5 mulighet til mer omfattende hjelp ved behov.<\/p>\n\n\n\n<p>Vi har erfart at det er bra for v\u00e5re beboere \u00e5 v\u00e6re fysisk aktive.\u00a0<strong>Sammen med v\u00e5r idrettspedagog kan du finne en aktivitet som passer for deg, og sette deg gode m\u00e5l for treningsaktiviteten din. <\/strong>Sognsvann og Nordmarka ligger bare en kort t-bane tur unna, og vi bruker ogs\u00e5 de fine turmulighetene p\u00e5 Voldsl\u00f8kka og langs Akerselva. Vi har treningsrom.<\/p>\n\n\n\t\t\t<\/div>\n\t\t<\/div>\n\n<div class=\"t2-accordion-item wp-block-t2-accordion-item\" role=\"listitem\">\n\t\t\t<h2 class=\"t2-accordion-title\">\n\t\t\t\t<button type=\"button\" class=\"t2-accordion-trigger\" id=\"hjelp-med-bolig-og-\u00f8konomi\" aria-controls=\"accordion-panel-2\" aria-expanded=\"false\">\n\t\t\t\t\tHjelp med bolig og \u00f8konomi\n\t\t\t\t\t<span class=\"t2-accordion-icon is-closed-icon\"><svg xmlns=\"http:\/\/www.w3.org\/2000\/svg\" viewBox=\"0 0 24 24\" height=\"24\" width=\"24\" class=\"t2-icon t2-icon-plus\" aria-hidden=\"true\" focusable=\"false\"><path d=\"M11.8 5.037a1.088 1.088 0 0 0-.722.566c-.075.148-.078.25-.078 2.772v2.619l-2.61.016c-1.867.012-2.652.03-2.756.064-.168.055-.438.301-.54.494-.049.092-.07.223-.07.432 0 .34.054.476.282.704.289.289.14.275 3.064.288l2.63.012v2.619c0 2.544.002 2.625.08 2.778.191.372.516.577.92.577s.729-.205.92-.577c.078-.153.08-.234.08-2.778v-2.619l2.63-.012c2.924-.013 2.775.001 3.064-.288.228-.228.282-.364.282-.704 0-.209-.021-.34-.07-.432-.102-.193-.372-.439-.54-.494-.104-.034-.889-.052-2.756-.064L13 10.994V8.375c0-2.522-.003-2.624-.078-2.772-.214-.418-.685-.656-1.122-.566\"\/><\/svg><\/span>\n\t\t\t\t\t<span class=\"t2-accordion-icon is-open-icon\"><svg xmlns=\"http:\/\/www.w3.org\/2000\/svg\" viewBox=\"0 0 24 24\" height=\"24\" width=\"24\" class=\"t2-icon t2-icon-chevronup\" aria-hidden=\"true\" focusable=\"false\"><path d=\"M6.7 14.7c-.2-.2-.3-.4-.3-.7s.1-.5.3-.7l4.6-4.6c.1-.1.2-.2.3-.2.1 0 .2-.1.4-.1.1 0 .3 0 .4.1.1 0 .2.1.3.2l4.6 4.6c.2.2.3.4.3.7s-.1.5-.3.7c-.2.2-.4.3-.7.3s-.5-.1-.7-.3L12 10.8l-3.9 3.9c-.2.2-.4.3-.7.3s-.5-.1-.7-.3z\" fill=\"currentColor\" \/><\/svg><\/span>\n\t\t\t\t<\/button>\n\t\t\t<\/h2>\n\t\t\t<div class=\"t2-accordion-item__inner-container is-layout-flow\" id=\"accordion-panel-2\" aria-labelledby=\"hjelp-med-bolig-og-\u00f8konomi\" role=\"region\" hidden>\n\t\t\t\t\n\n<p>Det kan v\u00e6re vanskelig \u00e5 ha fullt fokus p\u00e5 behandlingen dersom du ikke har bolig, eller om du ikke vet hvordan det st\u00e5r til med din personlige gjeld og \u00f8konomi.<\/p>\n\n\n\n<p><strong>Trenger du hjelp til \u00e5 skaffe bolig bidrar vi gjerne med praktisk hjelp<\/strong>, for eksempel med s\u00f8knader til NAV om st\u00f8tte til ordin\u00e6r eller kommunal bolig, gjennomgangsbolig eller andre botilbud. Vi anser at det er viktig at du har din egen bolig, for tidlig \u00e5 kunne begynne \u00e5 ha treningsopphold utenfor Villa Berg.<\/p>\n\n\n\n<p><strong>Vi gir gjerne r\u00e5d om hvordan du kan f\u00e5 orden p\u00e5 \u00f8konomien og skaffe deg en forutsigbar inntekt.<\/strong>\u00a0For noen kan det v\u00e6re aktuelt \u00e5 s\u00f8ke om ytelser fra Nav, for andre kan det v\u00e6re behov for \u00e5 f\u00e5 oversikt over personlig gjeld, kanskje ogs\u00e5 hjelpe med \u00e5 forhandle overfor kreditorer og skaffe nedbetalingsordninger eller gjeldsordning.<\/p>\n\n\n\n<p>Vi gir ogs\u00e5 undervisning om personlig \u00f8konomi, og jobber med tanker og f\u00f8lelser rundt temaet i samtaler.&nbsp;<strong>V\u00e5r erfaring er at \u00f8kt kunnskap, en plan og bedre oversikt, gj\u00f8r at mange opplever \u00f8kt mestring og f\u00e5r et st\u00f8rre h\u00e5p for fremtiden.<\/strong><\/p>\n\n\n\t\t\t<\/div>\n\t\t<\/div>\n\n<div class=\"t2-accordion-item wp-block-t2-accordion-item\" role=\"listitem\">\n\t\t\t<h2 class=\"t2-accordion-title\">\n\t\t\t\t<button type=\"button\" class=\"t2-accordion-trigger\" id=\"samarbeid-med-nav\" aria-controls=\"accordion-panel-3\" aria-expanded=\"false\">\n\t\t\t\t\tSamarbeid med NAV\n\t\t\t\t\t<span class=\"t2-accordion-icon is-closed-icon\"><svg xmlns=\"http:\/\/www.w3.org\/2000\/svg\" viewBox=\"0 0 24 24\" height=\"24\" width=\"24\" class=\"t2-icon t2-icon-plus\" aria-hidden=\"true\" focusable=\"false\"><path d=\"M11.8 5.037a1.088 1.088 0 0 0-.722.566c-.075.148-.078.25-.078 2.772v2.619l-2.61.016c-1.867.012-2.652.03-2.756.064-.168.055-.438.301-.54.494-.049.092-.07.223-.07.432 0 .34.054.476.282.704.289.289.14.275 3.064.288l2.63.012v2.619c0 2.544.002 2.625.08 2.778.191.372.516.577.92.577s.729-.205.92-.577c.078-.153.08-.234.08-2.778v-2.619l2.63-.012c2.924-.013 2.775.001 3.064-.288.228-.228.282-.364.282-.704 0-.209-.021-.34-.07-.432-.102-.193-.372-.439-.54-.494-.104-.034-.889-.052-2.756-.064L13 10.994V8.375c0-2.522-.003-2.624-.078-2.772-.214-.418-.685-.656-1.122-.566\"\/><\/svg><\/span>\n\t\t\t\t\t<span class=\"t2-accordion-icon is-open-icon\"><svg xmlns=\"http:\/\/www.w3.org\/2000\/svg\" viewBox=\"0 0 24 24\" height=\"24\" width=\"24\" class=\"t2-icon t2-icon-chevronup\" aria-hidden=\"true\" focusable=\"false\"><path d=\"M6.7 14.7c-.2-.2-.3-.4-.3-.7s.1-.5.3-.7l4.6-4.6c.1-.1.2-.2.3-.2.1 0 .2-.1.4-.1.1 0 .3 0 .4.1.1 0 .2.1.3.2l4.6 4.6c.2.2.3.4.3.7s-.1.5-.3.7c-.2.2-.4.3-.7.3s-.5-.1-.7-.3L12 10.8l-3.9 3.9c-.2.2-.4.3-.7.3s-.5-.1-.7-.3z\" fill=\"currentColor\" \/><\/svg><\/span>\n\t\t\t\t<\/button>\n\t\t\t<\/h2>\n\t\t\t<div class=\"t2-accordion-item__inner-container is-layout-flow\" id=\"accordion-panel-3\" aria-labelledby=\"samarbeid-med-nav\" role=\"region\" hidden>\n\t\t\t\t\n\n<p>Framtidsh\u00e5p er viktig, derfor oppfordrer vi deg til \u00e5 utforme skriftlige m\u00e5l og \u00f8nsker for framtiden din i din egen&nbsp;<strong>individuelle plan (IP)<\/strong>. N\u00e5r du har klargjort hva du trenger og \u00f8nsker for framtida, pr\u00f8ver vi \u00e5 f\u00e5 til et samarbeid mellom deg og ansatte fra NAV, fastlege, bo-oppf\u00f8lgere, kommunale helsearbeidere, likemenn og p\u00e5r\u00f8rende. Dersom du ikke allerede har ruskonsulent, kan det v\u00e6re aktuelt at vi etablerer kontakt med en.<\/p>\n\n\n\n<p><strong>Det \u00e5 ha en meningsfull aktivitet, alt fra frivillig arbeid til ordin\u00e6r jobb, betyr mye for f\u00f8lelsen av \u00e5 ha en god hverdag.<\/strong>&nbsp;Vi samarbeider med Nav for at du skal f\u00e5 kvalifisere deg til det du \u00f8nsker \u00e5 gj\u00f8re. Under oppholdet p\u00e5 Villa Berg vil vi jobbe med dette temaet b\u00e5de individuelt og i gruppe, der vi ser p\u00e5 hvilke muligheter som finnes og snakker om tanker, f\u00f8lelser og erfaringer.<\/p>\n\n\n\t\t\t<\/div>\n\t\t<\/div>\n\n<div class=\"t2-accordion-item wp-block-t2-accordion-item\" role=\"listitem\">\n\t\t\t<h2 class=\"t2-accordion-title\">\n\t\t\t\t<button type=\"button\" class=\"t2-accordion-trigger\" id=\"gode-nettverk\" aria-controls=\"accordion-panel-4\" aria-expanded=\"false\">\n\t\t\t\t\tGode nettverk\n\t\t\t\t\t<span class=\"t2-accordion-icon is-closed-icon\"><svg xmlns=\"http:\/\/www.w3.org\/2000\/svg\" viewBox=\"0 0 24 24\" height=\"24\" width=\"24\" class=\"t2-icon t2-icon-plus\" aria-hidden=\"true\" focusable=\"false\"><path d=\"M11.8 5.037a1.088 1.088 0 0 0-.722.566c-.075.148-.078.25-.078 2.772v2.619l-2.61.016c-1.867.012-2.652.03-2.756.064-.168.055-.438.301-.54.494-.049.092-.07.223-.07.432 0 .34.054.476.282.704.289.289.14.275 3.064.288l2.63.012v2.619c0 2.544.002 2.625.08 2.778.191.372.516.577.92.577s.729-.205.92-.577c.078-.153.08-.234.08-2.778v-2.619l2.63-.012c2.924-.013 2.775.001 3.064-.288.228-.228.282-.364.282-.704 0-.209-.021-.34-.07-.432-.102-.193-.372-.439-.54-.494-.104-.034-.889-.052-2.756-.064L13 10.994V8.375c0-2.522-.003-2.624-.078-2.772-.214-.418-.685-.656-1.122-.566\"\/><\/svg><\/span>\n\t\t\t\t\t<span class=\"t2-accordion-icon is-open-icon\"><svg xmlns=\"http:\/\/www.w3.org\/2000\/svg\" viewBox=\"0 0 24 24\" height=\"24\" width=\"24\" class=\"t2-icon t2-icon-chevronup\" aria-hidden=\"true\" focusable=\"false\"><path d=\"M6.7 14.7c-.2-.2-.3-.4-.3-.7s.1-.5.3-.7l4.6-4.6c.1-.1.2-.2.3-.2.1 0 .2-.1.4-.1.1 0 .3 0 .4.1.1 0 .2.1.3.2l4.6 4.6c.2.2.3.4.3.7s-.1.5-.3.7c-.2.2-.4.3-.7.3s-.5-.1-.7-.3L12 10.8l-3.9 3.9c-.2.2-.4.3-.7.3s-.5-.1-.7-.3z\" fill=\"currentColor\" \/><\/svg><\/span>\n\t\t\t\t<\/button>\n\t\t\t<\/h2>\n\t\t\t<div class=\"t2-accordion-item__inner-container is-layout-flow\" id=\"accordion-panel-4\" aria-labelledby=\"gode-nettverk\" role=\"region\" hidden>\n\t\t\t\t\n\n<p>Mange som kommer til Villa Berg har ruset seg i ensomhet og\/eller omgitt seg med andre mennesker som ruser seg.&nbsp; Den livsstilsendringen du er i ferd med \u00e5 gj\u00f8re inneb\u00e6rer for de aller fleste behov for et milj\u00f8skifte og \u00e5 etablere nye relasjoner og nettverk.<\/p>\n\n\n\n<p><strong>Vi \u00f8nsker at du benytter tiden p\u00e5 Villa Berg til \u00e5 opps\u00f8ke og bli kjent med nye rusfrie nettverk<\/strong>&nbsp;og at du begynner prosessen tidlig i behandlingsforl\u00f8pet.<\/p>\n\n\n\n<p>N\u00e5r du da etter hvert blir utskrevet fra Villa Berg vet du at du ikke st\u00e5r alene, men kan omgi deg med mennesker du er blitt trygg p\u00e5 og som st\u00f8tter deg videre i endringsprosessen din.<\/p>\n\n\n\t\t\t<\/div>\n\t\t<\/div>\n<\/div>","protected":false},"excerpt":{"rendered":"<p>Behandlingen p\u00e5 Villa Berg Rusmiddelproblemer f\u00f8rer ofte til vanskeligheter p\u00e5 en rekke omr\u00e5der i livet,&hellip;<\/p>\n","protected":false},"author":6,"featured_media":0,"parent":0,"menu_order":0,"comment_status":"closed","ping_status":"closed","template":"","meta":{"_relevanssi_hide_post":"","_relevanssi_hide_content":"","_relevanssi_pin_for_all":"","_relevanssi_pin_keywords":"","_relevanssi_unpin_keywords":"","_relevanssi_related_keywords":"","_relevanssi_related_include_ids":"","_relevanssi_related_exclude_ids":"","_relevanssi_related_no_append":"","_relevanssi_related_not_related":"","_relevanssi_related_posts":"1","_relevanssi_noindex_reason":"","editor_notices":[],"footnotes":""},"class_list":["post-13","page","type-page","status-publish","hentry"],"yoast_head":"<!-- This site is optimized with the Yoast SEO Premium plugin v27.2 (Yoast SEO v27.2) - https:\/\/yoast.com\/product\/yoast-seo-premium-wordpress\/ -->\n<title>Behandlingen - Villa Berg<\/title>\n<meta name=\"robots\" content=\"index, follow, max-snippet:-1, max-image-preview:large, max-video-preview:-1\" \/>\n<link rel=\"canonical\" href=\"https:\/\/kirkensbymisjon.no\/tilbud-villa-berg\/behandlingen\/\" \/>\n<meta property=\"og:locale\" content=\"nb_NO\" \/>\n<meta property=\"og:type\" content=\"article\" \/>\n<meta property=\"og:title\" content=\"Behandlingen\" \/>\n<meta property=\"og:description\" content=\"Behandlingen p\u00e5 Villa Berg Rusmiddelproblemer f\u00f8rer ofte til vanskeligheter p\u00e5 en rekke omr\u00e5der i livet,&hellip;\" \/>\n<meta property=\"og:url\" content=\"https:\/\/kirkensbymisjon.no\/tilbud-villa-berg\/behandlingen\/\" \/>\n<meta property=\"og:site_name\" content=\"Villa Berg\" \/>\n<meta property=\"article:modified_time\" content=\"2026-01-02T10:18:05+00:00\" \/>\n<meta name=\"twitter:card\" content=\"summary_large_image\" \/>\n<meta name=\"twitter:label1\" content=\"Ansl. lesetid\" \/>\n\t<meta name=\"twitter:data1\" content=\"5 minutter\" \/>\n<script type=\"application\/ld+json\" class=\"yoast-schema-graph\">{\"@context\":\"https:\/\/schema.org\",\"@graph\":[{\"@type\":\"WebPage\",\"@id\":\"https:\/\/kirkensbymisjon.no\/tilbud-villa-berg\/behandlingen\/\",\"url\":\"https:\/\/kirkensbymisjon.no\/tilbud-villa-berg\/behandlingen\/\",\"name\":\"Behandlingen - Villa Berg\",\"isPartOf\":{\"@id\":\"https:\/\/kirkensbymisjon.no\/tilbud-villa-berg\/#website\"},\"datePublished\":\"2024-07-24T11:08:25+00:00\",\"dateModified\":\"2026-01-02T10:18:05+00:00\",\"breadcrumb\":{\"@id\":\"https:\/\/kirkensbymisjon.no\/tilbud-villa-berg\/behandlingen\/#breadcrumb\"},\"inLanguage\":\"nb-NO\",\"potentialAction\":[{\"@type\":\"ReadAction\",\"target\":[\"https:\/\/kirkensbymisjon.no\/tilbud-villa-berg\/behandlingen\/\"]}]},{\"@type\":\"BreadcrumbList\",\"@id\":\"https:\/\/kirkensbymisjon.no\/tilbud-villa-berg\/behandlingen\/#breadcrumb\",\"itemListElement\":[{\"@type\":\"ListItem\",\"position\":1,\"name\":\"Hjem\",\"item\":\"https:\/\/kirkensbymisjon.no\/tilbud-villa-berg\/\"},{\"@type\":\"ListItem\",\"position\":2,\"name\":\"Behandlingen\"}]},{\"@type\":\"WebSite\",\"@id\":\"https:\/\/kirkensbymisjon.no\/tilbud-villa-berg\/#website\",\"url\":\"https:\/\/kirkensbymisjon.no\/tilbud-villa-berg\/\",\"name\":\"Villa Berg\",\"description\":\"\",\"potentialAction\":[{\"@type\":\"SearchAction\",\"target\":{\"@type\":\"EntryPoint\",\"urlTemplate\":\"https:\/\/kirkensbymisjon.no\/tilbud-villa-berg\/?s={search_term_string}\"},\"query-input\":{\"@type\":\"PropertyValueSpecification\",\"valueRequired\":true,\"valueName\":\"search_term_string\"}}],\"inLanguage\":\"nb-NO\"}]}<\/script>\n<!-- \/ Yoast SEO Premium plugin. -->","yoast_head_json":{"title":"Behandlingen - Villa Berg","robots":{"index":"index","follow":"follow","max-snippet":"max-snippet:-1","max-image-preview":"max-image-preview:large","max-video-preview":"max-video-preview:-1"},"canonical":"https:\/\/kirkensbymisjon.no\/tilbud-villa-berg\/behandlingen\/","og_locale":"nb_NO","og_type":"article","og_title":"Behandlingen","og_description":"Behandlingen p\u00e5 Villa Berg Rusmiddelproblemer f\u00f8rer ofte til vanskeligheter p\u00e5 en rekke omr\u00e5der i livet,&hellip;","og_url":"https:\/\/kirkensbymisjon.no\/tilbud-villa-berg\/behandlingen\/","og_site_name":"Villa Berg","article_modified_time":"2026-01-02T10:18:05+00:00","twitter_card":"summary_large_image","twitter_misc":{"Ansl. lesetid":"5 minutter"},"schema":{"@context":"https:\/\/schema.org","@graph":[{"@type":"WebPage","@id":"https:\/\/kirkensbymisjon.no\/tilbud-villa-berg\/behandlingen\/","url":"https:\/\/kirkensbymisjon.no\/tilbud-villa-berg\/behandlingen\/","name":"Behandlingen - Villa Berg","isPartOf":{"@id":"https:\/\/kirkensbymisjon.no\/tilbud-villa-berg\/#website"},"datePublished":"2024-07-24T11:08:25+00:00","dateModified":"2026-01-02T10:18:05+00:00","breadcrumb":{"@id":"https:\/\/kirkensbymisjon.no\/tilbud-villa-berg\/behandlingen\/#breadcrumb"},"inLanguage":"nb-NO","potentialAction":[{"@type":"ReadAction","target":["https:\/\/kirkensbymisjon.no\/tilbud-villa-berg\/behandlingen\/"]}]},{"@type":"BreadcrumbList","@id":"https:\/\/kirkensbymisjon.no\/tilbud-villa-berg\/behandlingen\/#breadcrumb","itemListElement":[{"@type":"ListItem","position":1,"name":"Hjem","item":"https:\/\/kirkensbymisjon.no\/tilbud-villa-berg\/"},{"@type":"ListItem","position":2,"name":"Behandlingen"}]},{"@type":"WebSite","@id":"https:\/\/kirkensbymisjon.no\/tilbud-villa-berg\/#website","url":"https:\/\/kirkensbymisjon.no\/tilbud-villa-berg\/","name":"Villa Berg","description":"","potentialAction":[{"@type":"SearchAction","target":{"@type":"EntryPoint","urlTemplate":"https:\/\/kirkensbymisjon.no\/tilbud-villa-berg\/?s={search_term_string}"},"query-input":{"@type":"PropertyValueSpecification","valueRequired":true,"valueName":"search_term_string"}}],"inLanguage":"nb-NO"}]}},"_links":{"self":[{"href":"https:\/\/kirkensbymisjon.no\/tilbud-villa-berg\/wp-json\/wp\/v2\/pages\/13","targetHints":{"allow":["GET"]}}],"collection":[{"href":"https:\/\/kirkensbymisjon.no\/tilbud-villa-berg\/wp-json\/wp\/v2\/pages"}],"about":[{"href":"https:\/\/kirkensbymisjon.no\/tilbud-villa-berg\/wp-json\/wp\/v2\/types\/page"}],"author":[{"embeddable":true,"href":"https:\/\/kirkensbymisjon.no\/tilbud-villa-berg\/wp-json\/wp\/v2\/users\/6"}],"replies":[{"embeddable":true,"href":"https:\/\/kirkensbymisjon.no\/tilbud-villa-berg\/wp-json\/wp\/v2\/comments?post=13"}],"version-history":[{"count":4,"href":"https:\/\/kirkensbymisjon.no\/tilbud-villa-berg\/wp-json\/wp\/v2\/pages\/13\/revisions"}],"predecessor-version":[{"id":130,"href":"https:\/\/kirkensbymisjon.no\/tilbud-villa-berg\/wp-json\/wp\/v2\/pages\/13\/revisions\/130"}],"wp:attachment":[{"href":"https:\/\/kirkensbymisjon.no\/tilbud-villa-berg\/wp-json\/wp\/v2\/media?parent=13"}],"curies":[{"name":"wp","href":"https:\/\/api.w.org\/{rel}","templated":true}]}}