{"id":15,"date":"2024-07-24T13:08:39","date_gmt":"2024-07-24T11:08:39","guid":{"rendered":"https:\/\/kirkensbymisjon.no\/tilbud-villa-berg\/?page_id=15"},"modified":"2026-01-02T11:22:51","modified_gmt":"2026-01-02T10:22:51","slug":"boligene","status":"publish","type":"page","link":"https:\/\/kirkensbymisjon.no\/tilbud-villa-berg\/boligene\/","title":{"rendered":"Boligene"},"content":{"rendered":"\n<h2 class=\"wp-block-heading\" id=\"h-boligene-pa-villa-berg\">Boligene p\u00e5 Villa Berg<\/h2>\n\n\n\n<p>Villa Berg ligger sentralt, men samtidig tilbaketrukket i gr\u00f8nne og trivelige omgivelser. Hos oss kan du fokusere p\u00e5 din behandling samtidig som du har mulighet til \u00e5 forberede deg p\u00e5 livet utenfor behandlingen.<\/p>\n\n\n\n<p>Lokalene er lyse og flotte. Villa Berg har 12 beboerrom, alle med eget bad, og ligger p\u00e5 Berg i Oslo. <\/p>\n\n\n\n<p>Vi tilbyr langtidsbehandling i opp til ett \u00e5r. M\u00e5let for oppholdet er at du i et trygt fellesskap skal jobbe med din endringsprosess, og kunne g\u00e5 videre til et bedre liv n\u00e5r behandlingen avsluttes.<\/p>\n\n\n\t<div class=\"alignfull wp-block-kbm-gallery\" data-scroll=\"1\">\n\t\t<div class=\"kbm-gallery__scroll\">\n\t\t\t<div class=\"kbm-gallery__wrapper\">\n\t\t\t\t\n\n<figure class=\"wp-block-gallery has-nested-images columns-default is-cropped wp-block-gallery-1 is-layout-flex wp-block-gallery-is-layout-flex\">\n<figure class=\"wp-block-image size-large\"><img loading=\"lazy\" decoding=\"async\" width=\"739\" height=\"1024\" data-id=\"52\" src=\"https:\/\/kirkensbymisjon.no\/content\/uploads\/sites\/44\/2024\/08\/tilbud_villa-berg_09_pasientrom_foto-nina-ruud_973x1349-739x1024.jpg\" alt=\"Pasientrom p\u00e5 Villa berg.\" class=\"wp-image-52\" srcset=\"https:\/\/kirkensbymisjon.no\/content\/uploads\/sites\/44\/2024\/08\/tilbud_villa-berg_09_pasientrom_foto-nina-ruud_973x1349-739x1024.jpg 739w, https:\/\/kirkensbymisjon.no\/content\/uploads\/sites\/44\/2024\/08\/tilbud_villa-berg_09_pasientrom_foto-nina-ruud_973x1349-216x300.jpg 216w, https:\/\/kirkensbymisjon.no\/content\/uploads\/sites\/44\/2024\/08\/tilbud_villa-berg_09_pasientrom_foto-nina-ruud_973x1349-768x1065.jpg 768w, https:\/\/kirkensbymisjon.no\/content\/uploads\/sites\/44\/2024\/08\/tilbud_villa-berg_09_pasientrom_foto-nina-ruud_973x1349.jpg 973w\" sizes=\"auto, (max-width: 739px) 100vw, 739px\" \/><\/figure>\n\n\n\n<figure class=\"wp-block-image size-large\"><img loading=\"lazy\" decoding=\"async\" width=\"973\" height=\"649\" data-id=\"50\" src=\"https:\/\/kirkensbymisjon.no\/content\/uploads\/sites\/44\/2024\/08\/tilbud_villa-berg_07_peisestue_foto-nina-ruud_973x649.jpg\" alt=\"Peisestue p\u00e5 Villa Berg.\" class=\"wp-image-50\" srcset=\"https:\/\/kirkensbymisjon.no\/content\/uploads\/sites\/44\/2024\/08\/tilbud_villa-berg_07_peisestue_foto-nina-ruud_973x649.jpg 973w, https:\/\/kirkensbymisjon.no\/content\/uploads\/sites\/44\/2024\/08\/tilbud_villa-berg_07_peisestue_foto-nina-ruud_973x649-300x200.jpg 300w, https:\/\/kirkensbymisjon.no\/content\/uploads\/sites\/44\/2024\/08\/tilbud_villa-berg_07_peisestue_foto-nina-ruud_973x649-768x512.jpg 768w\" sizes=\"auto, (max-width: 973px) 100vw, 973px\" \/><\/figure>\n\n\n\n<figure class=\"wp-block-image size-large\"><img loading=\"lazy\" decoding=\"async\" width=\"973\" height=\"729\" data-id=\"49\" src=\"https:\/\/kirkensbymisjon.no\/content\/uploads\/sites\/44\/2024\/08\/tilbud_villa-berg_03_eksterior_foto-nina-ruud_973x729.jpg\" alt=\"Villa Berg sett ovenfra.\" class=\"wp-image-49\" srcset=\"https:\/\/kirkensbymisjon.no\/content\/uploads\/sites\/44\/2024\/08\/tilbud_villa-berg_03_eksterior_foto-nina-ruud_973x729.jpg 973w, https:\/\/kirkensbymisjon.no\/content\/uploads\/sites\/44\/2024\/08\/tilbud_villa-berg_03_eksterior_foto-nina-ruud_973x729-300x225.jpg 300w, https:\/\/kirkensbymisjon.no\/content\/uploads\/sites\/44\/2024\/08\/tilbud_villa-berg_03_eksterior_foto-nina-ruud_973x729-768x575.jpg 768w\" sizes=\"auto, (max-width: 973px) 100vw, 973px\" \/><\/figure>\n\n\n\n<figure class=\"wp-block-image size-large\"><img loading=\"lazy\" decoding=\"async\" width=\"973\" height=\"648\" data-id=\"37\" src=\"https:\/\/kirkensbymisjon.no\/content\/uploads\/sites\/44\/2024\/08\/tilbud_villa-berg_06_tv-stue_foto-nina-ruud_973x648.jpg\" alt=\"TV-stue p\u00e5 Villa Berg.\" class=\"wp-image-37\" srcset=\"https:\/\/kirkensbymisjon.no\/content\/uploads\/sites\/44\/2024\/08\/tilbud_villa-berg_06_tv-stue_foto-nina-ruud_973x648.jpg 973w, https:\/\/kirkensbymisjon.no\/content\/uploads\/sites\/44\/2024\/08\/tilbud_villa-berg_06_tv-stue_foto-nina-ruud_973x648-300x200.jpg 300w, https:\/\/kirkensbymisjon.no\/content\/uploads\/sites\/44\/2024\/08\/tilbud_villa-berg_06_tv-stue_foto-nina-ruud_973x648-768x511.jpg 768w\" sizes=\"auto, (max-width: 973px) 100vw, 973px\" \/><\/figure>\n\n\n\n<figure class=\"wp-block-image size-large\"><img loading=\"lazy\" decoding=\"async\" width=\"973\" height=\"647\" data-id=\"33\" src=\"https:\/\/kirkensbymisjon.no\/content\/uploads\/sites\/44\/2024\/08\/tilbud_villa-berg_02_eksterior_foto-nina-ruud_973x647.jpg\" alt=\"Villa Berg sett fra utsiden.\" class=\"wp-image-33\" srcset=\"https:\/\/kirkensbymisjon.no\/content\/uploads\/sites\/44\/2024\/08\/tilbud_villa-berg_02_eksterior_foto-nina-ruud_973x647.jpg 973w, https:\/\/kirkensbymisjon.no\/content\/uploads\/sites\/44\/2024\/08\/tilbud_villa-berg_02_eksterior_foto-nina-ruud_973x647-300x199.jpg 300w, https:\/\/kirkensbymisjon.no\/content\/uploads\/sites\/44\/2024\/08\/tilbud_villa-berg_02_eksterior_foto-nina-ruud_973x647-768x511.jpg 768w\" sizes=\"auto, (max-width: 973px) 100vw, 973px\" \/><\/figure>\n<\/figure>\n\n\t\t\t<\/div>\n\t\t<\/div>\n\t<\/div>\n\t\n\n\n<p><\/p>\n","protected":false},"excerpt":{"rendered":"<p>Boligene p\u00e5 Villa Berg Villa Berg ligger sentralt, men samtidig tilbaketrukket i gr\u00f8nne og trivelige&hellip;<\/p>\n","protected":false},"author":6,"featured_media":0,"parent":0,"menu_order":0,"comment_status":"closed","ping_status":"closed","template":"","meta":{"_relevanssi_hide_post":"","_relevanssi_hide_content":"","_relevanssi_pin_for_all":"","_relevanssi_pin_keywords":"","_relevanssi_unpin_keywords":"","_relevanssi_related_keywords":"","_relevanssi_related_include_ids":"","_relevanssi_related_exclude_ids":"","_relevanssi_related_no_append":"","_relevanssi_related_not_related":"","_relevanssi_related_posts":"1","_relevanssi_noindex_reason":"","editor_notices":[],"footnotes":""},"class_list":["post-15","page","type-page","status-publish","hentry"],"yoast_head":"<!-- This site is optimized with the Yoast SEO Premium plugin v27.2 (Yoast SEO v27.2) - https:\/\/yoast.com\/product\/yoast-seo-premium-wordpress\/ -->\n<title>Boligene - Villa Berg<\/title>\n<meta name=\"robots\" content=\"index, follow, max-snippet:-1, max-image-preview:large, max-video-preview:-1\" \/>\n<link rel=\"canonical\" href=\"https:\/\/kirkensbymisjon.no\/tilbud-villa-berg\/boligene\/\" \/>\n<meta property=\"og:locale\" content=\"nb_NO\" \/>\n<meta property=\"og:type\" content=\"article\" \/>\n<meta property=\"og:title\" content=\"Boligene\" \/>\n<meta property=\"og:description\" content=\"Boligene p\u00e5 Villa Berg Villa Berg ligger sentralt, men samtidig tilbaketrukket i gr\u00f8nne og trivelige&hellip;\" \/>\n<meta property=\"og:url\" content=\"https:\/\/kirkensbymisjon.no\/tilbud-villa-berg\/boligene\/\" \/>\n<meta property=\"og:site_name\" content=\"Villa Berg\" \/>\n<meta property=\"article:modified_time\" content=\"2026-01-02T10:22:51+00:00\" \/>\n<meta property=\"og:image\" content=\"https:\/\/kirkensbymisjon.no\/content\/uploads\/sites\/44\/2024\/08\/tilbud_villa-berg_09_pasientrom_foto-nina-ruud_973x1349.jpg\" \/>\n\t<meta property=\"og:image:width\" content=\"973\" \/>\n\t<meta property=\"og:image:height\" content=\"1349\" \/>\n\t<meta property=\"og:image:type\" content=\"image\/jpeg\" \/>\n<meta name=\"twitter:card\" content=\"summary_large_image\" \/>\n<meta name=\"twitter:label1\" content=\"Ansl. lesetid\" \/>\n\t<meta name=\"twitter:data1\" content=\"2 minutter\" \/>\n<script type=\"application\/ld+json\" class=\"yoast-schema-graph\">{\"@context\":\"https:\/\/schema.org\",\"@graph\":[{\"@type\":\"WebPage\",\"@id\":\"https:\/\/kirkensbymisjon.no\/tilbud-villa-berg\/boligene\/\",\"url\":\"https:\/\/kirkensbymisjon.no\/tilbud-villa-berg\/boligene\/\",\"name\":\"Boligene - Villa Berg\",\"isPartOf\":{\"@id\":\"https:\/\/kirkensbymisjon.no\/tilbud-villa-berg\/#website\"},\"primaryImageOfPage\":{\"@id\":\"https:\/\/kirkensbymisjon.no\/tilbud-villa-berg\/boligene\/#primaryimage\"},\"image\":{\"@id\":\"https:\/\/kirkensbymisjon.no\/tilbud-villa-berg\/boligene\/#primaryimage\"},\"thumbnailUrl\":\"https:\/\/kirkensbymisjon.no\/content\/uploads\/sites\/44\/2024\/08\/tilbud_villa-berg_09_pasientrom_foto-nina-ruud_973x1349-739x1024.jpg\",\"datePublished\":\"2024-07-24T11:08:39+00:00\",\"dateModified\":\"2026-01-02T10:22:51+00:00\",\"breadcrumb\":{\"@id\":\"https:\/\/kirkensbymisjon.no\/tilbud-villa-berg\/boligene\/#breadcrumb\"},\"inLanguage\":\"nb-NO\",\"potentialAction\":[{\"@type\":\"ReadAction\",\"target\":[\"https:\/\/kirkensbymisjon.no\/tilbud-villa-berg\/boligene\/\"]}]},{\"@type\":\"ImageObject\",\"inLanguage\":\"nb-NO\",\"@id\":\"https:\/\/kirkensbymisjon.no\/tilbud-villa-berg\/boligene\/#primaryimage\",\"url\":\"https:\/\/kirkensbymisjon.no\/content\/uploads\/sites\/44\/2024\/08\/tilbud_villa-berg_09_pasientrom_foto-nina-ruud_973x1349-739x1024.jpg\",\"contentUrl\":\"https:\/\/kirkensbymisjon.no\/content\/uploads\/sites\/44\/2024\/08\/tilbud_villa-berg_09_pasientrom_foto-nina-ruud_973x1349-739x1024.jpg\"},{\"@type\":\"BreadcrumbList\",\"@id\":\"https:\/\/kirkensbymisjon.no\/tilbud-villa-berg\/boligene\/#breadcrumb\",\"itemListElement\":[{\"@type\":\"ListItem\",\"position\":1,\"name\":\"Hjem\",\"item\":\"https:\/\/kirkensbymisjon.no\/tilbud-villa-berg\/\"},{\"@type\":\"ListItem\",\"position\":2,\"name\":\"Boligene\"}]},{\"@type\":\"WebSite\",\"@id\":\"https:\/\/kirkensbymisjon.no\/tilbud-villa-berg\/#website\",\"url\":\"https:\/\/kirkensbymisjon.no\/tilbud-villa-berg\/\",\"name\":\"Villa Berg\",\"description\":\"\",\"potentialAction\":[{\"@type\":\"SearchAction\",\"target\":{\"@type\":\"EntryPoint\",\"urlTemplate\":\"https:\/\/kirkensbymisjon.no\/tilbud-villa-berg\/?s={search_term_string}\"},\"query-input\":{\"@type\":\"PropertyValueSpecification\",\"valueRequired\":true,\"valueName\":\"search_term_string\"}}],\"inLanguage\":\"nb-NO\"}]}<\/script>\n<!-- \/ Yoast SEO Premium plugin. -->","yoast_head_json":{"title":"Boligene - Villa Berg","robots":{"index":"index","follow":"follow","max-snippet":"max-snippet:-1","max-image-preview":"max-image-preview:large","max-video-preview":"max-video-preview:-1"},"canonical":"https:\/\/kirkensbymisjon.no\/tilbud-villa-berg\/boligene\/","og_locale":"nb_NO","og_type":"article","og_title":"Boligene","og_description":"Boligene p\u00e5 Villa Berg Villa Berg ligger sentralt, men samtidig tilbaketrukket i gr\u00f8nne og trivelige&hellip;","og_url":"https:\/\/kirkensbymisjon.no\/tilbud-villa-berg\/boligene\/","og_site_name":"Villa Berg","article_modified_time":"2026-01-02T10:22:51+00:00","og_image":[{"width":973,"height":1349,"url":"https:\/\/kirkensbymisjon.no\/content\/uploads\/sites\/44\/2024\/08\/tilbud_villa-berg_09_pasientrom_foto-nina-ruud_973x1349.jpg","type":"image\/jpeg"}],"twitter_card":"summary_large_image","twitter_misc":{"Ansl. lesetid":"2 minutter"},"schema":{"@context":"https:\/\/schema.org","@graph":[{"@type":"WebPage","@id":"https:\/\/kirkensbymisjon.no\/tilbud-villa-berg\/boligene\/","url":"https:\/\/kirkensbymisjon.no\/tilbud-villa-berg\/boligene\/","name":"Boligene - Villa Berg","isPartOf":{"@id":"https:\/\/kirkensbymisjon.no\/tilbud-villa-berg\/#website"},"primaryImageOfPage":{"@id":"https:\/\/kirkensbymisjon.no\/tilbud-villa-berg\/boligene\/#primaryimage"},"image":{"@id":"https:\/\/kirkensbymisjon.no\/tilbud-villa-berg\/boligene\/#primaryimage"},"thumbnailUrl":"https:\/\/kirkensbymisjon.no\/content\/uploads\/sites\/44\/2024\/08\/tilbud_villa-berg_09_pasientrom_foto-nina-ruud_973x1349-739x1024.jpg","datePublished":"2024-07-24T11:08:39+00:00","dateModified":"2026-01-02T10:22:51+00:00","breadcrumb":{"@id":"https:\/\/kirkensbymisjon.no\/tilbud-villa-berg\/boligene\/#breadcrumb"},"inLanguage":"nb-NO","potentialAction":[{"@type":"ReadAction","target":["https:\/\/kirkensbymisjon.no\/tilbud-villa-berg\/boligene\/"]}]},{"@type":"ImageObject","inLanguage":"nb-NO","@id":"https:\/\/kirkensbymisjon.no\/tilbud-villa-berg\/boligene\/#primaryimage","url":"https:\/\/kirkensbymisjon.no\/content\/uploads\/sites\/44\/2024\/08\/tilbud_villa-berg_09_pasientrom_foto-nina-ruud_973x1349-739x1024.jpg","contentUrl":"https:\/\/kirkensbymisjon.no\/content\/uploads\/sites\/44\/2024\/08\/tilbud_villa-berg_09_pasientrom_foto-nina-ruud_973x1349-739x1024.jpg"},{"@type":"BreadcrumbList","@id":"https:\/\/kirkensbymisjon.no\/tilbud-villa-berg\/boligene\/#breadcrumb","itemListElement":[{"@type":"ListItem","position":1,"name":"Hjem","item":"https:\/\/kirkensbymisjon.no\/tilbud-villa-berg\/"},{"@type":"ListItem","position":2,"name":"Boligene"}]},{"@type":"WebSite","@id":"https:\/\/kirkensbymisjon.no\/tilbud-villa-berg\/#website","url":"https:\/\/kirkensbymisjon.no\/tilbud-villa-berg\/","name":"Villa Berg","description":"","potentialAction":[{"@type":"SearchAction","target":{"@type":"EntryPoint","urlTemplate":"https:\/\/kirkensbymisjon.no\/tilbud-villa-berg\/?s={search_term_string}"},"query-input":{"@type":"PropertyValueSpecification","valueRequired":true,"valueName":"search_term_string"}}],"inLanguage":"nb-NO"}]}},"_links":{"self":[{"href":"https:\/\/kirkensbymisjon.no\/tilbud-villa-berg\/wp-json\/wp\/v2\/pages\/15","targetHints":{"allow":["GET"]}}],"collection":[{"href":"https:\/\/kirkensbymisjon.no\/tilbud-villa-berg\/wp-json\/wp\/v2\/pages"}],"about":[{"href":"https:\/\/kirkensbymisjon.no\/tilbud-villa-berg\/wp-json\/wp\/v2\/types\/page"}],"author":[{"embeddable":true,"href":"https:\/\/kirkensbymisjon.no\/tilbud-villa-berg\/wp-json\/wp\/v2\/users\/6"}],"replies":[{"embeddable":true,"href":"https:\/\/kirkensbymisjon.no\/tilbud-villa-berg\/wp-json\/wp\/v2\/comments?post=15"}],"version-history":[{"count":5,"href":"https:\/\/kirkensbymisjon.no\/tilbud-villa-berg\/wp-json\/wp\/v2\/pages\/15\/revisions"}],"predecessor-version":[{"id":131,"href":"https:\/\/kirkensbymisjon.no\/tilbud-villa-berg\/wp-json\/wp\/v2\/pages\/15\/revisions\/131"}],"wp:attachment":[{"href":"https:\/\/kirkensbymisjon.no\/tilbud-villa-berg\/wp-json\/wp\/v2\/media?parent=15"}],"curies":[{"name":"wp","href":"https:\/\/api.w.org\/{rel}","templated":true}]}}